{"id":5916,"date":"2025-06-29T05:20:23","date_gmt":"2025-06-29T03:20:23","guid":{"rendered":"https:\/\/mybestplacestovisit.com\/?page_id=5916"},"modified":"2025-07-27T15:34:18","modified_gmt":"2025-07-27T13:34:18","slug":"get-to-villa-voukithro","status":"publish","type":"page","link":"https:\/\/mybestplacestovisit.com\/zh\/europe\/greece\/corfu\/donde-alojarse-en-corfu\/get-to-villa-voukithro","title":{"rendered":"Get to Villa Voukithro"},"content":{"rendered":"<?xml encoding=\"UTF-8\"?><p>You decided to&nbsp;stay in <a href=\"https:\/\/mybestplacestovisit.com\/europe\/greece\/corfu\/\">Corfu<\/a>&nbsp;for your vacations, you already booked&nbsp;<a href=\"https:\/\/mybestplacestovisit.com\/europe\/greece\/corfu\/where-to-stay-in-corfu\/villa-voukithro\/\">Villa Voukithro<\/a>, you are now looking for indications about how to get to the villa. You do need to rent a car. Because Villa Voukithro is in a very nice location with a great view of sea and mountains. But it is a remote location.<\/p><h2 class=\"wp-block-heading\" id=\"h-where-to-rent-a-car-at-corfu-airport\">Where to rent a car at Corfu airport<\/h2><p>I usually rent my car from&nbsp;<a href=\"https:\/\/greenmotion.gr\/\" target=\"_blank\" rel=\"noreferrer noopener\">Green Motion Greece<\/a>. They are very professional and very kind. And they have never taken advantage of a small scratch on the car to charge a colossal sum to repair, as some car rental companies do<\/p><h2 class=\"wp-block-heading\">2 options to get to Villa Voukithro<\/h2><p>Once you have your car you can either spend some time at Corfu Town or go directly to Villa Voukithro. You have two option : the coastal road or the mountain road. In both case following the indications of Google Map or an equivalent app is the easiest way not to get lost. You just have to type Villa Voukithro to find the villa. When there is no traffic the time to get to Villa Voukithro from the airport will be approximately the same , a little bit than one hour.<\/p><h3 class=\"wp-block-heading\">Getting to Villa Voukithro by the coastal road<\/h3><p>The coastal road from airport to the villa is a bit shorter, 43 kilometers, but there is more risk to be stuck behind a slow driver. Especially during summer at mid day because a lot of people may just go or come back from the beach. But if you are not in a hurry it is nice road overlooking the sea. And you cannot really get lost because once you turned right at Gouvia in the direction of Kassiopi there is only one main road. Until you see the indication, on your left, Loutses.<\/p><figure class=\"wp-block-image size-large\"><img loading=\"lazy\" decoding=\"async\" width=\"501\" height=\"1024\" src=\"https:\/\/mybestplacestovisit.com\/wp-content\/uploads\/2025\/06\/stay-in-corfu-get-to-voukithro-by-sea-road-501x1024.jpg\" alt=\"\" class=\"wp-image-5917\" srcset=\"https:\/\/mybestplacestovisit.com\/wp-content\/uploads\/2025\/06\/stay-in-corfu-get-to-voukithro-by-sea-road-501x1024.jpg 501w, https:\/\/mybestplacestovisit.com\/wp-content\/uploads\/2025\/06\/stay-in-corfu-get-to-voukithro-by-sea-road-147x300.jpg 147w, https:\/\/mybestplacestovisit.com\/wp-content\/uploads\/2025\/06\/stay-in-corfu-get-to-voukithro-by-sea-road-768x1569.jpg 768w, https:\/\/mybestplacestovisit.com\/wp-content\/uploads\/2025\/06\/stay-in-corfu-get-to-voukithro-by-sea-road-752x1536.jpg 752w, https:\/\/mybestplacestovisit.com\/wp-content\/uploads\/2025\/06\/stay-in-corfu-get-to-voukithro-by-sea-road.jpg 828w\" sizes=\"auto, (max-width: 501px) 100vw, 501px\" \/><\/figure><h3 class=\"wp-block-heading\">Getting to Villa Voukithro by the mountain road<\/h3><p>The mountain road from airport to the villa is a bit longer, 49 kilometers, but will most probably be faster, with less traffic. The landscape is nice as well, but it is more a mountain view. And you really need to follow Google map indications even if you globally need to follow the indications Acharavi. If you arrive during day time it may be a good idea to make a stop at Acharavi to buy food and drinks for your stay at the villa. After Acharavi just follow the main road until you see the indication for Loutses, on your right.<\/p><figure class=\"wp-block-image size-large\"><img loading=\"lazy\" decoding=\"async\" width=\"584\" height=\"1024\" src=\"https:\/\/mybestplacestovisit.com\/wp-content\/uploads\/2025\/06\/stay-in-corfu-get-to-voukithro-by-mountain-road-584x1024.jpg\" alt=\"\" class=\"wp-image-5918\" srcset=\"https:\/\/mybestplacestovisit.com\/wp-content\/uploads\/2025\/06\/stay-in-corfu-get-to-voukithro-by-mountain-road-584x1024.jpg 584w, https:\/\/mybestplacestovisit.com\/wp-content\/uploads\/2025\/06\/stay-in-corfu-get-to-voukithro-by-mountain-road-171x300.jpg 171w, https:\/\/mybestplacestovisit.com\/wp-content\/uploads\/2025\/06\/stay-in-corfu-get-to-voukithro-by-mountain-road-768x1347.jpg 768w, https:\/\/mybestplacestovisit.com\/wp-content\/uploads\/2025\/06\/stay-in-corfu-get-to-voukithro-by-mountain-road.jpg 828w\" sizes=\"auto, (max-width: 584px) 100vw, 584px\" \/><\/figure><h2 class=\"wp-block-heading\">From Perithia to Villa Voukithro<\/h2><p>300 meters after you left the main road you will reach Perithia village. You will turn left and pass by Taverna Harris which is a nice place to have lunch or dinner. If you did not stop before there is also next to taverna Harris a small grocery shop where you can buy water, drinks and basic food. You will then follow the road up to Loutses and pass by Taverna Natzos.<\/p><figure class=\"wp-block-image size-full\"><img loading=\"lazy\" decoding=\"async\" width=\"1024\" height=\"768\" src=\"https:\/\/mybestplacestovisit.com\/wp-content\/uploads\/2025\/06\/stay-in-corfu-get-to-voukithro-loutses.jpg\" alt=\"\" class=\"wp-image-5919\" srcset=\"https:\/\/mybestplacestovisit.com\/wp-content\/uploads\/2025\/06\/stay-in-corfu-get-to-voukithro-loutses.jpg 1024w, https:\/\/mybestplacestovisit.com\/wp-content\/uploads\/2025\/06\/stay-in-corfu-get-to-voukithro-loutses-300x225.jpg 300w, https:\/\/mybestplacestovisit.com\/wp-content\/uploads\/2025\/06\/stay-in-corfu-get-to-voukithro-loutses-768x576.jpg 768w\" sizes=\"auto, (max-width: 1024px) 100vw, 1024px\" \/><\/figure><p>You will NOT turn left when you see the indication Voukithro but instead turn left just after the sign indicating you exit Loutses village. Turn left following a sign &ldquo;to the caves&rdquo;.<\/p><figure class=\"wp-block-image size-full\"><img loading=\"lazy\" decoding=\"async\" width=\"1024\" height=\"768\" src=\"https:\/\/mybestplacestovisit.com\/wp-content\/uploads\/2025\/06\/stay-in-corfu-get-to-voukithro-to-the-cave.jpg\" alt=\"\" class=\"wp-image-5920\" srcset=\"https:\/\/mybestplacestovisit.com\/wp-content\/uploads\/2025\/06\/stay-in-corfu-get-to-voukithro-to-the-cave.jpg 1024w, https:\/\/mybestplacestovisit.com\/wp-content\/uploads\/2025\/06\/stay-in-corfu-get-to-voukithro-to-the-cave-300x225.jpg 300w, https:\/\/mybestplacestovisit.com\/wp-content\/uploads\/2025\/06\/stay-in-corfu-get-to-voukithro-to-the-cave-768x576.jpg 768w\" sizes=\"auto, (max-width: 1024px) 100vw, 1024px\" \/><figcaption class=\"wp-element-caption\">turn left, to the cave<\/figcaption><\/figure><p>Take then the next road on your left.<\/p><figure class=\"wp-block-image size-full\"><img loading=\"lazy\" decoding=\"async\" width=\"1024\" height=\"768\" src=\"https:\/\/mybestplacestovisit.com\/wp-content\/uploads\/2025\/06\/stay-in-corfu-get-to-voukithro-to-the-villa.jpg\" alt=\"\" class=\"wp-image-5921\" srcset=\"https:\/\/mybestplacestovisit.com\/wp-content\/uploads\/2025\/06\/stay-in-corfu-get-to-voukithro-to-the-villa.jpg 1024w, https:\/\/mybestplacestovisit.com\/wp-content\/uploads\/2025\/06\/stay-in-corfu-get-to-voukithro-to-the-villa-300x225.jpg 300w, https:\/\/mybestplacestovisit.com\/wp-content\/uploads\/2025\/06\/stay-in-corfu-get-to-voukithro-to-the-villa-768x576.jpg 768w\" sizes=\"auto, (max-width: 1024px) 100vw, 1024px\" \/><figcaption class=\"wp-element-caption\">turn left<\/figcaption><\/figure><p>After 200 meters you will find a dirt road that you will follow.<\/p><figure class=\"wp-block-image size-full\"><img loading=\"lazy\" decoding=\"async\" width=\"1024\" height=\"768\" src=\"https:\/\/mybestplacestovisit.com\/wp-content\/uploads\/2025\/06\/stay-in-corfu-get-to-voukithro-dirt-road.jpg\" alt=\"\" class=\"wp-image-5922\" srcset=\"https:\/\/mybestplacestovisit.com\/wp-content\/uploads\/2025\/06\/stay-in-corfu-get-to-voukithro-dirt-road.jpg 1024w, https:\/\/mybestplacestovisit.com\/wp-content\/uploads\/2025\/06\/stay-in-corfu-get-to-voukithro-dirt-road-300x225.jpg 300w, https:\/\/mybestplacestovisit.com\/wp-content\/uploads\/2025\/06\/stay-in-corfu-get-to-voukithro-dirt-road-768x576.jpg 768w\" sizes=\"auto, (max-width: 1024px) 100vw, 1024px\" \/><figcaption class=\"wp-element-caption\">Turn right<\/figcaption><\/figure><p>After a few minutes you will see the villa.<\/p><figure class=\"wp-block-image size-full\"><img loading=\"lazy\" decoding=\"async\" width=\"1024\" height=\"768\" src=\"https:\/\/mybestplacestovisit.com\/wp-content\/uploads\/2025\/06\/stay-in-corfu-get-to-voukithro-villa.jpg\" alt=\"\" class=\"wp-image-5923\" srcset=\"https:\/\/mybestplacestovisit.com\/wp-content\/uploads\/2025\/06\/stay-in-corfu-get-to-voukithro-villa.jpg 1024w, https:\/\/mybestplacestovisit.com\/wp-content\/uploads\/2025\/06\/stay-in-corfu-get-to-voukithro-villa-300x225.jpg 300w, https:\/\/mybestplacestovisit.com\/wp-content\/uploads\/2025\/06\/stay-in-corfu-get-to-voukithro-villa-768x576.jpg 768w\" sizes=\"auto, (max-width: 1024px) 100vw, 1024px\" \/><\/figure>","protected":false},"excerpt":{"rendered":"<p>You decided to&nbsp;stay in Corfu&nbsp;for your vacatio [&hellip;]<\/p>\n","protected":false},"author":1,"featured_media":0,"parent":5886,"menu_order":0,"comment_status":"open","ping_status":"closed","template":"","meta":{"_uag_custom_page_level_css":"","site-sidebar-layout":"default","site-content-layout":"","ast-site-content-layout":"default","site-content-style":"default","site-sidebar-style":"default","ast-global-header-display":"","ast-banner-title-visibility":"","ast-main-header-display":"","ast-hfb-above-header-display":"","ast-hfb-below-header-display":"","ast-hfb-mobile-header-display":"","site-post-title":"","ast-breadcrumbs-content":"","ast-featured-img":"","footer-sml-layout":"","ast-disable-related-posts":"","theme-transparent-header-meta":"","adv-header-id-meta":"","stick-header-meta":"","header-above-stick-meta":"","header-main-stick-meta":"","header-below-stick-meta":"","astra-migrate-meta-layouts":"set","ast-page-background-enabled":"default","ast-page-background-meta":{"desktop":{"background-color":"","background-image":"","background-repeat":"repeat","background-position":"center center","background-size":"auto","background-attachment":"scroll","background-type":"","background-media":"","overlay-type":"","overlay-color":"","overlay-opacity":"","overlay-gradient":""},"tablet":{"background-color":"","background-image":"","background-repeat":"repeat","background-position":"center center","background-size":"auto","background-attachment":"scroll","background-type":"","background-media":"","overlay-type":"","overlay-color":"","overlay-opacity":"","overlay-gradient":""},"mobile":{"background-color":"","background-image":"","background-repeat":"repeat","background-position":"center center","background-size":"auto","background-attachment":"scroll","background-type":"","background-media":"","overlay-type":"","overlay-color":"","overlay-opacity":"","overlay-gradient":""}},"ast-content-background-meta":{"desktop":{"background-color":"var(--ast-global-color-5)","background-image":"","background-repeat":"repeat","background-position":"center center","background-size":"auto","background-attachment":"scroll","background-type":"","background-media":"","overlay-type":"","overlay-color":"","overlay-opacity":"","overlay-gradient":""},"tablet":{"background-color":"var(--ast-global-color-5)","background-image":"","background-repeat":"repeat","background-position":"center center","background-size":"auto","background-attachment":"scroll","background-type":"","background-media":"","overlay-type":"","overlay-color":"","overlay-opacity":"","overlay-gradient":""},"mobile":{"background-color":"var(--ast-global-color-5)","background-image":"","background-repeat":"repeat","background-position":"center center","background-size":"auto","background-attachment":"scroll","background-type":"","background-media":"","overlay-type":"","overlay-color":"","overlay-opacity":"","overlay-gradient":""}},"footnotes":""},"class_list":["post-5916","page","type-page","status-publish","hentry"],"yoast_head":"<!-- This site is optimized with the Yoast SEO Premium plugin v27.2 (Yoast SEO v27.4) - https:\/\/yoast.com\/product\/yoast-seo-premium-wordpress\/ -->\n<title>Get to Villa Voukithro<\/title>\n<meta name=\"description\" content=\"best way to rent a car in Corfu and then to get to Villa Voukithro following the coastal road or the mountain road\" \/>\n<meta name=\"robots\" content=\"index, follow, max-snippet:-1, max-image-preview:large, max-video-preview:-1\" \/>\n<link rel=\"canonical\" href=\"https:\/\/mybestplacestovisit.com\/zh\/europe\/greece\/corfu\/dove-alloggiare-a-corfu\/vai-a-villa-voukithro\" \/>\n<meta property=\"og:locale\" content=\"zh_CN\" \/>\n<meta property=\"og:locale:alternate\" content=\"en_US\" \/>\n<meta property=\"og:locale:alternate\" content=\"de_DE\" \/>\n<meta property=\"og:locale:alternate\" content=\"es_ES\" \/>\n<meta property=\"og:locale:alternate\" content=\"fr_FR\" \/>\n<meta property=\"og:locale:alternate\" content=\"it_IT\" \/>\n<meta property=\"og:locale:alternate\" content=\"nl_NL\" \/>\n<meta property=\"og:locale:alternate\" content=\"pt_br\" \/>\n<meta property=\"og:locale:alternate\" content=\"id_id\" \/>\n<meta property=\"og:locale:alternate\" content=\"ja_JP\" \/>\n<meta property=\"og:type\" content=\"article\" \/>\n<meta property=\"og:title\" content=\"Get to Villa Voukithro\" \/>\n<meta property=\"og:description\" content=\"ou louer une voiture \u00e0 Corfou et comment rejoindre la Villa Voukithro par la route coti\u00e8re ou par la route de montagne.\" \/>\n<meta property=\"og:url\" content=\"https:\/\/mybestplacestovisit.com\/zh\/europe\/greece\/corfu\/donde-alojarse-en-corfu\/get-to-villa-voukithro\/\" \/>\n<meta property=\"og:site_name\" content=\"2026 Travel Blog\" \/>\n<meta property=\"article:modified_time\" content=\"2025-07-27T13:34:18+00:00\" \/>\n<meta property=\"og:image\" content=\"https:\/\/mybestplacestovisit.com\/wp-content\/uploads\/2025\/07\/Banner-discovercars-corfu.jpg\" \/>\n<meta name=\"twitter:card\" content=\"summary_large_image\" \/>\n<meta name=\"twitter:label1\" content=\"\u9884\u8ba1\u9605\u8bfb\u65f6\u95f4\" \/>\n\t<meta name=\"twitter:data1\" content=\"5 \u5206\" \/>\n<script type=\"application\/ld+json\" class=\"yoast-schema-graph\">{\"@context\":\"https:\\\/\\\/schema.org\",\"@graph\":[{\"@type\":\"WebPage\",\"@id\":\"https:\\\/\\\/mybestplacestovisit.com\\\/it\\\/europe\\\/greece\\\/corfu\\\/dove-alloggiare-a-corfu\\\/vai-a-villa-voukithro\\\/\",\"url\":\"https:\\\/\\\/mybestplacestovisit.com\\\/it\\\/europe\\\/greece\\\/corfu\\\/dove-alloggiare-a-corfu\\\/vai-a-villa-voukithro\\\/\",\"name\":\"Get to Villa Voukithro\",\"isPartOf\":{\"@id\":\"https:\\\/\\\/mybestplacestovisit.com\\\/it\\\/#website\"},\"primaryImageOfPage\":{\"@id\":\"https:\\\/\\\/mybestplacestovisit.com\\\/it\\\/europe\\\/greece\\\/corfu\\\/dove-alloggiare-a-corfu\\\/vai-a-villa-voukithro\\\/#primaryimage\"},\"image\":{\"@id\":\"https:\\\/\\\/mybestplacestovisit.com\\\/it\\\/europe\\\/greece\\\/corfu\\\/dove-alloggiare-a-corfu\\\/vai-a-villa-voukithro\\\/#primaryimage\"},\"thumbnailUrl\":\"https:\\\/\\\/mybestplacestovisit.com\\\/wp-content\\\/uploads\\\/2025\\\/07\\\/Banner-discovercars-corfu.jpg\",\"datePublished\":\"2025-06-29T03:20:23+00:00\",\"dateModified\":\"2025-07-27T13:34:18+00:00\",\"description\":\"ou louer une voiture \u00e0 Corfou et comment rejoindre la Villa Voukithro par la route coti\u00e8re ou par la route de montagne.\",\"breadcrumb\":{\"@id\":\"https:\\\/\\\/mybestplacestovisit.com\\\/it\\\/europe\\\/greece\\\/corfu\\\/dove-alloggiare-a-corfu\\\/vai-a-villa-voukithro\\\/#breadcrumb\"},\"inLanguage\":\"zh-CN\",\"potentialAction\":[{\"@type\":\"ReadAction\",\"target\":[\"https:\\\/\\\/mybestplacestovisit.com\\\/it\\\/europe\\\/greece\\\/corfu\\\/dove-alloggiare-a-corfu\\\/vai-a-villa-voukithro\\\/\"]}]},{\"@type\":\"ImageObject\",\"inLanguage\":\"zh-CN\",\"@id\":\"https:\\\/\\\/mybestplacestovisit.com\\\/it\\\/europe\\\/greece\\\/corfu\\\/dove-alloggiare-a-corfu\\\/vai-a-villa-voukithro\\\/#primaryimage\",\"url\":\"https:\\\/\\\/mybestplacestovisit.com\\\/wp-content\\\/uploads\\\/2025\\\/07\\\/Banner-discovercars-corfu.jpg\",\"contentUrl\":\"https:\\\/\\\/mybestplacestovisit.com\\\/wp-content\\\/uploads\\\/2025\\\/07\\\/Banner-discovercars-corfu.jpg\"},{\"@type\":\"BreadcrumbList\",\"@id\":\"https:\\\/\\\/mybestplacestovisit.com\\\/it\\\/europe\\\/greece\\\/corfu\\\/dove-alloggiare-a-corfu\\\/vai-a-villa-voukithro\\\/#breadcrumb\",\"itemListElement\":[{\"@type\":\"ListItem\",\"position\":1,\"name\":\"Accueil\",\"item\":\"https:\\\/\\\/mybestplacestovisit.com\\\/id\\\/\"},{\"@type\":\"ListItem\",\"position\":2,\"name\":\"Europe Travel Guide \u2013 Best Destinations\",\"item\":\"https:\\\/\\\/mybestplacestovisit.com\\\/europe\\\/\"},{\"@type\":\"ListItem\",\"position\":3,\"name\":\"Travel to Greece: A Guide from a Lifelong Enthusiast\",\"item\":\"https:\\\/\\\/mybestplacestovisit.com\\\/europe\\\/greece\\\/\"},{\"@type\":\"ListItem\",\"position\":4,\"name\":\"Dov\u2019\u00e8 Corf\u00f9? Dove si trova, mappa e spiagge pi\u00f9 belle\",\"item\":\"https:\\\/\\\/mybestplacestovisit.com\\\/it\\\/europe\\\/greece\\\/corfu\\\/\"},{\"@type\":\"ListItem\",\"position\":5,\"name\":\"O\u00f9 loger \u00e0 Corfou : les meilleures zones o\u00f9 s\u00e9journer\",\"item\":\"https:\\\/\\\/mybestplacestovisit.com\\\/it\\\/europe\\\/greece\\\/corfu\\\/dove-alloggiare-a-corfu\\\/\"},{\"@type\":\"ListItem\",\"position\":6,\"name\":\"Allez \u00e0 Villa Voukithro\"}]},{\"@type\":\"WebSite\",\"@id\":\"https:\\\/\\\/mybestplacestovisit.com\\\/it\\\/#website\",\"url\":\"https:\\\/\\\/mybestplacestovisit.com\\\/it\\\/\",\"name\":\"2026 Travel Blog\",\"description\":\"Best places to visit\",\"publisher\":{\"@id\":\"https:\\\/\\\/mybestplacestovisit.com\\\/it\\\/#\\\/schema\\\/person\\\/f71ea967bd47a7e7bd4e70c8012e32ca\"},\"potentialAction\":[{\"@type\":\"SearchAction\",\"target\":{\"@type\":\"EntryPoint\",\"urlTemplate\":\"https:\\\/\\\/mybestplacestovisit.com\\\/it\\\/?s={search_term_string}\"},\"query-input\":{\"@type\":\"PropertyValueSpecification\",\"valueRequired\":true,\"valueName\":\"search_term_string\"}}],\"inLanguage\":\"zh-CN\"},{\"@type\":[\"Person\",\"Organization\"],\"@id\":\"https:\\\/\\\/mybestplacestovisit.com\\\/it\\\/#\\\/schema\\\/person\\\/f71ea967bd47a7e7bd4e70c8012e32ca\",\"name\":\"Blaise\",\"image\":{\"@type\":\"ImageObject\",\"inLanguage\":\"zh-CN\",\"@id\":\"https:\\\/\\\/mybestplacestovisit.com\\\/wp-content\\\/uploads\\\/2023\\\/09\\\/Blaise-Amok-Sunset-Nusa-Penida-Bali.jpg\",\"url\":\"https:\\\/\\\/mybestplacestovisit.com\\\/wp-content\\\/uploads\\\/2023\\\/09\\\/Blaise-Amok-Sunset-Nusa-Penida-Bali.jpg\",\"contentUrl\":\"https:\\\/\\\/mybestplacestovisit.com\\\/wp-content\\\/uploads\\\/2023\\\/09\\\/Blaise-Amok-Sunset-Nusa-Penida-Bali.jpg\",\"width\":1920,\"height\":800,\"caption\":\"Blaise\"},\"logo\":{\"@id\":\"https:\\\/\\\/mybestplacestovisit.com\\\/wp-content\\\/uploads\\\/2023\\\/09\\\/Blaise-Amok-Sunset-Nusa-Penida-Bali.jpg\"},\"sameAs\":[\"http:\\\/\\\/mybestplacestovisit.com\",\"blaiseparis\"]}]}<\/script>\n<!-- \/ Yoast SEO Premium plugin. -->","yoast_head_json":{"title":"Get to Villa Voukithro","description":"best way to rent a car in Corfu and then to get to Villa Voukithro following the coastal road or the mountain road","robots":{"index":"index","follow":"follow","max-snippet":"max-snippet:-1","max-image-preview":"max-image-preview:large","max-video-preview":"max-video-preview:-1"},"canonical":"https:\/\/mybestplacestovisit.com\/zh\/europe\/greece\/corfu\/dove-alloggiare-a-corfu\/vai-a-villa-voukithro","og_locale":"zh_CN","og_type":"article","og_title":"[:en]Get to Villa Voukithro[:de]Anreise nach Villa Voukithro[:es]Llega a Villa Voukithro[:fr]Allez \u00e0 Villa Voukithro[:it]Vai a Villa Voukithro[:nl]Ga naar Villa Voukithro[:pt]Chegar a Villa Voukithro[:id]Get to Villa Voukithro[:zh]Get to Villa Voukithro[:ja]Get to Villa Voukithro[:]","og_description":"ou louer une voiture \u00e0 Corfou et comment rejoindre la Villa Voukithro par la route coti\u00e8re ou par la route de montagne.","og_url":"https:\/\/mybestplacestovisit.com\/zh\/europe\/greece\/corfu\/donde-alojarse-en-corfu\/get-to-villa-voukithro\/","og_site_name":"2026 Travel Blog","article_modified_time":"2025-07-27T13:34:18+00:00","og_image":[{"url":"https:\/\/mybestplacestovisit.com\/wp-content\/uploads\/2025\/07\/Banner-discovercars-corfu.jpg","type":"","width":"","height":""}],"twitter_card":"summary_large_image","twitter_misc":{"\u9884\u8ba1\u9605\u8bfb\u65f6\u95f4":"5 \u5206"},"schema":{"@context":"https:\/\/schema.org","@graph":[{"@type":"WebPage","@id":"https:\/\/mybestplacestovisit.com\/it\/europe\/greece\/corfu\/dove-alloggiare-a-corfu\/vai-a-villa-voukithro\/","url":"https:\/\/mybestplacestovisit.com\/it\/europe\/greece\/corfu\/dove-alloggiare-a-corfu\/vai-a-villa-voukithro\/","name":"Get to Villa Voukithro","isPartOf":{"@id":"https:\/\/mybestplacestovisit.com\/it\/#website"},"primaryImageOfPage":{"@id":"https:\/\/mybestplacestovisit.com\/it\/europe\/greece\/corfu\/dove-alloggiare-a-corfu\/vai-a-villa-voukithro\/#primaryimage"},"image":{"@id":"https:\/\/mybestplacestovisit.com\/it\/europe\/greece\/corfu\/dove-alloggiare-a-corfu\/vai-a-villa-voukithro\/#primaryimage"},"thumbnailUrl":"https:\/\/mybestplacestovisit.com\/wp-content\/uploads\/2025\/07\/Banner-discovercars-corfu.jpg","datePublished":"2025-06-29T03:20:23+00:00","dateModified":"2025-07-27T13:34:18+00:00","description":"ou louer une voiture \u00e0 Corfou et comment rejoindre la Villa Voukithro par la route coti\u00e8re ou par la route de montagne.","breadcrumb":{"@id":"https:\/\/mybestplacestovisit.com\/it\/europe\/greece\/corfu\/dove-alloggiare-a-corfu\/vai-a-villa-voukithro\/#breadcrumb"},"inLanguage":"zh-CN","potentialAction":[{"@type":"ReadAction","target":["https:\/\/mybestplacestovisit.com\/it\/europe\/greece\/corfu\/dove-alloggiare-a-corfu\/vai-a-villa-voukithro\/"]}]},{"@type":"ImageObject","inLanguage":"zh-CN","@id":"https:\/\/mybestplacestovisit.com\/it\/europe\/greece\/corfu\/dove-alloggiare-a-corfu\/vai-a-villa-voukithro\/#primaryimage","url":"https:\/\/mybestplacestovisit.com\/wp-content\/uploads\/2025\/07\/Banner-discovercars-corfu.jpg","contentUrl":"https:\/\/mybestplacestovisit.com\/wp-content\/uploads\/2025\/07\/Banner-discovercars-corfu.jpg"},{"@type":"BreadcrumbList","@id":"https:\/\/mybestplacestovisit.com\/it\/europe\/greece\/corfu\/dove-alloggiare-a-corfu\/vai-a-villa-voukithro\/#breadcrumb","itemListElement":[{"@type":"ListItem","position":1,"name":"Accueil","item":"https:\/\/mybestplacestovisit.com\/id\/"},{"@type":"ListItem","position":2,"name":"Europe Travel Guide \u2013 Best Destinations","item":"https:\/\/mybestplacestovisit.com\/europe\/"},{"@type":"ListItem","position":3,"name":"Travel to Greece: A Guide from a Lifelong Enthusiast","item":"https:\/\/mybestplacestovisit.com\/europe\/greece\/"},{"@type":"ListItem","position":4,"name":"Dov\u2019\u00e8 Corf\u00f9? Dove si trova, mappa e spiagge pi\u00f9 belle","item":"https:\/\/mybestplacestovisit.com\/it\/europe\/greece\/corfu\/"},{"@type":"ListItem","position":5,"name":"O\u00f9 loger \u00e0 Corfou : les meilleures zones o\u00f9 s\u00e9journer","item":"https:\/\/mybestplacestovisit.com\/it\/europe\/greece\/corfu\/dove-alloggiare-a-corfu\/"},{"@type":"ListItem","position":6,"name":"Allez \u00e0 Villa Voukithro"}]},{"@type":"WebSite","@id":"https:\/\/mybestplacestovisit.com\/it\/#website","url":"https:\/\/mybestplacestovisit.com\/it\/","name":"2026 Travel Blog","description":"Best places to visit","publisher":{"@id":"https:\/\/mybestplacestovisit.com\/it\/#\/schema\/person\/f71ea967bd47a7e7bd4e70c8012e32ca"},"potentialAction":[{"@type":"SearchAction","target":{"@type":"EntryPoint","urlTemplate":"https:\/\/mybestplacestovisit.com\/it\/?s={search_term_string}"},"query-input":{"@type":"PropertyValueSpecification","valueRequired":true,"valueName":"search_term_string"}}],"inLanguage":"zh-CN"},{"@type":["Person","Organization"],"@id":"https:\/\/mybestplacestovisit.com\/it\/#\/schema\/person\/f71ea967bd47a7e7bd4e70c8012e32ca","name":"Blaise","image":{"@type":"ImageObject","inLanguage":"zh-CN","@id":"https:\/\/mybestplacestovisit.com\/wp-content\/uploads\/2023\/09\/Blaise-Amok-Sunset-Nusa-Penida-Bali.jpg","url":"https:\/\/mybestplacestovisit.com\/wp-content\/uploads\/2023\/09\/Blaise-Amok-Sunset-Nusa-Penida-Bali.jpg","contentUrl":"https:\/\/mybestplacestovisit.com\/wp-content\/uploads\/2023\/09\/Blaise-Amok-Sunset-Nusa-Penida-Bali.jpg","width":1920,"height":800,"caption":"Blaise"},"logo":{"@id":"https:\/\/mybestplacestovisit.com\/wp-content\/uploads\/2023\/09\/Blaise-Amok-Sunset-Nusa-Penida-Bali.jpg"},"sameAs":["http:\/\/mybestplacestovisit.com","blaiseparis"]}]}},"uagb_featured_image_src":{"full":false,"thumbnail":false,"medium":false,"medium_large":false,"large":false,"1536x1536":false,"2048x2048":false},"uagb_author_info":{"display_name":"Blaise","author_link":"https:\/\/mybestplacestovisit.com\/zh\/author\/admin4486\/"},"uagb_comment_info":0,"uagb_excerpt":"You decided to&nbsp;stay in Corfu&nbsp;for your vacatio&hellip;","_links":{"self":[{"href":"https:\/\/mybestplacestovisit.com\/zh\/wp-json\/wp\/v2\/pages\/5916","targetHints":{"allow":["GET"]}}],"collection":[{"href":"https:\/\/mybestplacestovisit.com\/zh\/wp-json\/wp\/v2\/pages"}],"about":[{"href":"https:\/\/mybestplacestovisit.com\/zh\/wp-json\/wp\/v2\/types\/page"}],"author":[{"embeddable":true,"href":"https:\/\/mybestplacestovisit.com\/zh\/wp-json\/wp\/v2\/users\/1"}],"replies":[{"embeddable":true,"href":"https:\/\/mybestplacestovisit.com\/zh\/wp-json\/wp\/v2\/comments?post=5916"}],"version-history":[{"count":24,"href":"https:\/\/mybestplacestovisit.com\/zh\/wp-json\/wp\/v2\/pages\/5916\/revisions"}],"predecessor-version":[{"id":6565,"href":"https:\/\/mybestplacestovisit.com\/zh\/wp-json\/wp\/v2\/pages\/5916\/revisions\/6565"}],"up":[{"embeddable":true,"href":"https:\/\/mybestplacestovisit.com\/zh\/wp-json\/wp\/v2\/pages\/5886"}],"wp:attachment":[{"href":"https:\/\/mybestplacestovisit.com\/zh\/wp-json\/wp\/v2\/media?parent=5916"}],"curies":[{"name":"wp","href":"https:\/\/api.w.org\/{rel}","templated":true}]}}