{"id":5910,"date":"2025-06-29T05:11:50","date_gmt":"2025-06-29T03:11:50","guid":{"rendered":"https:\/\/mybestplacestovisit.com\/?page_id=5910"},"modified":"2025-09-05T11:03:53","modified_gmt":"2025-09-05T09:03:53","slug":"around-villa-voukithro","status":"publish","type":"page","link":"https:\/\/mybestplacestovisit.com\/zh\/europe\/greece\/corfu\/donde-alojarse-en-corfu\/around-villa-voukithro","title":{"rendered":"Around Villa Voukithro"},"content":{"rendered":"<?xml encoding=\"UTF-8\"?><div class=\"wp-block-uagb-container uagb-block-015ec09a alignfull uagb-is-root-container\"><div class=\"uagb-container-inner-blocks-wrap\">\n<div class=\"wp-block-uagb-advanced-heading uagb-block-d8659faa\"><h2 class=\"uagb-heading-text\">Around Villa Voukithro<\/h2><\/div>\n<\/div><\/div><p><\/p><p>If you decide to&nbsp;<a href=\"https:\/\/mybestplacestovisit.com\/europe\/greece\/corfu\/where-to-stay-in-corfu\/\">stay in Corfu<\/a>&nbsp;at&nbsp;<a href=\"https:\/\/mybestplacestovisit.com\/europe\/greece\/corfu\/where-to-stay-in-corfu\/villa-voukithro\/\">Villa Voukithro<\/a>, this article will give you all the information about what to see around the villa. But also where are the closest beaches, the closest restaurants, where to buy food and more.<\/p><figure class=\"wp-block-image size-full\"><img loading=\"lazy\" decoding=\"async\" width=\"1024\" height=\"768\" src=\"http:\/\/mybestplacestovisit.com\/wp-content\/uploads\/2023\/09\/best-holidays-to-corfu-greece-old-perithia.jpg\" alt=\"corfu greece old perithia\" class=\"wp-image-31\" srcset=\"https:\/\/mybestplacestovisit.com\/wp-content\/uploads\/2023\/09\/best-holidays-to-corfu-greece-old-perithia.jpg 1024w, https:\/\/mybestplacestovisit.com\/wp-content\/uploads\/2023\/09\/best-holidays-to-corfu-greece-old-perithia-300x225.jpg 300w, https:\/\/mybestplacestovisit.com\/wp-content\/uploads\/2023\/09\/best-holidays-to-corfu-greece-old-perithia-768x576.jpg 768w, https:\/\/mybestplacestovisit.com\/wp-content\/uploads\/2023\/09\/best-holidays-to-corfu-greece-old-perithia-800x600.jpg 800w\" sizes=\"auto, (max-width: 1024px) 100vw, 1024px\" \/><figcaption class=\"wp-element-caption\">Old perithia<\/figcaption><\/figure><h2 class=\"wp-block-heading\" id=\"h-what-to-see-around-villa-voukithro\">What to see around Villa Voukithro<\/h2><h3 class=\"wp-block-heading\">Old Perithia<\/h3><p>Old Perithia, the oldest village of Corfu, is only 4 kilometers away from Villa Voukithro. It is worth a visit or two if you stay at Villa Voukithro. It is a one hour walk if you are courageous or only an eleven minutes drive. I like to go there to have lunch or dinner in one of the many tavernas. Or as a starting point to one of the hikes to Mount Pantokrator.<\/p><h3 class=\"wp-block-heading\">The caves<\/h3><p>Another excursion in the immediate vicinity of Villa Voukithro is the caves in the village of Loutses (Grava for the locals). They are located at an altitude of about 300 meters. You can reach them at the end of a small path that descends into nature. The entrance to the caves is quite large and gives access to a large space whose ceiling is covered with stalactites. The caves of Loutses and the caves of Anthropograva near Klimatia are the most important on the whole island.<\/p><figure class=\"wp-block-image size-full\"><img loading=\"lazy\" decoding=\"async\" width=\"1024\" height=\"768\" src=\"https:\/\/mybestplacestovisit.com\/wp-content\/uploads\/2025\/06\/best-holidays-to-corfu-greece-loutses-caves.jpg\" alt=\"best holidays to corfu greece loutses caves\" class=\"wp-image-5912\" srcset=\"https:\/\/mybestplacestovisit.com\/wp-content\/uploads\/2025\/06\/best-holidays-to-corfu-greece-loutses-caves.jpg 1024w, https:\/\/mybestplacestovisit.com\/wp-content\/uploads\/2025\/06\/best-holidays-to-corfu-greece-loutses-caves-300x225.jpg 300w, https:\/\/mybestplacestovisit.com\/wp-content\/uploads\/2025\/06\/best-holidays-to-corfu-greece-loutses-caves-768x576.jpg 768w\" sizes=\"auto, (max-width: 1024px) 100vw, 1024px\" \/><figcaption class=\"wp-element-caption\">Loutses caves<\/figcaption><\/figure><h3 class=\"wp-block-heading\">Loutses Church<\/h3><p>If you take the small path in front of Villa Voukithro you will arrive after a few hundred meters at the Loutses church. Nothing really special but it is typical of all small churches in Corfu. You can climb a few steps to see the bells and have a nice view of the surroundings.<\/p><figure class=\"wp-block-image size-full\"><img loading=\"lazy\" decoding=\"async\" width=\"1024\" height=\"768\" src=\"https:\/\/mybestplacestovisit.com\/wp-content\/uploads\/2025\/06\/best-holidays-to-corfu-loutses-church.jpg\" alt=\"best holidays to corfu loutses church\" class=\"wp-image-5913\" srcset=\"https:\/\/mybestplacestovisit.com\/wp-content\/uploads\/2025\/06\/best-holidays-to-corfu-loutses-church.jpg 1024w, https:\/\/mybestplacestovisit.com\/wp-content\/uploads\/2025\/06\/best-holidays-to-corfu-loutses-church-300x225.jpg 300w, https:\/\/mybestplacestovisit.com\/wp-content\/uploads\/2025\/06\/best-holidays-to-corfu-loutses-church-768x576.jpg 768w\" sizes=\"auto, (max-width: 1024px) 100vw, 1024px\" \/><figcaption class=\"wp-element-caption\">Loutses church<\/figcaption><\/figure><h2 class=\"wp-block-heading\">Bee Happy<\/h2><p>Within walking distance of the Villa, at Loutses on the way to Perithia, you will find Bee Happy. It&rsquo;s a nice shop where you can understand how a hive works. You can also buy honey or honey-based products like soap.<\/p><h2 class=\"wp-block-heading\">Closest Beaches from Villa Voukithro<\/h2><p>Villa Voukithro is half way to the mountain. It is not on the sea side. The closest beach is Kalamaki Beach, 5 kilometer away from the villa. It is only a 10 minutes drive but you will need a car. Just a little further and much nicer are Agios Spiridon beach and&nbsp;<a href=\"https:\/\/mybestplacestovisit.com\/europe\/greece\/corfu\/kassiopi\/\">Kassiopi beaches<\/a>, only 15 minutes away.<\/p><p>And if you are ready to spend a little bit more time to see outstanding beaches, try&nbsp;<a href=\"https:\/\/mybestplacestovisit.com\/europe\/greece\/corfu\/porto-timoni\/\">Porto Timoni<\/a>, Paleokastritsa or&nbsp;<a href=\"https:\/\/mybestplacestovisit.com\/europe\/greece\/corfu\/peroulades\/\">Peroulades<\/a>.<\/p><figure class=\"wp-block-image size-full\"><img loading=\"lazy\" decoding=\"async\" width=\"1024\" height=\"768\" src=\"https:\/\/mybestplacestovisit.com\/wp-content\/uploads\/2025\/06\/best-holidays-to-corfu-beach-around-villa-voukithro.jpg\" alt=\"best holidays to corfu beach around villa voukithro\" class=\"wp-image-5914\" srcset=\"https:\/\/mybestplacestovisit.com\/wp-content\/uploads\/2025\/06\/best-holidays-to-corfu-beach-around-villa-voukithro.jpg 1024w, https:\/\/mybestplacestovisit.com\/wp-content\/uploads\/2025\/06\/best-holidays-to-corfu-beach-around-villa-voukithro-300x225.jpg 300w, https:\/\/mybestplacestovisit.com\/wp-content\/uploads\/2025\/06\/best-holidays-to-corfu-beach-around-villa-voukithro-768x576.jpg 768w\" sizes=\"auto, (max-width: 1024px) 100vw, 1024px\" \/><figcaption class=\"wp-element-caption\">Kassiopi beach<\/figcaption><\/figure><h2 class=\"wp-block-heading\">Tavernas around Villa Voukithro<\/h2><p>There is one taverna at Loutses called Nitzos. It is just next to Bee Happy shop, 800 meters away from the villa. It is a nice walk and you will find at the taverna the classics of Greek food like greek salad, moussaka and Mythos beers !<\/p><figure class=\"wp-block-image\"><img decoding=\"async\" src=\"https:\/\/corfu.blog\/wp-content\/uploads\/2022\/03\/best-holidays-to-corfu-greece-loutses-taverna.jpg\" alt=\"\" class=\"wp-image-3487\"><figcaption class=\"wp-element-caption\">Loutses Taverna<\/figcaption><\/figure><p>10 minutes drive away from the villa you have two options. Either one of the tavernas of Old Perithia village. I personally like Ognistra at the entrance of the village and the taverna &ldquo;the old perithia&rdquo;. Also 1&agrave; minutes away but in Perithia village I like very much Taverna Harris.<\/p><p>And then a little bit further you can have dinner at Kassiopi, Avlaki or Agios Stefanos.<\/p><figure class=\"wp-block-image\"><img decoding=\"async\" src=\"https:\/\/corfu.blog\/wp-content\/uploads\/2022\/03\/best-holidays-to-corfu-greece-old-perithia-taverna.jpg\" alt=\"best holidays to corfu greece loutses old perithia taverna\" class=\"wp-image-3488\"><figcaption class=\"wp-element-caption\">Old Perithia Taverna (with the green shutters)<\/figcaption><\/figure><h2 class=\"wp-block-heading\">Where to buy food<\/h2><p>You will find 2 small grocery shops in Perithia, 10 minutes away from Villa Voukithro. But for larger shopping it is better to go to Acharavi. There are several supermarkets and you will find everything. Don&rsquo;t be surprised when it is time to pay, the food is much less expensive there than in your own country ! Be careful most of the supermarkets are closed on sunday afternoon.<\/p>","protected":false},"excerpt":{"rendered":"<p>Around Villa Voukithro If you decide to&nbsp;stay in Co [&hellip;]<\/p>\n","protected":false},"author":1,"featured_media":4049,"parent":5886,"menu_order":0,"comment_status":"open","ping_status":"closed","template":"","meta":{"_uag_custom_page_level_css":"","site-sidebar-layout":"default","site-content-layout":"","ast-site-content-layout":"default","site-content-style":"default","site-sidebar-style":"default","ast-global-header-display":"","ast-banner-title-visibility":"","ast-main-header-display":"","ast-hfb-above-header-display":"","ast-hfb-below-header-display":"","ast-hfb-mobile-header-display":"","site-post-title":"disabled","ast-breadcrumbs-content":"","ast-featured-img":"disabled","footer-sml-layout":"","ast-disable-related-posts":"","theme-transparent-header-meta":"","adv-header-id-meta":"","stick-header-meta":"","header-above-stick-meta":"","header-main-stick-meta":"","header-below-stick-meta":"","astra-migrate-meta-layouts":"set","ast-page-background-enabled":"default","ast-page-background-meta":{"desktop":{"background-color":"","background-image":"","background-repeat":"repeat","background-position":"center center","background-size":"auto","background-attachment":"scroll","background-type":"","background-media":"","overlay-type":"","overlay-color":"","overlay-opacity":"","overlay-gradient":""},"tablet":{"background-color":"","background-image":"","background-repeat":"repeat","background-position":"center center","background-size":"auto","background-attachment":"scroll","background-type":"","background-media":"","overlay-type":"","overlay-color":"","overlay-opacity":"","overlay-gradient":""},"mobile":{"background-color":"","background-image":"","background-repeat":"repeat","background-position":"center center","background-size":"auto","background-attachment":"scroll","background-type":"","background-media":"","overlay-type":"","overlay-color":"","overlay-opacity":"","overlay-gradient":""}},"ast-content-background-meta":{"desktop":{"background-color":"var(--ast-global-color-5)","background-image":"","background-repeat":"repeat","background-position":"center center","background-size":"auto","background-attachment":"scroll","background-type":"","background-media":"","overlay-type":"","overlay-color":"","overlay-opacity":"","overlay-gradient":""},"tablet":{"background-color":"var(--ast-global-color-5)","background-image":"","background-repeat":"repeat","background-position":"center center","background-size":"auto","background-attachment":"scroll","background-type":"","background-media":"","overlay-type":"","overlay-color":"","overlay-opacity":"","overlay-gradient":""},"mobile":{"background-color":"var(--ast-global-color-5)","background-image":"","background-repeat":"repeat","background-position":"center center","background-size":"auto","background-attachment":"scroll","background-type":"","background-media":"","overlay-type":"","overlay-color":"","overlay-opacity":"","overlay-gradient":""}},"footnotes":""},"class_list":["post-5910","page","type-page","status-publish","has-post-thumbnail","hentry"],"yoast_head":"<!-- This site is optimized with the Yoast SEO Premium plugin v27.2 (Yoast SEO v27.4) - https:\/\/yoast.com\/product\/yoast-seo-premium-wordpress\/ -->\n<title>Around Villa Voukithro<\/title>\n<meta name=\"description\" content=\"Explore top sights around Villa Voukithro in Corfu\u2014hidden beaches, scenic villages, ancient ruins, and local tavernas await discovery.\" \/>\n<meta name=\"robots\" content=\"index, follow, max-snippet:-1, max-image-preview:large, max-video-preview:-1\" \/>\n<link rel=\"canonical\" href=\"https:\/\/mybestplacestovisit.com\/zh\/europe\/greece\/corfu\/dove-alloggiare-a-corfu\/intorno-a-villa-voukithro\" \/>\n<meta property=\"og:locale\" content=\"zh_CN\" \/>\n<meta property=\"og:locale:alternate\" content=\"en_US\" \/>\n<meta property=\"og:locale:alternate\" content=\"de_DE\" \/>\n<meta property=\"og:locale:alternate\" content=\"es_ES\" \/>\n<meta property=\"og:locale:alternate\" content=\"fr_FR\" \/>\n<meta property=\"og:locale:alternate\" content=\"it_IT\" \/>\n<meta property=\"og:locale:alternate\" content=\"nl_NL\" \/>\n<meta property=\"og:locale:alternate\" content=\"pt_br\" \/>\n<meta property=\"og:locale:alternate\" content=\"id_id\" \/>\n<meta property=\"og:locale:alternate\" content=\"ja_JP\" \/>\n<meta property=\"og:type\" content=\"article\" \/>\n<meta property=\"og:title\" content=\"Around Villa Voukithro\" \/>\n<meta property=\"og:description\" content=\"Verken stranden, dorpjes, ru\u00efnes en taverna\u2019s rond Villa Voukithro op Corfu. Ontdek het echte eilandgevoel, weg van de massa.\" \/>\n<meta property=\"og:url\" content=\"https:\/\/mybestplacestovisit.com\/zh\/europe\/greece\/corfu\/donde-alojarse-en-corfu\/around-villa-voukithro\/\" \/>\n<meta property=\"og:site_name\" content=\"2026 Travel Blog\" \/>\n<meta property=\"article:modified_time\" content=\"2025-09-05T09:03:53+00:00\" \/>\n<meta property=\"og:image\" content=\"https:\/\/mybestplacestovisit.com\/wp-content\/uploads\/2025\/05\/visit-Corfu-old-perithia-pantokrator.jpg\" \/>\n\t<meta property=\"og:image:width\" content=\"1024\" \/>\n\t<meta property=\"og:image:height\" content=\"768\" \/>\n\t<meta property=\"og:image:type\" content=\"image\/jpeg\" \/>\n<meta name=\"twitter:card\" content=\"summary_large_image\" \/>\n<meta name=\"twitter:label1\" content=\"\u9884\u8ba1\u9605\u8bfb\u65f6\u95f4\" \/>\n\t<meta name=\"twitter:data1\" content=\"5 \u5206\" \/>\n<script type=\"application\/ld+json\" class=\"yoast-schema-graph\">{\"@context\":\"https:\\\/\\\/schema.org\",\"@graph\":[{\"@type\":\"WebPage\",\"@id\":\"https:\\\/\\\/mybestplacestovisit.com\\\/it\\\/europe\\\/greece\\\/corfu\\\/dove-alloggiare-a-corfu\\\/intorno-a-villa-voukithro\\\/\",\"url\":\"https:\\\/\\\/mybestplacestovisit.com\\\/it\\\/europe\\\/greece\\\/corfu\\\/dove-alloggiare-a-corfu\\\/intorno-a-villa-voukithro\\\/\",\"name\":\"Around Villa Voukithro\",\"isPartOf\":{\"@id\":\"https:\\\/\\\/mybestplacestovisit.com\\\/it\\\/#website\"},\"primaryImageOfPage\":{\"@id\":\"https:\\\/\\\/mybestplacestovisit.com\\\/it\\\/europe\\\/greece\\\/corfu\\\/dove-alloggiare-a-corfu\\\/intorno-a-villa-voukithro\\\/#primaryimage\"},\"image\":{\"@id\":\"https:\\\/\\\/mybestplacestovisit.com\\\/it\\\/europe\\\/greece\\\/corfu\\\/dove-alloggiare-a-corfu\\\/intorno-a-villa-voukithro\\\/#primaryimage\"},\"thumbnailUrl\":\"https:\\\/\\\/mybestplacestovisit.com\\\/wp-content\\\/uploads\\\/2025\\\/05\\\/visit-Corfu-old-perithia-pantokrator.jpg\",\"datePublished\":\"2025-06-29T03:11:50+00:00\",\"dateModified\":\"2025-09-05T09:03:53+00:00\",\"description\":\"Verken stranden, dorpjes, ru\u00efnes en taverna\u2019s rond Villa Voukithro op Corfu. Ontdek het echte eilandgevoel, weg van de massa.\",\"breadcrumb\":{\"@id\":\"https:\\\/\\\/mybestplacestovisit.com\\\/it\\\/europe\\\/greece\\\/corfu\\\/dove-alloggiare-a-corfu\\\/intorno-a-villa-voukithro\\\/#breadcrumb\"},\"inLanguage\":\"zh-CN\",\"potentialAction\":[{\"@type\":\"ReadAction\",\"target\":[\"https:\\\/\\\/mybestplacestovisit.com\\\/it\\\/europe\\\/greece\\\/corfu\\\/dove-alloggiare-a-corfu\\\/intorno-a-villa-voukithro\\\/\"]}]},{\"@type\":\"ImageObject\",\"inLanguage\":\"zh-CN\",\"@id\":\"https:\\\/\\\/mybestplacestovisit.com\\\/it\\\/europe\\\/greece\\\/corfu\\\/dove-alloggiare-a-corfu\\\/intorno-a-villa-voukithro\\\/#primaryimage\",\"url\":\"https:\\\/\\\/mybestplacestovisit.com\\\/wp-content\\\/uploads\\\/2025\\\/05\\\/visit-Corfu-old-perithia-pantokrator.jpg\",\"contentUrl\":\"https:\\\/\\\/mybestplacestovisit.com\\\/wp-content\\\/uploads\\\/2025\\\/05\\\/visit-Corfu-old-perithia-pantokrator.jpg\",\"width\":1024,\"height\":768,\"caption\":\"visit Corfu old perithia pantokrator\"},{\"@type\":\"BreadcrumbList\",\"@id\":\"https:\\\/\\\/mybestplacestovisit.com\\\/it\\\/europe\\\/greece\\\/corfu\\\/dove-alloggiare-a-corfu\\\/intorno-a-villa-voukithro\\\/#breadcrumb\",\"itemListElement\":[{\"@type\":\"ListItem\",\"position\":1,\"name\":\"Accueil\",\"item\":\"https:\\\/\\\/mybestplacestovisit.com\\\/id\\\/\"},{\"@type\":\"ListItem\",\"position\":2,\"name\":\"Europe Travel Guide \u2013 Best Destinations\",\"item\":\"https:\\\/\\\/mybestplacestovisit.com\\\/europe\\\/\"},{\"@type\":\"ListItem\",\"position\":3,\"name\":\"Travel to Greece: A Guide from a Lifelong Enthusiast\",\"item\":\"https:\\\/\\\/mybestplacestovisit.com\\\/europe\\\/greece\\\/\"},{\"@type\":\"ListItem\",\"position\":4,\"name\":\"Dov\u2019\u00e8 Corf\u00f9? Dove si trova, mappa e spiagge pi\u00f9 belle\",\"item\":\"https:\\\/\\\/mybestplacestovisit.com\\\/it\\\/europe\\\/greece\\\/corfu\\\/\"},{\"@type\":\"ListItem\",\"position\":5,\"name\":\"O\u00f9 loger \u00e0 Corfou : les meilleures zones o\u00f9 s\u00e9journer\",\"item\":\"https:\\\/\\\/mybestplacestovisit.com\\\/it\\\/europe\\\/greece\\\/corfu\\\/dove-alloggiare-a-corfu\\\/\"},{\"@type\":\"ListItem\",\"position\":6,\"name\":\"Rondom Villa Voukithro\"}]},{\"@type\":\"WebSite\",\"@id\":\"https:\\\/\\\/mybestplacestovisit.com\\\/it\\\/#website\",\"url\":\"https:\\\/\\\/mybestplacestovisit.com\\\/it\\\/\",\"name\":\"2026 Travel Blog\",\"description\":\"Best places to visit\",\"publisher\":{\"@id\":\"https:\\\/\\\/mybestplacestovisit.com\\\/it\\\/#\\\/schema\\\/person\\\/f71ea967bd47a7e7bd4e70c8012e32ca\"},\"potentialAction\":[{\"@type\":\"SearchAction\",\"target\":{\"@type\":\"EntryPoint\",\"urlTemplate\":\"https:\\\/\\\/mybestplacestovisit.com\\\/it\\\/?s={search_term_string}\"},\"query-input\":{\"@type\":\"PropertyValueSpecification\",\"valueRequired\":true,\"valueName\":\"search_term_string\"}}],\"inLanguage\":\"zh-CN\"},{\"@type\":[\"Person\",\"Organization\"],\"@id\":\"https:\\\/\\\/mybestplacestovisit.com\\\/it\\\/#\\\/schema\\\/person\\\/f71ea967bd47a7e7bd4e70c8012e32ca\",\"name\":\"Blaise\",\"image\":{\"@type\":\"ImageObject\",\"inLanguage\":\"zh-CN\",\"@id\":\"https:\\\/\\\/mybestplacestovisit.com\\\/wp-content\\\/uploads\\\/2023\\\/09\\\/Blaise-Amok-Sunset-Nusa-Penida-Bali.jpg\",\"url\":\"https:\\\/\\\/mybestplacestovisit.com\\\/wp-content\\\/uploads\\\/2023\\\/09\\\/Blaise-Amok-Sunset-Nusa-Penida-Bali.jpg\",\"contentUrl\":\"https:\\\/\\\/mybestplacestovisit.com\\\/wp-content\\\/uploads\\\/2023\\\/09\\\/Blaise-Amok-Sunset-Nusa-Penida-Bali.jpg\",\"width\":1920,\"height\":800,\"caption\":\"Blaise\"},\"logo\":{\"@id\":\"https:\\\/\\\/mybestplacestovisit.com\\\/wp-content\\\/uploads\\\/2023\\\/09\\\/Blaise-Amok-Sunset-Nusa-Penida-Bali.jpg\"},\"sameAs\":[\"http:\\\/\\\/mybestplacestovisit.com\",\"blaiseparis\"]}]}<\/script>\n<!-- \/ Yoast SEO Premium plugin. -->","yoast_head_json":{"title":"Around Villa Voukithro","description":"Explore top sights around Villa Voukithro in Corfu\u2014hidden beaches, scenic villages, ancient ruins, and local tavernas await discovery.","robots":{"index":"index","follow":"follow","max-snippet":"max-snippet:-1","max-image-preview":"max-image-preview:large","max-video-preview":"max-video-preview:-1"},"canonical":"https:\/\/mybestplacestovisit.com\/zh\/europe\/greece\/corfu\/dove-alloggiare-a-corfu\/intorno-a-villa-voukithro","og_locale":"zh_CN","og_type":"article","og_title":"[:en]Around Villa Voukithro[:de]Rund um die Villa Voukithro[:es]Alrededor de Villa Voukithro[:fr]Autour de la Villa Voukithro[:it]Intorno a Villa Voukithro[:nl]Rondom Villa Voukithro[:pt]Em torno de Villa Voukithro[:id]Around Villa Voukithro[:zh]Around Villa Voukithro[:ja]Around Villa Voukithro[:]","og_description":"Verken stranden, dorpjes, ru\u00efnes en taverna\u2019s rond Villa Voukithro op Corfu. Ontdek het echte eilandgevoel, weg van de massa.","og_url":"https:\/\/mybestplacestovisit.com\/zh\/europe\/greece\/corfu\/donde-alojarse-en-corfu\/around-villa-voukithro\/","og_site_name":"2026 Travel Blog","article_modified_time":"2025-09-05T09:03:53+00:00","og_image":[{"width":1024,"height":768,"url":"https:\/\/mybestplacestovisit.com\/wp-content\/uploads\/2025\/05\/visit-Corfu-old-perithia-pantokrator.jpg","type":"image\/jpeg"}],"twitter_card":"summary_large_image","twitter_misc":{"\u9884\u8ba1\u9605\u8bfb\u65f6\u95f4":"5 \u5206"},"schema":{"@context":"https:\/\/schema.org","@graph":[{"@type":"WebPage","@id":"https:\/\/mybestplacestovisit.com\/it\/europe\/greece\/corfu\/dove-alloggiare-a-corfu\/intorno-a-villa-voukithro\/","url":"https:\/\/mybestplacestovisit.com\/it\/europe\/greece\/corfu\/dove-alloggiare-a-corfu\/intorno-a-villa-voukithro\/","name":"Around Villa Voukithro","isPartOf":{"@id":"https:\/\/mybestplacestovisit.com\/it\/#website"},"primaryImageOfPage":{"@id":"https:\/\/mybestplacestovisit.com\/it\/europe\/greece\/corfu\/dove-alloggiare-a-corfu\/intorno-a-villa-voukithro\/#primaryimage"},"image":{"@id":"https:\/\/mybestplacestovisit.com\/it\/europe\/greece\/corfu\/dove-alloggiare-a-corfu\/intorno-a-villa-voukithro\/#primaryimage"},"thumbnailUrl":"https:\/\/mybestplacestovisit.com\/wp-content\/uploads\/2025\/05\/visit-Corfu-old-perithia-pantokrator.jpg","datePublished":"2025-06-29T03:11:50+00:00","dateModified":"2025-09-05T09:03:53+00:00","description":"Verken stranden, dorpjes, ru\u00efnes en taverna\u2019s rond Villa Voukithro op Corfu. Ontdek het echte eilandgevoel, weg van de massa.","breadcrumb":{"@id":"https:\/\/mybestplacestovisit.com\/it\/europe\/greece\/corfu\/dove-alloggiare-a-corfu\/intorno-a-villa-voukithro\/#breadcrumb"},"inLanguage":"zh-CN","potentialAction":[{"@type":"ReadAction","target":["https:\/\/mybestplacestovisit.com\/it\/europe\/greece\/corfu\/dove-alloggiare-a-corfu\/intorno-a-villa-voukithro\/"]}]},{"@type":"ImageObject","inLanguage":"zh-CN","@id":"https:\/\/mybestplacestovisit.com\/it\/europe\/greece\/corfu\/dove-alloggiare-a-corfu\/intorno-a-villa-voukithro\/#primaryimage","url":"https:\/\/mybestplacestovisit.com\/wp-content\/uploads\/2025\/05\/visit-Corfu-old-perithia-pantokrator.jpg","contentUrl":"https:\/\/mybestplacestovisit.com\/wp-content\/uploads\/2025\/05\/visit-Corfu-old-perithia-pantokrator.jpg","width":1024,"height":768,"caption":"visit Corfu old perithia pantokrator"},{"@type":"BreadcrumbList","@id":"https:\/\/mybestplacestovisit.com\/it\/europe\/greece\/corfu\/dove-alloggiare-a-corfu\/intorno-a-villa-voukithro\/#breadcrumb","itemListElement":[{"@type":"ListItem","position":1,"name":"Accueil","item":"https:\/\/mybestplacestovisit.com\/id\/"},{"@type":"ListItem","position":2,"name":"Europe Travel Guide \u2013 Best Destinations","item":"https:\/\/mybestplacestovisit.com\/europe\/"},{"@type":"ListItem","position":3,"name":"Travel to Greece: A Guide from a Lifelong Enthusiast","item":"https:\/\/mybestplacestovisit.com\/europe\/greece\/"},{"@type":"ListItem","position":4,"name":"Dov\u2019\u00e8 Corf\u00f9? Dove si trova, mappa e spiagge pi\u00f9 belle","item":"https:\/\/mybestplacestovisit.com\/it\/europe\/greece\/corfu\/"},{"@type":"ListItem","position":5,"name":"O\u00f9 loger \u00e0 Corfou : les meilleures zones o\u00f9 s\u00e9journer","item":"https:\/\/mybestplacestovisit.com\/it\/europe\/greece\/corfu\/dove-alloggiare-a-corfu\/"},{"@type":"ListItem","position":6,"name":"Rondom Villa Voukithro"}]},{"@type":"WebSite","@id":"https:\/\/mybestplacestovisit.com\/it\/#website","url":"https:\/\/mybestplacestovisit.com\/it\/","name":"2026 Travel Blog","description":"Best places to visit","publisher":{"@id":"https:\/\/mybestplacestovisit.com\/it\/#\/schema\/person\/f71ea967bd47a7e7bd4e70c8012e32ca"},"potentialAction":[{"@type":"SearchAction","target":{"@type":"EntryPoint","urlTemplate":"https:\/\/mybestplacestovisit.com\/it\/?s={search_term_string}"},"query-input":{"@type":"PropertyValueSpecification","valueRequired":true,"valueName":"search_term_string"}}],"inLanguage":"zh-CN"},{"@type":["Person","Organization"],"@id":"https:\/\/mybestplacestovisit.com\/it\/#\/schema\/person\/f71ea967bd47a7e7bd4e70c8012e32ca","name":"Blaise","image":{"@type":"ImageObject","inLanguage":"zh-CN","@id":"https:\/\/mybestplacestovisit.com\/wp-content\/uploads\/2023\/09\/Blaise-Amok-Sunset-Nusa-Penida-Bali.jpg","url":"https:\/\/mybestplacestovisit.com\/wp-content\/uploads\/2023\/09\/Blaise-Amok-Sunset-Nusa-Penida-Bali.jpg","contentUrl":"https:\/\/mybestplacestovisit.com\/wp-content\/uploads\/2023\/09\/Blaise-Amok-Sunset-Nusa-Penida-Bali.jpg","width":1920,"height":800,"caption":"Blaise"},"logo":{"@id":"https:\/\/mybestplacestovisit.com\/wp-content\/uploads\/2023\/09\/Blaise-Amok-Sunset-Nusa-Penida-Bali.jpg"},"sameAs":["http:\/\/mybestplacestovisit.com","blaiseparis"]}]}},"uagb_featured_image_src":{"full":["https:\/\/mybestplacestovisit.com\/wp-content\/uploads\/2025\/05\/visit-Corfu-old-perithia-pantokrator.jpg",1024,768,false],"thumbnail":["https:\/\/mybestplacestovisit.com\/wp-content\/uploads\/2025\/05\/visit-Corfu-old-perithia-pantokrator-150x150.jpg",150,150,true],"medium":["https:\/\/mybestplacestovisit.com\/wp-content\/uploads\/2025\/05\/visit-Corfu-old-perithia-pantokrator-300x225.jpg",300,225,true],"medium_large":["https:\/\/mybestplacestovisit.com\/wp-content\/uploads\/2025\/05\/visit-Corfu-old-perithia-pantokrator-768x576.jpg",768,576,true],"large":["https:\/\/mybestplacestovisit.com\/wp-content\/uploads\/2025\/05\/visit-Corfu-old-perithia-pantokrator.jpg",1024,768,false],"1536x1536":["https:\/\/mybestplacestovisit.com\/wp-content\/uploads\/2025\/05\/visit-Corfu-old-perithia-pantokrator.jpg",1024,768,false],"2048x2048":["https:\/\/mybestplacestovisit.com\/wp-content\/uploads\/2025\/05\/visit-Corfu-old-perithia-pantokrator.jpg",1024,768,false]},"uagb_author_info":{"display_name":"Blaise","author_link":"https:\/\/mybestplacestovisit.com\/zh\/author\/admin4486\/"},"uagb_comment_info":0,"uagb_excerpt":"Around Villa Voukithro If you decide to&nbsp;stay in Co&hellip;","_links":{"self":[{"href":"https:\/\/mybestplacestovisit.com\/zh\/wp-json\/wp\/v2\/pages\/5910","targetHints":{"allow":["GET"]}}],"collection":[{"href":"https:\/\/mybestplacestovisit.com\/zh\/wp-json\/wp\/v2\/pages"}],"about":[{"href":"https:\/\/mybestplacestovisit.com\/zh\/wp-json\/wp\/v2\/types\/page"}],"author":[{"embeddable":true,"href":"https:\/\/mybestplacestovisit.com\/zh\/wp-json\/wp\/v2\/users\/1"}],"replies":[{"embeddable":true,"href":"https:\/\/mybestplacestovisit.com\/zh\/wp-json\/wp\/v2\/comments?post=5910"}],"version-history":[{"count":25,"href":"https:\/\/mybestplacestovisit.com\/zh\/wp-json\/wp\/v2\/pages\/5910\/revisions"}],"predecessor-version":[{"id":7023,"href":"https:\/\/mybestplacestovisit.com\/zh\/wp-json\/wp\/v2\/pages\/5910\/revisions\/7023"}],"up":[{"embeddable":true,"href":"https:\/\/mybestplacestovisit.com\/zh\/wp-json\/wp\/v2\/pages\/5886"}],"wp:featuredmedia":[{"embeddable":true,"href":"https:\/\/mybestplacestovisit.com\/zh\/wp-json\/wp\/v2\/media\/4049"}],"wp:attachment":[{"href":"https:\/\/mybestplacestovisit.com\/zh\/wp-json\/wp\/v2\/media?parent=5910"}],"curies":[{"name":"wp","href":"https:\/\/api.w.org\/{rel}","templated":true}]}}