{"id":301,"date":"2024-11-17T04:09:29","date_gmt":"2024-11-17T03:09:29","guid":{"rendered":"https:\/\/mybestplacestovisit.com\/?page_id=301"},"modified":"2026-02-17T18:26:14","modified_gmt":"2026-02-17T17:26:14","slug":"asia","status":"publish","type":"page","link":"https:\/\/mybestplacestovisit.com\/zh\/asia\/","title":{"rendered":"\u6b22\u8fce\u6765\u5230\u6211\u5728\u4e9a\u6d32\u7684\u6700\u597d\u5730\u70b9"},"content":{"rendered":"<?xml encoding=\"UTF-8\"?><p><strong>&#27426;&#36814;&#26469;&#21040;&#25105;&#26368;&#22909;&#30340;&#35775;&#38382;&#22320;&#28857;<\/strong> (&#21407;&#22987;&#20869;&#23481;&#23384;&#26723;&#20110;2017-09-21). In the Asia, Your Gateway to Unforgetable Adventures in Song Asia.<\/p><p>&#26102; <strong>&#25105;&#26368;&#22909;&#30340;&#35775;&#38382;&#22320;&#28857;<\/strong> &#22312;&#20122;&#27954;,&#25105;&#20204;&#25226;&#19996;&#21335;&#20122;&#20805;&#28385;&#27963;&#21147;&#30340;&#24515;&#33039;&#30452;&#25509;&#24102;&#32473;&#20320;&#12290; &#20320;&#26159;&#21542;&#26790;&#35265;&#28909;&#24102;&#23707;&#23679; <strong><a href=\"https:\/\/mybestplacestovisit.com\/asia\/indonesia\/\">&#21360;&#24230;&#23612;&#35199;&#20122;<\/a><\/strong>&#25991;&#21270;&#30340;&#20016;&#23500;&#24615; <strong><a href=\"https:\/\/mybestplacestovisit.com\/asia\/thailand\/\">&#27888;&#22269;<\/a><\/strong>&#25110;&#20196;&#20154;&#24778;&#21497;&#30340;&#39118;&#26223; <strong><a href=\"https:\/\/mybestplacestovisit.com\/asia\/vietnam\/\">&#36234;&#21335;<\/a><\/strong>&#25105;&#20204;&#30340;&#21338;&#23458;&#26159;&#20320;&#20204;&#21019;&#36896;&#38590;&#24536;&#30340;&#26053;&#34892;&#32463;&#39564;&#30340;&#36164;&#28304;&#12290; &#24744;&#36824;&#21487;&#25214;&#21040;&#26377;&#20851; <a href=\"https:\/\/mybestplacestovisit.com\/asia\/singapore\/\">&#26032;&#21152;&#22369;<\/a>, (&#20013;&#25991;). <a href=\"https:\/\/mybestplacestovisit.com\/asia\/angkor\/\">&#21556;&#21733;<\/a>, (&#20013;&#25991;). <a href=\"https:\/\/mybestplacestovisit.com\/asia\/philippines\/\">&#33778;&#24459;&#23486;<\/a> &#21644; <a href=\"https:\/\/mybestplacestovisit.com\/asia\/malaysia\/\">&#39532;&#26469;&#35199;&#20122;<\/a>&#12290; &#12290; &#12290;<\/p><h3 class=\"wp-block-heading\" id=\"h-why-explore-southeast-asia\"><strong>&#20026;&#20160;&#20040;&#25506;&#32034;&#19996;&#21335;&#20122;?<\/strong><\/h3><p>&#21253;&#25324;&#25991;&#21270;&#12289;&#33756;&#32948;&#12289;&#26223;&#35266;&#12289;&#27700;&#19979;&#22855;&#35266;&#12290; &#20174;&#21360;&#24230;&#23612;&#35199;&#20122;&#21407;&#22987;&#29642;&#29786;&#30977;&#21040;&#27888;&#22269;&#20805;&#28385;&#27963;&#21147;&#30340;&#28023;&#27915;&#29983;&#27963;&#21644;&#36234;&#21335;&#38544;&#34255;&#30340;&#28508;&#27700;&#28857;,&#19996;&#21335;&#20122;&#26159;&#20882;&#38505;&#12289;&#25991;&#21270;&#21644;&#28508;&#27700;&#29233;&#22909;&#32773;&#30340;&#22825;&#22530;&#12290;<\/p><h3 class=\"wp-block-heading\" id=\"h-what-you-ll-find-on-my-blog\"><strong>&#20320;&#23558;&#22312;&#25105;&#30340;&#21338;&#23458;&#19978;&#25214;&#21040;&#20160;&#20040;:<\/strong><\/h3><ul class=\"wp-block-list\">\n<li><strong>&#20869;&#32622;&#25552;&#31034;( H) &#23453;&#30707;:<\/strong> &#21457;&#29616;&#19996;&#21335;&#20122;&#26368;&#38544;&#31192;&#30340;&#31192;&#23494;, &#20174;&#38544;&#34109;&#30340;&#28023;&#28393;, &#21040;&#31163;&#23736;&#30340;&#28508;&#27700;&#22320;&#28857;&#12290;<\/li>\n\n\n\n<li><strong>&#32508;&#21512;&#25351;&#21335;:<\/strong> &#35814;&#32454;&#30340;&#34892;&#31243;&#21644;&#26053;&#34892;&#40657;&#23458; &#35753;&#20320;&#30340;&#26053;&#34892;&#26080;&#32541;&#21644;&#27809;&#26377;&#21387;&#21147;&#12290;<\/li>\n\n\n\n<li><strong>&#30495;&#23454;&#32463;&#39564; :<\/strong> &#23545;&#27599;&#20010;&#30446;&#30340;&#22320;&#29420;&#29305;&#30340;&#25991;&#21270;&#12289;&#20256;&#32479;&#12289;&#33410;&#26085;&#21644;&#27700;&#19979;&#22855;&#35266;&#30340;&#25925;&#20107;&#21644;&#35265;&#35299;&#12290;<\/li>\n\n\n\n<li><strong>&#20882;&#38505;&#12289;&#25918;&#26494;&#21644;&#28508;&#27700;:<\/strong> &#26080;&#35770;&#26159;&#23547;&#25214;&#21050;&#28608;&#12289;&#36339;&#27700;,&#36824;&#26159;&#23547;&#25214;&#33073;&#39118;,<\/li>\n<\/ul><h3 class=\"wp-block-heading\" id=\"h-highlights-of-our-featured-destinations\"><strong>&#25105;&#20204;&#30340;&#29305;&#33394;&#30446;&#26631;&#35201;&#28857;<\/strong><\/h3><ul class=\"wp-block-list\">\n<li><strong>&#21360;&#24230;&#23612;&#35199;&#20122;:<\/strong> &#36827;&#20837;&#25289;&#36158;&#38463;&#22982;&#24085;&#29305;&#21644;&#31185;&#33707;&#22810;&#30340;&#28023;&#27915;&#22855;&#22659;,<\/li>\n\n\n\n<li><strong>&#27888;&#22269;:<\/strong> &#25506;&#32034;Koh Tao&#20805;&#28385;&#27963;&#21147;&#30340;&#29642;&#29786;&#30977;,<\/li>\n\n\n\n<li><strong>&#36234;&#21335;:<\/strong> &#21457;&#29616;Nha Trang&#20805;&#28385;&#27963;&#21147;&#30340;&#27700;&#19979;&#22330;&#26223;,<\/li>\n<\/ul><h3 class=\"wp-block-heading\" id=\"h-a-special-focus-on-diving\"><strong>&#28508;&#27700;&#29305;&#21035;&#37325;&#28857;<\/strong><\/h3><p>&#19996;&#21335;&#20122;&#26159;&#28508;&#27700;&#21592;&#30340;&#26790;&#24819;, &#25171;&#24320; <strong>MyBestPlaces &#35775;&#38382;<\/strong>&#20320;&#20250;&#21457;&#29616;:<\/p><ul class=\"wp-block-list\">\n<li>&#23457;&#26597; <strong>&#19990;&#30028;&#32423;&#28508;&#27700;&#22330;<\/strong> &#22914;&#35199;&#24052;&#20025;&#23707;,&#35199;&#31859;&#20848;&#32676;&#23707;,&#20197;&#21450;&#21704;&#38534;&#28286;.<\/li>\n\n\n\n<li><strong>&#28508;&#27700;&#25552;&#31034;<\/strong> &#21021;&#23398;&#32773;&#21644;&#26377;&#32463;&#39564;&#30340;&#20882;&#38505;&#23478;<\/li>\n\n\n\n<li>&#25351;&#21335; <strong>&#28023;&#27915;&#29983;&#29289;&#36973;&#36935;<\/strong>&#20174;&#40120;&#40104;&#21040;&#20367;&#20754;&#28023;&#39532;<\/li>\n\n\n\n<li>&#26368;&#20339;&#24314;&#35758; <strong>&#28508;&#27700;&#23398;&#26657;&#21644;&#27963;&#26495;<\/strong> &#22312;&#21306;&#22495;&#12290;<\/li>\n<\/ul><h3 class=\"wp-block-heading\" id=\"h-your-adventure-starts-here\"><strong>&#20320;&#30340;&#20882;&#38505;&#20174;&#36825;&#37324;&#24320;&#22987;<\/strong><\/h3><p>&#27599;&#19968;&#31687;&#20851;&#20110; <strong>MyBestPlaces &#35775;&#38382;<\/strong> &#20889;&#20316;&#20805;&#28385;&#28608;&#24773; &#20197;&#31532;&#19968;&#25163;&#32463;&#39564;&#20026;&#21518;&#30462; &#26088;&#22312;&#28608;&#21169;&#20320;&#30340;&#19979;&#19968;&#20010;&#26053;&#31243; &#35753;&#25105;&#20204;&#24341;&#23548;&#20320;&#20204;&#31359;&#36234;&#19996;&#21335;&#20122;&#30340;&#23453;&#34255;,<\/p><h4 class=\"wp-block-heading\" id=\"h-ready-to-start-exploring-and-diving\"><strong>&#20934;&#22791;&#22909;&#24320;&#22987;&#25506;&#32034;&#21644;&#28508;&#27700;&#20102;&#21527;?<\/strong><\/h4><p>&#35753;&#25105;&#20204;&#22312;&#19996;&#21335;&#20122;&#26368;&#36745;&#29004;&#30340;&#35282;&#33853;&#35268;&#21010;&#19979;&#19968;&#22330;&#20882;&#38505;,<\/p><p><strong>&#20320;&#30340;&#20882;&#38505;&#36824;&#22312;&#31561;&#30528;&#21602;<\/strong> &#127759;<\/p>","protected":false},"excerpt":{"rendered":"<p>&#27426;&#36814;&#26469;&#21040;&#25105;&#26368;&#038;#22909 [&hellip;]<\/p>\n","protected":false},"author":1,"featured_media":61,"parent":0,"menu_order":0,"comment_status":"closed","ping_status":"closed","template":"","meta":{"_uag_custom_page_level_css":"","site-sidebar-layout":"default","site-content-layout":"","ast-site-content-layout":"default","site-content-style":"default","site-sidebar-style":"default","ast-global-header-display":"","ast-banner-title-visibility":"","ast-main-header-display":"","ast-hfb-above-header-display":"","ast-hfb-below-header-display":"","ast-hfb-mobile-header-display":"","site-post-title":"","ast-breadcrumbs-content":"","ast-featured-img":"","footer-sml-layout":"","ast-disable-related-posts":"","theme-transparent-header-meta":"","adv-header-id-meta":"","stick-header-meta":"","header-above-stick-meta":"","header-main-stick-meta":"","header-below-stick-meta":"","astra-migrate-meta-layouts":"set","ast-page-background-enabled":"default","ast-page-background-meta":{"desktop":{"background-color":"","background-image":"","background-repeat":"repeat","background-position":"center center","background-size":"auto","background-attachment":"scroll","background-type":"","background-media":"","overlay-type":"","overlay-color":"","overlay-opacity":"","overlay-gradient":""},"tablet":{"background-color":"","background-image":"","background-repeat":"repeat","background-position":"center center","background-size":"auto","background-attachment":"scroll","background-type":"","background-media":"","overlay-type":"","overlay-color":"","overlay-opacity":"","overlay-gradient":""},"mobile":{"background-color":"","background-image":"","background-repeat":"repeat","background-position":"center center","background-size":"auto","background-attachment":"scroll","background-type":"","background-media":"","overlay-type":"","overlay-color":"","overlay-opacity":"","overlay-gradient":""}},"ast-content-background-meta":{"desktop":{"background-color":"var(--ast-global-color-5)","background-image":"","background-repeat":"repeat","background-position":"center center","background-size":"auto","background-attachment":"scroll","background-type":"","background-media":"","overlay-type":"","overlay-color":"","overlay-opacity":"","overlay-gradient":""},"tablet":{"background-color":"var(--ast-global-color-5)","background-image":"","background-repeat":"repeat","background-position":"center center","background-size":"auto","background-attachment":"scroll","background-type":"","background-media":"","overlay-type":"","overlay-color":"","overlay-opacity":"","overlay-gradient":""},"mobile":{"background-color":"var(--ast-global-color-5)","background-image":"","background-repeat":"repeat","background-position":"center center","background-size":"auto","background-attachment":"scroll","background-type":"","background-media":"","overlay-type":"","overlay-color":"","overlay-opacity":"","overlay-gradient":""}},"footnotes":""},"class_list":["post-301","page","type-page","status-publish","has-post-thumbnail","hentry"],"yoast_head":"<!-- This site is optimized with the Yoast SEO Premium plugin v27.2 (Yoast SEO v27.4) - https:\/\/yoast.com\/product\/yoast-seo-premium-wordpress\/ -->\n<title>\u6b22\u8fce\u6765\u5230\u6211\u5728\u4e9a\u6d32\u7684\u6700\u597d\u5730\u70b9<\/title>\n<meta name=\"description\" content=\"Asia travel guides to Indonesia, Thailand, Vietnam and the Maldives. Discover top destinations, diving spots and expert travel tips.\" \/>\n<meta name=\"robots\" content=\"index, follow, max-snippet:-1, max-image-preview:large, max-video-preview:-1\" \/>\n<link rel=\"canonical\" href=\"https:\/\/mybestplacestovisit.com\/zh\/asia\/\" \/>\n<meta property=\"og:locale\" content=\"zh_CN\" \/>\n<meta property=\"og:locale:alternate\" content=\"en_US\" \/>\n<meta property=\"og:locale:alternate\" content=\"de_DE\" \/>\n<meta property=\"og:locale:alternate\" content=\"es_ES\" \/>\n<meta property=\"og:locale:alternate\" content=\"fr_FR\" \/>\n<meta property=\"og:locale:alternate\" content=\"it_IT\" \/>\n<meta property=\"og:locale:alternate\" content=\"nl_NL\" \/>\n<meta property=\"og:locale:alternate\" content=\"pt_br\" \/>\n<meta property=\"og:locale:alternate\" content=\"id_id\" \/>\n<meta property=\"og:locale:alternate\" content=\"ja_JP\" \/>\n<meta property=\"og:type\" content=\"article\" \/>\n<meta property=\"og:title\" content=\"\u6b22\u8fce\u6765\u5230\u6211\u5728\u4e9a\u6d32\u7684\u6700\u597d\u5730\u70b9\" \/>\n<meta property=\"og:description\" content=\"Asia travel guides to Indonesia, Thailand, Vietnam and the Maldives. Discover top destinations, diving spots and expert travel tips.\" \/>\n<meta property=\"og:url\" content=\"https:\/\/mybestplacestovisit.com\/zh\/asia\/\" \/>\n<meta property=\"og:site_name\" content=\"2026 Travel Blog\" \/>\n<meta property=\"article:modified_time\" content=\"2026-02-17T17:26:14+00:00\" \/>\n<meta property=\"og:image\" content=\"https:\/\/mybestplacestovisit.com\/wp-content\/uploads\/2023\/09\/Blaise-Amok-Sunset-Nusa-Penida-Bali.jpg\" \/>\n\t<meta property=\"og:image:width\" content=\"1920\" \/>\n\t<meta property=\"og:image:height\" content=\"800\" \/>\n\t<meta property=\"og:image:type\" content=\"image\/jpeg\" \/>\n<meta name=\"twitter:card\" content=\"summary_large_image\" \/>\n<meta name=\"twitter:label1\" content=\"\u9884\u8ba1\u9605\u8bfb\u65f6\u95f4\" \/>\n\t<meta name=\"twitter:data1\" content=\"7 \u5206\" \/>\n<script type=\"application\/ld+json\" class=\"yoast-schema-graph\">{\"@context\":\"https:\\\/\\\/schema.org\",\"@graph\":[{\"@type\":\"WebPage\",\"@id\":\"https:\\\/\\\/mybestplacestovisit.com\\\/asia\\\/\",\"url\":\"https:\\\/\\\/mybestplacestovisit.com\\\/asia\\\/\",\"name\":\"\u6b22\u8fce\u6765\u5230\u6211\u5728\u4e9a\u6d32\u7684\u6700\u597d\u5730\u70b9\",\"isPartOf\":{\"@id\":\"https:\\\/\\\/mybestplacestovisit.com\\\/it\\\/#website\"},\"primaryImageOfPage\":{\"@id\":\"https:\\\/\\\/mybestplacestovisit.com\\\/asia\\\/#primaryimage\"},\"image\":{\"@id\":\"https:\\\/\\\/mybestplacestovisit.com\\\/asia\\\/#primaryimage\"},\"thumbnailUrl\":\"https:\\\/\\\/mybestplacestovisit.com\\\/wp-content\\\/uploads\\\/2023\\\/09\\\/Blaise-Amok-Sunset-Nusa-Penida-Bali.jpg\",\"datePublished\":\"2024-11-17T03:09:29+00:00\",\"dateModified\":\"2026-02-17T17:26:14+00:00\",\"description\":\"Asia travel guides to Indonesia, Thailand, Vietnam and the Maldives. Discover top destinations, diving spots and expert travel tips.\",\"breadcrumb\":{\"@id\":\"https:\\\/\\\/mybestplacestovisit.com\\\/asia\\\/#breadcrumb\"},\"inLanguage\":\"zh-CN\",\"potentialAction\":[{\"@type\":\"ReadAction\",\"target\":[\"https:\\\/\\\/mybestplacestovisit.com\\\/asia\\\/\"]}]},{\"@type\":\"ImageObject\",\"inLanguage\":\"zh-CN\",\"@id\":\"https:\\\/\\\/mybestplacestovisit.com\\\/asia\\\/#primaryimage\",\"url\":\"https:\\\/\\\/mybestplacestovisit.com\\\/wp-content\\\/uploads\\\/2023\\\/09\\\/Blaise-Amok-Sunset-Nusa-Penida-Bali.jpg\",\"contentUrl\":\"https:\\\/\\\/mybestplacestovisit.com\\\/wp-content\\\/uploads\\\/2023\\\/09\\\/Blaise-Amok-Sunset-Nusa-Penida-Bali.jpg\",\"width\":1920,\"height\":800,\"caption\":\"Blaise Amok Sunset Nusa Penida Bali\"},{\"@type\":\"BreadcrumbList\",\"@id\":\"https:\\\/\\\/mybestplacestovisit.com\\\/asia\\\/#breadcrumb\",\"itemListElement\":[{\"@type\":\"ListItem\",\"position\":1,\"name\":\"Accueil\",\"item\":\"https:\\\/\\\/mybestplacestovisit.com\\\/id\\\/\"},{\"@type\":\"ListItem\",\"position\":2,\"name\":\"Travel in Asia \u2013 Complete Destination Guides &#038; Diving Insights\"}]},{\"@type\":\"WebSite\",\"@id\":\"https:\\\/\\\/mybestplacestovisit.com\\\/it\\\/#website\",\"url\":\"https:\\\/\\\/mybestplacestovisit.com\\\/it\\\/\",\"name\":\"2026 Travel Blog\",\"description\":\"Best places to visit\",\"publisher\":{\"@id\":\"https:\\\/\\\/mybestplacestovisit.com\\\/it\\\/#\\\/schema\\\/person\\\/f71ea967bd47a7e7bd4e70c8012e32ca\"},\"potentialAction\":[{\"@type\":\"SearchAction\",\"target\":{\"@type\":\"EntryPoint\",\"urlTemplate\":\"https:\\\/\\\/mybestplacestovisit.com\\\/it\\\/?s={search_term_string}\"},\"query-input\":{\"@type\":\"PropertyValueSpecification\",\"valueRequired\":true,\"valueName\":\"search_term_string\"}}],\"inLanguage\":\"zh-CN\"},{\"@type\":[\"Person\",\"Organization\"],\"@id\":\"https:\\\/\\\/mybestplacestovisit.com\\\/it\\\/#\\\/schema\\\/person\\\/f71ea967bd47a7e7bd4e70c8012e32ca\",\"name\":\"Blaise\",\"image\":{\"@type\":\"ImageObject\",\"inLanguage\":\"zh-CN\",\"@id\":\"https:\\\/\\\/mybestplacestovisit.com\\\/wp-content\\\/uploads\\\/2023\\\/09\\\/Blaise-Amok-Sunset-Nusa-Penida-Bali.jpg\",\"url\":\"https:\\\/\\\/mybestplacestovisit.com\\\/wp-content\\\/uploads\\\/2023\\\/09\\\/Blaise-Amok-Sunset-Nusa-Penida-Bali.jpg\",\"contentUrl\":\"https:\\\/\\\/mybestplacestovisit.com\\\/wp-content\\\/uploads\\\/2023\\\/09\\\/Blaise-Amok-Sunset-Nusa-Penida-Bali.jpg\",\"width\":1920,\"height\":800,\"caption\":\"Blaise\"},\"logo\":{\"@id\":\"https:\\\/\\\/mybestplacestovisit.com\\\/wp-content\\\/uploads\\\/2023\\\/09\\\/Blaise-Amok-Sunset-Nusa-Penida-Bali.jpg\"},\"sameAs\":[\"http:\\\/\\\/mybestplacestovisit.com\",\"blaiseparis\"]}]}<\/script>\n<!-- \/ Yoast SEO Premium plugin. -->","yoast_head_json":{"title":"\u6b22\u8fce\u6765\u5230\u6211\u5728\u4e9a\u6d32\u7684\u6700\u597d\u5730\u70b9","description":"Asia travel guides to Indonesia, Thailand, Vietnam and the Maldives. Discover top destinations, diving spots and expert travel tips.","robots":{"index":"index","follow":"follow","max-snippet":"max-snippet:-1","max-image-preview":"max-image-preview:large","max-video-preview":"max-video-preview:-1"},"canonical":"https:\/\/mybestplacestovisit.com\/zh\/asia\/","og_locale":"zh_CN","og_type":"article","og_title":"[:en]Travel in Asia \u2013 Complete Destination Guides &amp; Diving Insights[:de]Entdecke meine sch\u00f6nsten Orte in Asien[:es]Bienvenido a Mis mejores lugares para visitar en Asia[:fr]Bienvenue dans Mes meilleurs endroits \u00e0 visiter en Asie[:it]Benvenuti nei miei luoghi preferiti da visitare in Asia[:nl]Welkom bij mijn lijst van beste plaatsen om te bezoeken in Azi\u00eb[:pt]Bem-vindo ao My Best Places to Visit in \u00c1sia[:id]Selamat Datang di Tempat Terbaik Saya untuk Kunjungi di Asia[:zh]\u6b22\u8fce\u6765\u5230\u6211\u5728\u4e9a\u6d32\u7684\u6700\u597d\u5730\u70b9[:ja]\u3088\u3046\u3053\u305d\u3001\u30a2\u30b8\u30a2\u3067\u8a2a\u308c\u308b\u6700\u9ad8\u306e\u5834\u6240\u3078[:]","og_description":"[:en]Asia travel guides to Indonesia, Thailand, Vietnam and the Maldives. Discover top destinations, diving spots and expert travel tips.[:de]Entdecke die besten Reiseziele, Tauchpl\u00e4tze und Reisetipps in S\u00fcdostasien. In meinem Asien-Blog findest du verborgene Sch\u00e4tze[:it]Scopri le meraviglie del Sud-Est asiatico: destinazioni imperdibili, immersioni e consigli di viaggio nel mio blog dedicato.[:nl]Ontdek de beste bestemmingen, duikspots en reistips in Zuidoost-Azi\u00eb. Verken verborgen parels boven en onder water in mijn Azi\u00eb-blog![:pt]Explore destinos incr\u00edveis do Sudeste Asi\u00e1tico, mergulhos inesquec\u00edveis e dicas pr\u00e1ticas com meu blog sobre tesouros da \u00c1sia.[:]","og_url":"https:\/\/mybestplacestovisit.com\/zh\/asia\/","og_site_name":"2026 Travel Blog","article_modified_time":"2026-02-17T17:26:14+00:00","og_image":[{"width":1920,"height":800,"url":"https:\/\/mybestplacestovisit.com\/wp-content\/uploads\/2023\/09\/Blaise-Amok-Sunset-Nusa-Penida-Bali.jpg","type":"image\/jpeg"}],"twitter_card":"summary_large_image","twitter_misc":{"\u9884\u8ba1\u9605\u8bfb\u65f6\u95f4":"7 \u5206"},"schema":{"@context":"https:\/\/schema.org","@graph":[{"@type":"WebPage","@id":"https:\/\/mybestplacestovisit.com\/asia\/","url":"https:\/\/mybestplacestovisit.com\/asia\/","name":"\u6b22\u8fce\u6765\u5230\u6211\u5728\u4e9a\u6d32\u7684\u6700\u597d\u5730\u70b9","isPartOf":{"@id":"https:\/\/mybestplacestovisit.com\/it\/#website"},"primaryImageOfPage":{"@id":"https:\/\/mybestplacestovisit.com\/asia\/#primaryimage"},"image":{"@id":"https:\/\/mybestplacestovisit.com\/asia\/#primaryimage"},"thumbnailUrl":"https:\/\/mybestplacestovisit.com\/wp-content\/uploads\/2023\/09\/Blaise-Amok-Sunset-Nusa-Penida-Bali.jpg","datePublished":"2024-11-17T03:09:29+00:00","dateModified":"2026-02-17T17:26:14+00:00","description":"Asia travel guides to Indonesia, Thailand, Vietnam and the Maldives. Discover top destinations, diving spots and expert travel tips.","breadcrumb":{"@id":"https:\/\/mybestplacestovisit.com\/asia\/#breadcrumb"},"inLanguage":"zh-CN","potentialAction":[{"@type":"ReadAction","target":["https:\/\/mybestplacestovisit.com\/asia\/"]}]},{"@type":"ImageObject","inLanguage":"zh-CN","@id":"https:\/\/mybestplacestovisit.com\/asia\/#primaryimage","url":"https:\/\/mybestplacestovisit.com\/wp-content\/uploads\/2023\/09\/Blaise-Amok-Sunset-Nusa-Penida-Bali.jpg","contentUrl":"https:\/\/mybestplacestovisit.com\/wp-content\/uploads\/2023\/09\/Blaise-Amok-Sunset-Nusa-Penida-Bali.jpg","width":1920,"height":800,"caption":"Blaise Amok Sunset Nusa Penida Bali"},{"@type":"BreadcrumbList","@id":"https:\/\/mybestplacestovisit.com\/asia\/#breadcrumb","itemListElement":[{"@type":"ListItem","position":1,"name":"Accueil","item":"https:\/\/mybestplacestovisit.com\/id\/"},{"@type":"ListItem","position":2,"name":"Travel in Asia \u2013 Complete Destination Guides &#038; Diving Insights"}]},{"@type":"WebSite","@id":"https:\/\/mybestplacestovisit.com\/it\/#website","url":"https:\/\/mybestplacestovisit.com\/it\/","name":"2026 Travel Blog","description":"Best places to visit","publisher":{"@id":"https:\/\/mybestplacestovisit.com\/it\/#\/schema\/person\/f71ea967bd47a7e7bd4e70c8012e32ca"},"potentialAction":[{"@type":"SearchAction","target":{"@type":"EntryPoint","urlTemplate":"https:\/\/mybestplacestovisit.com\/it\/?s={search_term_string}"},"query-input":{"@type":"PropertyValueSpecification","valueRequired":true,"valueName":"search_term_string"}}],"inLanguage":"zh-CN"},{"@type":["Person","Organization"],"@id":"https:\/\/mybestplacestovisit.com\/it\/#\/schema\/person\/f71ea967bd47a7e7bd4e70c8012e32ca","name":"Blaise","image":{"@type":"ImageObject","inLanguage":"zh-CN","@id":"https:\/\/mybestplacestovisit.com\/wp-content\/uploads\/2023\/09\/Blaise-Amok-Sunset-Nusa-Penida-Bali.jpg","url":"https:\/\/mybestplacestovisit.com\/wp-content\/uploads\/2023\/09\/Blaise-Amok-Sunset-Nusa-Penida-Bali.jpg","contentUrl":"https:\/\/mybestplacestovisit.com\/wp-content\/uploads\/2023\/09\/Blaise-Amok-Sunset-Nusa-Penida-Bali.jpg","width":1920,"height":800,"caption":"Blaise"},"logo":{"@id":"https:\/\/mybestplacestovisit.com\/wp-content\/uploads\/2023\/09\/Blaise-Amok-Sunset-Nusa-Penida-Bali.jpg"},"sameAs":["http:\/\/mybestplacestovisit.com","blaiseparis"]}]}},"uagb_featured_image_src":{"full":["https:\/\/mybestplacestovisit.com\/wp-content\/uploads\/2023\/09\/Blaise-Amok-Sunset-Nusa-Penida-Bali.jpg",1920,800,false],"thumbnail":["https:\/\/mybestplacestovisit.com\/wp-content\/uploads\/2023\/09\/Blaise-Amok-Sunset-Nusa-Penida-Bali-150x150.jpg",150,150,true],"medium":["https:\/\/mybestplacestovisit.com\/wp-content\/uploads\/2023\/09\/Blaise-Amok-Sunset-Nusa-Penida-Bali-300x125.jpg",300,125,true],"medium_large":["https:\/\/mybestplacestovisit.com\/wp-content\/uploads\/2023\/09\/Blaise-Amok-Sunset-Nusa-Penida-Bali-768x320.jpg",768,320,true],"large":["https:\/\/mybestplacestovisit.com\/wp-content\/uploads\/2023\/09\/Blaise-Amok-Sunset-Nusa-Penida-Bali-1024x427.jpg",1024,427,true],"1536x1536":["https:\/\/mybestplacestovisit.com\/wp-content\/uploads\/2023\/09\/Blaise-Amok-Sunset-Nusa-Penida-Bali-1536x640.jpg",1536,640,true],"2048x2048":["https:\/\/mybestplacestovisit.com\/wp-content\/uploads\/2023\/09\/Blaise-Amok-Sunset-Nusa-Penida-Bali.jpg",1920,800,false]},"uagb_author_info":{"display_name":"Blaise","author_link":"https:\/\/mybestplacestovisit.com\/zh\/author\/admin4486\/"},"uagb_comment_info":0,"uagb_excerpt":"&#27426;&#36814;&#26469;&#21040;&#25105;&#26368;&#22909&hellip;","_links":{"self":[{"href":"https:\/\/mybestplacestovisit.com\/zh\/wp-json\/wp\/v2\/pages\/301","targetHints":{"allow":["GET"]}}],"collection":[{"href":"https:\/\/mybestplacestovisit.com\/zh\/wp-json\/wp\/v2\/pages"}],"about":[{"href":"https:\/\/mybestplacestovisit.com\/zh\/wp-json\/wp\/v2\/types\/page"}],"author":[{"embeddable":true,"href":"https:\/\/mybestplacestovisit.com\/zh\/wp-json\/wp\/v2\/users\/1"}],"replies":[{"embeddable":true,"href":"https:\/\/mybestplacestovisit.com\/zh\/wp-json\/wp\/v2\/comments?post=301"}],"version-history":[{"count":25,"href":"https:\/\/mybestplacestovisit.com\/zh\/wp-json\/wp\/v2\/pages\/301\/revisions"}],"predecessor-version":[{"id":7107,"href":"https:\/\/mybestplacestovisit.com\/zh\/wp-json\/wp\/v2\/pages\/301\/revisions\/7107"}],"wp:featuredmedia":[{"embeddable":true,"href":"https:\/\/mybestplacestovisit.com\/zh\/wp-json\/wp\/v2\/media\/61"}],"wp:attachment":[{"href":"https:\/\/mybestplacestovisit.com\/zh\/wp-json\/wp\/v2\/media?parent=301"}],"curies":[{"name":"wp","href":"https:\/\/api.w.org\/{rel}","templated":true}]}}