{"id":5886,"date":"2025-06-29T04:25:05","date_gmt":"2025-06-29T02:25:05","guid":{"rendered":"https:\/\/mybestplacestovisit.com\/?page_id=5886"},"modified":"2026-04-10T11:21:51","modified_gmt":"2026-04-10T09:21:51","slug":"onde-ficar-em-corfu","status":"publish","type":"page","link":"https:\/\/mybestplacestovisit.com\/pt\/europe\/greece\/corfu\/onde-ficar-em-corfu","title":{"rendered":"Onde ficar em Corfu"},"content":{"rendered":"\n<div class=\"wp-block-uagb-container uagb-block-f94ce446 alignfull uagb-is-root-container\"><div class=\"uagb-container-inner-blocks-wrap\">\n<div class=\"wp-block-uagb-advanced-heading uagb-block-cca57fac\"><h2 class=\"uagb-heading-text\">Onde ficar em Corfu<\/h2><\/div>\n<\/div><\/div>\n\n\n\n<p><\/p>\n\n\n\n<p>Voc\u00ea decidiu visitar <a href=\"https:\/\/mybestplacestovisit.com\/pt\/europe\/greece\/corfu\/\">Corfu<\/a> para suas pr\u00f3ximas f\u00e9rias, mas agora est\u00e1 se perguntando onde se hospedar na ilha. Este artigo vai te dar algumas informa\u00e7\u00f5es sobre as melhores regi\u00f5es para ficar \u2014 e tamb\u00e9m sobre qual tipo de acomoda\u00e7\u00e3o voc\u00ea deve reservar.<\/p>\n\n\n\n<figure class=\"wp-block-image size-full\"><img loading=\"lazy\" decoding=\"async\" width=\"726\" height=\"903\" src=\"https:\/\/mybestplacestovisit.com\/wp-content\/uploads\/2025\/06\/where-to-stay-in-corfu-map.jpg\" alt=\"where to stay in corfu map\" class=\"wp-image-5887\" srcset=\"https:\/\/mybestplacestovisit.com\/wp-content\/uploads\/2025\/06\/where-to-stay-in-corfu-map.jpg 726w, https:\/\/mybestplacestovisit.com\/wp-content\/uploads\/2025\/06\/where-to-stay-in-corfu-map-241x300.jpg 241w\" sizes=\"auto, (max-width: 726px) 100vw, 726px\" \/><\/figure>\n\n\n\n<h2 class=\"wp-block-heading\" id=\"h-onde-ficar-em-corfu\">Onde ficar em Corfu<\/h2>\n\n\n\n<p>A ilha de Corfu oferece muitas atividades diferentes. Onde ficar tamb\u00e9m depende do que voc\u00ea quer <a href=\"https:\/\/mybestplacestovisit.com\/pt\/europe\/greece\/corfu\/o-que-fazer-em-corfu\/\">fazer em Corfu<\/a>.<\/p>\n\n\n\n<p>Para torn\u00e1-lo curto :<\/p>\n\n\n\n<ul class=\"wp-block-list\">\n<li>Seu principal objetivo \u00e9 festejar com jovens? Devias ficar em Kavos no sul de Corfu. As acomoda\u00e7\u00f5es s\u00e3o baratas, e a vida noturna vai at\u00e9 as primeiras horas do dia em muitos bares e discotecas.<\/li>\n\n\n\n<li>Voc\u00ea \u00e9 um casal, voc\u00ea n\u00e3o quer alugar um carro e voc\u00ea prefere se concentrar em cultura e arquitetura? Ent\u00e3o reserve um hotel ou um Airbnb em Corfu Town.<\/li>\n\n\n\n<li>Voc\u00ea quer ter umas f\u00e9rias relaxantes e tranquilas com sua fam\u00edlia ou amigos, desfrutando de grandes praias, tavernas t\u00edpicas, passeios de barco e caminhadas? Alugue uma villa com piscina no norte de Corfu.<\/li>\n<\/ul>\n\n\n\n<figure class=\"wp-block-image size-full\"><img loading=\"lazy\" decoding=\"async\" width=\"1024\" height=\"768\" src=\"https:\/\/mybestplacestovisit.com\/wp-content\/uploads\/2025\/06\/where-to-stay-in-corfu-voukithro-villa.jpg\" alt=\"\" class=\"wp-image-5888\" srcset=\"https:\/\/mybestplacestovisit.com\/wp-content\/uploads\/2025\/06\/where-to-stay-in-corfu-voukithro-villa.jpg 1024w, https:\/\/mybestplacestovisit.com\/wp-content\/uploads\/2025\/06\/where-to-stay-in-corfu-voukithro-villa-300x225.jpg 300w, https:\/\/mybestplacestovisit.com\/wp-content\/uploads\/2025\/06\/where-to-stay-in-corfu-voukithro-villa-768x576.jpg 768w\" sizes=\"auto, (max-width: 1024px) 100vw, 1024px\" \/><figcaption class=\"wp-element-caption\">Villa Voukithro<\/figcaption><\/figure>\n\n\n\n<h2 class=\"wp-block-heading\">Villa Voukithro<\/h2>\n\n\n\n<p>A villa est\u00e1 situada na aldeia de Loutses, apenas a uma curta dist\u00e2ncia do pequeno porto de Kassiopi. \u00c9 totalmente climatizado, perfeitamente equipado e tem uma piscina privada.<\/p>\n\n\n\n<p>Do terra\u00e7o do telhado, voc\u00ea ter\u00e1 uma vista espl\u00eandida do mar e das montanhas, particularmente espetacular ao p\u00f4r do sol. <a href=\"https:\/\/mybestplacestovisit.com\/pt\/europe\/greece\/corfu\/onde-ficar-em-corfu\/villa-voukithro\/\">Villa Voukithro<\/a> \u00e9 ideal para 8 pessoas, com 4 quartos climatizados com vista para olivais.<\/p>\n\n\n\n<figure class=\"wp-block-image size-full\"><img loading=\"lazy\" decoding=\"async\" width=\"1024\" height=\"774\" src=\"https:\/\/mybestplacestovisit.com\/wp-content\/uploads\/2025\/06\/where-to-stay-in-corfu-villa-voukithro.jpg\" alt=\"where to stay in corfu villa voukithro\" class=\"wp-image-5891\" srcset=\"https:\/\/mybestplacestovisit.com\/wp-content\/uploads\/2025\/06\/where-to-stay-in-corfu-villa-voukithro.jpg 1024w, https:\/\/mybestplacestovisit.com\/wp-content\/uploads\/2025\/06\/where-to-stay-in-corfu-villa-voukithro-300x227.jpg 300w, https:\/\/mybestplacestovisit.com\/wp-content\/uploads\/2025\/06\/where-to-stay-in-corfu-villa-voukithro-768x581.jpg 768w\" sizes=\"auto, (max-width: 1024px) 100vw, 1024px\" \/><figcaption class=\"wp-element-caption\">Villa Voukithro<\/figcaption><\/figure>\n\n\n\n<h2 class=\"wp-block-heading\">Em torno de Villa Voukithro<\/h2>\n\n\n\n<p>Villa Voukithro fica a 4 km da vila mais antiga de Corfu, Old Perithia. Esta encantadora aldeia \u00e9 uma visita obrigat\u00f3ria, onde quer que voc\u00ea fique na ilha. Al\u00e9m disso, eles servem como os pontos de partida para muitas caminhadas no Monte Pantokrator. Voc\u00ea tamb\u00e9m pode caminhar <a href=\"https:\/\/mybestplacestovisit.com\/pt\/europe\/greece\/corfu\/onde-ficar-em-corfu\/em-torno-de-villa-voukithro\/\">em torno da villa<\/a> a algumas cavernas impressionantes, a uma linda igreja, e a uma t\u00edpica taverna e loja de mel. Voc\u00ea est\u00e1 a 10 minutos de carro de praias agrad\u00e1veis, a 15 minutos de dist\u00e2ncia <a href=\"https:\/\/mybestplacestovisit.com\/pt\/europe\/greece\/corfu\/kassiopi\/\">Kassiopi<\/a> porto. E apenas 30 a 45 minutos de todas as melhores praias de Corfu.<\/p>\n\n\n\n<figure class=\"wp-block-image size-full\"><img loading=\"lazy\" decoding=\"async\" width=\"1024\" height=\"768\" src=\"http:\/\/mybestplacestovisit.com\/wp-content\/uploads\/2023\/09\/best-holidays-to-corfu-greece-old-perithia.jpg\" alt=\"corfu greece old perithia\" class=\"wp-image-31\" srcset=\"https:\/\/mybestplacestovisit.com\/wp-content\/uploads\/2023\/09\/best-holidays-to-corfu-greece-old-perithia.jpg 1024w, https:\/\/mybestplacestovisit.com\/wp-content\/uploads\/2023\/09\/best-holidays-to-corfu-greece-old-perithia-300x225.jpg 300w, https:\/\/mybestplacestovisit.com\/wp-content\/uploads\/2023\/09\/best-holidays-to-corfu-greece-old-perithia-768x576.jpg 768w, https:\/\/mybestplacestovisit.com\/wp-content\/uploads\/2023\/09\/best-holidays-to-corfu-greece-old-perithia-800x600.jpg 800w\" sizes=\"auto, (max-width: 1024px) 100vw, 1024px\" \/><figcaption class=\"wp-element-caption\">A velha perithia<\/figcaption><\/figure>\n\n\n\n<h2 class=\"wp-block-heading\">Chegar a Villa Voukithro<\/h2>\n\n\n\n<p>Villa Voukithro fica a cerca de uma hora de Corfu e seu aeroporto, assumindo que n\u00e3o h\u00e1 tr\u00e1fego. Conte 90 minutos no ver\u00e3o se voc\u00ea tomar a estrada costeira \u00e0 tarde. Voc\u00ea vai precisar de um carro, como a villa est\u00e1 localizada em uma \u00e1rea tranquila e remota. Leia isso para ter a descri\u00e7\u00e3o completa de como <a href=\"https:\/\/mybestplacestovisit.com\/pt\/europe\/greece\/corfu\/onde-ficar-em-corfu\/chegar-a-villa-voukithro\/\">chegar a Villa Voukithro<\/a>.<\/p>\n","protected":false},"excerpt":{"rendered":"<p>Onde ficar em Corfu Voc\u00ea decidiu visitar Corfu para suas pr\u00f3ximas f\u00e9rias, mas agora est\u00e1 se perguntando onde se hospedar na ilha. Este artigo vai te dar algumas informa\u00e7\u00f5es sobre as melhores regi\u00f5es para ficar \u2014 e tamb\u00e9m sobre qual tipo de acomoda\u00e7\u00e3o voc\u00ea deve reservar. Onde ficar em Corfu A ilha de Corfu oferece [&hellip;]<\/p>\n","protected":false},"author":1,"featured_media":5887,"parent":342,"menu_order":0,"comment_status":"open","ping_status":"closed","template":"","meta":{"_uag_custom_page_level_css":"","site-sidebar-layout":"default","site-content-layout":"","ast-site-content-layout":"default","site-content-style":"default","site-sidebar-style":"default","ast-global-header-display":"","ast-banner-title-visibility":"","ast-main-header-display":"","ast-hfb-above-header-display":"","ast-hfb-below-header-display":"","ast-hfb-mobile-header-display":"","site-post-title":"disabled","ast-breadcrumbs-content":"","ast-featured-img":"disabled","footer-sml-layout":"","ast-disable-related-posts":"","theme-transparent-header-meta":"","adv-header-id-meta":"","stick-header-meta":"","header-above-stick-meta":"","header-main-stick-meta":"","header-below-stick-meta":"","astra-migrate-meta-layouts":"set","ast-page-background-enabled":"default","ast-page-background-meta":{"desktop":{"background-color":"","background-image":"","background-repeat":"repeat","background-position":"center center","background-size":"auto","background-attachment":"scroll","background-type":"","background-media":"","overlay-type":"","overlay-color":"","overlay-opacity":"","overlay-gradient":""},"tablet":{"background-color":"","background-image":"","background-repeat":"repeat","background-position":"center center","background-size":"auto","background-attachment":"scroll","background-type":"","background-media":"","overlay-type":"","overlay-color":"","overlay-opacity":"","overlay-gradient":""},"mobile":{"background-color":"","background-image":"","background-repeat":"repeat","background-position":"center center","background-size":"auto","background-attachment":"scroll","background-type":"","background-media":"","overlay-type":"","overlay-color":"","overlay-opacity":"","overlay-gradient":""}},"ast-content-background-meta":{"desktop":{"background-color":"var(--ast-global-color-5)","background-image":"","background-repeat":"repeat","background-position":"center center","background-size":"auto","background-attachment":"scroll","background-type":"","background-media":"","overlay-type":"","overlay-color":"","overlay-opacity":"","overlay-gradient":""},"tablet":{"background-color":"var(--ast-global-color-5)","background-image":"","background-repeat":"repeat","background-position":"center center","background-size":"auto","background-attachment":"scroll","background-type":"","background-media":"","overlay-type":"","overlay-color":"","overlay-opacity":"","overlay-gradient":""},"mobile":{"background-color":"var(--ast-global-color-5)","background-image":"","background-repeat":"repeat","background-position":"center center","background-size":"auto","background-attachment":"scroll","background-type":"","background-media":"","overlay-type":"","overlay-color":"","overlay-opacity":"","overlay-gradient":""}},"footnotes":""},"class_list":["post-5886","page","type-page","status-publish","has-post-thumbnail","hentry"],"yoast_head":"<!-- This site is optimized with the Yoast SEO Premium plugin v27.2 (Yoast SEO v27.4) - https:\/\/yoast.com\/product\/yoast-seo-premium-wordpress\/ -->\n<title>Onde ficar em Corfu<\/title>\n<meta name=\"description\" content=\"Descubra onde ficar em Corfu: Cidade Antiga, praias ou resorts. Dicas para todos os estilos de viagem e or\u00e7amento.\" \/>\n<meta name=\"robots\" content=\"index, follow, max-snippet:-1, max-image-preview:large, max-video-preview:-1\" \/>\n<link rel=\"canonical\" href=\"https:\/\/mybestplacestovisit.com\/pt\/europe\/greece\/corfu\/dove-alloggiare-a-corfu\" \/>\n<meta property=\"og:locale\" content=\"pt_PT\" \/>\n<meta property=\"og:locale:alternate\" content=\"en_US\" \/>\n<meta property=\"og:locale:alternate\" content=\"de_DE\" \/>\n<meta property=\"og:locale:alternate\" content=\"es_ES\" \/>\n<meta property=\"og:locale:alternate\" content=\"fr_FR\" \/>\n<meta property=\"og:locale:alternate\" content=\"it_IT\" \/>\n<meta property=\"og:locale:alternate\" content=\"nl_NL\" \/>\n<meta property=\"og:locale:alternate\" content=\"id_id\" \/>\n<meta property=\"og:locale:alternate\" content=\"zh_CN\" \/>\n<meta property=\"og:locale:alternate\" content=\"ja_JP\" \/>\n<meta property=\"og:type\" content=\"article\" \/>\n<meta property=\"og:title\" content=\"Onde ficar em Corfu\" \/>\n<meta property=\"og:description\" content=\"Descubra onde ficar em Corfu: Cidade Antiga, praias ou resorts. Dicas para todos os estilos de viagem e or\u00e7amento.\" \/>\n<meta property=\"og:url\" content=\"https:\/\/mybestplacestovisit.com\/pt\/europe\/greece\/corfu\/onde-ficar-em-corfu\/\" \/>\n<meta property=\"og:site_name\" content=\"2026 Travel Blog\" \/>\n<meta property=\"article:modified_time\" content=\"2026-04-10T09:21:51+00:00\" \/>\n<meta property=\"og:image\" content=\"https:\/\/mybestplacestovisit.com\/wp-content\/uploads\/2025\/06\/where-to-stay-in-corfu-map.jpg\" \/>\n\t<meta property=\"og:image:width\" content=\"726\" \/>\n\t<meta property=\"og:image:height\" content=\"903\" \/>\n\t<meta property=\"og:image:type\" content=\"image\/jpeg\" \/>\n<meta name=\"twitter:card\" content=\"summary_large_image\" \/>\n<meta name=\"twitter:label1\" content=\"Est. tempo de leitura\" \/>\n\t<meta name=\"twitter:data1\" content=\"9 minutos\" \/>\n<script type=\"application\/ld+json\" class=\"yoast-schema-graph\">{\"@context\":\"https:\\\/\\\/schema.org\",\"@graph\":[{\"@type\":\"WebPage\",\"@id\":\"https:\\\/\\\/mybestplacestovisit.com\\\/it\\\/europe\\\/greece\\\/corfu\\\/dove-alloggiare-a-corfu\\\/\",\"url\":\"https:\\\/\\\/mybestplacestovisit.com\\\/it\\\/europe\\\/greece\\\/corfu\\\/dove-alloggiare-a-corfu\\\/\",\"name\":\"Onde ficar em Corfu\",\"isPartOf\":{\"@id\":\"https:\\\/\\\/mybestplacestovisit.com\\\/it\\\/#website\"},\"primaryImageOfPage\":{\"@id\":\"https:\\\/\\\/mybestplacestovisit.com\\\/it\\\/europe\\\/greece\\\/corfu\\\/dove-alloggiare-a-corfu\\\/#primaryimage\"},\"image\":{\"@id\":\"https:\\\/\\\/mybestplacestovisit.com\\\/it\\\/europe\\\/greece\\\/corfu\\\/dove-alloggiare-a-corfu\\\/#primaryimage\"},\"thumbnailUrl\":\"https:\\\/\\\/mybestplacestovisit.com\\\/wp-content\\\/uploads\\\/2025\\\/06\\\/where-to-stay-in-corfu-map.jpg\",\"datePublished\":\"2025-06-29T02:25:05+00:00\",\"dateModified\":\"2026-04-10T09:21:51+00:00\",\"description\":\"Descubra onde ficar em Corfu: Cidade Antiga, praias ou resorts. Dicas para todos os estilos de viagem e or\u00e7amento.\",\"breadcrumb\":{\"@id\":\"https:\\\/\\\/mybestplacestovisit.com\\\/it\\\/europe\\\/greece\\\/corfu\\\/dove-alloggiare-a-corfu\\\/#breadcrumb\"},\"inLanguage\":\"pt-BR\",\"potentialAction\":[{\"@type\":\"ReadAction\",\"target\":[\"https:\\\/\\\/mybestplacestovisit.com\\\/it\\\/europe\\\/greece\\\/corfu\\\/dove-alloggiare-a-corfu\\\/\"]}]},{\"@type\":\"ImageObject\",\"inLanguage\":\"pt-BR\",\"@id\":\"https:\\\/\\\/mybestplacestovisit.com\\\/it\\\/europe\\\/greece\\\/corfu\\\/dove-alloggiare-a-corfu\\\/#primaryimage\",\"url\":\"https:\\\/\\\/mybestplacestovisit.com\\\/wp-content\\\/uploads\\\/2025\\\/06\\\/where-to-stay-in-corfu-map.jpg\",\"contentUrl\":\"https:\\\/\\\/mybestplacestovisit.com\\\/wp-content\\\/uploads\\\/2025\\\/06\\\/where-to-stay-in-corfu-map.jpg\",\"width\":726,\"height\":903,\"caption\":\"where to stay in corfu\"},{\"@type\":\"BreadcrumbList\",\"@id\":\"https:\\\/\\\/mybestplacestovisit.com\\\/it\\\/europe\\\/greece\\\/corfu\\\/dove-alloggiare-a-corfu\\\/#breadcrumb\",\"itemListElement\":[{\"@type\":\"ListItem\",\"position\":1,\"name\":\"Accueil\",\"item\":\"https:\\\/\\\/mybestplacestovisit.com\\\/id\\\/\"},{\"@type\":\"ListItem\",\"position\":2,\"name\":\"Europe Travel Guide \u2013 Best Destinations\",\"item\":\"https:\\\/\\\/mybestplacestovisit.com\\\/europe\\\/\"},{\"@type\":\"ListItem\",\"position\":3,\"name\":\"Travel to Greece: A Guide from a Lifelong Enthusiast\",\"item\":\"https:\\\/\\\/mybestplacestovisit.com\\\/europe\\\/greece\\\/\"},{\"@type\":\"ListItem\",\"position\":4,\"name\":\"Dov\u2019\u00e8 Corf\u00f9? Dove si trova, mappa e spiagge pi\u00f9 belle\",\"item\":\"https:\\\/\\\/mybestplacestovisit.com\\\/it\\\/europe\\\/greece\\\/corfu\\\/\"},{\"@type\":\"ListItem\",\"position\":5,\"name\":\"O\u00f9 loger \u00e0 Corfou : les meilleures zones o\u00f9 s\u00e9journer\"}]},{\"@type\":\"WebSite\",\"@id\":\"https:\\\/\\\/mybestplacestovisit.com\\\/it\\\/#website\",\"url\":\"https:\\\/\\\/mybestplacestovisit.com\\\/it\\\/\",\"name\":\"2026 Travel Blog\",\"description\":\"Best places to visit\",\"publisher\":{\"@id\":\"https:\\\/\\\/mybestplacestovisit.com\\\/it\\\/#\\\/schema\\\/person\\\/f71ea967bd47a7e7bd4e70c8012e32ca\"},\"potentialAction\":[{\"@type\":\"SearchAction\",\"target\":{\"@type\":\"EntryPoint\",\"urlTemplate\":\"https:\\\/\\\/mybestplacestovisit.com\\\/it\\\/?s={search_term_string}\"},\"query-input\":{\"@type\":\"PropertyValueSpecification\",\"valueRequired\":true,\"valueName\":\"search_term_string\"}}],\"inLanguage\":\"pt-BR\"},{\"@type\":[\"Person\",\"Organization\"],\"@id\":\"https:\\\/\\\/mybestplacestovisit.com\\\/it\\\/#\\\/schema\\\/person\\\/f71ea967bd47a7e7bd4e70c8012e32ca\",\"name\":\"Blaise\",\"image\":{\"@type\":\"ImageObject\",\"inLanguage\":\"pt-BR\",\"@id\":\"https:\\\/\\\/mybestplacestovisit.com\\\/wp-content\\\/uploads\\\/2023\\\/09\\\/Blaise-Amok-Sunset-Nusa-Penida-Bali.jpg\",\"url\":\"https:\\\/\\\/mybestplacestovisit.com\\\/wp-content\\\/uploads\\\/2023\\\/09\\\/Blaise-Amok-Sunset-Nusa-Penida-Bali.jpg\",\"contentUrl\":\"https:\\\/\\\/mybestplacestovisit.com\\\/wp-content\\\/uploads\\\/2023\\\/09\\\/Blaise-Amok-Sunset-Nusa-Penida-Bali.jpg\",\"width\":1920,\"height\":800,\"caption\":\"Blaise\"},\"logo\":{\"@id\":\"https:\\\/\\\/mybestplacestovisit.com\\\/wp-content\\\/uploads\\\/2023\\\/09\\\/Blaise-Amok-Sunset-Nusa-Penida-Bali.jpg\"},\"sameAs\":[\"http:\\\/\\\/mybestplacestovisit.com\",\"blaiseparis\"]}]}<\/script>\n<!-- \/ Yoast SEO Premium plugin. -->","yoast_head_json":{"title":"Onde ficar em Corfu","description":"Descubra onde ficar em Corfu: Cidade Antiga, praias ou resorts. Dicas para todos os estilos de viagem e or\u00e7amento.","robots":{"index":"index","follow":"follow","max-snippet":"max-snippet:-1","max-image-preview":"max-image-preview:large","max-video-preview":"max-video-preview:-1"},"canonical":"https:\/\/mybestplacestovisit.com\/pt\/europe\/greece\/corfu\/dove-alloggiare-a-corfu","og_locale":"pt_PT","og_type":"article","og_title":"[:en]Where to stay in Corfu[:de]Wo \u00fcbernachten in Korfu?[:es]D\u00f3nde alojarse en Corf\u00fa[:fr]O\u00f9 loger \u00e0 Corfou : les meilleures zones o\u00f9 s\u00e9journer[:it]Dove Alloggiare a Corf\u00f9: Migliori Zone, Hotel e Ville (Guida 2026)[:nl]Waar overnachten op Corfu[:pt]Onde ficar em Corfu[:id]Tempat Menginap di Corfu[:zh]\u54ea\u91cc\u4f4f\u79d1\u5b5a[:ja]\u30b3\u30eb\u30d5\u5cf6\u306b\u6ede\u5728\u3059\u308b\u5834\u6240[:]","og_description":"[:en]Discover the best areas to stay in Corfu, from charming Old Town to beachside resorts. Find your perfect base for every type of traveler![:de]Entdecke Korfu: die besten Orte zum \u00dcbernachten, von der Altstadt bis zum Strand \u2013 ideal f\u00fcr jeden Reisetyp.[:es]Descubre las mejores zonas para alojarte en Corf\u00fa, desde la encantadora Ciudad Vieja hasta complejos junto a la playa.[:fr]O\u00f9 loger \u00e0 Corfou ? D\u00e9couvrez les meilleures zones o\u00f9 s\u00e9journer : Corfu Town, Paleokastritsa, Glyfada, nord de l\u2019\u00eele et conseils pour choisir votre h\u00e9bergement.[:it]Scopri le migliori zone dove alloggiare a Corf\u00f9, dalla Citt\u00e0 Vecchia ai resort sul mare. Trova la base perfetta per ogni tipo di viaggiatore![:nl]Ontdek waar te verblijven op Corfu: van sfeervol oud centrum tot strandresorts, voor gezinnen, stellen, groepen en avonturiers.[:pt]Descubra onde ficar em Corfu: Cidade Antiga, praias ou resorts. Dicas para todos os estilos de viagem e or\u00e7amento.[:id]Temukan area terbaik untuk menginap di Corfu, mulai dari Old Town yang menawan hingga resor tepi pantai. Cari tempat ideal Anda![:]","og_url":"https:\/\/mybestplacestovisit.com\/pt\/europe\/greece\/corfu\/onde-ficar-em-corfu\/","og_site_name":"2026 Travel Blog","article_modified_time":"2026-04-10T09:21:51+00:00","og_image":[{"width":726,"height":903,"url":"https:\/\/mybestplacestovisit.com\/wp-content\/uploads\/2025\/06\/where-to-stay-in-corfu-map.jpg","type":"image\/jpeg"}],"twitter_card":"summary_large_image","twitter_misc":{"Est. tempo de leitura":"9 minutos"},"schema":{"@context":"https:\/\/schema.org","@graph":[{"@type":"WebPage","@id":"https:\/\/mybestplacestovisit.com\/it\/europe\/greece\/corfu\/dove-alloggiare-a-corfu\/","url":"https:\/\/mybestplacestovisit.com\/it\/europe\/greece\/corfu\/dove-alloggiare-a-corfu\/","name":"Onde ficar em Corfu","isPartOf":{"@id":"https:\/\/mybestplacestovisit.com\/it\/#website"},"primaryImageOfPage":{"@id":"https:\/\/mybestplacestovisit.com\/it\/europe\/greece\/corfu\/dove-alloggiare-a-corfu\/#primaryimage"},"image":{"@id":"https:\/\/mybestplacestovisit.com\/it\/europe\/greece\/corfu\/dove-alloggiare-a-corfu\/#primaryimage"},"thumbnailUrl":"https:\/\/mybestplacestovisit.com\/wp-content\/uploads\/2025\/06\/where-to-stay-in-corfu-map.jpg","datePublished":"2025-06-29T02:25:05+00:00","dateModified":"2026-04-10T09:21:51+00:00","description":"Descubra onde ficar em Corfu: Cidade Antiga, praias ou resorts. Dicas para todos os estilos de viagem e or\u00e7amento.","breadcrumb":{"@id":"https:\/\/mybestplacestovisit.com\/it\/europe\/greece\/corfu\/dove-alloggiare-a-corfu\/#breadcrumb"},"inLanguage":"pt-BR","potentialAction":[{"@type":"ReadAction","target":["https:\/\/mybestplacestovisit.com\/it\/europe\/greece\/corfu\/dove-alloggiare-a-corfu\/"]}]},{"@type":"ImageObject","inLanguage":"pt-BR","@id":"https:\/\/mybestplacestovisit.com\/it\/europe\/greece\/corfu\/dove-alloggiare-a-corfu\/#primaryimage","url":"https:\/\/mybestplacestovisit.com\/wp-content\/uploads\/2025\/06\/where-to-stay-in-corfu-map.jpg","contentUrl":"https:\/\/mybestplacestovisit.com\/wp-content\/uploads\/2025\/06\/where-to-stay-in-corfu-map.jpg","width":726,"height":903,"caption":"where to stay in corfu"},{"@type":"BreadcrumbList","@id":"https:\/\/mybestplacestovisit.com\/it\/europe\/greece\/corfu\/dove-alloggiare-a-corfu\/#breadcrumb","itemListElement":[{"@type":"ListItem","position":1,"name":"Accueil","item":"https:\/\/mybestplacestovisit.com\/id\/"},{"@type":"ListItem","position":2,"name":"Europe Travel Guide \u2013 Best Destinations","item":"https:\/\/mybestplacestovisit.com\/europe\/"},{"@type":"ListItem","position":3,"name":"Travel to Greece: A Guide from a Lifelong Enthusiast","item":"https:\/\/mybestplacestovisit.com\/europe\/greece\/"},{"@type":"ListItem","position":4,"name":"Dov\u2019\u00e8 Corf\u00f9? Dove si trova, mappa e spiagge pi\u00f9 belle","item":"https:\/\/mybestplacestovisit.com\/it\/europe\/greece\/corfu\/"},{"@type":"ListItem","position":5,"name":"O\u00f9 loger \u00e0 Corfou : les meilleures zones o\u00f9 s\u00e9journer"}]},{"@type":"WebSite","@id":"https:\/\/mybestplacestovisit.com\/it\/#website","url":"https:\/\/mybestplacestovisit.com\/it\/","name":"2026 Travel Blog","description":"Best places to visit","publisher":{"@id":"https:\/\/mybestplacestovisit.com\/it\/#\/schema\/person\/f71ea967bd47a7e7bd4e70c8012e32ca"},"potentialAction":[{"@type":"SearchAction","target":{"@type":"EntryPoint","urlTemplate":"https:\/\/mybestplacestovisit.com\/it\/?s={search_term_string}"},"query-input":{"@type":"PropertyValueSpecification","valueRequired":true,"valueName":"search_term_string"}}],"inLanguage":"pt-BR"},{"@type":["Person","Organization"],"@id":"https:\/\/mybestplacestovisit.com\/it\/#\/schema\/person\/f71ea967bd47a7e7bd4e70c8012e32ca","name":"Blaise","image":{"@type":"ImageObject","inLanguage":"pt-BR","@id":"https:\/\/mybestplacestovisit.com\/wp-content\/uploads\/2023\/09\/Blaise-Amok-Sunset-Nusa-Penida-Bali.jpg","url":"https:\/\/mybestplacestovisit.com\/wp-content\/uploads\/2023\/09\/Blaise-Amok-Sunset-Nusa-Penida-Bali.jpg","contentUrl":"https:\/\/mybestplacestovisit.com\/wp-content\/uploads\/2023\/09\/Blaise-Amok-Sunset-Nusa-Penida-Bali.jpg","width":1920,"height":800,"caption":"Blaise"},"logo":{"@id":"https:\/\/mybestplacestovisit.com\/wp-content\/uploads\/2023\/09\/Blaise-Amok-Sunset-Nusa-Penida-Bali.jpg"},"sameAs":["http:\/\/mybestplacestovisit.com","blaiseparis"]}]}},"uagb_featured_image_src":{"full":["https:\/\/mybestplacestovisit.com\/wp-content\/uploads\/2025\/06\/where-to-stay-in-corfu-map.jpg",726,903,false],"thumbnail":["https:\/\/mybestplacestovisit.com\/wp-content\/uploads\/2025\/06\/where-to-stay-in-corfu-map-150x150.jpg",150,150,true],"medium":["https:\/\/mybestplacestovisit.com\/wp-content\/uploads\/2025\/06\/where-to-stay-in-corfu-map-241x300.jpg",241,300,true],"medium_large":["https:\/\/mybestplacestovisit.com\/wp-content\/uploads\/2025\/06\/where-to-stay-in-corfu-map.jpg",726,903,false],"large":["https:\/\/mybestplacestovisit.com\/wp-content\/uploads\/2025\/06\/where-to-stay-in-corfu-map.jpg",726,903,false],"1536x1536":["https:\/\/mybestplacestovisit.com\/wp-content\/uploads\/2025\/06\/where-to-stay-in-corfu-map.jpg",726,903,false],"2048x2048":["https:\/\/mybestplacestovisit.com\/wp-content\/uploads\/2025\/06\/where-to-stay-in-corfu-map.jpg",726,903,false]},"uagb_author_info":{"display_name":"Blaise","author_link":"https:\/\/mybestplacestovisit.com\/pt\/author\/admin4486\/"},"uagb_comment_info":0,"uagb_excerpt":"Onde ficar em Corfu Voc\u00ea decidiu visitar Corfu para suas pr\u00f3ximas f\u00e9rias, mas agora est\u00e1 se perguntando onde se hospedar na ilha. Este artigo vai te dar algumas informa\u00e7\u00f5es sobre as melhores regi\u00f5es para ficar \u2014 e tamb\u00e9m sobre qual tipo de acomoda\u00e7\u00e3o voc\u00ea deve reservar. Onde ficar em Corfu A ilha de Corfu oferece&hellip;","_links":{"self":[{"href":"https:\/\/mybestplacestovisit.com\/pt\/wp-json\/wp\/v2\/pages\/5886","targetHints":{"allow":["GET"]}}],"collection":[{"href":"https:\/\/mybestplacestovisit.com\/pt\/wp-json\/wp\/v2\/pages"}],"about":[{"href":"https:\/\/mybestplacestovisit.com\/pt\/wp-json\/wp\/v2\/types\/page"}],"author":[{"embeddable":true,"href":"https:\/\/mybestplacestovisit.com\/pt\/wp-json\/wp\/v2\/users\/1"}],"replies":[{"embeddable":true,"href":"https:\/\/mybestplacestovisit.com\/pt\/wp-json\/wp\/v2\/comments?post=5886"}],"version-history":[{"count":39,"href":"https:\/\/mybestplacestovisit.com\/pt\/wp-json\/wp\/v2\/pages\/5886\/revisions"}],"predecessor-version":[{"id":7680,"href":"https:\/\/mybestplacestovisit.com\/pt\/wp-json\/wp\/v2\/pages\/5886\/revisions\/7680"}],"up":[{"embeddable":true,"href":"https:\/\/mybestplacestovisit.com\/pt\/wp-json\/wp\/v2\/pages\/342"}],"wp:featuredmedia":[{"embeddable":true,"href":"https:\/\/mybestplacestovisit.com\/pt\/wp-json\/wp\/v2\/media\/5887"}],"wp:attachment":[{"href":"https:\/\/mybestplacestovisit.com\/pt\/wp-json\/wp\/v2\/media?parent=5886"}],"curies":[{"name":"wp","href":"https:\/\/api.w.org\/{rel}","templated":true}]}}