{"id":5886,"date":"2025-06-29T04:25:05","date_gmt":"2025-06-29T02:25:05","guid":{"rendered":"https:\/\/mybestplacestovisit.com\/?page_id=5886"},"modified":"2026-04-10T11:21:51","modified_gmt":"2026-04-10T09:21:51","slug":"waar-overnachten-op-corfu","status":"publish","type":"page","link":"https:\/\/mybestplacestovisit.com\/nl\/europe\/greece\/corfu\/waar-overnachten-op-corfu","title":{"rendered":"Waar overnachten op Corfu"},"content":{"rendered":"\n<div class=\"wp-block-uagb-container uagb-block-f94ce446 alignfull uagb-is-root-container\"><div class=\"uagb-container-inner-blocks-wrap\">\n<div class=\"wp-block-uagb-advanced-heading uagb-block-cca57fac\"><h2 class=\"uagb-heading-text\">Waar overnachten op Corfu<\/h2><\/div>\n<\/div><\/div>\n\n\n\n<p><\/p>\n\n\n\n<p>Je hebt besloten om <a href=\"https:\/\/mybestplacestovisit.com\/nl\/europe\/griekenland\/corfu\/\">Corfu<\/a> te bezoeken voor je volgende vakantie, maar je vraagt je nu af waar je het beste kunt verblijven. Dit artikel geeft je informatie over de beste locaties om te overnachten \u2013 en ook over welk type accommodatie je het beste kunt boeken.<\/p>\n\n\n\n<figure class=\"wp-block-image size-full\"><img loading=\"lazy\" decoding=\"async\" width=\"726\" height=\"903\" src=\"https:\/\/mybestplacestovisit.com\/wp-content\/uploads\/2025\/06\/where-to-stay-in-corfu-map.jpg\" alt=\"where to stay in corfu map\" class=\"wp-image-5887\" srcset=\"https:\/\/mybestplacestovisit.com\/wp-content\/uploads\/2025\/06\/where-to-stay-in-corfu-map.jpg 726w, https:\/\/mybestplacestovisit.com\/wp-content\/uploads\/2025\/06\/where-to-stay-in-corfu-map-241x300.jpg 241w\" sizes=\"auto, (max-width: 726px) 100vw, 726px\" \/><\/figure>\n\n\n\n<h2 class=\"wp-block-heading\" id=\"h-waar-te-verblijven-in-corfu\">Waar te verblijven in Corfu<\/h2>\n\n\n\n<p><strong>Het eiland Corfu biedt veel verschillende activiteiten. Waar u verblijft, hangt ook af van <\/strong><a href=\"https:\/\/mybestplacestovisit.com\/nl\/europe\/griekenland\/corfu\/wat-te-doen-op-corfu\/\">wat u op Corfu wilt doen.<\/a><\/p>\n\n\n\n<p>Om het kort te maken:<\/p>\n\n\n\n<ul class=\"wp-block-list\">\n<li>Je belangrijkste doel is om te feesten met jongeren? Je moet in Kavos in het zuiden van Corfu blijven. De accommodaties zijn goedkoop, en het nachtleven gaat tot de vroege uren van de dag in vele bars en nachtclubs.<\/li>\n\n\n\n<li>U bent een koppel, u wilt geen auto huren en u wilt zich liever richten op cultuur en architectuur? Boek dan een hotel of een Airbnb in Corfu Town.<\/li>\n\n\n\n<li>Wilt u een ontspannen en rustige vakantie met uw familie of vrienden, genieten van geweldige stranden, typische taverna&#8217;s, varen en wandelen? Huur een villa met een zwembad in het noorden van Corfu.<\/li>\n<\/ul>\n\n\n\n<figure class=\"wp-block-image size-full\"><img loading=\"lazy\" decoding=\"async\" width=\"1024\" height=\"768\" src=\"https:\/\/mybestplacestovisit.com\/wp-content\/uploads\/2025\/06\/where-to-stay-in-corfu-voukithro-villa.jpg\" alt=\"\" class=\"wp-image-5888\" srcset=\"https:\/\/mybestplacestovisit.com\/wp-content\/uploads\/2025\/06\/where-to-stay-in-corfu-voukithro-villa.jpg 1024w, https:\/\/mybestplacestovisit.com\/wp-content\/uploads\/2025\/06\/where-to-stay-in-corfu-voukithro-villa-300x225.jpg 300w, https:\/\/mybestplacestovisit.com\/wp-content\/uploads\/2025\/06\/where-to-stay-in-corfu-voukithro-villa-768x576.jpg 768w\" sizes=\"auto, (max-width: 1024px) 100vw, 1024px\" \/><figcaption class=\"wp-element-caption\">Villa Voukithro<\/figcaption><\/figure>\n\n\n\n<h2 class=\"wp-block-heading\">Villa Voukithro<\/h2>\n\n\n\n<p>De villa ligt in het dorp Loutses, op slechts een korte afstand van de kleine haven van Kassiopi. Het is volledig voorzien van airconditioning, perfect uitgerust, en heeft een eigen zwembad.<\/p>\n\n\n\n<p>Vanaf het dakterras heeft u een prachtig uitzicht op de zee en de bergen, vooral spectaculair bij zonsondergang.<a href=\"https:\/\/mybestplacestovisit.com\/europe\/greece\/corfu\/where-to-stay-in-corfu\/villa-voukithro\/\">Villa Voukithro<\/a> is ideaal voor 8 personen, met 4 slaapkamers met airconditioning en uitzicht op olijfgaarden.<\/p>\n\n\n\n<figure class=\"wp-block-image size-full\"><img loading=\"lazy\" decoding=\"async\" width=\"1024\" height=\"774\" src=\"https:\/\/mybestplacestovisit.com\/wp-content\/uploads\/2025\/06\/where-to-stay-in-corfu-villa-voukithro.jpg\" alt=\"where to stay in corfu villa voukithro\" class=\"wp-image-5891\" srcset=\"https:\/\/mybestplacestovisit.com\/wp-content\/uploads\/2025\/06\/where-to-stay-in-corfu-villa-voukithro.jpg 1024w, https:\/\/mybestplacestovisit.com\/wp-content\/uploads\/2025\/06\/where-to-stay-in-corfu-villa-voukithro-300x227.jpg 300w, https:\/\/mybestplacestovisit.com\/wp-content\/uploads\/2025\/06\/where-to-stay-in-corfu-villa-voukithro-768x581.jpg 768w\" sizes=\"auto, (max-width: 1024px) 100vw, 1024px\" \/><figcaption class=\"wp-element-caption\">Villa Voukithro<\/figcaption><\/figure>\n\n\n\n<h2 class=\"wp-block-heading\">Rond Villa Voukithro<\/h2>\n\n\n\n<p>Villa Voukithro ligt op 4 kilometer afstand van het oudste dorp Corfu, <a href=\"https:\/\/mybestplacestovisit.com\/nl\/europe\/griekenland\/corfu\/oude-perithia\/\">Old Perithia<\/a>. Dit charmante dorp is een must-visit, waar je ook verblijft op het eiland. Daarnaast dienen ze als uitgangspunt voor vele wandelingen in Mount Pantokrator. U kunt ook lopen <a href=\"https:\/\/mybestplacestovisit.com\/europe\/greece\/corfu\/old-perithia\/\">rond de villa<\/a>n aar enkele indrukwekkende grotten, naar een mooie kerk, en naar een typische taverna en honing winkel. U bent op 10 minuten rijden van mooie stranden, 15 minuten van <a href=\"https:\/\/mybestplacestovisit.com\/nl\/europe\/griekenland\/corfu\/kassiopi\/\">Kassiopi<\/a> Bakboord. En slechts 30 tot 45 minuten van alle beste stranden van Corfu.<\/p>\n\n\n\n<figure class=\"wp-block-image size-full\"><img loading=\"lazy\" decoding=\"async\" width=\"1024\" height=\"768\" src=\"http:\/\/mybestplacestovisit.com\/wp-content\/uploads\/2023\/09\/best-holidays-to-corfu-greece-old-perithia.jpg\" alt=\"corfu greece old perithia\" class=\"wp-image-31\" srcset=\"https:\/\/mybestplacestovisit.com\/wp-content\/uploads\/2023\/09\/best-holidays-to-corfu-greece-old-perithia.jpg 1024w, https:\/\/mybestplacestovisit.com\/wp-content\/uploads\/2023\/09\/best-holidays-to-corfu-greece-old-perithia-300x225.jpg 300w, https:\/\/mybestplacestovisit.com\/wp-content\/uploads\/2023\/09\/best-holidays-to-corfu-greece-old-perithia-768x576.jpg 768w, https:\/\/mybestplacestovisit.com\/wp-content\/uploads\/2023\/09\/best-holidays-to-corfu-greece-old-perithia-800x600.jpg 800w\" sizes=\"auto, (max-width: 1024px) 100vw, 1024px\" \/><figcaption class=\"wp-element-caption\">Oude perithia<\/figcaption><\/figure>\n\n\n\n<h2 class=\"wp-block-heading\">Ga naar Villa Voukithro<\/h2>\n\n\n\n<p>Villa Voukithro ligt ongeveer een uur van Corfu en de luchthaven, ervan uitgaande dat er geen verkeer is. Tel 90 minuten in de zomer als u &#8217;s middags de kustweg neemt. U heeft een auto nodig, want de villa ligt in een rustige en afgelegen omgeving. Lees dit om de volledige beschrijving van hoe <a href=\"https:\/\/mybestplacestovisit.com\/europe\/greece\/corfu\/where-to-stay-in-corfu\/get-to-villa-voukithro\/\">ga naar Villa Voukithro<\/a>.<\/p>\n","protected":false},"excerpt":{"rendered":"<p>Waar overnachten op Corfu Je hebt besloten om Corfu te bezoeken voor je volgende vakantie, maar je vraagt je nu af waar je het beste kunt verblijven. Dit artikel geeft je informatie over de beste locaties om te overnachten \u2013 en ook over welk type accommodatie je het beste kunt boeken. Waar te verblijven in [&hellip;]<\/p>\n","protected":false},"author":1,"featured_media":5887,"parent":342,"menu_order":0,"comment_status":"open","ping_status":"closed","template":"","meta":{"_uag_custom_page_level_css":"","site-sidebar-layout":"default","site-content-layout":"","ast-site-content-layout":"default","site-content-style":"default","site-sidebar-style":"default","ast-global-header-display":"","ast-banner-title-visibility":"","ast-main-header-display":"","ast-hfb-above-header-display":"","ast-hfb-below-header-display":"","ast-hfb-mobile-header-display":"","site-post-title":"disabled","ast-breadcrumbs-content":"","ast-featured-img":"disabled","footer-sml-layout":"","ast-disable-related-posts":"","theme-transparent-header-meta":"","adv-header-id-meta":"","stick-header-meta":"","header-above-stick-meta":"","header-main-stick-meta":"","header-below-stick-meta":"","astra-migrate-meta-layouts":"set","ast-page-background-enabled":"default","ast-page-background-meta":{"desktop":{"background-color":"","background-image":"","background-repeat":"repeat","background-position":"center center","background-size":"auto","background-attachment":"scroll","background-type":"","background-media":"","overlay-type":"","overlay-color":"","overlay-opacity":"","overlay-gradient":""},"tablet":{"background-color":"","background-image":"","background-repeat":"repeat","background-position":"center center","background-size":"auto","background-attachment":"scroll","background-type":"","background-media":"","overlay-type":"","overlay-color":"","overlay-opacity":"","overlay-gradient":""},"mobile":{"background-color":"","background-image":"","background-repeat":"repeat","background-position":"center center","background-size":"auto","background-attachment":"scroll","background-type":"","background-media":"","overlay-type":"","overlay-color":"","overlay-opacity":"","overlay-gradient":""}},"ast-content-background-meta":{"desktop":{"background-color":"var(--ast-global-color-5)","background-image":"","background-repeat":"repeat","background-position":"center center","background-size":"auto","background-attachment":"scroll","background-type":"","background-media":"","overlay-type":"","overlay-color":"","overlay-opacity":"","overlay-gradient":""},"tablet":{"background-color":"var(--ast-global-color-5)","background-image":"","background-repeat":"repeat","background-position":"center center","background-size":"auto","background-attachment":"scroll","background-type":"","background-media":"","overlay-type":"","overlay-color":"","overlay-opacity":"","overlay-gradient":""},"mobile":{"background-color":"var(--ast-global-color-5)","background-image":"","background-repeat":"repeat","background-position":"center center","background-size":"auto","background-attachment":"scroll","background-type":"","background-media":"","overlay-type":"","overlay-color":"","overlay-opacity":"","overlay-gradient":""}},"footnotes":""},"class_list":["post-5886","page","type-page","status-publish","has-post-thumbnail","hentry"],"yoast_head":"<!-- This site is optimized with the Yoast SEO Premium plugin v27.2 (Yoast SEO v27.4) - https:\/\/yoast.com\/product\/yoast-seo-premium-wordpress\/ -->\n<title>Waar overnachten op Corfu<\/title>\n<meta name=\"description\" content=\"Ontdek waar te verblijven op Corfu: van sfeervol oud centrum tot strandresorts, voor gezinnen, stellen, groepen en avonturiers.\" \/>\n<meta name=\"robots\" content=\"index, follow, max-snippet:-1, max-image-preview:large, max-video-preview:-1\" \/>\n<link rel=\"canonical\" href=\"https:\/\/mybestplacestovisit.com\/nl\/europe\/greece\/corfu\/dove-alloggiare-a-corfu\" \/>\n<meta property=\"og:locale\" content=\"nl_NL\" \/>\n<meta property=\"og:locale:alternate\" content=\"en_US\" \/>\n<meta property=\"og:locale:alternate\" content=\"de_DE\" \/>\n<meta property=\"og:locale:alternate\" content=\"es_ES\" \/>\n<meta property=\"og:locale:alternate\" content=\"fr_FR\" \/>\n<meta property=\"og:locale:alternate\" content=\"it_IT\" \/>\n<meta property=\"og:locale:alternate\" content=\"pt_br\" \/>\n<meta property=\"og:locale:alternate\" content=\"id_id\" \/>\n<meta property=\"og:locale:alternate\" content=\"zh_CN\" \/>\n<meta property=\"og:locale:alternate\" content=\"ja_JP\" \/>\n<meta property=\"og:type\" content=\"article\" \/>\n<meta property=\"og:title\" content=\"Waar overnachten op Corfu\" \/>\n<meta property=\"og:description\" content=\"Ontdek waar te verblijven op Corfu: van sfeervol oud centrum tot strandresorts, voor gezinnen, stellen, groepen en avonturiers.\" \/>\n<meta property=\"og:url\" content=\"https:\/\/mybestplacestovisit.com\/nl\/europe\/griekenland\/corfu\/waar-overnachten-op-corfu\/\" \/>\n<meta property=\"og:site_name\" content=\"2026 Travel Blog\" \/>\n<meta property=\"article:modified_time\" content=\"2026-04-10T09:21:51+00:00\" \/>\n<meta property=\"og:image\" content=\"https:\/\/mybestplacestovisit.com\/wp-content\/uploads\/2025\/06\/where-to-stay-in-corfu-map.jpg\" \/>\n\t<meta property=\"og:image:width\" content=\"726\" \/>\n\t<meta property=\"og:image:height\" content=\"903\" \/>\n\t<meta property=\"og:image:type\" content=\"image\/jpeg\" \/>\n<meta name=\"twitter:card\" content=\"summary_large_image\" \/>\n<meta name=\"twitter:label1\" content=\"Geschatte leestijd\" \/>\n\t<meta name=\"twitter:data1\" content=\"9 minuten\" \/>\n<script type=\"application\/ld+json\" class=\"yoast-schema-graph\">{\"@context\":\"https:\\\/\\\/schema.org\",\"@graph\":[{\"@type\":\"WebPage\",\"@id\":\"https:\\\/\\\/mybestplacestovisit.com\\\/it\\\/europe\\\/greece\\\/corfu\\\/dove-alloggiare-a-corfu\\\/\",\"url\":\"https:\\\/\\\/mybestplacestovisit.com\\\/it\\\/europe\\\/greece\\\/corfu\\\/dove-alloggiare-a-corfu\\\/\",\"name\":\"Waar overnachten op Corfu\",\"isPartOf\":{\"@id\":\"https:\\\/\\\/mybestplacestovisit.com\\\/it\\\/#website\"},\"primaryImageOfPage\":{\"@id\":\"https:\\\/\\\/mybestplacestovisit.com\\\/it\\\/europe\\\/greece\\\/corfu\\\/dove-alloggiare-a-corfu\\\/#primaryimage\"},\"image\":{\"@id\":\"https:\\\/\\\/mybestplacestovisit.com\\\/it\\\/europe\\\/greece\\\/corfu\\\/dove-alloggiare-a-corfu\\\/#primaryimage\"},\"thumbnailUrl\":\"https:\\\/\\\/mybestplacestovisit.com\\\/wp-content\\\/uploads\\\/2025\\\/06\\\/where-to-stay-in-corfu-map.jpg\",\"datePublished\":\"2025-06-29T02:25:05+00:00\",\"dateModified\":\"2026-04-10T09:21:51+00:00\",\"description\":\"Ontdek waar te verblijven op Corfu: van sfeervol oud centrum tot strandresorts, voor gezinnen, stellen, groepen en avonturiers.\",\"breadcrumb\":{\"@id\":\"https:\\\/\\\/mybestplacestovisit.com\\\/it\\\/europe\\\/greece\\\/corfu\\\/dove-alloggiare-a-corfu\\\/#breadcrumb\"},\"inLanguage\":\"nl-NL\",\"potentialAction\":[{\"@type\":\"ReadAction\",\"target\":[\"https:\\\/\\\/mybestplacestovisit.com\\\/it\\\/europe\\\/greece\\\/corfu\\\/dove-alloggiare-a-corfu\\\/\"]}]},{\"@type\":\"ImageObject\",\"inLanguage\":\"nl-NL\",\"@id\":\"https:\\\/\\\/mybestplacestovisit.com\\\/it\\\/europe\\\/greece\\\/corfu\\\/dove-alloggiare-a-corfu\\\/#primaryimage\",\"url\":\"https:\\\/\\\/mybestplacestovisit.com\\\/wp-content\\\/uploads\\\/2025\\\/06\\\/where-to-stay-in-corfu-map.jpg\",\"contentUrl\":\"https:\\\/\\\/mybestplacestovisit.com\\\/wp-content\\\/uploads\\\/2025\\\/06\\\/where-to-stay-in-corfu-map.jpg\",\"width\":726,\"height\":903,\"caption\":\"where to stay in corfu\"},{\"@type\":\"BreadcrumbList\",\"@id\":\"https:\\\/\\\/mybestplacestovisit.com\\\/it\\\/europe\\\/greece\\\/corfu\\\/dove-alloggiare-a-corfu\\\/#breadcrumb\",\"itemListElement\":[{\"@type\":\"ListItem\",\"position\":1,\"name\":\"Accueil\",\"item\":\"https:\\\/\\\/mybestplacestovisit.com\\\/id\\\/\"},{\"@type\":\"ListItem\",\"position\":2,\"name\":\"Europe Travel Guide \u2013 Best Destinations\",\"item\":\"https:\\\/\\\/mybestplacestovisit.com\\\/europe\\\/\"},{\"@type\":\"ListItem\",\"position\":3,\"name\":\"Travel to Greece: A Guide from a Lifelong Enthusiast\",\"item\":\"https:\\\/\\\/mybestplacestovisit.com\\\/europe\\\/greece\\\/\"},{\"@type\":\"ListItem\",\"position\":4,\"name\":\"Dov\u2019\u00e8 Corf\u00f9? Dove si trova, mappa e spiagge pi\u00f9 belle\",\"item\":\"https:\\\/\\\/mybestplacestovisit.com\\\/it\\\/europe\\\/greece\\\/corfu\\\/\"},{\"@type\":\"ListItem\",\"position\":5,\"name\":\"O\u00f9 loger \u00e0 Corfou : les meilleures zones o\u00f9 s\u00e9journer\"}]},{\"@type\":\"WebSite\",\"@id\":\"https:\\\/\\\/mybestplacestovisit.com\\\/it\\\/#website\",\"url\":\"https:\\\/\\\/mybestplacestovisit.com\\\/it\\\/\",\"name\":\"2026 Travel Blog\",\"description\":\"Best places to visit\",\"publisher\":{\"@id\":\"https:\\\/\\\/mybestplacestovisit.com\\\/it\\\/#\\\/schema\\\/person\\\/f71ea967bd47a7e7bd4e70c8012e32ca\"},\"potentialAction\":[{\"@type\":\"SearchAction\",\"target\":{\"@type\":\"EntryPoint\",\"urlTemplate\":\"https:\\\/\\\/mybestplacestovisit.com\\\/it\\\/?s={search_term_string}\"},\"query-input\":{\"@type\":\"PropertyValueSpecification\",\"valueRequired\":true,\"valueName\":\"search_term_string\"}}],\"inLanguage\":\"nl-NL\"},{\"@type\":[\"Person\",\"Organization\"],\"@id\":\"https:\\\/\\\/mybestplacestovisit.com\\\/it\\\/#\\\/schema\\\/person\\\/f71ea967bd47a7e7bd4e70c8012e32ca\",\"name\":\"Blaise\",\"image\":{\"@type\":\"ImageObject\",\"inLanguage\":\"nl-NL\",\"@id\":\"https:\\\/\\\/mybestplacestovisit.com\\\/wp-content\\\/uploads\\\/2023\\\/09\\\/Blaise-Amok-Sunset-Nusa-Penida-Bali.jpg\",\"url\":\"https:\\\/\\\/mybestplacestovisit.com\\\/wp-content\\\/uploads\\\/2023\\\/09\\\/Blaise-Amok-Sunset-Nusa-Penida-Bali.jpg\",\"contentUrl\":\"https:\\\/\\\/mybestplacestovisit.com\\\/wp-content\\\/uploads\\\/2023\\\/09\\\/Blaise-Amok-Sunset-Nusa-Penida-Bali.jpg\",\"width\":1920,\"height\":800,\"caption\":\"Blaise\"},\"logo\":{\"@id\":\"https:\\\/\\\/mybestplacestovisit.com\\\/wp-content\\\/uploads\\\/2023\\\/09\\\/Blaise-Amok-Sunset-Nusa-Penida-Bali.jpg\"},\"sameAs\":[\"http:\\\/\\\/mybestplacestovisit.com\",\"blaiseparis\"]}]}<\/script>\n<!-- \/ Yoast SEO Premium plugin. -->","yoast_head_json":{"title":"Waar overnachten op Corfu","description":"Ontdek waar te verblijven op Corfu: van sfeervol oud centrum tot strandresorts, voor gezinnen, stellen, groepen en avonturiers.","robots":{"index":"index","follow":"follow","max-snippet":"max-snippet:-1","max-image-preview":"max-image-preview:large","max-video-preview":"max-video-preview:-1"},"canonical":"https:\/\/mybestplacestovisit.com\/nl\/europe\/greece\/corfu\/dove-alloggiare-a-corfu","og_locale":"nl_NL","og_type":"article","og_title":"[:en]Where to stay in Corfu[:de]Wo \u00fcbernachten in Korfu?[:es]D\u00f3nde alojarse en Corf\u00fa[:fr]O\u00f9 loger \u00e0 Corfou : les meilleures zones o\u00f9 s\u00e9journer[:it]Dove Alloggiare a Corf\u00f9: Migliori Zone, Hotel e Ville (Guida 2026)[:nl]Waar overnachten op Corfu[:pt]Onde ficar em Corfu[:id]Tempat Menginap di Corfu[:zh]\u54ea\u91cc\u4f4f\u79d1\u5b5a[:ja]\u30b3\u30eb\u30d5\u5cf6\u306b\u6ede\u5728\u3059\u308b\u5834\u6240[:]","og_description":"[:en]Discover the best areas to stay in Corfu, from charming Old Town to beachside resorts. Find your perfect base for every type of traveler![:de]Entdecke Korfu: die besten Orte zum \u00dcbernachten, von der Altstadt bis zum Strand \u2013 ideal f\u00fcr jeden Reisetyp.[:es]Descubre las mejores zonas para alojarte en Corf\u00fa, desde la encantadora Ciudad Vieja hasta complejos junto a la playa.[:fr]O\u00f9 loger \u00e0 Corfou ? D\u00e9couvrez les meilleures zones o\u00f9 s\u00e9journer : Corfu Town, Paleokastritsa, Glyfada, nord de l\u2019\u00eele et conseils pour choisir votre h\u00e9bergement.[:it]Scopri le migliori zone dove alloggiare a Corf\u00f9, dalla Citt\u00e0 Vecchia ai resort sul mare. Trova la base perfetta per ogni tipo di viaggiatore![:nl]Ontdek waar te verblijven op Corfu: van sfeervol oud centrum tot strandresorts, voor gezinnen, stellen, groepen en avonturiers.[:pt]Descubra onde ficar em Corfu: Cidade Antiga, praias ou resorts. Dicas para todos os estilos de viagem e or\u00e7amento.[:id]Temukan area terbaik untuk menginap di Corfu, mulai dari Old Town yang menawan hingga resor tepi pantai. Cari tempat ideal Anda![:]","og_url":"https:\/\/mybestplacestovisit.com\/nl\/europe\/griekenland\/corfu\/waar-overnachten-op-corfu\/","og_site_name":"2026 Travel Blog","article_modified_time":"2026-04-10T09:21:51+00:00","og_image":[{"width":726,"height":903,"url":"https:\/\/mybestplacestovisit.com\/wp-content\/uploads\/2025\/06\/where-to-stay-in-corfu-map.jpg","type":"image\/jpeg"}],"twitter_card":"summary_large_image","twitter_misc":{"Geschatte leestijd":"9 minuten"},"schema":{"@context":"https:\/\/schema.org","@graph":[{"@type":"WebPage","@id":"https:\/\/mybestplacestovisit.com\/it\/europe\/greece\/corfu\/dove-alloggiare-a-corfu\/","url":"https:\/\/mybestplacestovisit.com\/it\/europe\/greece\/corfu\/dove-alloggiare-a-corfu\/","name":"Waar overnachten op Corfu","isPartOf":{"@id":"https:\/\/mybestplacestovisit.com\/it\/#website"},"primaryImageOfPage":{"@id":"https:\/\/mybestplacestovisit.com\/it\/europe\/greece\/corfu\/dove-alloggiare-a-corfu\/#primaryimage"},"image":{"@id":"https:\/\/mybestplacestovisit.com\/it\/europe\/greece\/corfu\/dove-alloggiare-a-corfu\/#primaryimage"},"thumbnailUrl":"https:\/\/mybestplacestovisit.com\/wp-content\/uploads\/2025\/06\/where-to-stay-in-corfu-map.jpg","datePublished":"2025-06-29T02:25:05+00:00","dateModified":"2026-04-10T09:21:51+00:00","description":"Ontdek waar te verblijven op Corfu: van sfeervol oud centrum tot strandresorts, voor gezinnen, stellen, groepen en avonturiers.","breadcrumb":{"@id":"https:\/\/mybestplacestovisit.com\/it\/europe\/greece\/corfu\/dove-alloggiare-a-corfu\/#breadcrumb"},"inLanguage":"nl-NL","potentialAction":[{"@type":"ReadAction","target":["https:\/\/mybestplacestovisit.com\/it\/europe\/greece\/corfu\/dove-alloggiare-a-corfu\/"]}]},{"@type":"ImageObject","inLanguage":"nl-NL","@id":"https:\/\/mybestplacestovisit.com\/it\/europe\/greece\/corfu\/dove-alloggiare-a-corfu\/#primaryimage","url":"https:\/\/mybestplacestovisit.com\/wp-content\/uploads\/2025\/06\/where-to-stay-in-corfu-map.jpg","contentUrl":"https:\/\/mybestplacestovisit.com\/wp-content\/uploads\/2025\/06\/where-to-stay-in-corfu-map.jpg","width":726,"height":903,"caption":"where to stay in corfu"},{"@type":"BreadcrumbList","@id":"https:\/\/mybestplacestovisit.com\/it\/europe\/greece\/corfu\/dove-alloggiare-a-corfu\/#breadcrumb","itemListElement":[{"@type":"ListItem","position":1,"name":"Accueil","item":"https:\/\/mybestplacestovisit.com\/id\/"},{"@type":"ListItem","position":2,"name":"Europe Travel Guide \u2013 Best Destinations","item":"https:\/\/mybestplacestovisit.com\/europe\/"},{"@type":"ListItem","position":3,"name":"Travel to Greece: A Guide from a Lifelong Enthusiast","item":"https:\/\/mybestplacestovisit.com\/europe\/greece\/"},{"@type":"ListItem","position":4,"name":"Dov\u2019\u00e8 Corf\u00f9? Dove si trova, mappa e spiagge pi\u00f9 belle","item":"https:\/\/mybestplacestovisit.com\/it\/europe\/greece\/corfu\/"},{"@type":"ListItem","position":5,"name":"O\u00f9 loger \u00e0 Corfou : les meilleures zones o\u00f9 s\u00e9journer"}]},{"@type":"WebSite","@id":"https:\/\/mybestplacestovisit.com\/it\/#website","url":"https:\/\/mybestplacestovisit.com\/it\/","name":"2026 Travel Blog","description":"Best places to visit","publisher":{"@id":"https:\/\/mybestplacestovisit.com\/it\/#\/schema\/person\/f71ea967bd47a7e7bd4e70c8012e32ca"},"potentialAction":[{"@type":"SearchAction","target":{"@type":"EntryPoint","urlTemplate":"https:\/\/mybestplacestovisit.com\/it\/?s={search_term_string}"},"query-input":{"@type":"PropertyValueSpecification","valueRequired":true,"valueName":"search_term_string"}}],"inLanguage":"nl-NL"},{"@type":["Person","Organization"],"@id":"https:\/\/mybestplacestovisit.com\/it\/#\/schema\/person\/f71ea967bd47a7e7bd4e70c8012e32ca","name":"Blaise","image":{"@type":"ImageObject","inLanguage":"nl-NL","@id":"https:\/\/mybestplacestovisit.com\/wp-content\/uploads\/2023\/09\/Blaise-Amok-Sunset-Nusa-Penida-Bali.jpg","url":"https:\/\/mybestplacestovisit.com\/wp-content\/uploads\/2023\/09\/Blaise-Amok-Sunset-Nusa-Penida-Bali.jpg","contentUrl":"https:\/\/mybestplacestovisit.com\/wp-content\/uploads\/2023\/09\/Blaise-Amok-Sunset-Nusa-Penida-Bali.jpg","width":1920,"height":800,"caption":"Blaise"},"logo":{"@id":"https:\/\/mybestplacestovisit.com\/wp-content\/uploads\/2023\/09\/Blaise-Amok-Sunset-Nusa-Penida-Bali.jpg"},"sameAs":["http:\/\/mybestplacestovisit.com","blaiseparis"]}]}},"uagb_featured_image_src":{"full":["https:\/\/mybestplacestovisit.com\/wp-content\/uploads\/2025\/06\/where-to-stay-in-corfu-map.jpg",726,903,false],"thumbnail":["https:\/\/mybestplacestovisit.com\/wp-content\/uploads\/2025\/06\/where-to-stay-in-corfu-map-150x150.jpg",150,150,true],"medium":["https:\/\/mybestplacestovisit.com\/wp-content\/uploads\/2025\/06\/where-to-stay-in-corfu-map-241x300.jpg",241,300,true],"medium_large":["https:\/\/mybestplacestovisit.com\/wp-content\/uploads\/2025\/06\/where-to-stay-in-corfu-map.jpg",726,903,false],"large":["https:\/\/mybestplacestovisit.com\/wp-content\/uploads\/2025\/06\/where-to-stay-in-corfu-map.jpg",726,903,false],"1536x1536":["https:\/\/mybestplacestovisit.com\/wp-content\/uploads\/2025\/06\/where-to-stay-in-corfu-map.jpg",726,903,false],"2048x2048":["https:\/\/mybestplacestovisit.com\/wp-content\/uploads\/2025\/06\/where-to-stay-in-corfu-map.jpg",726,903,false]},"uagb_author_info":{"display_name":"Blaise","author_link":"https:\/\/mybestplacestovisit.com\/nl\/author\/admin4486\/"},"uagb_comment_info":0,"uagb_excerpt":"Waar overnachten op Corfu Je hebt besloten om Corfu te bezoeken voor je volgende vakantie, maar je vraagt je nu af waar je het beste kunt verblijven. Dit artikel geeft je informatie over de beste locaties om te overnachten \u2013 en ook over welk type accommodatie je het beste kunt boeken. Waar te verblijven in&hellip;","_links":{"self":[{"href":"https:\/\/mybestplacestovisit.com\/nl\/wp-json\/wp\/v2\/pages\/5886","targetHints":{"allow":["GET"]}}],"collection":[{"href":"https:\/\/mybestplacestovisit.com\/nl\/wp-json\/wp\/v2\/pages"}],"about":[{"href":"https:\/\/mybestplacestovisit.com\/nl\/wp-json\/wp\/v2\/types\/page"}],"author":[{"embeddable":true,"href":"https:\/\/mybestplacestovisit.com\/nl\/wp-json\/wp\/v2\/users\/1"}],"replies":[{"embeddable":true,"href":"https:\/\/mybestplacestovisit.com\/nl\/wp-json\/wp\/v2\/comments?post=5886"}],"version-history":[{"count":39,"href":"https:\/\/mybestplacestovisit.com\/nl\/wp-json\/wp\/v2\/pages\/5886\/revisions"}],"predecessor-version":[{"id":7680,"href":"https:\/\/mybestplacestovisit.com\/nl\/wp-json\/wp\/v2\/pages\/5886\/revisions\/7680"}],"up":[{"embeddable":true,"href":"https:\/\/mybestplacestovisit.com\/nl\/wp-json\/wp\/v2\/pages\/342"}],"wp:featuredmedia":[{"embeddable":true,"href":"https:\/\/mybestplacestovisit.com\/nl\/wp-json\/wp\/v2\/media\/5887"}],"wp:attachment":[{"href":"https:\/\/mybestplacestovisit.com\/nl\/wp-json\/wp\/v2\/media?parent=5886"}],"curies":[{"name":"wp","href":"https:\/\/api.w.org\/{rel}","templated":true}]}}