{"id":395,"date":"2024-11-18T02:57:57","date_gmt":"2024-11-18T01:57:57","guid":{"rendered":"https:\/\/mybestplacestovisit.com\/?page_id=395"},"modified":"2026-03-08T09:29:18","modified_gmt":"2026-03-08T08:29:18","slug":"peroulades","status":"publish","type":"page","link":"https:\/\/mybestplacestovisit.com\/nl\/europe\/greece\/corfu\/peroulades","title":{"rendered":"Peroulades"},"content":{"rendered":"\n<div class=\"wp-block-uagb-container uagb-block-c367eb42 alignfull uagb-is-root-container\"><div class=\"uagb-container-inner-blocks-wrap\">\n<div class=\"wp-block-uagb-advanced-heading uagb-block-6f4d3bde\"><h2 class=\"uagb-heading-text\">Peroulades<\/h2><\/div>\n<\/div><\/div>\n\n\n\n<p>&nbsp;<\/p>\n\n\n\n<h2 class=\"wp-block-heading\">Waar is Peroulades?<\/h2>\n\n\n\n<p>Peroulades is gelegen op de noordoostelijke hoek van <a href=\"https:\/\/mybestplacestovisit.com\/nl\/europe\/griekenland\/corfu\/\">Corfu eiland<\/a>, niet ver van Sidari, slechts 20 minuten van Acharavi. Er is een grote parkeerplaats waar u uw auto kunt laten vallen. Het is dan heel gemakkelijk om het strand te bereiken via een kleine trap.<\/p>\n\n\n\n<h2 class=\"wp-block-heading\" id=\"h-peroulades-strand\">Peroulades strand<\/h2>\n\n\n\n<p>Peroulades strand, ook wel Logas strand, was eens groter. Een oude reclamebanner toont ook ligstoelen en parasols. Maar ze zijn allang weg! Sindsdien heeft de zee alle ruimte overgenomen en is het strand nu erg smal.<\/p>\n\n\n\n<p>Zwemmen naast een 30 meter hoge klif is op een of andere manier erg indrukwekkend.<\/p>\n\n\n\n<figure class=\"wp-block-image size-full\"><img loading=\"lazy\" decoding=\"async\" width=\"1024\" height=\"768\" src=\"https:\/\/mybestplacestovisit.com\/wp-content\/uploads\/2025\/05\/Best-Holidays-to-Corfu-Greece-Peroulades-cliff.jpg\" alt=\"Best Holidays to Corfu Greece Peroulades cliff\" class=\"wp-image-4064\" srcset=\"https:\/\/mybestplacestovisit.com\/wp-content\/uploads\/2025\/05\/Best-Holidays-to-Corfu-Greece-Peroulades-cliff.jpg 1024w, https:\/\/mybestplacestovisit.com\/wp-content\/uploads\/2025\/05\/Best-Holidays-to-Corfu-Greece-Peroulades-cliff-300x225.jpg 300w, https:\/\/mybestplacestovisit.com\/wp-content\/uploads\/2025\/05\/Best-Holidays-to-Corfu-Greece-Peroulades-cliff-768x576.jpg 768w\" sizes=\"auto, (max-width: 1024px) 100vw, 1024px\" \/><figcaption class=\"wp-element-caption\">Peroulades-klif<\/figcaption><\/figure>\n\n\n\n<h2 class=\"wp-block-heading\">7e hemel<\/h2>\n\n\n\n<p>7e De hemel is een mooie bar en restaurant met een prachtig uitzicht, vooral bij zonsondergang. Als u niet bang bent voor hoogtes, kunt u op een klein platform staan met een glazen vloer waarmee u 30 meter onder u naar de zee kunt kijken. Het is alsof je op de lucht loopt! Hun cocktails zijn best goed.<\/p>\n\n\n\n<figure class=\"wp-block-image size-full\"><img loading=\"lazy\" decoding=\"async\" width=\"1024\" height=\"768\" src=\"https:\/\/mybestplacestovisit.com\/wp-content\/uploads\/2025\/05\/Best-Holidays-to-Corfu-Greece-7-heaven.jpg\" alt=\"Best Holidays to Corfu Greece 7 heaven\" class=\"wp-image-4065\" srcset=\"https:\/\/mybestplacestovisit.com\/wp-content\/uploads\/2025\/05\/Best-Holidays-to-Corfu-Greece-7-heaven.jpg 1024w, https:\/\/mybestplacestovisit.com\/wp-content\/uploads\/2025\/05\/Best-Holidays-to-Corfu-Greece-7-heaven-300x225.jpg 300w, https:\/\/mybestplacestovisit.com\/wp-content\/uploads\/2025\/05\/Best-Holidays-to-Corfu-Greece-7-heaven-768x576.jpg 768w\" sizes=\"auto, (max-width: 1024px) 100vw, 1024px\" \/><figcaption class=\"wp-element-caption\">7 hemel<\/figcaption><\/figure>\n\n\n\n<h2 class=\"wp-block-heading\">Canal d&#8217;Amour<\/h2>\n\n\n\n<p>Volgens de legende viel er een Frans stel onder de charme. Ze beloofden elkaar eeuwige liefde. Deze plek heette Canal d&#8217;Amour naar deze legende. Als je vrijgezel bent, zwem er dan en je trouwt het volgende jaar!<\/p>\n\n\n\n<p>Het is een leuke plek om te bezoeken, maar niet in het hoogseizoen, veel te druk.<\/p>\n\n\n\n<figure class=\"wp-block-image size-full\"><img loading=\"lazy\" decoding=\"async\" width=\"1024\" height=\"768\" src=\"https:\/\/mybestplacestovisit.com\/wp-content\/uploads\/2025\/05\/Best-Holidays-to-Corfu-Greece-canal-damour-sidari.jpg\" alt=\"Best Holidays to Corfu Greece canal d'amour sidari\" class=\"wp-image-4066\" srcset=\"https:\/\/mybestplacestovisit.com\/wp-content\/uploads\/2025\/05\/Best-Holidays-to-Corfu-Greece-canal-damour-sidari.jpg 1024w, https:\/\/mybestplacestovisit.com\/wp-content\/uploads\/2025\/05\/Best-Holidays-to-Corfu-Greece-canal-damour-sidari-300x225.jpg 300w, https:\/\/mybestplacestovisit.com\/wp-content\/uploads\/2025\/05\/Best-Holidays-to-Corfu-Greece-canal-damour-sidari-768x576.jpg 768w\" sizes=\"auto, (max-width: 1024px) 100vw, 1024px\" \/><figcaption class=\"wp-element-caption\">Canal d&#8217;amour Sidari<\/figcaption><\/figure>\n","protected":false},"excerpt":{"rendered":"<p>Peroulades staat bekend om zijn indrukwekkende kliffen. Geniet van Logas strand en neem een drankje bij zonsondergang aan de 7th heaven bar!<\/p>\n","protected":false},"author":1,"featured_media":30,"parent":342,"menu_order":0,"comment_status":"open","ping_status":"closed","template":"","meta":{"_uag_custom_page_level_css":"","site-sidebar-layout":"default","site-content-layout":"","ast-site-content-layout":"default","site-content-style":"default","site-sidebar-style":"default","ast-global-header-display":"","ast-banner-title-visibility":"","ast-main-header-display":"","ast-hfb-above-header-display":"","ast-hfb-below-header-display":"","ast-hfb-mobile-header-display":"","site-post-title":"disabled","ast-breadcrumbs-content":"","ast-featured-img":"disabled","footer-sml-layout":"","ast-disable-related-posts":"","theme-transparent-header-meta":"","adv-header-id-meta":"","stick-header-meta":"","header-above-stick-meta":"","header-main-stick-meta":"","header-below-stick-meta":"","astra-migrate-meta-layouts":"set","ast-page-background-enabled":"default","ast-page-background-meta":{"desktop":{"background-color":"","background-image":"","background-repeat":"repeat","background-position":"center center","background-size":"auto","background-attachment":"scroll","background-type":"","background-media":"","overlay-type":"","overlay-color":"","overlay-opacity":"","overlay-gradient":""},"tablet":{"background-color":"","background-image":"","background-repeat":"repeat","background-position":"center center","background-size":"auto","background-attachment":"scroll","background-type":"","background-media":"","overlay-type":"","overlay-color":"","overlay-opacity":"","overlay-gradient":""},"mobile":{"background-color":"","background-image":"","background-repeat":"repeat","background-position":"center center","background-size":"auto","background-attachment":"scroll","background-type":"","background-media":"","overlay-type":"","overlay-color":"","overlay-opacity":"","overlay-gradient":""}},"ast-content-background-meta":{"desktop":{"background-color":"var(--ast-global-color-5)","background-image":"","background-repeat":"repeat","background-position":"center center","background-size":"auto","background-attachment":"scroll","background-type":"","background-media":"","overlay-type":"","overlay-color":"","overlay-opacity":"","overlay-gradient":""},"tablet":{"background-color":"var(--ast-global-color-5)","background-image":"","background-repeat":"repeat","background-position":"center center","background-size":"auto","background-attachment":"scroll","background-type":"","background-media":"","overlay-type":"","overlay-color":"","overlay-opacity":"","overlay-gradient":""},"mobile":{"background-color":"var(--ast-global-color-5)","background-image":"","background-repeat":"repeat","background-position":"center center","background-size":"auto","background-attachment":"scroll","background-type":"","background-media":"","overlay-type":"","overlay-color":"","overlay-opacity":"","overlay-gradient":""}},"footnotes":""},"class_list":["post-395","page","type-page","status-publish","has-post-thumbnail","hentry"],"yoast_head":"<!-- This site is optimized with the Yoast SEO Premium plugin v27.2 (Yoast SEO v27.3) - https:\/\/yoast.com\/product\/yoast-seo-premium-wordpress\/ -->\n<title>Peroulades<\/title>\n<meta name=\"description\" content=\"Peroulades staat bekend om zijn indrukwekkende kliffen. Ontspan op Logas Beach en geniet van de zonsondergang bij de 7th Heaven Bar!\" \/>\n<meta name=\"robots\" content=\"index, follow, max-snippet:-1, max-image-preview:large, max-video-preview:-1\" \/>\n<link rel=\"canonical\" href=\"https:\/\/mybestplacestovisit.com\/nl\/peroulades\" \/>\n<meta property=\"og:locale\" content=\"nl_NL\" \/>\n<meta property=\"og:locale:alternate\" content=\"en_US\" \/>\n<meta property=\"og:locale:alternate\" content=\"de_DE\" \/>\n<meta property=\"og:locale:alternate\" content=\"es_ES\" \/>\n<meta property=\"og:locale:alternate\" content=\"fr_FR\" \/>\n<meta property=\"og:locale:alternate\" content=\"it_IT\" \/>\n<meta property=\"og:locale:alternate\" content=\"pt_br\" \/>\n<meta property=\"og:locale:alternate\" content=\"id_id\" \/>\n<meta property=\"og:locale:alternate\" content=\"zh_CN\" \/>\n<meta property=\"og:locale:alternate\" content=\"ja_JP\" \/>\n<meta property=\"og:type\" content=\"article\" \/>\n<meta property=\"og:title\" content=\"Peroulades\" \/>\n<meta property=\"og:description\" content=\"Peroulades staat bekend om zijn indrukwekkende kliffen. Ontspan op Logas Beach en geniet van de zonsondergang bij de 7th Heaven Bar!\" \/>\n<meta property=\"og:url\" content=\"https:\/\/mybestplacestovisit.com\/nl\/europe\/griekenland\/corfu\/peroulades\/\" \/>\n<meta property=\"og:site_name\" content=\"2026 Travel Blog\" \/>\n<meta property=\"article:modified_time\" content=\"2026-03-08T08:29:18+00:00\" \/>\n<meta property=\"og:image\" content=\"https:\/\/mybestplacestovisit.com\/wp-content\/uploads\/2023\/09\/Best-Holidays-to-Corfu-Greece-Peroulades-Logas-beach.jpg\" \/>\n\t<meta property=\"og:image:width\" content=\"1024\" \/>\n\t<meta property=\"og:image:height\" content=\"768\" \/>\n\t<meta property=\"og:image:type\" content=\"image\/jpeg\" \/>\n<meta name=\"twitter:card\" content=\"summary_large_image\" \/>\n<meta name=\"twitter:label1\" content=\"Geschatte leestijd\" \/>\n\t<meta name=\"twitter:data1\" content=\"2 minuten\" \/>\n<script type=\"application\/ld+json\" class=\"yoast-schema-graph\">{\"@context\":\"https:\\\/\\\/schema.org\",\"@graph\":[{\"@type\":\"WebPage\",\"@id\":\"https:\\\/\\\/mybestplacestovisit.com\\\/fr\\\/europe\\\/grece\\\/corfou\\\/peroulades\\\/\",\"url\":\"https:\\\/\\\/mybestplacestovisit.com\\\/fr\\\/europe\\\/grece\\\/corfou\\\/peroulades\\\/\",\"name\":\"Peroulades\",\"isPartOf\":{\"@id\":\"https:\\\/\\\/mybestplacestovisit.com\\\/it\\\/#website\"},\"primaryImageOfPage\":{\"@id\":\"https:\\\/\\\/mybestplacestovisit.com\\\/fr\\\/europe\\\/grece\\\/corfou\\\/peroulades\\\/#primaryimage\"},\"image\":{\"@id\":\"https:\\\/\\\/mybestplacestovisit.com\\\/fr\\\/europe\\\/grece\\\/corfou\\\/peroulades\\\/#primaryimage\"},\"thumbnailUrl\":\"https:\\\/\\\/mybestplacestovisit.com\\\/wp-content\\\/uploads\\\/2023\\\/09\\\/Best-Holidays-to-Corfu-Greece-Peroulades-Logas-beach.jpg\",\"datePublished\":\"2024-11-18T01:57:57+00:00\",\"dateModified\":\"2026-03-08T08:29:18+00:00\",\"description\":\"Peroulades staat bekend om zijn indrukwekkende kliffen. Ontspan op Logas Beach en geniet van de zonsondergang bij de 7th Heaven Bar!\",\"breadcrumb\":{\"@id\":\"https:\\\/\\\/mybestplacestovisit.com\\\/fr\\\/europe\\\/grece\\\/corfou\\\/peroulades\\\/#breadcrumb\"},\"inLanguage\":\"nl-NL\",\"potentialAction\":[{\"@type\":\"ReadAction\",\"target\":[\"https:\\\/\\\/mybestplacestovisit.com\\\/fr\\\/europe\\\/grece\\\/corfou\\\/peroulades\\\/\"]}]},{\"@type\":\"ImageObject\",\"inLanguage\":\"nl-NL\",\"@id\":\"https:\\\/\\\/mybestplacestovisit.com\\\/fr\\\/europe\\\/grece\\\/corfou\\\/peroulades\\\/#primaryimage\",\"url\":\"https:\\\/\\\/mybestplacestovisit.com\\\/wp-content\\\/uploads\\\/2023\\\/09\\\/Best-Holidays-to-Corfu-Greece-Peroulades-Logas-beach.jpg\",\"contentUrl\":\"https:\\\/\\\/mybestplacestovisit.com\\\/wp-content\\\/uploads\\\/2023\\\/09\\\/Best-Holidays-to-Corfu-Greece-Peroulades-Logas-beach.jpg\",\"width\":1024,\"height\":768,\"caption\":\"Peroulades\"},{\"@type\":\"BreadcrumbList\",\"@id\":\"https:\\\/\\\/mybestplacestovisit.com\\\/fr\\\/europe\\\/grece\\\/corfou\\\/peroulades\\\/#breadcrumb\",\"itemListElement\":[{\"@type\":\"ListItem\",\"position\":1,\"name\":\"Accueil\",\"item\":\"https:\\\/\\\/mybestplacestovisit.com\\\/id\\\/\"},{\"@type\":\"ListItem\",\"position\":2,\"name\":\"Europe Travel Guide \u2013 Best Destinations\",\"item\":\"https:\\\/\\\/mybestplacestovisit.com\\\/europe\\\/\"},{\"@type\":\"ListItem\",\"position\":3,\"name\":\"Travel to Greece: A Guide from a Lifelong Enthusiast\",\"item\":\"https:\\\/\\\/mybestplacestovisit.com\\\/europe\\\/greece\\\/\"},{\"@type\":\"ListItem\",\"position\":4,\"name\":\"Corfou : guide complet pour visiter l\u2019\u00eele\",\"item\":\"https:\\\/\\\/mybestplacestovisit.com\\\/fr\\\/europe\\\/grece\\\/corfou\\\/\"},{\"@type\":\"ListItem\",\"position\":5,\"name\":\"Peroulades\"}]},{\"@type\":\"WebSite\",\"@id\":\"https:\\\/\\\/mybestplacestovisit.com\\\/it\\\/#website\",\"url\":\"https:\\\/\\\/mybestplacestovisit.com\\\/it\\\/\",\"name\":\"2026 Travel Blog\",\"description\":\"Best places to visit\",\"publisher\":{\"@id\":\"https:\\\/\\\/mybestplacestovisit.com\\\/it\\\/#\\\/schema\\\/person\\\/f71ea967bd47a7e7bd4e70c8012e32ca\"},\"potentialAction\":[{\"@type\":\"SearchAction\",\"target\":{\"@type\":\"EntryPoint\",\"urlTemplate\":\"https:\\\/\\\/mybestplacestovisit.com\\\/it\\\/?s={search_term_string}\"},\"query-input\":{\"@type\":\"PropertyValueSpecification\",\"valueRequired\":true,\"valueName\":\"search_term_string\"}}],\"inLanguage\":\"nl-NL\"},{\"@type\":[\"Person\",\"Organization\"],\"@id\":\"https:\\\/\\\/mybestplacestovisit.com\\\/it\\\/#\\\/schema\\\/person\\\/f71ea967bd47a7e7bd4e70c8012e32ca\",\"name\":\"Blaise\",\"image\":{\"@type\":\"ImageObject\",\"inLanguage\":\"nl-NL\",\"@id\":\"https:\\\/\\\/mybestplacestovisit.com\\\/wp-content\\\/uploads\\\/2023\\\/09\\\/Blaise-Amok-Sunset-Nusa-Penida-Bali.jpg\",\"url\":\"https:\\\/\\\/mybestplacestovisit.com\\\/wp-content\\\/uploads\\\/2023\\\/09\\\/Blaise-Amok-Sunset-Nusa-Penida-Bali.jpg\",\"contentUrl\":\"https:\\\/\\\/mybestplacestovisit.com\\\/wp-content\\\/uploads\\\/2023\\\/09\\\/Blaise-Amok-Sunset-Nusa-Penida-Bali.jpg\",\"width\":1920,\"height\":800,\"caption\":\"Blaise\"},\"logo\":{\"@id\":\"https:\\\/\\\/mybestplacestovisit.com\\\/wp-content\\\/uploads\\\/2023\\\/09\\\/Blaise-Amok-Sunset-Nusa-Penida-Bali.jpg\"},\"sameAs\":[\"http:\\\/\\\/mybestplacestovisit.com\",\"blaiseparis\"]}]}<\/script>\n<!-- \/ Yoast SEO Premium plugin. -->","yoast_head_json":{"title":"Peroulades","description":"Peroulades staat bekend om zijn indrukwekkende kliffen. Ontspan op Logas Beach en geniet van de zonsondergang bij de 7th Heaven Bar!","robots":{"index":"index","follow":"follow","max-snippet":"max-snippet:-1","max-image-preview":"max-image-preview:large","max-video-preview":"max-video-preview:-1"},"canonical":"https:\/\/mybestplacestovisit.com\/nl\/peroulades","og_locale":"nl_NL","og_type":"article","og_title":"[:en]Peroulades[:de]Peroulades[:es]Peroulades[:fr]Peroulades[:it]Peroulades[:nl]Peroulades[:pt]Peroulades[:id]Peroulades[:zh]\u7ea2\u5b9d\u77f3[:ja]\u30da\u30eb\u30aa\u30e9\u30c7\u30a6\u30b9[:]","og_description":"[:en]Peroulades is most famous for its impressive cliffs. Enjoy Logas beach and have a drink at sunset at the 7th heaven bar ![:de]Peroulades ist bekannt f\u00fcr seine beeindruckenden Klippen. Genie\u00dfen Sie den Logas-Strand und einen Drink im 7th Heaven Bar![:es]Peroulades es m\u00e1s famoso por sus impresionantes acantilados. \u00a1Disfruta de la playa de Logas y toma una copa en el bar 7th Heaven![:fr]Peroulades est connue pour ses impressionnantes falaises. Profitez de la plage de Logas et prenez un verre au coucher du soleil au 7eme ciel![:it]Peroulades \u00e8 celebre per le sue scogliere spettacolari. Rilassati a Logas Beach e gusta un drink al tramonto al bar Settimo Cielo![:nl]Peroulades staat bekend om zijn indrukwekkende kliffen. Ontspan op Logas Beach en geniet van de zonsondergang bij de 7th Heaven Bar![:pt]Peroulades \u00e9 famosa por suas impressionantes fal\u00e9sias. Curta a praia de Logas e aproveite um drinque no p\u00f4r do sol no bar 7th Heaven![:]","og_url":"https:\/\/mybestplacestovisit.com\/nl\/europe\/griekenland\/corfu\/peroulades\/","og_site_name":"2026 Travel Blog","article_modified_time":"2026-03-08T08:29:18+00:00","og_image":[{"width":1024,"height":768,"url":"https:\/\/mybestplacestovisit.com\/wp-content\/uploads\/2023\/09\/Best-Holidays-to-Corfu-Greece-Peroulades-Logas-beach.jpg","type":"image\/jpeg"}],"twitter_card":"summary_large_image","twitter_misc":{"Geschatte leestijd":"2 minuten"},"schema":{"@context":"https:\/\/schema.org","@graph":[{"@type":"WebPage","@id":"https:\/\/mybestplacestovisit.com\/fr\/europe\/grece\/corfou\/peroulades\/","url":"https:\/\/mybestplacestovisit.com\/fr\/europe\/grece\/corfou\/peroulades\/","name":"Peroulades","isPartOf":{"@id":"https:\/\/mybestplacestovisit.com\/it\/#website"},"primaryImageOfPage":{"@id":"https:\/\/mybestplacestovisit.com\/fr\/europe\/grece\/corfou\/peroulades\/#primaryimage"},"image":{"@id":"https:\/\/mybestplacestovisit.com\/fr\/europe\/grece\/corfou\/peroulades\/#primaryimage"},"thumbnailUrl":"https:\/\/mybestplacestovisit.com\/wp-content\/uploads\/2023\/09\/Best-Holidays-to-Corfu-Greece-Peroulades-Logas-beach.jpg","datePublished":"2024-11-18T01:57:57+00:00","dateModified":"2026-03-08T08:29:18+00:00","description":"Peroulades staat bekend om zijn indrukwekkende kliffen. Ontspan op Logas Beach en geniet van de zonsondergang bij de 7th Heaven Bar!","breadcrumb":{"@id":"https:\/\/mybestplacestovisit.com\/fr\/europe\/grece\/corfou\/peroulades\/#breadcrumb"},"inLanguage":"nl-NL","potentialAction":[{"@type":"ReadAction","target":["https:\/\/mybestplacestovisit.com\/fr\/europe\/grece\/corfou\/peroulades\/"]}]},{"@type":"ImageObject","inLanguage":"nl-NL","@id":"https:\/\/mybestplacestovisit.com\/fr\/europe\/grece\/corfou\/peroulades\/#primaryimage","url":"https:\/\/mybestplacestovisit.com\/wp-content\/uploads\/2023\/09\/Best-Holidays-to-Corfu-Greece-Peroulades-Logas-beach.jpg","contentUrl":"https:\/\/mybestplacestovisit.com\/wp-content\/uploads\/2023\/09\/Best-Holidays-to-Corfu-Greece-Peroulades-Logas-beach.jpg","width":1024,"height":768,"caption":"Peroulades"},{"@type":"BreadcrumbList","@id":"https:\/\/mybestplacestovisit.com\/fr\/europe\/grece\/corfou\/peroulades\/#breadcrumb","itemListElement":[{"@type":"ListItem","position":1,"name":"Accueil","item":"https:\/\/mybestplacestovisit.com\/id\/"},{"@type":"ListItem","position":2,"name":"Europe Travel Guide \u2013 Best Destinations","item":"https:\/\/mybestplacestovisit.com\/europe\/"},{"@type":"ListItem","position":3,"name":"Travel to Greece: A Guide from a Lifelong Enthusiast","item":"https:\/\/mybestplacestovisit.com\/europe\/greece\/"},{"@type":"ListItem","position":4,"name":"Corfou : guide complet pour visiter l\u2019\u00eele","item":"https:\/\/mybestplacestovisit.com\/fr\/europe\/grece\/corfou\/"},{"@type":"ListItem","position":5,"name":"Peroulades"}]},{"@type":"WebSite","@id":"https:\/\/mybestplacestovisit.com\/it\/#website","url":"https:\/\/mybestplacestovisit.com\/it\/","name":"2026 Travel Blog","description":"Best places to visit","publisher":{"@id":"https:\/\/mybestplacestovisit.com\/it\/#\/schema\/person\/f71ea967bd47a7e7bd4e70c8012e32ca"},"potentialAction":[{"@type":"SearchAction","target":{"@type":"EntryPoint","urlTemplate":"https:\/\/mybestplacestovisit.com\/it\/?s={search_term_string}"},"query-input":{"@type":"PropertyValueSpecification","valueRequired":true,"valueName":"search_term_string"}}],"inLanguage":"nl-NL"},{"@type":["Person","Organization"],"@id":"https:\/\/mybestplacestovisit.com\/it\/#\/schema\/person\/f71ea967bd47a7e7bd4e70c8012e32ca","name":"Blaise","image":{"@type":"ImageObject","inLanguage":"nl-NL","@id":"https:\/\/mybestplacestovisit.com\/wp-content\/uploads\/2023\/09\/Blaise-Amok-Sunset-Nusa-Penida-Bali.jpg","url":"https:\/\/mybestplacestovisit.com\/wp-content\/uploads\/2023\/09\/Blaise-Amok-Sunset-Nusa-Penida-Bali.jpg","contentUrl":"https:\/\/mybestplacestovisit.com\/wp-content\/uploads\/2023\/09\/Blaise-Amok-Sunset-Nusa-Penida-Bali.jpg","width":1920,"height":800,"caption":"Blaise"},"logo":{"@id":"https:\/\/mybestplacestovisit.com\/wp-content\/uploads\/2023\/09\/Blaise-Amok-Sunset-Nusa-Penida-Bali.jpg"},"sameAs":["http:\/\/mybestplacestovisit.com","blaiseparis"]}]}},"uagb_featured_image_src":{"full":["https:\/\/mybestplacestovisit.com\/wp-content\/uploads\/2023\/09\/Best-Holidays-to-Corfu-Greece-Peroulades-Logas-beach.jpg",1024,768,false],"thumbnail":["https:\/\/mybestplacestovisit.com\/wp-content\/uploads\/2023\/09\/Best-Holidays-to-Corfu-Greece-Peroulades-Logas-beach-150x150.jpg",150,150,true],"medium":["https:\/\/mybestplacestovisit.com\/wp-content\/uploads\/2023\/09\/Best-Holidays-to-Corfu-Greece-Peroulades-Logas-beach-300x225.jpg",300,225,true],"medium_large":["https:\/\/mybestplacestovisit.com\/wp-content\/uploads\/2023\/09\/Best-Holidays-to-Corfu-Greece-Peroulades-Logas-beach-768x576.jpg",768,576,true],"large":["https:\/\/mybestplacestovisit.com\/wp-content\/uploads\/2023\/09\/Best-Holidays-to-Corfu-Greece-Peroulades-Logas-beach.jpg",1024,768,false],"1536x1536":["https:\/\/mybestplacestovisit.com\/wp-content\/uploads\/2023\/09\/Best-Holidays-to-Corfu-Greece-Peroulades-Logas-beach.jpg",1024,768,false],"2048x2048":["https:\/\/mybestplacestovisit.com\/wp-content\/uploads\/2023\/09\/Best-Holidays-to-Corfu-Greece-Peroulades-Logas-beach.jpg",1024,768,false]},"uagb_author_info":{"display_name":"Blaise","author_link":"https:\/\/mybestplacestovisit.com\/nl\/author\/admin4486\/"},"uagb_comment_info":0,"uagb_excerpt":"Peroulades staat bekend om zijn indrukwekkende kliffen. Geniet van Logas strand en neem een drankje bij zonsondergang aan de 7th heaven bar!","_links":{"self":[{"href":"https:\/\/mybestplacestovisit.com\/nl\/wp-json\/wp\/v2\/pages\/395","targetHints":{"allow":["GET"]}}],"collection":[{"href":"https:\/\/mybestplacestovisit.com\/nl\/wp-json\/wp\/v2\/pages"}],"about":[{"href":"https:\/\/mybestplacestovisit.com\/nl\/wp-json\/wp\/v2\/types\/page"}],"author":[{"embeddable":true,"href":"https:\/\/mybestplacestovisit.com\/nl\/wp-json\/wp\/v2\/users\/1"}],"replies":[{"embeddable":true,"href":"https:\/\/mybestplacestovisit.com\/nl\/wp-json\/wp\/v2\/comments?post=395"}],"version-history":[{"count":21,"href":"https:\/\/mybestplacestovisit.com\/nl\/wp-json\/wp\/v2\/pages\/395\/revisions"}],"predecessor-version":[{"id":7362,"href":"https:\/\/mybestplacestovisit.com\/nl\/wp-json\/wp\/v2\/pages\/395\/revisions\/7362"}],"up":[{"embeddable":true,"href":"https:\/\/mybestplacestovisit.com\/nl\/wp-json\/wp\/v2\/pages\/342"}],"wp:featuredmedia":[{"embeddable":true,"href":"https:\/\/mybestplacestovisit.com\/nl\/wp-json\/wp\/v2\/media\/30"}],"wp:attachment":[{"href":"https:\/\/mybestplacestovisit.com\/nl\/wp-json\/wp\/v2\/media?parent=395"}],"curies":[{"name":"wp","href":"https:\/\/api.w.org\/{rel}","templated":true}]}}