{"id":349,"date":"2024-11-17T10:13:31","date_gmt":"2024-11-17T09:13:31","guid":{"rendered":"https:\/\/mybestplacestovisit.com\/?page_id=349"},"modified":"2026-03-08T09:28:23","modified_gmt":"2026-03-08T08:28:23","slug":"oude-perithia","status":"publish","type":"page","link":"https:\/\/mybestplacestovisit.com\/nl\/europe\/greece\/corfu\/oude-perithia","title":{"rendered":"Oude Perithia: een reis terug in de tijd"},"content":{"rendered":"\n<div class=\"wp-block-uagb-container uagb-block-27048156 alignfull uagb-is-root-container\"><div class=\"uagb-container-inner-blocks-wrap\">\n<div class=\"wp-block-uagb-advanced-heading uagb-block-8f38790f\"><h1 class=\"uagb-heading-text\">Oude Perithia: een reis terug in de tijd<\/h1><\/div>\n<\/div><\/div>\n\n\n\n<p><\/p>\n\n\n\n<p>Oude Perithia is het oudste dorp van <a href=\"https:\/\/mybestplacestovisit.com\/nl\/europe\/griekenland\/corfu\/\">Corfu<\/a>, gelegen in een beschermd erfgoedgebied aan de voet van de berg Pantokrator. De overblijfselen dateren uit het midden van de 14e eeuw, al is het waarschijnlijk dat het dorp nog veel ouder is.<\/p>\n\n\n\n<p>Verscholen tussen de hoogste bergen van het eiland was Oude Perithia ooit een toevluchtsoord tegen piratenaanvallen. Het was destijds een van de welvarendste dorpen van Corfu, omringd door wijngaarden, eikenbossen, duizenden schapen en met een bevolking van zo\u2019n 1.200 mensen. Van de 130 huizen die er ooit stonden, zijn de meeste nog altijd te zien \u2014 met de hand gebouwd en verweerd door de tijd. Slechts een handvol is gerestaureerd. Het dorp heeft vandaag de dag iets weg van een spookstad, wat juist bijdraagt aan zijn mysterieuze charme&#8230;<\/p>\n\n\n\n<figure class=\"wp-block-image size-full\"><img loading=\"lazy\" decoding=\"async\" width=\"1024\" height=\"768\" src=\"https:\/\/mybestplacestovisit.com\/wp-content\/uploads\/2025\/05\/visit-Corfu-old-perithia-pantokrator.jpg\" alt=\"visit Corfu  old perithia pantokrator\" class=\"wp-image-4049\" srcset=\"https:\/\/mybestplacestovisit.com\/wp-content\/uploads\/2025\/05\/visit-Corfu-old-perithia-pantokrator.jpg 1024w, https:\/\/mybestplacestovisit.com\/wp-content\/uploads\/2025\/05\/visit-Corfu-old-perithia-pantokrator-300x225.jpg 300w, https:\/\/mybestplacestovisit.com\/wp-content\/uploads\/2025\/05\/visit-Corfu-old-perithia-pantokrator-768x576.jpg 768w\" sizes=\"auto, (max-width: 1024px) 100vw, 1024px\" \/><\/figure>\n\n\n\n<h2 class=\"wp-block-heading\" id=\"h-wat-te-doen-in-old-perithia\">Wat te doen in Old Perithia<\/h2>\n\n\n\n<p>Maak een reis naar Old Perithia om te genieten van een mooie dag, stap terug in de tijd, en wandel in de bergen. Of gewoon een hapje eten in een van de 4 tavernes.<\/p>\n\n\n\n<h3 class=\"wp-block-heading\">Vind de 8 kerken van het dorp<\/h3>\n\n\n\n<p>Voor degenen die een doel nodig hebben om elke activiteit te starten, kun je een foto maken van elke kerk van Oud Perithia. U vindt een plattegrond bij de ingang om u te helpen. Marc, de vorige eigenaar van de bed and breakfast &#8220;The Merchant&#8217;s House,&#8221; bewerkte deze kaart en een geweldige gids naar het dorp.<\/p>\n\n\n\n<p>Anderen zullen gewoon genieten van het wandelen rond het dorp en willekeurig ontdekken sommige van de 130 huizen. Je passeert waarschijnlijk onder een Venetiaanse poort. Bezoek dan de dorpsschool, die in het midden van de vorige eeuw werd gesloten.<\/p>\n\n\n\n<figure class=\"wp-block-image size-full\"><img loading=\"lazy\" decoding=\"async\" width=\"1024\" height=\"768\" src=\"https:\/\/mybestplacestovisit.com\/wp-content\/uploads\/2025\/05\/Best-Holidays-to-Corfu-Greece-Old-Perithia-Village.jpg\" alt=\"Best Holidays to Corfu Greece Old Perithia Village\" class=\"wp-image-4050\" srcset=\"https:\/\/mybestplacestovisit.com\/wp-content\/uploads\/2025\/05\/Best-Holidays-to-Corfu-Greece-Old-Perithia-Village.jpg 1024w, https:\/\/mybestplacestovisit.com\/wp-content\/uploads\/2025\/05\/Best-Holidays-to-Corfu-Greece-Old-Perithia-Village-300x225.jpg 300w, https:\/\/mybestplacestovisit.com\/wp-content\/uploads\/2025\/05\/Best-Holidays-to-Corfu-Greece-Old-Perithia-Village-768x576.jpg 768w\" sizes=\"auto, (max-width: 1024px) 100vw, 1024px\" \/><\/figure>\n\n\n\n<h3 class=\"wp-block-heading\">Stel uw kampbasis in om naar Pantokrator te wandelen<\/h3>\n\n\n\n<p>Het pad naar de berg Pantokrator vertrekt rechts van de hoofdkerk van het oude Perithia, die vanaf de weg te zien is. Net buiten het dorp, na het passeren van een betonnen kubus die dient als een reservoir, een klein, nauwelijks getraceerd pad leidt naar links. Twee oranje en gele markeringen zijn niet erg zichtbaar, dus je moet bijzonder voorzichtig zijn. Behalve om verder te gaan op het hoofdpad wat ook een mooie wandeling is!<\/p>\n\n\n\n<figure class=\"wp-block-image size-full\"><img loading=\"lazy\" decoding=\"async\" width=\"1024\" height=\"768\" src=\"https:\/\/mybestplacestovisit.com\/wp-content\/uploads\/2025\/05\/visit-Corfu-pantokrator.jpg\" alt=\"visit Corfu pantokrator\" class=\"wp-image-4051\" srcset=\"https:\/\/mybestplacestovisit.com\/wp-content\/uploads\/2025\/05\/visit-Corfu-pantokrator.jpg 1024w, https:\/\/mybestplacestovisit.com\/wp-content\/uploads\/2025\/05\/visit-Corfu-pantokrator-300x225.jpg 300w, https:\/\/mybestplacestovisit.com\/wp-content\/uploads\/2025\/05\/visit-Corfu-pantokrator-768x576.jpg 768w\" sizes=\"auto, (max-width: 1024px) 100vw, 1024px\" \/><\/figure>\n\n\n\n<p>Na een half uur komen we bij een kleine kiosk en een andere onverharde weg. Het uitzicht op Oude Perithia en de zee aan de ene kant, en het andere deel van de kust aan de andere kant, is geweldig. Rechtsaf op deze onverharde weg komen we na nog een half uur op een asfaltweg uit, die ons na ongeveer twintig minuten naar de top van de Pantokrator brengt. U kunt daar het klooster bezoeken. En verfrissen jezelf en neem een hapje te eten voordat je terug gaat naar Old Perithia. Prachtige landschappen en een ongelooflijk uitzicht tijdens de wandeling zal uw beste beloning zijn!<\/p>\n\n\n\n<figure class=\"wp-block-image size-full\"><img loading=\"lazy\" decoding=\"async\" width=\"1024\" height=\"768\" src=\"https:\/\/mybestplacestovisit.com\/wp-content\/uploads\/2025\/05\/Best-Holidays-to-Corfu-Greece-Mount-Pantokrator-Monastry.jpg\" alt=\"Best Holidays to Corfu Greece Mount Pantokrator Monastry\" class=\"wp-image-4052\" srcset=\"https:\/\/mybestplacestovisit.com\/wp-content\/uploads\/2025\/05\/Best-Holidays-to-Corfu-Greece-Mount-Pantokrator-Monastry.jpg 1024w, https:\/\/mybestplacestovisit.com\/wp-content\/uploads\/2025\/05\/Best-Holidays-to-Corfu-Greece-Mount-Pantokrator-Monastry-300x225.jpg 300w, https:\/\/mybestplacestovisit.com\/wp-content\/uploads\/2025\/05\/Best-Holidays-to-Corfu-Greece-Mount-Pantokrator-Monastry-768x576.jpg 768w\" sizes=\"auto, (max-width: 1024px) 100vw, 1024px\" \/><figcaption class=\"wp-element-caption\">Pantokrator Klooster<\/figcaption><\/figure>\n\n\n\n<h3 class=\"wp-block-heading\">Lunch of diner in een van de 4 taverna&#8217;s<\/h3>\n\n\n\n<p>Ognistra is mijn favoriete taverna in Old Perithia. Het is de eerste taverna die u zult zien na het parkeren van uw auto. Vraag Nikos om een konijnenstoofpot voor je klaar te maken. Of in het Grieks, Kouneli Stifado. Ik ga ook graag naar de oude Perithia taverna, in de straat in het dorp. Er is een fantastisch uitzicht op Mount Pantokrator. En je kunt hier ook kouneli stifado eten!<\/p>\n\n\n\n<h2 class=\"wp-block-heading\">Ga naar oude Perithia<\/h2>\n\n\n\n<p>Het oude Perithia ligt op slechts 25 minuten van Kassiopi en van Acharavi. En slechts 10 minuten van <a href=\"https:\/\/corfu.blog\/stay-in-corfu-villa-voukithro\/\">Villa Voukithro<\/a> Als je daar blijft. Volg de richting van Loutses en ga dan rechtdoor. Er is maar \u00e9\u00e9n weg!<\/p>\n\n\n\n<figure class=\"wp-block-image size-full\"><img loading=\"lazy\" decoding=\"async\" width=\"1024\" height=\"714\" src=\"https:\/\/mybestplacestovisit.com\/wp-content\/uploads\/2025\/05\/best-holidays-to-corfu-greece-old-perithia-map.jpg\" alt=\"best holidays to corfu greece old perithia map\" class=\"wp-image-4053\" srcset=\"https:\/\/mybestplacestovisit.com\/wp-content\/uploads\/2025\/05\/best-holidays-to-corfu-greece-old-perithia-map.jpg 1024w, https:\/\/mybestplacestovisit.com\/wp-content\/uploads\/2025\/05\/best-holidays-to-corfu-greece-old-perithia-map-300x209.jpg 300w, https:\/\/mybestplacestovisit.com\/wp-content\/uploads\/2025\/05\/best-holidays-to-corfu-greece-old-perithia-map-768x536.jpg 768w\" sizes=\"auto, (max-width: 1024px) 100vw, 1024px\" \/><figcaption class=\"wp-element-caption\">Oude kaart van Perithia<\/figcaption><\/figure>\n","protected":false},"excerpt":{"rendered":"<p>Oude Perithia, het oudste dorp van Corfu, is gelegen in een beschermd erfgoed gebied, net onder de berg Pantokrator. Een must om te bezoeken!<\/p>\n","protected":false},"author":1,"featured_media":31,"parent":342,"menu_order":0,"comment_status":"open","ping_status":"closed","template":"","meta":{"_uag_custom_page_level_css":"","site-sidebar-layout":"default","site-content-layout":"","ast-site-content-layout":"default","site-content-style":"default","site-sidebar-style":"default","ast-global-header-display":"","ast-banner-title-visibility":"","ast-main-header-display":"","ast-hfb-above-header-display":"","ast-hfb-below-header-display":"","ast-hfb-mobile-header-display":"","site-post-title":"disabled","ast-breadcrumbs-content":"","ast-featured-img":"disabled","footer-sml-layout":"","ast-disable-related-posts":"","theme-transparent-header-meta":"","adv-header-id-meta":"","stick-header-meta":"","header-above-stick-meta":"","header-main-stick-meta":"","header-below-stick-meta":"","astra-migrate-meta-layouts":"set","ast-page-background-enabled":"default","ast-page-background-meta":{"desktop":{"background-color":"","background-image":"","background-repeat":"repeat","background-position":"center center","background-size":"auto","background-attachment":"scroll","background-type":"","background-media":"","overlay-type":"","overlay-color":"","overlay-opacity":"","overlay-gradient":""},"tablet":{"background-color":"","background-image":"","background-repeat":"repeat","background-position":"center center","background-size":"auto","background-attachment":"scroll","background-type":"","background-media":"","overlay-type":"","overlay-color":"","overlay-opacity":"","overlay-gradient":""},"mobile":{"background-color":"","background-image":"","background-repeat":"repeat","background-position":"center center","background-size":"auto","background-attachment":"scroll","background-type":"","background-media":"","overlay-type":"","overlay-color":"","overlay-opacity":"","overlay-gradient":""}},"ast-content-background-meta":{"desktop":{"background-color":"var(--ast-global-color-5)","background-image":"","background-repeat":"repeat","background-position":"center center","background-size":"auto","background-attachment":"scroll","background-type":"","background-media":"","overlay-type":"","overlay-color":"","overlay-opacity":"","overlay-gradient":""},"tablet":{"background-color":"var(--ast-global-color-5)","background-image":"","background-repeat":"repeat","background-position":"center center","background-size":"auto","background-attachment":"scroll","background-type":"","background-media":"","overlay-type":"","overlay-color":"","overlay-opacity":"","overlay-gradient":""},"mobile":{"background-color":"var(--ast-global-color-5)","background-image":"","background-repeat":"repeat","background-position":"center center","background-size":"auto","background-attachment":"scroll","background-type":"","background-media":"","overlay-type":"","overlay-color":"","overlay-opacity":"","overlay-gradient":""}},"footnotes":""},"class_list":["post-349","page","type-page","status-publish","has-post-thumbnail","hentry"],"yoast_head":"<!-- This site is optimized with the Yoast SEO Premium plugin v27.2 (Yoast SEO v27.3) - https:\/\/yoast.com\/product\/yoast-seo-premium-wordpress\/ -->\n<title>Oude Perithia: een reis terug in de tijd<\/title>\n<meta name=\"description\" content=\"Oude Perithia, het oudste dorp van Corfu, ligt in een beschermd erfgoedgebied aan de voet van de Pantokrator. Een must-see!\" \/>\n<meta name=\"robots\" content=\"index, follow, max-snippet:-1, max-image-preview:large, max-video-preview:-1\" \/>\n<link rel=\"canonical\" href=\"https:\/\/mybestplacestovisit.com\/nl\/europe\/grece\/corfou\/oude-perithia\" \/>\n<meta property=\"og:locale\" content=\"nl_NL\" \/>\n<meta property=\"og:locale:alternate\" content=\"en_US\" \/>\n<meta property=\"og:locale:alternate\" content=\"de_DE\" \/>\n<meta property=\"og:locale:alternate\" content=\"es_ES\" \/>\n<meta property=\"og:locale:alternate\" content=\"fr_FR\" \/>\n<meta property=\"og:locale:alternate\" content=\"it_IT\" \/>\n<meta property=\"og:locale:alternate\" content=\"pt_br\" \/>\n<meta property=\"og:locale:alternate\" content=\"id_id\" \/>\n<meta property=\"og:locale:alternate\" content=\"zh_CN\" \/>\n<meta property=\"og:locale:alternate\" content=\"ja_JP\" \/>\n<meta property=\"og:type\" content=\"article\" \/>\n<meta property=\"og:title\" content=\"Oude Perithia: een reis terug in de tijd\" \/>\n<meta property=\"og:description\" content=\"Oude Perithia, het oudste dorp van Corfu, ligt in een beschermd erfgoedgebied aan de voet van de Pantokrator. Een must-see!\" \/>\n<meta property=\"og:url\" content=\"https:\/\/mybestplacestovisit.com\/nl\/europe\/griekenland\/corfu\/oude-perithia\/\" \/>\n<meta property=\"og:site_name\" content=\"2026 Travel Blog\" \/>\n<meta property=\"article:modified_time\" content=\"2026-03-08T08:28:23+00:00\" \/>\n<meta property=\"og:image\" content=\"https:\/\/mybestplacestovisit.com\/wp-content\/uploads\/2023\/09\/best-holidays-to-corfu-greece-old-perithia.jpg\" \/>\n\t<meta property=\"og:image:width\" content=\"1024\" \/>\n\t<meta property=\"og:image:height\" content=\"768\" \/>\n\t<meta property=\"og:image:type\" content=\"image\/jpeg\" \/>\n<meta name=\"twitter:card\" content=\"summary_large_image\" \/>\n<meta name=\"twitter:label1\" content=\"Geschatte leestijd\" \/>\n\t<meta name=\"twitter:data1\" content=\"4 minuten\" \/>\n<script type=\"application\/ld+json\" class=\"yoast-schema-graph\">{\"@context\":\"https:\\\/\\\/schema.org\",\"@graph\":[{\"@type\":\"WebPage\",\"@id\":\"https:\\\/\\\/mybestplacestovisit.com\\\/fr\\\/europe\\\/grece\\\/corfou\\\/old-perithia\\\/\",\"url\":\"https:\\\/\\\/mybestplacestovisit.com\\\/fr\\\/europe\\\/grece\\\/corfou\\\/old-perithia\\\/\",\"name\":\"Oude Perithia: een reis terug in de tijd\",\"isPartOf\":{\"@id\":\"https:\\\/\\\/mybestplacestovisit.com\\\/it\\\/#website\"},\"primaryImageOfPage\":{\"@id\":\"https:\\\/\\\/mybestplacestovisit.com\\\/fr\\\/europe\\\/grece\\\/corfou\\\/old-perithia\\\/#primaryimage\"},\"image\":{\"@id\":\"https:\\\/\\\/mybestplacestovisit.com\\\/fr\\\/europe\\\/grece\\\/corfou\\\/old-perithia\\\/#primaryimage\"},\"thumbnailUrl\":\"https:\\\/\\\/mybestplacestovisit.com\\\/wp-content\\\/uploads\\\/2023\\\/09\\\/best-holidays-to-corfu-greece-old-perithia.jpg\",\"datePublished\":\"2024-11-17T09:13:31+00:00\",\"dateModified\":\"2026-03-08T08:28:23+00:00\",\"description\":\"Oude Perithia, het oudste dorp van Corfu, ligt in een beschermd erfgoedgebied aan de voet van de Pantokrator. Een must-see!\",\"breadcrumb\":{\"@id\":\"https:\\\/\\\/mybestplacestovisit.com\\\/fr\\\/europe\\\/grece\\\/corfou\\\/old-perithia\\\/#breadcrumb\"},\"inLanguage\":\"nl-NL\",\"potentialAction\":[{\"@type\":\"ReadAction\",\"target\":[\"https:\\\/\\\/mybestplacestovisit.com\\\/fr\\\/europe\\\/grece\\\/corfou\\\/old-perithia\\\/\"]}]},{\"@type\":\"ImageObject\",\"inLanguage\":\"nl-NL\",\"@id\":\"https:\\\/\\\/mybestplacestovisit.com\\\/fr\\\/europe\\\/grece\\\/corfou\\\/old-perithia\\\/#primaryimage\",\"url\":\"https:\\\/\\\/mybestplacestovisit.com\\\/wp-content\\\/uploads\\\/2023\\\/09\\\/best-holidays-to-corfu-greece-old-perithia.jpg\",\"contentUrl\":\"https:\\\/\\\/mybestplacestovisit.com\\\/wp-content\\\/uploads\\\/2023\\\/09\\\/best-holidays-to-corfu-greece-old-perithia.jpg\",\"width\":1024,\"height\":768,\"caption\":\"Old perithia\"},{\"@type\":\"BreadcrumbList\",\"@id\":\"https:\\\/\\\/mybestplacestovisit.com\\\/fr\\\/europe\\\/grece\\\/corfou\\\/old-perithia\\\/#breadcrumb\",\"itemListElement\":[{\"@type\":\"ListItem\",\"position\":1,\"name\":\"Accueil\",\"item\":\"https:\\\/\\\/mybestplacestovisit.com\\\/id\\\/\"},{\"@type\":\"ListItem\",\"position\":2,\"name\":\"Europe Travel Guide \u2013 Best Destinations\",\"item\":\"https:\\\/\\\/mybestplacestovisit.com\\\/europe\\\/\"},{\"@type\":\"ListItem\",\"position\":3,\"name\":\"Travel to Greece: A Guide from a Lifelong Enthusiast\",\"item\":\"https:\\\/\\\/mybestplacestovisit.com\\\/europe\\\/greece\\\/\"},{\"@type\":\"ListItem\",\"position\":4,\"name\":\"Corfou : guide complet pour visiter l\u2019\u00eele\",\"item\":\"https:\\\/\\\/mybestplacestovisit.com\\\/fr\\\/europe\\\/grece\\\/corfou\\\/\"},{\"@type\":\"ListItem\",\"position\":5,\"name\":\"Oude Perithia: een reis terug in de tijd\"}]},{\"@type\":\"WebSite\",\"@id\":\"https:\\\/\\\/mybestplacestovisit.com\\\/it\\\/#website\",\"url\":\"https:\\\/\\\/mybestplacestovisit.com\\\/it\\\/\",\"name\":\"2026 Travel Blog\",\"description\":\"Best places to visit\",\"publisher\":{\"@id\":\"https:\\\/\\\/mybestplacestovisit.com\\\/it\\\/#\\\/schema\\\/person\\\/f71ea967bd47a7e7bd4e70c8012e32ca\"},\"potentialAction\":[{\"@type\":\"SearchAction\",\"target\":{\"@type\":\"EntryPoint\",\"urlTemplate\":\"https:\\\/\\\/mybestplacestovisit.com\\\/it\\\/?s={search_term_string}\"},\"query-input\":{\"@type\":\"PropertyValueSpecification\",\"valueRequired\":true,\"valueName\":\"search_term_string\"}}],\"inLanguage\":\"nl-NL\"},{\"@type\":[\"Person\",\"Organization\"],\"@id\":\"https:\\\/\\\/mybestplacestovisit.com\\\/it\\\/#\\\/schema\\\/person\\\/f71ea967bd47a7e7bd4e70c8012e32ca\",\"name\":\"Blaise\",\"image\":{\"@type\":\"ImageObject\",\"inLanguage\":\"nl-NL\",\"@id\":\"https:\\\/\\\/mybestplacestovisit.com\\\/wp-content\\\/uploads\\\/2023\\\/09\\\/Blaise-Amok-Sunset-Nusa-Penida-Bali.jpg\",\"url\":\"https:\\\/\\\/mybestplacestovisit.com\\\/wp-content\\\/uploads\\\/2023\\\/09\\\/Blaise-Amok-Sunset-Nusa-Penida-Bali.jpg\",\"contentUrl\":\"https:\\\/\\\/mybestplacestovisit.com\\\/wp-content\\\/uploads\\\/2023\\\/09\\\/Blaise-Amok-Sunset-Nusa-Penida-Bali.jpg\",\"width\":1920,\"height\":800,\"caption\":\"Blaise\"},\"logo\":{\"@id\":\"https:\\\/\\\/mybestplacestovisit.com\\\/wp-content\\\/uploads\\\/2023\\\/09\\\/Blaise-Amok-Sunset-Nusa-Penida-Bali.jpg\"},\"sameAs\":[\"http:\\\/\\\/mybestplacestovisit.com\",\"blaiseparis\"]}]}<\/script>\n<!-- \/ Yoast SEO Premium plugin. -->","yoast_head_json":{"title":"Oude Perithia: een reis terug in de tijd","description":"Oude Perithia, het oudste dorp van Corfu, ligt in een beschermd erfgoedgebied aan de voet van de Pantokrator. Een must-see!","robots":{"index":"index","follow":"follow","max-snippet":"max-snippet:-1","max-image-preview":"max-image-preview:large","max-video-preview":"max-video-preview:-1"},"canonical":"https:\/\/mybestplacestovisit.com\/nl\/europe\/grece\/corfou\/oude-perithia","og_locale":"nl_NL","og_type":"article","og_title":"[:en]Old Perithia: A Journey Back in Time[:de]Alte Perithia: Eine Reise zur\u00fcck in die Zeit[:es]Old Perithia: Un viaje de regreso al tiempo[:fr]Old Perithia : un voyage dans le temps[:it]Vecchia Perithia: un viaggio indietro nel tempo[:nl]Oude Perithia: een reis terug in de tijd[:pt]Old Perithia: Uma viagem de volta no tempo[:id]Tua Perithia: Perjalanan Kembali dalam Waktu[:zh]\u8001\u4f69\u91cc\u5e0c\u4e9a:\u65f6\u5149\u4e4b\u65c5[:ja]\u65e7\u30da\u30ea\u30b7\u30a2:\u6642\u9593\u306b\u623b\u3063\u3066\u65c5[:]","og_description":"[:en]Old Perithia, the oldest village in Corfu, is located in a protected heritage area, just below Mount Pantokrator. A must to visit ![:de]Alte Perithia, das \u00e4lteste Dorf Korfus, liegt in einem gesch\u00fctzten Kulturgebiet, direkt unter dem Berg Pantokrator. Ein Muss![:es]Old Perithia, el pueblo m\u00e1s antiguo de Corf\u00fa, se encuentra en una zona patrimonial protegida, justo al pie del monte Pantokrator.[:fr]D\u00e9couvrez Old Perithia, le plus ancien village de Corfou, nich\u00e9 sous le mont Pantokrator dans une zone patrimoniale prot\u00e9g\u00e9e.[:it]Vecchia Perithia, il villaggio pi\u00f9 antico di Corf\u00f9, si trova in un\u2019area protetta di grande valore storico, ai piedi del Monte Pantokrator.[:nl]Oude Perithia, het oudste dorp van Corfu, ligt in een beschermd erfgoedgebied aan de voet van de Pantokrator. Een must-see![:pt]Old Perithia, o vilarejo mais antigo de Corfu, fica em uma \u00e1rea de patrim\u00f4nio protegido, aos p\u00e9s do Monte Pantokrator. Visita imperd\u00edvel![:]","og_url":"https:\/\/mybestplacestovisit.com\/nl\/europe\/griekenland\/corfu\/oude-perithia\/","og_site_name":"2026 Travel Blog","article_modified_time":"2026-03-08T08:28:23+00:00","og_image":[{"width":1024,"height":768,"url":"https:\/\/mybestplacestovisit.com\/wp-content\/uploads\/2023\/09\/best-holidays-to-corfu-greece-old-perithia.jpg","type":"image\/jpeg"}],"twitter_card":"summary_large_image","twitter_misc":{"Geschatte leestijd":"4 minuten"},"schema":{"@context":"https:\/\/schema.org","@graph":[{"@type":"WebPage","@id":"https:\/\/mybestplacestovisit.com\/fr\/europe\/grece\/corfou\/old-perithia\/","url":"https:\/\/mybestplacestovisit.com\/fr\/europe\/grece\/corfou\/old-perithia\/","name":"Oude Perithia: een reis terug in de tijd","isPartOf":{"@id":"https:\/\/mybestplacestovisit.com\/it\/#website"},"primaryImageOfPage":{"@id":"https:\/\/mybestplacestovisit.com\/fr\/europe\/grece\/corfou\/old-perithia\/#primaryimage"},"image":{"@id":"https:\/\/mybestplacestovisit.com\/fr\/europe\/grece\/corfou\/old-perithia\/#primaryimage"},"thumbnailUrl":"https:\/\/mybestplacestovisit.com\/wp-content\/uploads\/2023\/09\/best-holidays-to-corfu-greece-old-perithia.jpg","datePublished":"2024-11-17T09:13:31+00:00","dateModified":"2026-03-08T08:28:23+00:00","description":"Oude Perithia, het oudste dorp van Corfu, ligt in een beschermd erfgoedgebied aan de voet van de Pantokrator. Een must-see!","breadcrumb":{"@id":"https:\/\/mybestplacestovisit.com\/fr\/europe\/grece\/corfou\/old-perithia\/#breadcrumb"},"inLanguage":"nl-NL","potentialAction":[{"@type":"ReadAction","target":["https:\/\/mybestplacestovisit.com\/fr\/europe\/grece\/corfou\/old-perithia\/"]}]},{"@type":"ImageObject","inLanguage":"nl-NL","@id":"https:\/\/mybestplacestovisit.com\/fr\/europe\/grece\/corfou\/old-perithia\/#primaryimage","url":"https:\/\/mybestplacestovisit.com\/wp-content\/uploads\/2023\/09\/best-holidays-to-corfu-greece-old-perithia.jpg","contentUrl":"https:\/\/mybestplacestovisit.com\/wp-content\/uploads\/2023\/09\/best-holidays-to-corfu-greece-old-perithia.jpg","width":1024,"height":768,"caption":"Old perithia"},{"@type":"BreadcrumbList","@id":"https:\/\/mybestplacestovisit.com\/fr\/europe\/grece\/corfou\/old-perithia\/#breadcrumb","itemListElement":[{"@type":"ListItem","position":1,"name":"Accueil","item":"https:\/\/mybestplacestovisit.com\/id\/"},{"@type":"ListItem","position":2,"name":"Europe Travel Guide \u2013 Best Destinations","item":"https:\/\/mybestplacestovisit.com\/europe\/"},{"@type":"ListItem","position":3,"name":"Travel to Greece: A Guide from a Lifelong Enthusiast","item":"https:\/\/mybestplacestovisit.com\/europe\/greece\/"},{"@type":"ListItem","position":4,"name":"Corfou : guide complet pour visiter l\u2019\u00eele","item":"https:\/\/mybestplacestovisit.com\/fr\/europe\/grece\/corfou\/"},{"@type":"ListItem","position":5,"name":"Oude Perithia: een reis terug in de tijd"}]},{"@type":"WebSite","@id":"https:\/\/mybestplacestovisit.com\/it\/#website","url":"https:\/\/mybestplacestovisit.com\/it\/","name":"2026 Travel Blog","description":"Best places to visit","publisher":{"@id":"https:\/\/mybestplacestovisit.com\/it\/#\/schema\/person\/f71ea967bd47a7e7bd4e70c8012e32ca"},"potentialAction":[{"@type":"SearchAction","target":{"@type":"EntryPoint","urlTemplate":"https:\/\/mybestplacestovisit.com\/it\/?s={search_term_string}"},"query-input":{"@type":"PropertyValueSpecification","valueRequired":true,"valueName":"search_term_string"}}],"inLanguage":"nl-NL"},{"@type":["Person","Organization"],"@id":"https:\/\/mybestplacestovisit.com\/it\/#\/schema\/person\/f71ea967bd47a7e7bd4e70c8012e32ca","name":"Blaise","image":{"@type":"ImageObject","inLanguage":"nl-NL","@id":"https:\/\/mybestplacestovisit.com\/wp-content\/uploads\/2023\/09\/Blaise-Amok-Sunset-Nusa-Penida-Bali.jpg","url":"https:\/\/mybestplacestovisit.com\/wp-content\/uploads\/2023\/09\/Blaise-Amok-Sunset-Nusa-Penida-Bali.jpg","contentUrl":"https:\/\/mybestplacestovisit.com\/wp-content\/uploads\/2023\/09\/Blaise-Amok-Sunset-Nusa-Penida-Bali.jpg","width":1920,"height":800,"caption":"Blaise"},"logo":{"@id":"https:\/\/mybestplacestovisit.com\/wp-content\/uploads\/2023\/09\/Blaise-Amok-Sunset-Nusa-Penida-Bali.jpg"},"sameAs":["http:\/\/mybestplacestovisit.com","blaiseparis"]}]}},"uagb_featured_image_src":{"full":["https:\/\/mybestplacestovisit.com\/wp-content\/uploads\/2023\/09\/best-holidays-to-corfu-greece-old-perithia.jpg",1024,768,false],"thumbnail":["https:\/\/mybestplacestovisit.com\/wp-content\/uploads\/2023\/09\/best-holidays-to-corfu-greece-old-perithia-150x150.jpg",150,150,true],"medium":["https:\/\/mybestplacestovisit.com\/wp-content\/uploads\/2023\/09\/best-holidays-to-corfu-greece-old-perithia-300x225.jpg",300,225,true],"medium_large":["https:\/\/mybestplacestovisit.com\/wp-content\/uploads\/2023\/09\/best-holidays-to-corfu-greece-old-perithia-768x576.jpg",768,576,true],"large":["https:\/\/mybestplacestovisit.com\/wp-content\/uploads\/2023\/09\/best-holidays-to-corfu-greece-old-perithia.jpg",1024,768,false],"1536x1536":["https:\/\/mybestplacestovisit.com\/wp-content\/uploads\/2023\/09\/best-holidays-to-corfu-greece-old-perithia.jpg",1024,768,false],"2048x2048":["https:\/\/mybestplacestovisit.com\/wp-content\/uploads\/2023\/09\/best-holidays-to-corfu-greece-old-perithia.jpg",1024,768,false]},"uagb_author_info":{"display_name":"Blaise","author_link":"https:\/\/mybestplacestovisit.com\/nl\/author\/admin4486\/"},"uagb_comment_info":0,"uagb_excerpt":"Oude Perithia, het oudste dorp van Corfu, is gelegen in een beschermd erfgoed gebied, net onder de berg Pantokrator. Een must om te bezoeken!","_links":{"self":[{"href":"https:\/\/mybestplacestovisit.com\/nl\/wp-json\/wp\/v2\/pages\/349","targetHints":{"allow":["GET"]}}],"collection":[{"href":"https:\/\/mybestplacestovisit.com\/nl\/wp-json\/wp\/v2\/pages"}],"about":[{"href":"https:\/\/mybestplacestovisit.com\/nl\/wp-json\/wp\/v2\/types\/page"}],"author":[{"embeddable":true,"href":"https:\/\/mybestplacestovisit.com\/nl\/wp-json\/wp\/v2\/users\/1"}],"replies":[{"embeddable":true,"href":"https:\/\/mybestplacestovisit.com\/nl\/wp-json\/wp\/v2\/comments?post=349"}],"version-history":[{"count":25,"href":"https:\/\/mybestplacestovisit.com\/nl\/wp-json\/wp\/v2\/pages\/349\/revisions"}],"predecessor-version":[{"id":7360,"href":"https:\/\/mybestplacestovisit.com\/nl\/wp-json\/wp\/v2\/pages\/349\/revisions\/7360"}],"up":[{"embeddable":true,"href":"https:\/\/mybestplacestovisit.com\/nl\/wp-json\/wp\/v2\/pages\/342"}],"wp:featuredmedia":[{"embeddable":true,"href":"https:\/\/mybestplacestovisit.com\/nl\/wp-json\/wp\/v2\/media\/31"}],"wp:attachment":[{"href":"https:\/\/mybestplacestovisit.com\/nl\/wp-json\/wp\/v2\/media?parent=349"}],"curies":[{"name":"wp","href":"https:\/\/api.w.org\/{rel}","templated":true}]}}