{"id":324,"date":"2024-11-17T09:26:06","date_gmt":"2024-11-17T08:26:06","guid":{"rendered":"https:\/\/mybestplacestovisit.com\/?page_id=324"},"modified":"2026-03-08T10:10:17","modified_gmt":"2026-03-08T09:10:17","slug":"koh-samui","status":"publish","type":"page","link":"https:\/\/mybestplacestovisit.com\/nl\/azie\/thailand\/koh-samui","title":{"rendered":"Koh Samui: Waar rust avontuur ontmoet"},"content":{"rendered":"\n<div class=\"wp-block-uagb-container uagb-block-8fb90686 alignfull uagb-is-root-container\"><div class=\"uagb-container-inner-blocks-wrap\">\n<div class=\"wp-block-uagb-advanced-heading uagb-block-a7912769\"><h2 class=\"uagb-heading-text\">Koh Samui: Waar rust avontuur ontmoet<\/h2><\/div>\n<\/div><\/div>\n\n\n\n<p><\/p>\n\n\n\n<p>Begeef je op een fascinerende reis naar Koh Samui, het eilandparadijs van <a href=\"https:\/\/mybestplacestovisit.com\/nl\/azie\/thailand\/\">Thailand<\/a>.<br>Dit uitgebreide artikel onthult het beste van Koh Samui: van de serene kusten van Choeng Mon Beach tot de levendige sfeer van Fisherman&#8217;s Village en de ongerepte schoonheid van de eilanden Ko Rap en Ko Mat Sum. Ontdek verborgen pareltjes, beleef het bruisende nachtleven van Ko Pha-Ngan en dompel je onder in de lokale levensstijl.<\/p>\n\n\n\n<p>Of je nu een avonturier bent op zoek naar spannende ervaringen, of een reiziger die verlangt naar ontspanning te midden van adembenemende landschappen\u2014deze gids onthult de geheimen van Koh Samui en biedt inzicht in de meest betoverende plekken en must-see bestemmingen.<\/p>\n\n\n\n<p>Ga met ons mee en verken het hart van dit paradijs, waar elke hoek een nieuwe ontdekking biedt\u2014slechts 90 minuten verwijderd van <a href=\"https:\/\/mybestplacestovisit.com\/nl\/azie\/thailand\/bangkok\/\">Bangkok<\/a>.<\/p>\n\n\n\n<p>Ik bracht een totaal van nachten en 3 dagen in Koh Samui en dit waren de hoogtepunten van mijn verblijf.<\/p>\n\n\n\n<h2 class=\"wp-block-heading\" id=\"h-fisherman-s-village\"><strong>Fisherman&#8217;s Village<\/strong><\/h2>\n\n\n\n<p>Fisherman&#8217;s Village is meer dan een naam, het is een venster in Koh Samui&#8217;s ziel. Dit schilderachtige en charmante gebied is bekleed met oude houten huizen, trendy winkels, en eetgelegenheden die een blik op de rijke geschiedenis en cultuur van het eiland bieden. Op vrijdag verandert het dorp in een bruisende nachtmarkt. Hier kunnen bezoekers alles vinden van heerlijk straatvoedsel tot handgemaakte souvenirs. Bovendien biedt de setting aan het strand een mooie achtergrond, vooral tijdens zonsondergang, waardoor het een perfecte plek is voor avondwandelingen.<\/p>\n\n\n\n<figure class=\"wp-block-image\"><img loading=\"lazy\" decoding=\"async\" width=\"1024\" height=\"768\" src=\"https:\/\/mybestplacestovisit.com\/wp-content\/uploads\/2024\/02\/Koh-Samui-choengmon-Beach-Thailand.jpg\" alt=\"Koh Samui choengmon Beach Thailand\" class=\"wp-image-274\" srcset=\"https:\/\/mybestplacestovisit.com\/wp-content\/uploads\/2024\/02\/Koh-Samui-choengmon-Beach-Thailand.jpg 1024w, https:\/\/mybestplacestovisit.com\/wp-content\/uploads\/2024\/02\/Koh-Samui-choengmon-Beach-Thailand-300x225.jpg 300w, https:\/\/mybestplacestovisit.com\/wp-content\/uploads\/2024\/02\/Koh-Samui-choengmon-Beach-Thailand-768x576.jpg 768w, https:\/\/mybestplacestovisit.com\/wp-content\/uploads\/2024\/02\/Koh-Samui-choengmon-Beach-Thailand-800x600.jpg 800w\" sizes=\"auto, (max-width: 1024px) 100vw, 1024px\" \/><\/figure>\n\n\n\n<h2 class=\"wp-block-heading\" id=\"h-choengmon-beach\"><strong>Choengmon Beach<\/strong><\/h2>\n\n\n\n<p>Choengmon Beach ligt in een rustige hoek van Koh Samui en is een oase van rust ver weg van drukkere plekken op het eiland. Dit pittoreske strand beschikt over zacht, wit zand en kristalhelder water, waardoor het een ideale locatie is voor zwemmen en zonnebaden. Omringd door weelderige groen en bezaaid met luxe resorts, Cho\u00ebngmon biedt een meer afgelegen en luxe ervaring. Het strand is familievriendelijk, met een ontspannen sfeer die bezoekers op zoek naar rust aanspreekt. Kleine restaurants en bars liggen aan de oever, met heerlijke lokale gerechten en verfrissende drankjes. Ik raad u aan om een drankje of lunch te nemen bij Pi Samui Beach Club, een zeer leuke plek om te chillen.<\/p>\n\n\n\n<figure class=\"wp-block-image alignnone size-full wp-image-276\"><img loading=\"lazy\" decoding=\"async\" width=\"1024\" height=\"1365\" src=\"https:\/\/mybestplacestovisit.com\/wp-content\/uploads\/2024\/02\/Koh-Samui-Ko-Rap-Thailand.jpg\" alt=\"Koh Samui Ko Rap Thailand\" class=\"wp-image-276\" srcset=\"https:\/\/mybestplacestovisit.com\/wp-content\/uploads\/2024\/02\/Koh-Samui-Ko-Rap-Thailand.jpg 1024w, https:\/\/mybestplacestovisit.com\/wp-content\/uploads\/2024\/02\/Koh-Samui-Ko-Rap-Thailand-225x300.jpg 225w, https:\/\/mybestplacestovisit.com\/wp-content\/uploads\/2024\/02\/Koh-Samui-Ko-Rap-Thailand-768x1024.jpg 768w, https:\/\/mybestplacestovisit.com\/wp-content\/uploads\/2024\/02\/Koh-Samui-Ko-Rap-Thailand-600x800.jpg 600w, https:\/\/mybestplacestovisit.com\/wp-content\/uploads\/2024\/02\/Koh-Samui-Ko-Rap-Thailand-810x1080.jpg 810w\" sizes=\"auto, (max-width: 1024px) 100vw, 1024px\" \/><figcaption class=\"wp-element-caption\">Ko Rap<\/figcaption><\/figure>\n\n\n\n<h2 class=\"wp-block-heading\" id=\"h-ko-rap-amp-ko-mat-zomereilanden\"><strong>Ko Rap &#038; Ko Mat Zomereilanden<\/strong><\/h2>\n\n\n\n<p>Een korte boottocht vanuit Koh Samui brengt u naar de twee eilanden van Ko Rap en Ko Mat Sum. Deze eilanden zijn ongerepte paradijzen, met kristalhelder water en weelderige vegetatie. Ko Rap is een onbewoond eiland waar je na de lunch een dutje kunt doen in een hangmat. Aan de andere kant biedt Ko Mat Sum ongerepte stranden perfect voor ontspanning en picknicks.<\/p>\n\n\n\n<p>Ko Mat Sum staat liefdevol bekend als &#8220;Pig Island&#8221; vanwege zijn meest onverwachte en schattige bewoners . . een kleine populatie van vriendelijke varkens die vrij rondlopen op zijn zanderige oevers. Deze varkens zijn een unieke attractie geworden, die bezoekers uit de buurt en ver weg trekt die graag met hen willen zien en met hen in hun ongewone leefomgeving aan het strand willen communiceren.<\/p>\n\n\n\n<figure class=\"wp-block-image\"><img loading=\"lazy\" decoding=\"async\" width=\"1024\" height=\"768\" src=\"https:\/\/mybestplacestovisit.com\/wp-content\/uploads\/2024\/02\/Koh-Samui-Ko-Mat-Sum-Thailand.jpg\" alt=\"Koh Samui Ko Mat Sum Thailand pig island\" class=\"wp-image-241\" srcset=\"https:\/\/mybestplacestovisit.com\/wp-content\/uploads\/2024\/02\/Koh-Samui-Ko-Mat-Sum-Thailand.jpg 1024w, https:\/\/mybestplacestovisit.com\/wp-content\/uploads\/2024\/02\/Koh-Samui-Ko-Mat-Sum-Thailand-300x225.jpg 300w, https:\/\/mybestplacestovisit.com\/wp-content\/uploads\/2024\/02\/Koh-Samui-Ko-Mat-Sum-Thailand-768x576.jpg 768w, https:\/\/mybestplacestovisit.com\/wp-content\/uploads\/2024\/02\/Koh-Samui-Ko-Mat-Sum-Thailand-800x600.jpg 800w\" sizes=\"auto, (max-width: 1024px) 100vw, 1024px\" \/><figcaption class=\"wp-element-caption\">Ko Mat Sum <\/figcaption><\/figure>\n\n\n\n<h2 class=\"wp-block-heading\" id=\"h-ko-pha-ngan-eiland\"><strong>Ko Pha-Ngan Eiland<\/strong><\/h2>\n\n\n\n<p>Beroemd om zijn Volle Maan feesten, heeft Ko Pha-Ngan eiland veel meer dan levendig nachtleven. Inderdaad, de natuurlijke schoonheid van het eiland is adembenemend, met prachtige stranden, watervallen en jungles wachten om te worden verkend. Haad Rin Beach, bekend om zijn feestjes, is ook een mooie plek om overdag te ontspannen. Bovendien biedt het eiland een scala aan activiteiten, van wandelen en snorkelen tot yoga en meditatie retraites, catering voor alle soorten reizigers.<\/p>\n\n\n\n<p>Bottle Beach, gelegen op Ko Pha-ngan, is een van Thailand&#8217;s meest afgelegen en ongerepte stranden. Dit strand staat bekend om zijn schitterende, kristalheldere wateren en zacht, wit zand, en is een paradijselijk stukje, dat rust biedt ver weg van de drukke plekken van het eiland. Omringd door weelderige, dichte jungle, het is vooral toegankelijk per boot, toe te voegen aan zijn ongerepte charme. Het Bottle Beach Viewpoint ligt op een wandeling en biedt een adembenemend panoramisch uitzicht op het strand en de omliggende landschappen. Het standpunt is een must-visit voor avonturiers en degenen die op zoek zijn om de schoonheid van Ko Pha-ngan van boven te vangen. De tocht duurt 30 minuten om de top te bereiken. En dan minder dan 20 minuten om terug te gaan naar het strand. Maar de onvergetelijke vergezichten is duidelijk de moeite waard!<\/p>\n\n\n\n<figure class=\"wp-block-image alignnone size-full wp-image-242\"><img loading=\"lazy\" decoding=\"async\" width=\"1024\" height=\"768\" src=\"https:\/\/mybestplacestovisit.com\/wp-content\/uploads\/2024\/02\/Ko-Phan-Ngan-Bottle-Beach-Thailand.jpg\" alt=\"Ko Phan Ngan Bottle Beach Thailand\" class=\"wp-image-242\" srcset=\"https:\/\/mybestplacestovisit.com\/wp-content\/uploads\/2024\/02\/Ko-Phan-Ngan-Bottle-Beach-Thailand.jpg 1024w, https:\/\/mybestplacestovisit.com\/wp-content\/uploads\/2024\/02\/Ko-Phan-Ngan-Bottle-Beach-Thailand-300x225.jpg 300w, https:\/\/mybestplacestovisit.com\/wp-content\/uploads\/2024\/02\/Ko-Phan-Ngan-Bottle-Beach-Thailand-768x576.jpg 768w, https:\/\/mybestplacestovisit.com\/wp-content\/uploads\/2024\/02\/Ko-Phan-Ngan-Bottle-Beach-Thailand-800x600.jpg 800w\" sizes=\"auto, (max-width: 1024px) 100vw, 1024px\" \/><figcaption class=\"wp-element-caption\">Bottle beach point<\/figcaption><\/figure>\n","protected":false},"excerpt":{"rendered":"<p>Koh Samui wenkt met zijn weelderige landschappen en ongerepte stranden. Deze reis door Koh Samui zal de magie van Fisherman&#8217;s Village, Kirati Beach, Ko Rap en Ko Mat Sum eilanden ontdekken. En ook Ko Pha-Ngan eiland, elk met unieke ervaringen en onvergetelijke herinneringen.<\/p>\n","protected":false},"author":1,"featured_media":241,"parent":314,"menu_order":0,"comment_status":"open","ping_status":"closed","template":"","meta":{"_uag_custom_page_level_css":"","site-sidebar-layout":"default","site-content-layout":"","ast-site-content-layout":"default","site-content-style":"default","site-sidebar-style":"default","ast-global-header-display":"","ast-banner-title-visibility":"","ast-main-header-display":"","ast-hfb-above-header-display":"","ast-hfb-below-header-display":"","ast-hfb-mobile-header-display":"","site-post-title":"disabled","ast-breadcrumbs-content":"","ast-featured-img":"disabled","footer-sml-layout":"","ast-disable-related-posts":"","theme-transparent-header-meta":"","adv-header-id-meta":"","stick-header-meta":"","header-above-stick-meta":"","header-main-stick-meta":"","header-below-stick-meta":"","astra-migrate-meta-layouts":"set","ast-page-background-enabled":"default","ast-page-background-meta":{"desktop":{"background-color":"","background-image":"","background-repeat":"repeat","background-position":"center center","background-size":"auto","background-attachment":"scroll","background-type":"","background-media":"","overlay-type":"","overlay-color":"","overlay-opacity":"","overlay-gradient":""},"tablet":{"background-color":"","background-image":"","background-repeat":"repeat","background-position":"center center","background-size":"auto","background-attachment":"scroll","background-type":"","background-media":"","overlay-type":"","overlay-color":"","overlay-opacity":"","overlay-gradient":""},"mobile":{"background-color":"","background-image":"","background-repeat":"repeat","background-position":"center center","background-size":"auto","background-attachment":"scroll","background-type":"","background-media":"","overlay-type":"","overlay-color":"","overlay-opacity":"","overlay-gradient":""}},"ast-content-background-meta":{"desktop":{"background-color":"var(--ast-global-color-5)","background-image":"","background-repeat":"repeat","background-position":"center center","background-size":"auto","background-attachment":"scroll","background-type":"","background-media":"","overlay-type":"","overlay-color":"","overlay-opacity":"","overlay-gradient":""},"tablet":{"background-color":"var(--ast-global-color-5)","background-image":"","background-repeat":"repeat","background-position":"center center","background-size":"auto","background-attachment":"scroll","background-type":"","background-media":"","overlay-type":"","overlay-color":"","overlay-opacity":"","overlay-gradient":""},"mobile":{"background-color":"var(--ast-global-color-5)","background-image":"","background-repeat":"repeat","background-position":"center center","background-size":"auto","background-attachment":"scroll","background-type":"","background-media":"","overlay-type":"","overlay-color":"","overlay-opacity":"","overlay-gradient":""}},"footnotes":""},"class_list":["post-324","page","type-page","status-publish","has-post-thumbnail","hentry"],"yoast_head":"<!-- This site is optimized with the Yoast SEO Premium plugin v27.2 (Yoast SEO v27.3) - https:\/\/yoast.com\/product\/yoast-seo-premium-wordpress\/ -->\n<title>Koh Samui: Waar rust avontuur ontmoet<\/title>\n<meta name=\"description\" content=\"Ontdek Koh Samui: een tropisch eiland in Thailand met rustige stranden, groene natuur, levendig nachtleven en authentieke lokale cultuur.\" \/>\n<meta name=\"robots\" content=\"index, follow, max-snippet:-1, max-image-preview:large, max-video-preview:-1\" \/>\n<link rel=\"canonical\" href=\"https:\/\/mybestplacestovisit.com\/nl\/azie\/thailand\/koh-samui\" \/>\n<meta property=\"og:locale\" content=\"nl_NL\" \/>\n<meta property=\"og:locale:alternate\" content=\"en_US\" \/>\n<meta property=\"og:locale:alternate\" content=\"de_DE\" \/>\n<meta property=\"og:locale:alternate\" content=\"es_ES\" \/>\n<meta property=\"og:locale:alternate\" content=\"fr_FR\" \/>\n<meta property=\"og:locale:alternate\" content=\"it_IT\" \/>\n<meta property=\"og:locale:alternate\" content=\"pt_br\" \/>\n<meta property=\"og:locale:alternate\" content=\"id_id\" \/>\n<meta property=\"og:locale:alternate\" content=\"zh_CN\" \/>\n<meta property=\"og:locale:alternate\" content=\"ja_JP\" \/>\n<meta property=\"og:type\" content=\"article\" \/>\n<meta property=\"og:title\" content=\"Koh Samui: Waar rust avontuur ontmoet\" \/>\n<meta property=\"og:description\" content=\"Ontdek Koh Samui: een tropisch eiland in Thailand met rustige stranden, groene natuur, levendig nachtleven en authentieke lokale cultuur.\" \/>\n<meta property=\"og:url\" content=\"https:\/\/mybestplacestovisit.com\/nl\/azie\/thailand\/koh-samui\/\" \/>\n<meta property=\"og:site_name\" content=\"2026 Travel Blog\" \/>\n<meta property=\"article:modified_time\" content=\"2026-03-08T09:10:17+00:00\" \/>\n<meta property=\"og:image\" content=\"https:\/\/mybestplacestovisit.com\/wp-content\/uploads\/2024\/02\/Koh-Samui-Ko-Mat-Sum-Thailand.jpg\" \/>\n\t<meta property=\"og:image:width\" content=\"1024\" \/>\n\t<meta property=\"og:image:height\" content=\"768\" \/>\n\t<meta property=\"og:image:type\" content=\"image\/jpeg\" \/>\n<meta name=\"twitter:card\" content=\"summary_large_image\" \/>\n<meta name=\"twitter:label1\" content=\"Geschatte leestijd\" \/>\n\t<meta name=\"twitter:data1\" content=\"4 minuten\" \/>\n<script type=\"application\/ld+json\" class=\"yoast-schema-graph\">{\"@context\":\"https:\\\/\\\/schema.org\",\"@graph\":[{\"@type\":\"WebPage\",\"@id\":\"https:\\\/\\\/mybestplacestovisit.com\\\/asia\\\/thailand\\\/koh-samui\\\/\",\"url\":\"https:\\\/\\\/mybestplacestovisit.com\\\/asia\\\/thailand\\\/koh-samui\\\/\",\"name\":\"Koh Samui: Waar rust avontuur ontmoet\",\"isPartOf\":{\"@id\":\"https:\\\/\\\/mybestplacestovisit.com\\\/it\\\/#website\"},\"primaryImageOfPage\":{\"@id\":\"https:\\\/\\\/mybestplacestovisit.com\\\/asia\\\/thailand\\\/koh-samui\\\/#primaryimage\"},\"image\":{\"@id\":\"https:\\\/\\\/mybestplacestovisit.com\\\/asia\\\/thailand\\\/koh-samui\\\/#primaryimage\"},\"thumbnailUrl\":\"https:\\\/\\\/mybestplacestovisit.com\\\/wp-content\\\/uploads\\\/2024\\\/02\\\/Koh-Samui-Ko-Mat-Sum-Thailand.jpg\",\"datePublished\":\"2024-11-17T08:26:06+00:00\",\"dateModified\":\"2026-03-08T09:10:17+00:00\",\"description\":\"Ontdek Koh Samui: een tropisch eiland in Thailand met rustige stranden, groene natuur, levendig nachtleven en authentieke lokale cultuur.\",\"breadcrumb\":{\"@id\":\"https:\\\/\\\/mybestplacestovisit.com\\\/asia\\\/thailand\\\/koh-samui\\\/#breadcrumb\"},\"inLanguage\":\"nl-NL\",\"potentialAction\":[{\"@type\":\"ReadAction\",\"target\":[\"https:\\\/\\\/mybestplacestovisit.com\\\/asia\\\/thailand\\\/koh-samui\\\/\"]}]},{\"@type\":\"ImageObject\",\"inLanguage\":\"nl-NL\",\"@id\":\"https:\\\/\\\/mybestplacestovisit.com\\\/asia\\\/thailand\\\/koh-samui\\\/#primaryimage\",\"url\":\"https:\\\/\\\/mybestplacestovisit.com\\\/wp-content\\\/uploads\\\/2024\\\/02\\\/Koh-Samui-Ko-Mat-Sum-Thailand.jpg\",\"contentUrl\":\"https:\\\/\\\/mybestplacestovisit.com\\\/wp-content\\\/uploads\\\/2024\\\/02\\\/Koh-Samui-Ko-Mat-Sum-Thailand.jpg\",\"width\":1024,\"height\":768,\"caption\":\"Ko Mat Sum\"},{\"@type\":\"BreadcrumbList\",\"@id\":\"https:\\\/\\\/mybestplacestovisit.com\\\/asia\\\/thailand\\\/koh-samui\\\/#breadcrumb\",\"itemListElement\":[{\"@type\":\"ListItem\",\"position\":1,\"name\":\"Accueil\",\"item\":\"https:\\\/\\\/mybestplacestovisit.com\\\/id\\\/\"},{\"@type\":\"ListItem\",\"position\":2,\"name\":\"Travel in Asia \u2013 Complete Destination Guides &#038; Diving Insights\",\"item\":\"https:\\\/\\\/mybestplacestovisit.com\\\/asia\\\/\"},{\"@type\":\"ListItem\",\"position\":3,\"name\":\"Thailand Unveiled: Exploring the Land of Smiles\",\"item\":\"https:\\\/\\\/mybestplacestovisit.com\\\/asia\\\/thailand\\\/\"},{\"@type\":\"ListItem\",\"position\":4,\"name\":\"Koh Samui: Where Tranquility Meets Adventure\"}]},{\"@type\":\"WebSite\",\"@id\":\"https:\\\/\\\/mybestplacestovisit.com\\\/it\\\/#website\",\"url\":\"https:\\\/\\\/mybestplacestovisit.com\\\/it\\\/\",\"name\":\"2026 Travel Blog\",\"description\":\"Best places to visit\",\"publisher\":{\"@id\":\"https:\\\/\\\/mybestplacestovisit.com\\\/it\\\/#\\\/schema\\\/person\\\/f71ea967bd47a7e7bd4e70c8012e32ca\"},\"potentialAction\":[{\"@type\":\"SearchAction\",\"target\":{\"@type\":\"EntryPoint\",\"urlTemplate\":\"https:\\\/\\\/mybestplacestovisit.com\\\/it\\\/?s={search_term_string}\"},\"query-input\":{\"@type\":\"PropertyValueSpecification\",\"valueRequired\":true,\"valueName\":\"search_term_string\"}}],\"inLanguage\":\"nl-NL\"},{\"@type\":[\"Person\",\"Organization\"],\"@id\":\"https:\\\/\\\/mybestplacestovisit.com\\\/it\\\/#\\\/schema\\\/person\\\/f71ea967bd47a7e7bd4e70c8012e32ca\",\"name\":\"Blaise\",\"image\":{\"@type\":\"ImageObject\",\"inLanguage\":\"nl-NL\",\"@id\":\"https:\\\/\\\/mybestplacestovisit.com\\\/wp-content\\\/uploads\\\/2023\\\/09\\\/Blaise-Amok-Sunset-Nusa-Penida-Bali.jpg\",\"url\":\"https:\\\/\\\/mybestplacestovisit.com\\\/wp-content\\\/uploads\\\/2023\\\/09\\\/Blaise-Amok-Sunset-Nusa-Penida-Bali.jpg\",\"contentUrl\":\"https:\\\/\\\/mybestplacestovisit.com\\\/wp-content\\\/uploads\\\/2023\\\/09\\\/Blaise-Amok-Sunset-Nusa-Penida-Bali.jpg\",\"width\":1920,\"height\":800,\"caption\":\"Blaise\"},\"logo\":{\"@id\":\"https:\\\/\\\/mybestplacestovisit.com\\\/wp-content\\\/uploads\\\/2023\\\/09\\\/Blaise-Amok-Sunset-Nusa-Penida-Bali.jpg\"},\"sameAs\":[\"http:\\\/\\\/mybestplacestovisit.com\",\"blaiseparis\"]}]}<\/script>\n<!-- \/ Yoast SEO Premium plugin. -->","yoast_head_json":{"title":"Koh Samui: Waar rust avontuur ontmoet","description":"Ontdek Koh Samui: een tropisch eiland in Thailand met rustige stranden, groene natuur, levendig nachtleven en authentieke lokale cultuur.","robots":{"index":"index","follow":"follow","max-snippet":"max-snippet:-1","max-image-preview":"max-image-preview:large","max-video-preview":"max-video-preview:-1"},"canonical":"https:\/\/mybestplacestovisit.com\/nl\/azie\/thailand\/koh-samui","og_locale":"nl_NL","og_type":"article","og_title":"[:en]Koh Samui: Where Tranquility Meets Adventure[:de]Koh Samui: Wo Ruhe auf Abenteuer trifft[:es]Koh Samui en Tailandia: destino ideal para descansar y explorar[:fr]Koh Samui: Where Tranquility Meets Adventure[:it]Koh Samui: Dove la tranquillit\u00e0 incontra l'avventura[:nl]Koh Samui: Waar rust avontuur ontmoet[:pt]Koh Samui: Onde a tranquilidade encontra a aventura[:id]Koh Samui: Perpaduan Ketenangan dan Petualangan[:zh]\u79d1\u8d6b\u00b7\u8428\u7a46\u4f0a: \u77ed\u6682\u7684\u5192\u9669[:ja]\u30b5\u30e0\u30a4\u5cf6: Tranquility\u304c\u5192\u967a\u306b\u4f1a\u3046\u5834\u6240","og_description":"[:en]Discover Koh Samui, Thailand's beloved tropical retreat. An island paradise blending serene beaches, lush landscapes and vibrant nightlife[:de]Entdecken Sie Koh Samui: Thailands tropisches Paradies mit ruhigen Str\u00e4nden, \u00fcppiger Natur und lebendigem Nachtleben.[:es]Descubre Koh Samui, el refugio tropical m\u00e1s querido de Tailandia: playas tranquilas, paisajes exuberantes y una vibrante vida nocturna.[:it]Scopri Koh Samui, il rifugio tropicale pi\u00f9 amato della Thailandia: un paradiso tra spiagge serene, natura lussureggiante e vivace vita notturna.[:nl]Ontdek Koh Samui: een tropisch eiland in Thailand met rustige stranden, groene natuur, levendig nachtleven en authentieke lokale cultuur.[:pt]Descubra Koh Samui, o ref\u00fagio tropical da Tail\u00e2ndia. Um para\u00edso que combina praias serenas, paisagens exuberantes e vida noturna vibrante[:id]Temukan Koh Samui, pulau tropis Thailand dengan pantai tenang, alam subur, budaya lokal yang kaya, dan kehidupan malam semarak.[:]","og_url":"https:\/\/mybestplacestovisit.com\/nl\/azie\/thailand\/koh-samui\/","og_site_name":"2026 Travel Blog","article_modified_time":"2026-03-08T09:10:17+00:00","og_image":[{"width":1024,"height":768,"url":"https:\/\/mybestplacestovisit.com\/wp-content\/uploads\/2024\/02\/Koh-Samui-Ko-Mat-Sum-Thailand.jpg","type":"image\/jpeg"}],"twitter_card":"summary_large_image","twitter_misc":{"Geschatte leestijd":"4 minuten"},"schema":{"@context":"https:\/\/schema.org","@graph":[{"@type":"WebPage","@id":"https:\/\/mybestplacestovisit.com\/asia\/thailand\/koh-samui\/","url":"https:\/\/mybestplacestovisit.com\/asia\/thailand\/koh-samui\/","name":"Koh Samui: Waar rust avontuur ontmoet","isPartOf":{"@id":"https:\/\/mybestplacestovisit.com\/it\/#website"},"primaryImageOfPage":{"@id":"https:\/\/mybestplacestovisit.com\/asia\/thailand\/koh-samui\/#primaryimage"},"image":{"@id":"https:\/\/mybestplacestovisit.com\/asia\/thailand\/koh-samui\/#primaryimage"},"thumbnailUrl":"https:\/\/mybestplacestovisit.com\/wp-content\/uploads\/2024\/02\/Koh-Samui-Ko-Mat-Sum-Thailand.jpg","datePublished":"2024-11-17T08:26:06+00:00","dateModified":"2026-03-08T09:10:17+00:00","description":"Ontdek Koh Samui: een tropisch eiland in Thailand met rustige stranden, groene natuur, levendig nachtleven en authentieke lokale cultuur.","breadcrumb":{"@id":"https:\/\/mybestplacestovisit.com\/asia\/thailand\/koh-samui\/#breadcrumb"},"inLanguage":"nl-NL","potentialAction":[{"@type":"ReadAction","target":["https:\/\/mybestplacestovisit.com\/asia\/thailand\/koh-samui\/"]}]},{"@type":"ImageObject","inLanguage":"nl-NL","@id":"https:\/\/mybestplacestovisit.com\/asia\/thailand\/koh-samui\/#primaryimage","url":"https:\/\/mybestplacestovisit.com\/wp-content\/uploads\/2024\/02\/Koh-Samui-Ko-Mat-Sum-Thailand.jpg","contentUrl":"https:\/\/mybestplacestovisit.com\/wp-content\/uploads\/2024\/02\/Koh-Samui-Ko-Mat-Sum-Thailand.jpg","width":1024,"height":768,"caption":"Ko Mat Sum"},{"@type":"BreadcrumbList","@id":"https:\/\/mybestplacestovisit.com\/asia\/thailand\/koh-samui\/#breadcrumb","itemListElement":[{"@type":"ListItem","position":1,"name":"Accueil","item":"https:\/\/mybestplacestovisit.com\/id\/"},{"@type":"ListItem","position":2,"name":"Travel in Asia \u2013 Complete Destination Guides &#038; Diving Insights","item":"https:\/\/mybestplacestovisit.com\/asia\/"},{"@type":"ListItem","position":3,"name":"Thailand Unveiled: Exploring the Land of Smiles","item":"https:\/\/mybestplacestovisit.com\/asia\/thailand\/"},{"@type":"ListItem","position":4,"name":"Koh Samui: Where Tranquility Meets Adventure"}]},{"@type":"WebSite","@id":"https:\/\/mybestplacestovisit.com\/it\/#website","url":"https:\/\/mybestplacestovisit.com\/it\/","name":"2026 Travel Blog","description":"Best places to visit","publisher":{"@id":"https:\/\/mybestplacestovisit.com\/it\/#\/schema\/person\/f71ea967bd47a7e7bd4e70c8012e32ca"},"potentialAction":[{"@type":"SearchAction","target":{"@type":"EntryPoint","urlTemplate":"https:\/\/mybestplacestovisit.com\/it\/?s={search_term_string}"},"query-input":{"@type":"PropertyValueSpecification","valueRequired":true,"valueName":"search_term_string"}}],"inLanguage":"nl-NL"},{"@type":["Person","Organization"],"@id":"https:\/\/mybestplacestovisit.com\/it\/#\/schema\/person\/f71ea967bd47a7e7bd4e70c8012e32ca","name":"Blaise","image":{"@type":"ImageObject","inLanguage":"nl-NL","@id":"https:\/\/mybestplacestovisit.com\/wp-content\/uploads\/2023\/09\/Blaise-Amok-Sunset-Nusa-Penida-Bali.jpg","url":"https:\/\/mybestplacestovisit.com\/wp-content\/uploads\/2023\/09\/Blaise-Amok-Sunset-Nusa-Penida-Bali.jpg","contentUrl":"https:\/\/mybestplacestovisit.com\/wp-content\/uploads\/2023\/09\/Blaise-Amok-Sunset-Nusa-Penida-Bali.jpg","width":1920,"height":800,"caption":"Blaise"},"logo":{"@id":"https:\/\/mybestplacestovisit.com\/wp-content\/uploads\/2023\/09\/Blaise-Amok-Sunset-Nusa-Penida-Bali.jpg"},"sameAs":["http:\/\/mybestplacestovisit.com","blaiseparis"]}]}},"uagb_featured_image_src":{"full":["https:\/\/mybestplacestovisit.com\/wp-content\/uploads\/2024\/02\/Koh-Samui-Ko-Mat-Sum-Thailand.jpg",1024,768,false],"thumbnail":["https:\/\/mybestplacestovisit.com\/wp-content\/uploads\/2024\/02\/Koh-Samui-Ko-Mat-Sum-Thailand-150x150.jpg",150,150,true],"medium":["https:\/\/mybestplacestovisit.com\/wp-content\/uploads\/2024\/02\/Koh-Samui-Ko-Mat-Sum-Thailand-300x225.jpg",300,225,true],"medium_large":["https:\/\/mybestplacestovisit.com\/wp-content\/uploads\/2024\/02\/Koh-Samui-Ko-Mat-Sum-Thailand-768x576.jpg",768,576,true],"large":["https:\/\/mybestplacestovisit.com\/wp-content\/uploads\/2024\/02\/Koh-Samui-Ko-Mat-Sum-Thailand.jpg",1024,768,false],"1536x1536":["https:\/\/mybestplacestovisit.com\/wp-content\/uploads\/2024\/02\/Koh-Samui-Ko-Mat-Sum-Thailand.jpg",1024,768,false],"2048x2048":["https:\/\/mybestplacestovisit.com\/wp-content\/uploads\/2024\/02\/Koh-Samui-Ko-Mat-Sum-Thailand.jpg",1024,768,false]},"uagb_author_info":{"display_name":"Blaise","author_link":"https:\/\/mybestplacestovisit.com\/nl\/author\/admin4486\/"},"uagb_comment_info":0,"uagb_excerpt":"Koh Samui wenkt met zijn weelderige landschappen en ongerepte stranden. Deze reis door Koh Samui zal de magie van Fisherman's Village, Kirati Beach, Ko Rap en Ko Mat Sum eilanden ontdekken. En ook Ko Pha-Ngan eiland, elk met unieke ervaringen en onvergetelijke herinneringen.","_links":{"self":[{"href":"https:\/\/mybestplacestovisit.com\/nl\/wp-json\/wp\/v2\/pages\/324","targetHints":{"allow":["GET"]}}],"collection":[{"href":"https:\/\/mybestplacestovisit.com\/nl\/wp-json\/wp\/v2\/pages"}],"about":[{"href":"https:\/\/mybestplacestovisit.com\/nl\/wp-json\/wp\/v2\/types\/page"}],"author":[{"embeddable":true,"href":"https:\/\/mybestplacestovisit.com\/nl\/wp-json\/wp\/v2\/users\/1"}],"replies":[{"embeddable":true,"href":"https:\/\/mybestplacestovisit.com\/nl\/wp-json\/wp\/v2\/comments?post=324"}],"version-history":[{"count":26,"href":"https:\/\/mybestplacestovisit.com\/nl\/wp-json\/wp\/v2\/pages\/324\/revisions"}],"predecessor-version":[{"id":7457,"href":"https:\/\/mybestplacestovisit.com\/nl\/wp-json\/wp\/v2\/pages\/324\/revisions\/7457"}],"up":[{"embeddable":true,"href":"https:\/\/mybestplacestovisit.com\/nl\/wp-json\/wp\/v2\/pages\/314"}],"wp:featuredmedia":[{"embeddable":true,"href":"https:\/\/mybestplacestovisit.com\/nl\/wp-json\/wp\/v2\/media\/241"}],"wp:attachment":[{"href":"https:\/\/mybestplacestovisit.com\/nl\/wp-json\/wp\/v2\/media?parent=324"}],"curies":[{"name":"wp","href":"https:\/\/api.w.org\/{rel}","templated":true}]}}