{"id":301,"date":"2024-11-17T04:09:29","date_gmt":"2024-11-17T03:09:29","guid":{"rendered":"https:\/\/mybestplacestovisit.com\/?page_id=301"},"modified":"2026-02-17T18:26:14","modified_gmt":"2026-02-17T17:26:14","slug":"azie","status":"publish","type":"page","link":"https:\/\/mybestplacestovisit.com\/nl\/azie\/","title":{"rendered":"Welkom bij mijn lijst van beste plaatsen om te bezoeken in Azi\u00eb"},"content":{"rendered":"\n<p><strong>Welkom bij mijn beste plaatsen om te bezoeken<\/strong> in Azi\u00eb, Your Gateway to Unforgettable Adventures in Zuidoost-Azi\u00eb.<\/p>\n\n\n\n<p>Op <strong>Mijn beste plaatsen om te bezoeken<\/strong> in Azi\u00eb brengen we het levendige hart van Zuidoost-Azi\u00eb rechtstreeks naar u toe. Of u nu droomt van de tropische eilanden van <strong><a href=\"https:\/\/mybestplacestovisit.com\/asia\/indonesia\/\">Indonesi\u00eb<\/a><\/strong>, de culturele rijkdom van <strong><a href=\"https:\/\/mybestplacestovisit.com\/asia\/thailand\/\">Thailand<\/a><\/strong>, of het adembenemende landschap van <strong><a href=\"https:\/\/mybestplacestovisit.com\/asia\/vietnam\/\">Vietnam<\/a><\/strong>, onze blog is uw go-to resource voor het maken van gedenkwaardige reiservaringen. U vindt ook reisgidsen over <a href=\"https:\/\/mybestplacestovisit.com\/asia\/singapore\/\">Singapore<\/a>, <a href=\"https:\/\/mybestplacestovisit.com\/asia\/angkor\/\">Angkor<\/a>, <a href=\"https:\/\/mybestplacestovisit.com\/asia\/philippines\/\">de Filipijnen<\/a> en <a href=\"https:\/\/mybestplacestovisit.com\/asia\/malaysia\/\">Maleisi\u00eb<\/a>.<\/p>\n\n\n\n<h3 class=\"wp-block-heading\" id=\"h-waarom-zuidoost-azie-verkennen\"><strong>Waarom Zuidoost-Azi\u00eb verkennen?<\/strong><\/h3>\n\n\n\n<p>Deze regio is een tapijt van culturen, keukens, landschappen en onderwater wonderen. Vanuit Indonesi\u00eb zijn ongerepte koraalriffen tot Thailand een levendig marineleven en Vietnam verscholen duikplekken, Zuidoost-Azi\u00eb is een paradijs voor avontuur, cultuur en duikliefhebbers.<\/p>\n\n\n\n<h3 class=\"wp-block-heading\" id=\"h-wat-vind-je-op-mijn-blog\"><strong>Wat vind je op mijn blog:<\/strong><\/h3>\n\n\n\n<ul class=\"wp-block-list\">\n<li><strong>Tips &#038; verborgen Gems:<\/strong> Ontdek de best bewaarde geheimen van Zuidoost-Azi\u00eb, van afgelegen stranden tot off-the-beaten-path duikplaatsen.<\/li>\n\n\n\n<li><strong>Uitgebreide gidsen:<\/strong> Gedetailleerde routes en reishacks om uw reis naadloos en stressvrij te maken.<\/li>\n\n\n\n<li><strong>Authentieke ervaringen:<\/strong> Verhalen en inzichten in de unieke culturen, tradities, festivals en onderwater wonderen van elke bestemming.<\/li>\n\n\n\n<li><strong>Avontuur, Ontspanning &#038; Duiken:<\/strong> Of u nu een sensatiezoeker, een duiker, of op zoek bent om te ontspannen, activiteiten en plekken op maat van uw reisstijl te vinden.<\/li>\n<\/ul>\n\n\n\n<h3 class=\"wp-block-heading\" id=\"h-hoogtepunten-van-onze-aanbevolen-bestemmingen\"><strong>Hoogtepunten van onze Aanbevolen bestemmingen<\/strong><\/h3>\n\n\n\n<ul class=\"wp-block-list\">\n<li><strong>Indonesi\u00eb:<\/strong> Duik in het zeewonderlandschap van Raja Ampat en Komodo, wandel de berg rond of ontspan op de idyllische oevers van Bali.<\/li>\n\n\n\n<li><strong>Thailand:<\/strong> Ontdek de levendige riffen van Koh Tao, bewonder de tempels van Chiang Mai, of geniet van Bangkok.<\/li>\n\n\n\n<li><strong>Vietnam:<\/strong> Ontdek de levendige onderwatersc\u00e8nes van Nha Trang<\/li>\n<\/ul>\n\n\n\n<h3 class=\"wp-block-heading\" id=\"h-een-speciale-focus-op-duiken\"><strong>Een speciale focus op duiken<\/strong><\/h3>\n\n\n\n<p>Zuidoost-Azi\u00eb is een droom van duikers, die alles bieden van koraal-geborgen muren tot manta ray reinigingsstations. Aan <strong>MijnBesteBezienswaardigheden<\/strong>, zult u vinden:<\/p>\n\n\n\n<ul class=\"wp-block-list\">\n<li>Evaluaties van <strong>duiklocaties van wereldklasse<\/strong> Zoals Sipadan, Similan Islands en Halong Bay.<\/li>\n\n\n\n<li><strong>Duiktips<\/strong> voor beginners en ervaren avonturiers.<\/li>\n\n\n\n<li>Gidsen voor <strong>zeeleven ontmoetingen<\/strong>, van walvishaaien tot kleine pygmeezeepaardjes.<\/li>\n\n\n\n<li>Suggesties voor het beste <strong>duikscholen en liveaboards<\/strong> in de regio.<\/li>\n<\/ul>\n\n\n\n<h3 class=\"wp-block-heading\" id=\"h-uw-avontuur-begint-hier\"><strong>Uw avontuur begint hier<\/strong><\/h3>\n\n\n\n<p>Elk artikel over <strong>MijnBesteBezienswaardigheden<\/strong> is geschreven met passie, ondersteund door ervaringen uit de eerste hand, en ontworpen om uw volgende reis te inspireren. Laat ons u begeleiden door de schatten van Zuidoost-Azi\u00eb en onder het oppervlak en helpen u verhalen te cre\u00ebren die het delen waard zijn.<\/p>\n\n\n\n<h4 class=\"wp-block-heading\" id=\"h-klaar-om-te-beginnen-met-verkennen-en-duiken\"><strong>Klaar om te beginnen met verkennen en duiken?<\/strong><\/h4>\n\n\n\n<p>Duik in onze blog, en laat uw volgende avontuur plannen in de meest prachtige hoeken van Zuidoost-Azi\u00eb, waar elke golf en horizon een nieuwe ontdekking houdt!<\/p>\n\n\n\n<p><strong>Je avontuur wacht.<\/strong> Wat?<\/p>\n","protected":false},"excerpt":{"rendered":"<p>Welkom bij mijn beste plaatsen om te bezoeken in Azi\u00eb, Your Gateway to Unforgettable Adventures in Zuidoost-Azi\u00eb. Op Mijn beste plaatsen om te bezoeken in Azi\u00eb brengen we het levendige hart van Zuidoost-Azi\u00eb rechtstreeks naar u toe. Of u nu droomt van de tropische eilanden van Indonesi\u00eb, de culturele rijkdom van Thailand, of het adembenemende [&hellip;]<\/p>\n","protected":false},"author":1,"featured_media":61,"parent":0,"menu_order":0,"comment_status":"closed","ping_status":"closed","template":"","meta":{"_uag_custom_page_level_css":"","site-sidebar-layout":"default","site-content-layout":"","ast-site-content-layout":"default","site-content-style":"default","site-sidebar-style":"default","ast-global-header-display":"","ast-banner-title-visibility":"","ast-main-header-display":"","ast-hfb-above-header-display":"","ast-hfb-below-header-display":"","ast-hfb-mobile-header-display":"","site-post-title":"","ast-breadcrumbs-content":"","ast-featured-img":"","footer-sml-layout":"","ast-disable-related-posts":"","theme-transparent-header-meta":"","adv-header-id-meta":"","stick-header-meta":"","header-above-stick-meta":"","header-main-stick-meta":"","header-below-stick-meta":"","astra-migrate-meta-layouts":"set","ast-page-background-enabled":"default","ast-page-background-meta":{"desktop":{"background-color":"","background-image":"","background-repeat":"repeat","background-position":"center center","background-size":"auto","background-attachment":"scroll","background-type":"","background-media":"","overlay-type":"","overlay-color":"","overlay-opacity":"","overlay-gradient":""},"tablet":{"background-color":"","background-image":"","background-repeat":"repeat","background-position":"center center","background-size":"auto","background-attachment":"scroll","background-type":"","background-media":"","overlay-type":"","overlay-color":"","overlay-opacity":"","overlay-gradient":""},"mobile":{"background-color":"","background-image":"","background-repeat":"repeat","background-position":"center center","background-size":"auto","background-attachment":"scroll","background-type":"","background-media":"","overlay-type":"","overlay-color":"","overlay-opacity":"","overlay-gradient":""}},"ast-content-background-meta":{"desktop":{"background-color":"var(--ast-global-color-5)","background-image":"","background-repeat":"repeat","background-position":"center center","background-size":"auto","background-attachment":"scroll","background-type":"","background-media":"","overlay-type":"","overlay-color":"","overlay-opacity":"","overlay-gradient":""},"tablet":{"background-color":"var(--ast-global-color-5)","background-image":"","background-repeat":"repeat","background-position":"center center","background-size":"auto","background-attachment":"scroll","background-type":"","background-media":"","overlay-type":"","overlay-color":"","overlay-opacity":"","overlay-gradient":""},"mobile":{"background-color":"var(--ast-global-color-5)","background-image":"","background-repeat":"repeat","background-position":"center center","background-size":"auto","background-attachment":"scroll","background-type":"","background-media":"","overlay-type":"","overlay-color":"","overlay-opacity":"","overlay-gradient":""}},"footnotes":""},"class_list":["post-301","page","type-page","status-publish","has-post-thumbnail","hentry"],"yoast_head":"<!-- This site is optimized with the Yoast SEO Premium plugin v27.2 (Yoast SEO v27.4) - https:\/\/yoast.com\/product\/yoast-seo-premium-wordpress\/ -->\n<title>Welkom bij mijn lijst van beste plaatsen om te bezoeken in Azi\u00eb<\/title>\n<meta name=\"description\" content=\"Ontdek de beste bestemmingen, duikspots en reistips in Zuidoost-Azi\u00eb. Verken verborgen parels boven en onder water in mijn Azi\u00eb-blog!\" \/>\n<meta name=\"robots\" content=\"index, follow, max-snippet:-1, max-image-preview:large, max-video-preview:-1\" \/>\n<link rel=\"canonical\" href=\"https:\/\/mybestplacestovisit.com\/nl\/azie\/\" \/>\n<meta property=\"og:locale\" content=\"nl_NL\" \/>\n<meta property=\"og:locale:alternate\" content=\"en_US\" \/>\n<meta property=\"og:locale:alternate\" content=\"de_DE\" \/>\n<meta property=\"og:locale:alternate\" content=\"es_ES\" \/>\n<meta property=\"og:locale:alternate\" content=\"fr_FR\" \/>\n<meta property=\"og:locale:alternate\" content=\"it_IT\" \/>\n<meta property=\"og:locale:alternate\" content=\"pt_br\" \/>\n<meta property=\"og:locale:alternate\" content=\"id_id\" \/>\n<meta property=\"og:locale:alternate\" content=\"zh_CN\" \/>\n<meta property=\"og:locale:alternate\" content=\"ja_JP\" \/>\n<meta property=\"og:type\" content=\"article\" \/>\n<meta property=\"og:title\" content=\"Welkom bij mijn lijst van beste plaatsen om te bezoeken in Azi\u00eb\" \/>\n<meta property=\"og:description\" content=\"Ontdek de beste bestemmingen, duikspots en reistips in Zuidoost-Azi\u00eb. Verken verborgen parels boven en onder water in mijn Azi\u00eb-blog!\" \/>\n<meta property=\"og:url\" content=\"https:\/\/mybestplacestovisit.com\/nl\/azie\/\" \/>\n<meta property=\"og:site_name\" content=\"2026 Travel Blog\" \/>\n<meta property=\"article:modified_time\" content=\"2026-02-17T17:26:14+00:00\" \/>\n<meta property=\"og:image\" content=\"https:\/\/mybestplacestovisit.com\/wp-content\/uploads\/2023\/09\/Blaise-Amok-Sunset-Nusa-Penida-Bali.jpg\" \/>\n\t<meta property=\"og:image:width\" content=\"1920\" \/>\n\t<meta property=\"og:image:height\" content=\"800\" \/>\n\t<meta property=\"og:image:type\" content=\"image\/jpeg\" \/>\n<meta name=\"twitter:card\" content=\"summary_large_image\" \/>\n<meta name=\"twitter:label1\" content=\"Geschatte leestijd\" \/>\n\t<meta name=\"twitter:data1\" content=\"7 minuten\" \/>\n<script type=\"application\/ld+json\" class=\"yoast-schema-graph\">{\"@context\":\"https:\\\/\\\/schema.org\",\"@graph\":[{\"@type\":\"WebPage\",\"@id\":\"https:\\\/\\\/mybestplacestovisit.com\\\/asia\\\/\",\"url\":\"https:\\\/\\\/mybestplacestovisit.com\\\/asia\\\/\",\"name\":\"Welkom bij mijn lijst van beste plaatsen om te bezoeken in Azi\u00eb\",\"isPartOf\":{\"@id\":\"https:\\\/\\\/mybestplacestovisit.com\\\/it\\\/#website\"},\"primaryImageOfPage\":{\"@id\":\"https:\\\/\\\/mybestplacestovisit.com\\\/asia\\\/#primaryimage\"},\"image\":{\"@id\":\"https:\\\/\\\/mybestplacestovisit.com\\\/asia\\\/#primaryimage\"},\"thumbnailUrl\":\"https:\\\/\\\/mybestplacestovisit.com\\\/wp-content\\\/uploads\\\/2023\\\/09\\\/Blaise-Amok-Sunset-Nusa-Penida-Bali.jpg\",\"datePublished\":\"2024-11-17T03:09:29+00:00\",\"dateModified\":\"2026-02-17T17:26:14+00:00\",\"description\":\"Ontdek de beste bestemmingen, duikspots en reistips in Zuidoost-Azi\u00eb. Verken verborgen parels boven en onder water in mijn Azi\u00eb-blog!\",\"breadcrumb\":{\"@id\":\"https:\\\/\\\/mybestplacestovisit.com\\\/asia\\\/#breadcrumb\"},\"inLanguage\":\"nl-NL\",\"potentialAction\":[{\"@type\":\"ReadAction\",\"target\":[\"https:\\\/\\\/mybestplacestovisit.com\\\/asia\\\/\"]}]},{\"@type\":\"ImageObject\",\"inLanguage\":\"nl-NL\",\"@id\":\"https:\\\/\\\/mybestplacestovisit.com\\\/asia\\\/#primaryimage\",\"url\":\"https:\\\/\\\/mybestplacestovisit.com\\\/wp-content\\\/uploads\\\/2023\\\/09\\\/Blaise-Amok-Sunset-Nusa-Penida-Bali.jpg\",\"contentUrl\":\"https:\\\/\\\/mybestplacestovisit.com\\\/wp-content\\\/uploads\\\/2023\\\/09\\\/Blaise-Amok-Sunset-Nusa-Penida-Bali.jpg\",\"width\":1920,\"height\":800,\"caption\":\"Blaise Amok Sunset Nusa Penida Bali\"},{\"@type\":\"BreadcrumbList\",\"@id\":\"https:\\\/\\\/mybestplacestovisit.com\\\/asia\\\/#breadcrumb\",\"itemListElement\":[{\"@type\":\"ListItem\",\"position\":1,\"name\":\"Accueil\",\"item\":\"https:\\\/\\\/mybestplacestovisit.com\\\/id\\\/\"},{\"@type\":\"ListItem\",\"position\":2,\"name\":\"Travel in Asia \u2013 Complete Destination Guides &#038; Diving Insights\"}]},{\"@type\":\"WebSite\",\"@id\":\"https:\\\/\\\/mybestplacestovisit.com\\\/it\\\/#website\",\"url\":\"https:\\\/\\\/mybestplacestovisit.com\\\/it\\\/\",\"name\":\"2026 Travel Blog\",\"description\":\"Best places to visit\",\"publisher\":{\"@id\":\"https:\\\/\\\/mybestplacestovisit.com\\\/it\\\/#\\\/schema\\\/person\\\/f71ea967bd47a7e7bd4e70c8012e32ca\"},\"potentialAction\":[{\"@type\":\"SearchAction\",\"target\":{\"@type\":\"EntryPoint\",\"urlTemplate\":\"https:\\\/\\\/mybestplacestovisit.com\\\/it\\\/?s={search_term_string}\"},\"query-input\":{\"@type\":\"PropertyValueSpecification\",\"valueRequired\":true,\"valueName\":\"search_term_string\"}}],\"inLanguage\":\"nl-NL\"},{\"@type\":[\"Person\",\"Organization\"],\"@id\":\"https:\\\/\\\/mybestplacestovisit.com\\\/it\\\/#\\\/schema\\\/person\\\/f71ea967bd47a7e7bd4e70c8012e32ca\",\"name\":\"Blaise\",\"image\":{\"@type\":\"ImageObject\",\"inLanguage\":\"nl-NL\",\"@id\":\"https:\\\/\\\/mybestplacestovisit.com\\\/wp-content\\\/uploads\\\/2023\\\/09\\\/Blaise-Amok-Sunset-Nusa-Penida-Bali.jpg\",\"url\":\"https:\\\/\\\/mybestplacestovisit.com\\\/wp-content\\\/uploads\\\/2023\\\/09\\\/Blaise-Amok-Sunset-Nusa-Penida-Bali.jpg\",\"contentUrl\":\"https:\\\/\\\/mybestplacestovisit.com\\\/wp-content\\\/uploads\\\/2023\\\/09\\\/Blaise-Amok-Sunset-Nusa-Penida-Bali.jpg\",\"width\":1920,\"height\":800,\"caption\":\"Blaise\"},\"logo\":{\"@id\":\"https:\\\/\\\/mybestplacestovisit.com\\\/wp-content\\\/uploads\\\/2023\\\/09\\\/Blaise-Amok-Sunset-Nusa-Penida-Bali.jpg\"},\"sameAs\":[\"http:\\\/\\\/mybestplacestovisit.com\",\"blaiseparis\"]}]}<\/script>\n<!-- \/ Yoast SEO Premium plugin. -->","yoast_head_json":{"title":"Welkom bij mijn lijst van beste plaatsen om te bezoeken in Azi\u00eb","description":"Ontdek de beste bestemmingen, duikspots en reistips in Zuidoost-Azi\u00eb. Verken verborgen parels boven en onder water in mijn Azi\u00eb-blog!","robots":{"index":"index","follow":"follow","max-snippet":"max-snippet:-1","max-image-preview":"max-image-preview:large","max-video-preview":"max-video-preview:-1"},"canonical":"https:\/\/mybestplacestovisit.com\/nl\/azie\/","og_locale":"nl_NL","og_type":"article","og_title":"[:en]Travel in Asia \u2013 Complete Destination Guides &amp; Diving Insights[:de]Entdecke meine sch\u00f6nsten Orte in Asien[:es]Bienvenido a Mis mejores lugares para visitar en Asia[:fr]Bienvenue dans Mes meilleurs endroits \u00e0 visiter en Asie[:it]Benvenuti nei miei luoghi preferiti da visitare in Asia[:nl]Welkom bij mijn lijst van beste plaatsen om te bezoeken in Azi\u00eb[:pt]Bem-vindo ao My Best Places to Visit in \u00c1sia[:id]Selamat Datang di Tempat Terbaik Saya untuk Kunjungi di Asia[:zh]\u6b22\u8fce\u6765\u5230\u6211\u5728\u4e9a\u6d32\u7684\u6700\u597d\u5730\u70b9[:ja]\u3088\u3046\u3053\u305d\u3001\u30a2\u30b8\u30a2\u3067\u8a2a\u308c\u308b\u6700\u9ad8\u306e\u5834\u6240\u3078[:]","og_description":"[:en]Asia travel guides to Indonesia, Thailand, Vietnam and the Maldives. Discover top destinations, diving spots and expert travel tips.[:de]Entdecke die besten Reiseziele, Tauchpl\u00e4tze und Reisetipps in S\u00fcdostasien. In meinem Asien-Blog findest du verborgene Sch\u00e4tze[:it]Scopri le meraviglie del Sud-Est asiatico: destinazioni imperdibili, immersioni e consigli di viaggio nel mio blog dedicato.[:nl]Ontdek de beste bestemmingen, duikspots en reistips in Zuidoost-Azi\u00eb. Verken verborgen parels boven en onder water in mijn Azi\u00eb-blog![:pt]Explore destinos incr\u00edveis do Sudeste Asi\u00e1tico, mergulhos inesquec\u00edveis e dicas pr\u00e1ticas com meu blog sobre tesouros da \u00c1sia.[:]","og_url":"https:\/\/mybestplacestovisit.com\/nl\/azie\/","og_site_name":"2026 Travel Blog","article_modified_time":"2026-02-17T17:26:14+00:00","og_image":[{"width":1920,"height":800,"url":"https:\/\/mybestplacestovisit.com\/wp-content\/uploads\/2023\/09\/Blaise-Amok-Sunset-Nusa-Penida-Bali.jpg","type":"image\/jpeg"}],"twitter_card":"summary_large_image","twitter_misc":{"Geschatte leestijd":"7 minuten"},"schema":{"@context":"https:\/\/schema.org","@graph":[{"@type":"WebPage","@id":"https:\/\/mybestplacestovisit.com\/asia\/","url":"https:\/\/mybestplacestovisit.com\/asia\/","name":"Welkom bij mijn lijst van beste plaatsen om te bezoeken in Azi\u00eb","isPartOf":{"@id":"https:\/\/mybestplacestovisit.com\/it\/#website"},"primaryImageOfPage":{"@id":"https:\/\/mybestplacestovisit.com\/asia\/#primaryimage"},"image":{"@id":"https:\/\/mybestplacestovisit.com\/asia\/#primaryimage"},"thumbnailUrl":"https:\/\/mybestplacestovisit.com\/wp-content\/uploads\/2023\/09\/Blaise-Amok-Sunset-Nusa-Penida-Bali.jpg","datePublished":"2024-11-17T03:09:29+00:00","dateModified":"2026-02-17T17:26:14+00:00","description":"Ontdek de beste bestemmingen, duikspots en reistips in Zuidoost-Azi\u00eb. Verken verborgen parels boven en onder water in mijn Azi\u00eb-blog!","breadcrumb":{"@id":"https:\/\/mybestplacestovisit.com\/asia\/#breadcrumb"},"inLanguage":"nl-NL","potentialAction":[{"@type":"ReadAction","target":["https:\/\/mybestplacestovisit.com\/asia\/"]}]},{"@type":"ImageObject","inLanguage":"nl-NL","@id":"https:\/\/mybestplacestovisit.com\/asia\/#primaryimage","url":"https:\/\/mybestplacestovisit.com\/wp-content\/uploads\/2023\/09\/Blaise-Amok-Sunset-Nusa-Penida-Bali.jpg","contentUrl":"https:\/\/mybestplacestovisit.com\/wp-content\/uploads\/2023\/09\/Blaise-Amok-Sunset-Nusa-Penida-Bali.jpg","width":1920,"height":800,"caption":"Blaise Amok Sunset Nusa Penida Bali"},{"@type":"BreadcrumbList","@id":"https:\/\/mybestplacestovisit.com\/asia\/#breadcrumb","itemListElement":[{"@type":"ListItem","position":1,"name":"Accueil","item":"https:\/\/mybestplacestovisit.com\/id\/"},{"@type":"ListItem","position":2,"name":"Travel in Asia \u2013 Complete Destination Guides &#038; Diving Insights"}]},{"@type":"WebSite","@id":"https:\/\/mybestplacestovisit.com\/it\/#website","url":"https:\/\/mybestplacestovisit.com\/it\/","name":"2026 Travel Blog","description":"Best places to visit","publisher":{"@id":"https:\/\/mybestplacestovisit.com\/it\/#\/schema\/person\/f71ea967bd47a7e7bd4e70c8012e32ca"},"potentialAction":[{"@type":"SearchAction","target":{"@type":"EntryPoint","urlTemplate":"https:\/\/mybestplacestovisit.com\/it\/?s={search_term_string}"},"query-input":{"@type":"PropertyValueSpecification","valueRequired":true,"valueName":"search_term_string"}}],"inLanguage":"nl-NL"},{"@type":["Person","Organization"],"@id":"https:\/\/mybestplacestovisit.com\/it\/#\/schema\/person\/f71ea967bd47a7e7bd4e70c8012e32ca","name":"Blaise","image":{"@type":"ImageObject","inLanguage":"nl-NL","@id":"https:\/\/mybestplacestovisit.com\/wp-content\/uploads\/2023\/09\/Blaise-Amok-Sunset-Nusa-Penida-Bali.jpg","url":"https:\/\/mybestplacestovisit.com\/wp-content\/uploads\/2023\/09\/Blaise-Amok-Sunset-Nusa-Penida-Bali.jpg","contentUrl":"https:\/\/mybestplacestovisit.com\/wp-content\/uploads\/2023\/09\/Blaise-Amok-Sunset-Nusa-Penida-Bali.jpg","width":1920,"height":800,"caption":"Blaise"},"logo":{"@id":"https:\/\/mybestplacestovisit.com\/wp-content\/uploads\/2023\/09\/Blaise-Amok-Sunset-Nusa-Penida-Bali.jpg"},"sameAs":["http:\/\/mybestplacestovisit.com","blaiseparis"]}]}},"uagb_featured_image_src":{"full":["https:\/\/mybestplacestovisit.com\/wp-content\/uploads\/2023\/09\/Blaise-Amok-Sunset-Nusa-Penida-Bali.jpg",1920,800,false],"thumbnail":["https:\/\/mybestplacestovisit.com\/wp-content\/uploads\/2023\/09\/Blaise-Amok-Sunset-Nusa-Penida-Bali-150x150.jpg",150,150,true],"medium":["https:\/\/mybestplacestovisit.com\/wp-content\/uploads\/2023\/09\/Blaise-Amok-Sunset-Nusa-Penida-Bali-300x125.jpg",300,125,true],"medium_large":["https:\/\/mybestplacestovisit.com\/wp-content\/uploads\/2023\/09\/Blaise-Amok-Sunset-Nusa-Penida-Bali-768x320.jpg",768,320,true],"large":["https:\/\/mybestplacestovisit.com\/wp-content\/uploads\/2023\/09\/Blaise-Amok-Sunset-Nusa-Penida-Bali-1024x427.jpg",1024,427,true],"1536x1536":["https:\/\/mybestplacestovisit.com\/wp-content\/uploads\/2023\/09\/Blaise-Amok-Sunset-Nusa-Penida-Bali-1536x640.jpg",1536,640,true],"2048x2048":["https:\/\/mybestplacestovisit.com\/wp-content\/uploads\/2023\/09\/Blaise-Amok-Sunset-Nusa-Penida-Bali.jpg",1920,800,false]},"uagb_author_info":{"display_name":"Blaise","author_link":"https:\/\/mybestplacestovisit.com\/nl\/author\/admin4486\/"},"uagb_comment_info":0,"uagb_excerpt":"Welkom bij mijn beste plaatsen om te bezoeken in Azi\u00eb, Your Gateway to Unforgettable Adventures in Zuidoost-Azi\u00eb. Op Mijn beste plaatsen om te bezoeken in Azi\u00eb brengen we het levendige hart van Zuidoost-Azi\u00eb rechtstreeks naar u toe. Of u nu droomt van de tropische eilanden van Indonesi\u00eb, de culturele rijkdom van Thailand, of het adembenemende&hellip;","_links":{"self":[{"href":"https:\/\/mybestplacestovisit.com\/nl\/wp-json\/wp\/v2\/pages\/301","targetHints":{"allow":["GET"]}}],"collection":[{"href":"https:\/\/mybestplacestovisit.com\/nl\/wp-json\/wp\/v2\/pages"}],"about":[{"href":"https:\/\/mybestplacestovisit.com\/nl\/wp-json\/wp\/v2\/types\/page"}],"author":[{"embeddable":true,"href":"https:\/\/mybestplacestovisit.com\/nl\/wp-json\/wp\/v2\/users\/1"}],"replies":[{"embeddable":true,"href":"https:\/\/mybestplacestovisit.com\/nl\/wp-json\/wp\/v2\/comments?post=301"}],"version-history":[{"count":25,"href":"https:\/\/mybestplacestovisit.com\/nl\/wp-json\/wp\/v2\/pages\/301\/revisions"}],"predecessor-version":[{"id":7107,"href":"https:\/\/mybestplacestovisit.com\/nl\/wp-json\/wp\/v2\/pages\/301\/revisions\/7107"}],"wp:featuredmedia":[{"embeddable":true,"href":"https:\/\/mybestplacestovisit.com\/nl\/wp-json\/wp\/v2\/media\/61"}],"wp:attachment":[{"href":"https:\/\/mybestplacestovisit.com\/nl\/wp-json\/wp\/v2\/media?parent=301"}],"curies":[{"name":"wp","href":"https:\/\/api.w.org\/{rel}","templated":true}]}}