{"id":395,"date":"2024-11-18T02:57:57","date_gmt":"2024-11-18T01:57:57","guid":{"rendered":"https:\/\/mybestplacestovisit.com\/?page_id=395"},"modified":"2026-03-08T09:29:18","modified_gmt":"2026-03-08T08:29:18","slug":"peroulades","status":"publish","type":"page","link":"https:\/\/mybestplacestovisit.com\/ja\/europe\/greece\/corfu\/peroulades","title":{"rendered":"\u30da\u30eb\u30aa\u30e9\u30c7\u30a6\u30b9"},"content":{"rendered":"<?xml encoding=\"UTF-8\"?><div class=\"wp-block-uagb-container uagb-block-c367eb42 alignfull uagb-is-root-container\"><div class=\"uagb-container-inner-blocks-wrap\">\n<div class=\"wp-block-uagb-advanced-heading uagb-block-6f4d3bde\"><h2 class=\"uagb-heading-text\">&#12506;&#12523;&#12458;&#12521;&#12487;&#12454;&#12473;<\/h2><\/div>\n<\/div><\/div><p>&nbsp;<\/p><h2 class=\"wp-block-heading\">Peroulades&#12398;&#22580;&#25152;<\/h2><p>&#12506;&#12523;&#12458;&#12524;&#12540;&#12489;&#12399;&#21271;&#26481;&#12398;&#35282;&#12395;&#12354;&#12426;&#12414;&#12377; <a href=\"https:\/\/mybestplacestovisit.com\/europe\/greece\/corfu\/\">&#12467;&#12523;&#12501;&#23798;<\/a>Acharavi &#12363;&#12425; 20 &#20998;&#12289;Sidari &#12363;&#12425; 20 &#20998;&#12290; &#36554;&#12434;&#12489;&#12525;&#12483;&#12503;&#12391;&#12365;&#12427;&#24195;&#22823;&#12394;&#39376;&#36554;&#22580;&#12364;&#12354;&#12426;&#12414;&#12377;&#12290; &#23567;&#12373;&#12394;&#38542;&#27573;&#12391;&#12499;&#12540;&#12481;&#12395;&#30528;&#12367;&#12398;&#12399;&#12392;&#12390;&#12418;&#31777;&#21336;&#12391;&#12377;&#12290;<\/p><h2 class=\"wp-block-heading\" id=\"h-peroulades-beach\">Peroulades &#12499;&#12540;&#12481;<\/h2><p>&#12525;&#12473;&#12499;&#12540;&#12481;&#12392;&#12418;&#21628;&#12400;&#12428;&#12427;&#12509;&#12525;&#12524;&#12540;&#12489;&#12499;&#12540;&#12481;&#12418;&#22823;&#12365;&#12367;&#12394;&#12426;&#12414;&#12375;&#12383;&#12290; &#21476;&#12356;&#24195;&#21578;&#12496;&#12490;&#12540;&#12399;&#12289;&#12487;&#12483;&#12461;&#12481;&#12455;&#12450;&#12392;&#12497;&#12521;&#12477;&#12523;&#12418;&#34920;&#31034;&#12373;&#12428;&#12414;&#12377;&#12290; &#12375;&#12363;&#12375;&#12289;&#24444;&#12425;&#12399;&#38263;&#12356;&#38291;&#28040;&#12360;&#12390;&#12356;&#12414;&#12377;! &#12381;&#12428;&#12363;&#12425;&#12289;&#28023;&#12399;&#12377;&#12409;&#12390;&#12398;&#12473;&#12506;&#12540;&#12473;&#12434;&#20055;&#12426;&#36234;&#12360;&#12289;&#12499;&#12540;&#12481;&#12399;&#20170;&#38750;&#24120;&#12395;&#29421;&#12356;&#12391;&#12377;&#12290;<\/p><p>30&#12513;&#12540;&#12488;&#12523;&#12398;&#39640;&#12373;&#12398;&#23830;&#12398;&#27178;&#12395;&#27891;&#12368;&#12398;&#12399;&#12289;&#12394;&#12435;&#12392;&#12363;&#21360;&#35937;&#30340;&#12391;&#12377;&#12290;<\/p><figure class=\"wp-block-image size-full\"><img loading=\"lazy\" decoding=\"async\" width=\"1024\" height=\"768\" src=\"https:\/\/mybestplacestovisit.com\/wp-content\/uploads\/2025\/05\/Best-Holidays-to-Corfu-Greece-Peroulades-cliff.jpg\" alt=\"Best Holidays to Corfu Greece Peroulades cliff\" class=\"wp-image-4064\" srcset=\"https:\/\/mybestplacestovisit.com\/wp-content\/uploads\/2025\/05\/Best-Holidays-to-Corfu-Greece-Peroulades-cliff.jpg 1024w, https:\/\/mybestplacestovisit.com\/wp-content\/uploads\/2025\/05\/Best-Holidays-to-Corfu-Greece-Peroulades-cliff-300x225.jpg 300w, https:\/\/mybestplacestovisit.com\/wp-content\/uploads\/2025\/05\/Best-Holidays-to-Corfu-Greece-Peroulades-cliff-768x576.jpg 768w\" sizes=\"auto, (max-width: 1024px) 100vw, 1024px\" \/><figcaption class=\"wp-element-caption\">Peroulades &#23830;<\/figcaption><\/figure><h2 class=\"wp-block-heading\">7th &#12504;&#12502;&#12531;<\/h2><p>7&#26085; &#22825;&#22269;&#12399;&#12289;&#29305;&#12395;&#26085;&#27809;&#26178;&#12395;&#32032;&#26228;&#12425;&#12375;&#12356;&#26223;&#33394;&#12434;&#26395;&#12416;&#32032;&#25973;&#12394;&#12496;&#12540;&#12392;&#12524;&#12473;&#12488;&#12521;&#12531;&#12391;&#12377;&#12290; &#39640;&#12373;&#12434;&#24656;&#12428;&#12390;&#12356;&#12394;&#12356;&#22580;&#21512;&#12399;&#12289;&#19979;&#12398;30&#12513;&#12540;&#12488;&#12523;&#28023;&#12434;&#30522;&#12417;&#12427;&#12371;&#12392;&#12364;&#12391;&#12365;&#12427;&#23567;&#12373;&#12394;&#12503;&#12521;&#12483;&#12488;&#12501;&#12457;&#12540;&#12512;&#12395;&#31435;&#12388;&#12371;&#12392;&#12364;&#12391;&#12365;&#12414;&#12377;&#12290; &#31354;&#27671;&#12434;&#27497;&#12356;&#12390;&#12415;&#12383;&#12356;! &#12459;&#12463;&#12486;&#12523;&#12399;&#12363;&#12394;&#12426;&#33391;&#12363;&#12387;&#12383;&#12391;&#12377;&#12290;<\/p><figure class=\"wp-block-image size-full\"><img loading=\"lazy\" decoding=\"async\" width=\"1024\" height=\"768\" src=\"https:\/\/mybestplacestovisit.com\/wp-content\/uploads\/2025\/05\/Best-Holidays-to-Corfu-Greece-7-heaven.jpg\" alt=\"Best Holidays to Corfu Greece 7 heaven\" class=\"wp-image-4065\" srcset=\"https:\/\/mybestplacestovisit.com\/wp-content\/uploads\/2025\/05\/Best-Holidays-to-Corfu-Greece-7-heaven.jpg 1024w, https:\/\/mybestplacestovisit.com\/wp-content\/uploads\/2025\/05\/Best-Holidays-to-Corfu-Greece-7-heaven-300x225.jpg 300w, https:\/\/mybestplacestovisit.com\/wp-content\/uploads\/2025\/05\/Best-Holidays-to-Corfu-Greece-7-heaven-768x576.jpg 768w\" sizes=\"auto, (max-width: 1024px) 100vw, 1024px\" \/><figcaption class=\"wp-element-caption\">7 &#22825;&#22269;<\/figcaption><\/figure><h2 class=\"wp-block-heading\">&#12461;&#12515;&#12490;&#12523;&#12480;&#12514;&#12450;<\/h2><p>&#20253;&#35500;&#12395;&#12424;&#12427;&#12392;&#12289;&#12501;&#12521;&#12531;&#12473;&#12398;&#12459;&#12483;&#12503;&#12523;&#12399;&#12289;&#22580;&#25152;&#12398;&#39749;&#21147;&#12398;&#19979;&#12395;&#33853;&#12385;&#12414;&#12375;&#12383;&#12290; &#12362;&#20114;&#12356;&#12398;&#27704;&#36960;&#12398;&#24859;&#12434;&#32004;&#26463;&#12377;&#12427;&#12290; &#12371;&#12398;&#20253;&#35500;&#12398;&#24460;&#12395;&#12459;&#12490;&#12523;&#12539;&#12489;&#12514;&#12450;&#12392;&#12356;&#12358;&#21517;&#12391;&#21517;&#20184;&#12369;&#12425;&#12428;&#12414;&#12375;&#12383;&#12290; &#19968;&#20154;&#12391;&#12356;&#12427;&#12394;&#12425;&#12289;&#12381;&#12371;&#12395;&#27891;&#12356;&#12391;&#12289;&#27425;&#12398;&#24180;&#12391;&#32080;&#23130;&#12375;&#12414;&#12377;!<\/p><p>&#35370;&#12428;&#12427;&#12398;&#12399;&#33391;&#12356;&#22580;&#25152;&#12391;&#12377;&#12364;&#12289;&#12495;&#12452;&#12471;&#12540;&#12474;&#12531;&#20013;&#12399;&#28151;&#38609;&#12375;&#12377;&#12366;&#12414;&#12379;&#12435;&#12290;<\/p><figure class=\"wp-block-image size-full\"><img loading=\"lazy\" decoding=\"async\" width=\"1024\" height=\"768\" src=\"https:\/\/mybestplacestovisit.com\/wp-content\/uploads\/2025\/05\/Best-Holidays-to-Corfu-Greece-canal-damour-sidari.jpg\" alt=\"Best Holidays to Corfu Greece canal d'amour sidari\" class=\"wp-image-4066\" srcset=\"https:\/\/mybestplacestovisit.com\/wp-content\/uploads\/2025\/05\/Best-Holidays-to-Corfu-Greece-canal-damour-sidari.jpg 1024w, https:\/\/mybestplacestovisit.com\/wp-content\/uploads\/2025\/05\/Best-Holidays-to-Corfu-Greece-canal-damour-sidari-300x225.jpg 300w, https:\/\/mybestplacestovisit.com\/wp-content\/uploads\/2025\/05\/Best-Holidays-to-Corfu-Greece-canal-damour-sidari-768x576.jpg 768w\" sizes=\"auto, (max-width: 1024px) 100vw, 1024px\" \/><figcaption class=\"wp-element-caption\">&#12461;&#12515;&#12490;&#12523;&#12480;&#12514;&#12450; &#12471;&#12480;&#12522;<\/figcaption><\/figure>","protected":false},"excerpt":{"rendered":"<p>\u30da\u30eb\u30ef\u30ec\u30fc\u30c9\u306f\u3001\u305d\u306e\u5370\u8c61\u7684\u306a\u5d16\u3067\u6700\u3082\u6709\u540d\u3067\u3059\u3002 \u30ed\u30b8\u30b9\u30d3\u30fc\u30c1\u3092\u697d\u3057\u3093\u3060\u308a\u30017\u756a\u76ee\u306e\u5929\u56fd\u30d0\u30fc\u3067\u5915\u66ae\u308c\u6642\u306b\u30c9\u30ea\u30f3\u30af\u3092\u98f2\u307f\u307e\u3057\u3087\u3046!<\/p>\n","protected":false},"author":1,"featured_media":30,"parent":342,"menu_order":0,"comment_status":"open","ping_status":"closed","template":"","meta":{"_uag_custom_page_level_css":"","site-sidebar-layout":"default","site-content-layout":"","ast-site-content-layout":"default","site-content-style":"default","site-sidebar-style":"default","ast-global-header-display":"","ast-banner-title-visibility":"","ast-main-header-display":"","ast-hfb-above-header-display":"","ast-hfb-below-header-display":"","ast-hfb-mobile-header-display":"","site-post-title":"disabled","ast-breadcrumbs-content":"","ast-featured-img":"disabled","footer-sml-layout":"","ast-disable-related-posts":"","theme-transparent-header-meta":"","adv-header-id-meta":"","stick-header-meta":"","header-above-stick-meta":"","header-main-stick-meta":"","header-below-stick-meta":"","astra-migrate-meta-layouts":"set","ast-page-background-enabled":"default","ast-page-background-meta":{"desktop":{"background-color":"","background-image":"","background-repeat":"repeat","background-position":"center center","background-size":"auto","background-attachment":"scroll","background-type":"","background-media":"","overlay-type":"","overlay-color":"","overlay-opacity":"","overlay-gradient":""},"tablet":{"background-color":"","background-image":"","background-repeat":"repeat","background-position":"center center","background-size":"auto","background-attachment":"scroll","background-type":"","background-media":"","overlay-type":"","overlay-color":"","overlay-opacity":"","overlay-gradient":""},"mobile":{"background-color":"","background-image":"","background-repeat":"repeat","background-position":"center center","background-size":"auto","background-attachment":"scroll","background-type":"","background-media":"","overlay-type":"","overlay-color":"","overlay-opacity":"","overlay-gradient":""}},"ast-content-background-meta":{"desktop":{"background-color":"var(--ast-global-color-5)","background-image":"","background-repeat":"repeat","background-position":"center center","background-size":"auto","background-attachment":"scroll","background-type":"","background-media":"","overlay-type":"","overlay-color":"","overlay-opacity":"","overlay-gradient":""},"tablet":{"background-color":"var(--ast-global-color-5)","background-image":"","background-repeat":"repeat","background-position":"center center","background-size":"auto","background-attachment":"scroll","background-type":"","background-media":"","overlay-type":"","overlay-color":"","overlay-opacity":"","overlay-gradient":""},"mobile":{"background-color":"var(--ast-global-color-5)","background-image":"","background-repeat":"repeat","background-position":"center center","background-size":"auto","background-attachment":"scroll","background-type":"","background-media":"","overlay-type":"","overlay-color":"","overlay-opacity":"","overlay-gradient":""}},"footnotes":""},"class_list":["post-395","page","type-page","status-publish","has-post-thumbnail","hentry"],"yoast_head":"<!-- This site is optimized with the Yoast SEO Premium plugin v27.2 (Yoast SEO v27.3) - https:\/\/yoast.com\/product\/yoast-seo-premium-wordpress\/ -->\n<title>\u30da\u30eb\u30aa\u30e9\u30c7\u30a6\u30b9<\/title>\n<meta name=\"description\" content=\"Peroulades is most famous for its impressive cliffs. Enjoy Logas beach and have a drink at sunset at the 7th heaven bar !\" \/>\n<meta name=\"robots\" content=\"index, follow, max-snippet:-1, max-image-preview:large, max-video-preview:-1\" \/>\n<link rel=\"canonical\" href=\"https:\/\/mybestplacestovisit.com\/ja\/peroulades\" \/>\n<meta property=\"og:locale\" content=\"ja_JP\" \/>\n<meta property=\"og:locale:alternate\" content=\"en_US\" \/>\n<meta property=\"og:locale:alternate\" content=\"de_DE\" \/>\n<meta property=\"og:locale:alternate\" content=\"es_ES\" \/>\n<meta property=\"og:locale:alternate\" content=\"fr_FR\" \/>\n<meta property=\"og:locale:alternate\" content=\"it_IT\" \/>\n<meta property=\"og:locale:alternate\" content=\"nl_NL\" \/>\n<meta property=\"og:locale:alternate\" content=\"pt_br\" \/>\n<meta property=\"og:locale:alternate\" content=\"id_id\" \/>\n<meta property=\"og:locale:alternate\" content=\"zh_CN\" \/>\n<meta property=\"og:type\" content=\"article\" \/>\n<meta property=\"og:title\" content=\"\u30da\u30eb\u30aa\u30e9\u30c7\u30a6\u30b9\" \/>\n<meta property=\"og:description\" content=\"Peroulades is most famous for its impressive cliffs. Enjoy Logas beach and have a drink at sunset at the 7th heaven bar !\" \/>\n<meta property=\"og:url\" content=\"https:\/\/mybestplacestovisit.com\/ja\/europe\/greece\/corfu\/peroulades\/\" \/>\n<meta property=\"og:site_name\" content=\"2026 Travel Blog\" \/>\n<meta property=\"article:modified_time\" content=\"2026-03-08T08:29:18+00:00\" \/>\n<meta property=\"og:image\" content=\"https:\/\/mybestplacestovisit.com\/wp-content\/uploads\/2023\/09\/Best-Holidays-to-Corfu-Greece-Peroulades-Logas-beach.jpg\" \/>\n\t<meta property=\"og:image:width\" content=\"1024\" \/>\n\t<meta property=\"og:image:height\" content=\"768\" \/>\n\t<meta property=\"og:image:type\" content=\"image\/jpeg\" \/>\n<meta name=\"twitter:card\" content=\"summary_large_image\" \/>\n<meta name=\"twitter:label1\" content=\"\u63a8\u5b9a\u8aad\u307f\u53d6\u308a\u6642\u9593\" \/>\n\t<meta name=\"twitter:data1\" content=\"2\u5206\" \/>\n<script type=\"application\/ld+json\" class=\"yoast-schema-graph\">{\"@context\":\"https:\\\/\\\/schema.org\",\"@graph\":[{\"@type\":\"WebPage\",\"@id\":\"https:\\\/\\\/mybestplacestovisit.com\\\/fr\\\/europe\\\/grece\\\/corfou\\\/peroulades\\\/\",\"url\":\"https:\\\/\\\/mybestplacestovisit.com\\\/fr\\\/europe\\\/grece\\\/corfou\\\/peroulades\\\/\",\"name\":\"\u30da\u30eb\u30aa\u30e9\u30c7\u30a6\u30b9\",\"isPartOf\":{\"@id\":\"https:\\\/\\\/mybestplacestovisit.com\\\/it\\\/#website\"},\"primaryImageOfPage\":{\"@id\":\"https:\\\/\\\/mybestplacestovisit.com\\\/fr\\\/europe\\\/grece\\\/corfou\\\/peroulades\\\/#primaryimage\"},\"image\":{\"@id\":\"https:\\\/\\\/mybestplacestovisit.com\\\/fr\\\/europe\\\/grece\\\/corfou\\\/peroulades\\\/#primaryimage\"},\"thumbnailUrl\":\"https:\\\/\\\/mybestplacestovisit.com\\\/wp-content\\\/uploads\\\/2023\\\/09\\\/Best-Holidays-to-Corfu-Greece-Peroulades-Logas-beach.jpg\",\"datePublished\":\"2024-11-18T01:57:57+00:00\",\"dateModified\":\"2026-03-08T08:29:18+00:00\",\"description\":\"Peroulades is most famous for its impressive cliffs. Enjoy Logas beach and have a drink at sunset at the 7th heaven bar !\",\"breadcrumb\":{\"@id\":\"https:\\\/\\\/mybestplacestovisit.com\\\/fr\\\/europe\\\/grece\\\/corfou\\\/peroulades\\\/#breadcrumb\"},\"inLanguage\":\"ja\",\"potentialAction\":[{\"@type\":\"ReadAction\",\"target\":[\"https:\\\/\\\/mybestplacestovisit.com\\\/fr\\\/europe\\\/grece\\\/corfou\\\/peroulades\\\/\"]}]},{\"@type\":\"ImageObject\",\"inLanguage\":\"ja\",\"@id\":\"https:\\\/\\\/mybestplacestovisit.com\\\/fr\\\/europe\\\/grece\\\/corfou\\\/peroulades\\\/#primaryimage\",\"url\":\"https:\\\/\\\/mybestplacestovisit.com\\\/wp-content\\\/uploads\\\/2023\\\/09\\\/Best-Holidays-to-Corfu-Greece-Peroulades-Logas-beach.jpg\",\"contentUrl\":\"https:\\\/\\\/mybestplacestovisit.com\\\/wp-content\\\/uploads\\\/2023\\\/09\\\/Best-Holidays-to-Corfu-Greece-Peroulades-Logas-beach.jpg\",\"width\":1024,\"height\":768,\"caption\":\"Peroulades\"},{\"@type\":\"BreadcrumbList\",\"@id\":\"https:\\\/\\\/mybestplacestovisit.com\\\/fr\\\/europe\\\/grece\\\/corfou\\\/peroulades\\\/#breadcrumb\",\"itemListElement\":[{\"@type\":\"ListItem\",\"position\":1,\"name\":\"Accueil\",\"item\":\"https:\\\/\\\/mybestplacestovisit.com\\\/id\\\/\"},{\"@type\":\"ListItem\",\"position\":2,\"name\":\"Europe Travel Guide \u2013 Best Destinations\",\"item\":\"https:\\\/\\\/mybestplacestovisit.com\\\/europe\\\/\"},{\"@type\":\"ListItem\",\"position\":3,\"name\":\"Travel to Greece: A Guide from a Lifelong Enthusiast\",\"item\":\"https:\\\/\\\/mybestplacestovisit.com\\\/europe\\\/greece\\\/\"},{\"@type\":\"ListItem\",\"position\":4,\"name\":\"Corfou : guide complet pour visiter l\u2019\u00eele\",\"item\":\"https:\\\/\\\/mybestplacestovisit.com\\\/fr\\\/europe\\\/grece\\\/corfou\\\/\"},{\"@type\":\"ListItem\",\"position\":5,\"name\":\"Peroulades\"}]},{\"@type\":\"WebSite\",\"@id\":\"https:\\\/\\\/mybestplacestovisit.com\\\/it\\\/#website\",\"url\":\"https:\\\/\\\/mybestplacestovisit.com\\\/it\\\/\",\"name\":\"2026 Travel Blog\",\"description\":\"Best places to visit\",\"publisher\":{\"@id\":\"https:\\\/\\\/mybestplacestovisit.com\\\/it\\\/#\\\/schema\\\/person\\\/f71ea967bd47a7e7bd4e70c8012e32ca\"},\"potentialAction\":[{\"@type\":\"SearchAction\",\"target\":{\"@type\":\"EntryPoint\",\"urlTemplate\":\"https:\\\/\\\/mybestplacestovisit.com\\\/it\\\/?s={search_term_string}\"},\"query-input\":{\"@type\":\"PropertyValueSpecification\",\"valueRequired\":true,\"valueName\":\"search_term_string\"}}],\"inLanguage\":\"ja\"},{\"@type\":[\"Person\",\"Organization\"],\"@id\":\"https:\\\/\\\/mybestplacestovisit.com\\\/it\\\/#\\\/schema\\\/person\\\/f71ea967bd47a7e7bd4e70c8012e32ca\",\"name\":\"Blaise\",\"image\":{\"@type\":\"ImageObject\",\"inLanguage\":\"ja\",\"@id\":\"https:\\\/\\\/mybestplacestovisit.com\\\/wp-content\\\/uploads\\\/2023\\\/09\\\/Blaise-Amok-Sunset-Nusa-Penida-Bali.jpg\",\"url\":\"https:\\\/\\\/mybestplacestovisit.com\\\/wp-content\\\/uploads\\\/2023\\\/09\\\/Blaise-Amok-Sunset-Nusa-Penida-Bali.jpg\",\"contentUrl\":\"https:\\\/\\\/mybestplacestovisit.com\\\/wp-content\\\/uploads\\\/2023\\\/09\\\/Blaise-Amok-Sunset-Nusa-Penida-Bali.jpg\",\"width\":1920,\"height\":800,\"caption\":\"Blaise\"},\"logo\":{\"@id\":\"https:\\\/\\\/mybestplacestovisit.com\\\/wp-content\\\/uploads\\\/2023\\\/09\\\/Blaise-Amok-Sunset-Nusa-Penida-Bali.jpg\"},\"sameAs\":[\"http:\\\/\\\/mybestplacestovisit.com\",\"blaiseparis\"]}]}<\/script>\n<!-- \/ Yoast SEO Premium plugin. -->","yoast_head_json":{"title":"\u30da\u30eb\u30aa\u30e9\u30c7\u30a6\u30b9","description":"Peroulades is most famous for its impressive cliffs. Enjoy Logas beach and have a drink at sunset at the 7th heaven bar !","robots":{"index":"index","follow":"follow","max-snippet":"max-snippet:-1","max-image-preview":"max-image-preview:large","max-video-preview":"max-video-preview:-1"},"canonical":"https:\/\/mybestplacestovisit.com\/ja\/peroulades","og_locale":"ja_JP","og_type":"article","og_title":"[:en]Peroulades[:de]Peroulades[:es]Peroulades[:fr]Peroulades[:it]Peroulades[:nl]Peroulades[:pt]Peroulades[:id]Peroulades[:zh]\u7ea2\u5b9d\u77f3[:ja]\u30da\u30eb\u30aa\u30e9\u30c7\u30a6\u30b9[:]","og_description":"[:en]Peroulades is most famous for its impressive cliffs. Enjoy Logas beach and have a drink at sunset at the 7th heaven bar ![:de]Peroulades ist bekannt f\u00fcr seine beeindruckenden Klippen. Genie\u00dfen Sie den Logas-Strand und einen Drink im 7th Heaven Bar![:es]Peroulades es m\u00e1s famoso por sus impresionantes acantilados. \u00a1Disfruta de la playa de Logas y toma una copa en el bar 7th Heaven![:fr]Peroulades est connue pour ses impressionnantes falaises. Profitez de la plage de Logas et prenez un verre au coucher du soleil au 7eme ciel![:it]Peroulades \u00e8 celebre per le sue scogliere spettacolari. Rilassati a Logas Beach e gusta un drink al tramonto al bar Settimo Cielo![:nl]Peroulades staat bekend om zijn indrukwekkende kliffen. Ontspan op Logas Beach en geniet van de zonsondergang bij de 7th Heaven Bar![:pt]Peroulades \u00e9 famosa por suas impressionantes fal\u00e9sias. Curta a praia de Logas e aproveite um drinque no p\u00f4r do sol no bar 7th Heaven![:]","og_url":"https:\/\/mybestplacestovisit.com\/ja\/europe\/greece\/corfu\/peroulades\/","og_site_name":"2026 Travel Blog","article_modified_time":"2026-03-08T08:29:18+00:00","og_image":[{"width":1024,"height":768,"url":"https:\/\/mybestplacestovisit.com\/wp-content\/uploads\/2023\/09\/Best-Holidays-to-Corfu-Greece-Peroulades-Logas-beach.jpg","type":"image\/jpeg"}],"twitter_card":"summary_large_image","twitter_misc":{"\u63a8\u5b9a\u8aad\u307f\u53d6\u308a\u6642\u9593":"2\u5206"},"schema":{"@context":"https:\/\/schema.org","@graph":[{"@type":"WebPage","@id":"https:\/\/mybestplacestovisit.com\/fr\/europe\/grece\/corfou\/peroulades\/","url":"https:\/\/mybestplacestovisit.com\/fr\/europe\/grece\/corfou\/peroulades\/","name":"\u30da\u30eb\u30aa\u30e9\u30c7\u30a6\u30b9","isPartOf":{"@id":"https:\/\/mybestplacestovisit.com\/it\/#website"},"primaryImageOfPage":{"@id":"https:\/\/mybestplacestovisit.com\/fr\/europe\/grece\/corfou\/peroulades\/#primaryimage"},"image":{"@id":"https:\/\/mybestplacestovisit.com\/fr\/europe\/grece\/corfou\/peroulades\/#primaryimage"},"thumbnailUrl":"https:\/\/mybestplacestovisit.com\/wp-content\/uploads\/2023\/09\/Best-Holidays-to-Corfu-Greece-Peroulades-Logas-beach.jpg","datePublished":"2024-11-18T01:57:57+00:00","dateModified":"2026-03-08T08:29:18+00:00","description":"Peroulades is most famous for its impressive cliffs. Enjoy Logas beach and have a drink at sunset at the 7th heaven bar !","breadcrumb":{"@id":"https:\/\/mybestplacestovisit.com\/fr\/europe\/grece\/corfou\/peroulades\/#breadcrumb"},"inLanguage":"ja","potentialAction":[{"@type":"ReadAction","target":["https:\/\/mybestplacestovisit.com\/fr\/europe\/grece\/corfou\/peroulades\/"]}]},{"@type":"ImageObject","inLanguage":"ja","@id":"https:\/\/mybestplacestovisit.com\/fr\/europe\/grece\/corfou\/peroulades\/#primaryimage","url":"https:\/\/mybestplacestovisit.com\/wp-content\/uploads\/2023\/09\/Best-Holidays-to-Corfu-Greece-Peroulades-Logas-beach.jpg","contentUrl":"https:\/\/mybestplacestovisit.com\/wp-content\/uploads\/2023\/09\/Best-Holidays-to-Corfu-Greece-Peroulades-Logas-beach.jpg","width":1024,"height":768,"caption":"Peroulades"},{"@type":"BreadcrumbList","@id":"https:\/\/mybestplacestovisit.com\/fr\/europe\/grece\/corfou\/peroulades\/#breadcrumb","itemListElement":[{"@type":"ListItem","position":1,"name":"Accueil","item":"https:\/\/mybestplacestovisit.com\/id\/"},{"@type":"ListItem","position":2,"name":"Europe Travel Guide \u2013 Best Destinations","item":"https:\/\/mybestplacestovisit.com\/europe\/"},{"@type":"ListItem","position":3,"name":"Travel to Greece: A Guide from a Lifelong Enthusiast","item":"https:\/\/mybestplacestovisit.com\/europe\/greece\/"},{"@type":"ListItem","position":4,"name":"Corfou : guide complet pour visiter l\u2019\u00eele","item":"https:\/\/mybestplacestovisit.com\/fr\/europe\/grece\/corfou\/"},{"@type":"ListItem","position":5,"name":"Peroulades"}]},{"@type":"WebSite","@id":"https:\/\/mybestplacestovisit.com\/it\/#website","url":"https:\/\/mybestplacestovisit.com\/it\/","name":"2026 Travel Blog","description":"Best places to visit","publisher":{"@id":"https:\/\/mybestplacestovisit.com\/it\/#\/schema\/person\/f71ea967bd47a7e7bd4e70c8012e32ca"},"potentialAction":[{"@type":"SearchAction","target":{"@type":"EntryPoint","urlTemplate":"https:\/\/mybestplacestovisit.com\/it\/?s={search_term_string}"},"query-input":{"@type":"PropertyValueSpecification","valueRequired":true,"valueName":"search_term_string"}}],"inLanguage":"ja"},{"@type":["Person","Organization"],"@id":"https:\/\/mybestplacestovisit.com\/it\/#\/schema\/person\/f71ea967bd47a7e7bd4e70c8012e32ca","name":"Blaise","image":{"@type":"ImageObject","inLanguage":"ja","@id":"https:\/\/mybestplacestovisit.com\/wp-content\/uploads\/2023\/09\/Blaise-Amok-Sunset-Nusa-Penida-Bali.jpg","url":"https:\/\/mybestplacestovisit.com\/wp-content\/uploads\/2023\/09\/Blaise-Amok-Sunset-Nusa-Penida-Bali.jpg","contentUrl":"https:\/\/mybestplacestovisit.com\/wp-content\/uploads\/2023\/09\/Blaise-Amok-Sunset-Nusa-Penida-Bali.jpg","width":1920,"height":800,"caption":"Blaise"},"logo":{"@id":"https:\/\/mybestplacestovisit.com\/wp-content\/uploads\/2023\/09\/Blaise-Amok-Sunset-Nusa-Penida-Bali.jpg"},"sameAs":["http:\/\/mybestplacestovisit.com","blaiseparis"]}]}},"uagb_featured_image_src":{"full":["https:\/\/mybestplacestovisit.com\/wp-content\/uploads\/2023\/09\/Best-Holidays-to-Corfu-Greece-Peroulades-Logas-beach.jpg",1024,768,false],"thumbnail":["https:\/\/mybestplacestovisit.com\/wp-content\/uploads\/2023\/09\/Best-Holidays-to-Corfu-Greece-Peroulades-Logas-beach-150x150.jpg",150,150,true],"medium":["https:\/\/mybestplacestovisit.com\/wp-content\/uploads\/2023\/09\/Best-Holidays-to-Corfu-Greece-Peroulades-Logas-beach-300x225.jpg",300,225,true],"medium_large":["https:\/\/mybestplacestovisit.com\/wp-content\/uploads\/2023\/09\/Best-Holidays-to-Corfu-Greece-Peroulades-Logas-beach-768x576.jpg",768,576,true],"large":["https:\/\/mybestplacestovisit.com\/wp-content\/uploads\/2023\/09\/Best-Holidays-to-Corfu-Greece-Peroulades-Logas-beach.jpg",1024,768,false],"1536x1536":["https:\/\/mybestplacestovisit.com\/wp-content\/uploads\/2023\/09\/Best-Holidays-to-Corfu-Greece-Peroulades-Logas-beach.jpg",1024,768,false],"2048x2048":["https:\/\/mybestplacestovisit.com\/wp-content\/uploads\/2023\/09\/Best-Holidays-to-Corfu-Greece-Peroulades-Logas-beach.jpg",1024,768,false]},"uagb_author_info":{"display_name":"Blaise","author_link":"https:\/\/mybestplacestovisit.com\/ja\/author\/admin4486\/"},"uagb_comment_info":0,"uagb_excerpt":"\u30da\u30eb\u30ef\u30ec\u30fc\u30c9\u306f\u3001\u305d\u306e\u5370\u8c61\u7684\u306a\u5d16\u3067\u6700\u3082\u6709\u540d\u3067\u3059\u3002 \u30ed\u30b8\u30b9\u30d3\u30fc\u30c1\u3092\u697d\u3057\u3093\u3060\u308a\u30017\u756a\u76ee\u306e\u5929\u56fd\u30d0\u30fc\u3067\u5915\u66ae\u308c\u6642\u306b\u30c9\u30ea\u30f3\u30af&hellip;","_links":{"self":[{"href":"https:\/\/mybestplacestovisit.com\/ja\/wp-json\/wp\/v2\/pages\/395","targetHints":{"allow":["GET"]}}],"collection":[{"href":"https:\/\/mybestplacestovisit.com\/ja\/wp-json\/wp\/v2\/pages"}],"about":[{"href":"https:\/\/mybestplacestovisit.com\/ja\/wp-json\/wp\/v2\/types\/page"}],"author":[{"embeddable":true,"href":"https:\/\/mybestplacestovisit.com\/ja\/wp-json\/wp\/v2\/users\/1"}],"replies":[{"embeddable":true,"href":"https:\/\/mybestplacestovisit.com\/ja\/wp-json\/wp\/v2\/comments?post=395"}],"version-history":[{"count":21,"href":"https:\/\/mybestplacestovisit.com\/ja\/wp-json\/wp\/v2\/pages\/395\/revisions"}],"predecessor-version":[{"id":7362,"href":"https:\/\/mybestplacestovisit.com\/ja\/wp-json\/wp\/v2\/pages\/395\/revisions\/7362"}],"up":[{"embeddable":true,"href":"https:\/\/mybestplacestovisit.com\/ja\/wp-json\/wp\/v2\/pages\/342"}],"wp:featuredmedia":[{"embeddable":true,"href":"https:\/\/mybestplacestovisit.com\/ja\/wp-json\/wp\/v2\/media\/30"}],"wp:attachment":[{"href":"https:\/\/mybestplacestovisit.com\/ja\/wp-json\/wp\/v2\/media?parent=395"}],"curies":[{"name":"wp","href":"https:\/\/api.w.org\/{rel}","templated":true}]}}