{"id":7100,"date":"2026-02-17T18:18:07","date_gmt":"2026-02-17T17:18:07","guid":{"rendered":"https:\/\/mybestplacestovisit.com\/?page_id=7100"},"modified":"2026-04-08T15:24:12","modified_gmt":"2026-04-08T13:24:12","slug":"destinazioni","status":"publish","type":"page","link":"https:\/\/mybestplacestovisit.com\/it\/destinazioni\/","title":{"rendered":"Destinazioni \u2013 Scopri i Migliori Luoghi da Visitare nel Mondo"},"content":{"rendered":"\n<p>Benvenuto nell\u2019hub delle destinazioni di <strong>My Best Places to Visit<\/strong>.<br>Questa pagina riunisce tutti i paesi, le regioni e le citt\u00e0 trattati sul sito, organizzati per continente per aiutarti a pianificare il tuo prossimo viaggio in modo pi\u00f9 semplice.<\/p>\n\n\n\n<p>Dalle isole tropicali del Sud-Est Asiatico alle capitali culturali d\u2019Europa, troverai guide di viaggio curate sulla base di esperienze dirette, consigli pratici e raccomandazioni locali.<\/p>\n\n\n\n<hr class=\"wp-block-separator has-alpha-channel-opacity\"\/>\n\n\n\n<h2 class=\"wp-block-heading\" id=\"h-guide-di-viaggio-in-asia\">\ud83c\udf0f Guide di Viaggio in Asia<\/h2>\n\n\n\n<p>L\u2019Asia \u00e8 una delle regioni pi\u00f9 diverse al mondo, con citt\u00e0 vibranti, templi antichi, isole tropicali e destinazioni di immersione di livello mondiale.<\/p>\n\n\n\n<p>Esplora la nostra <strong><a href=\"https:\/\/mybestplacestovisit.com\/it\/asia\/\">guida completa sull\u2019Asia<\/a><\/strong>, che include:<\/p>\n\n\n\n<h3 class=\"wp-block-heading\" id=\"h-indonesia\">\ud83c\uddee\ud83c\udde9 Indonesia<\/h3>\n\n\n\n<p>Scopri Bali, Nusa Penida, Komodo e molto altro nella nostra <strong><a href=\"https:\/\/mybestplacestovisit.com\/it\/asia\/indonesia\/\">guida di viaggio sull\u2019Indonesia<\/a><\/strong>.<\/p>\n\n\n\n<h3 class=\"wp-block-heading\" id=\"h-thailandia\">\ud83c\uddf9\ud83c\udded Thailandia<\/h3>\n\n\n\n<p>Templi, spiagge e isole paradisiache nella nostra <strong><a href=\"https:\/\/mybestplacestovisit.com\/it\/asia\/thailandia\/\">guida di viaggio sulla Thailandia<\/a><\/strong>.<\/p>\n\n\n\n<h3 class=\"wp-block-heading\" id=\"h-vietnam\">\ud83c\uddfb\ud83c\uddf3 Vietnam<\/h3>\n\n\n\n<p>Dalla Baia di Halong a Hoi An e alle montagne di Sapa, esplora cultura, paesaggi e cucina nella nostra <strong><a href=\"https:\/\/mybestplacestovisit.com\/it\/asia\/vietnam\/\">guida di viaggio sul Vietnam<\/a><\/strong>.<\/p>\n\n\n\n<h3 class=\"wp-block-heading\" id=\"h-angkor-cambogia\">\ud83c\uddf0\ud83c\udded Angkor (Cambogia)<\/h3>\n\n\n\n<p>Scopri i templi di Angkor Wat e l\u2019eredit\u00e0 Khmer nella nostra <strong><a href=\"https:\/\/mybestplacestovisit.com\/it\/asia\/angkor\/\">guida dedicata ad Angkor<\/a><\/strong>.<\/p>\n\n\n\n<h3 class=\"wp-block-heading\" id=\"h-singapore\">\ud83c\uddf8\ud83c\uddec Singapore<\/h3>\n\n\n\n<p>Skyline moderna e diversit\u00e0 culturale si incontrano nella nostra <a href=\"https:\/\/mybestplacestovisit.com\/it\/asia\/singapore\/\"><strong>guida di viaggio su Singapore<\/strong><\/a>.<\/p>\n\n\n\n<h3 class=\"wp-block-heading\" id=\"h-filippine\">\ud83c\uddf5\ud83c\udded Filippine<\/h3>\n\n\n\n<p>Island hopping, immersioni e avventure tropicali nella nostra <strong><a href=\"https:\/\/mybestplacestovisit.com\/it\/asia\/filippine\/\">guida di viaggio sulle Filippine<\/a><\/strong>.<\/p>\n\n\n\n<h3 class=\"wp-block-heading\" id=\"h-malesia\">\ud83c\uddf2\ud83c\uddfe Malesia<\/h3>\n\n\n\n<p>Tra giungle tropicali, isole paradisiache e citt\u00e0 moderne come Kuala Lumpur, scopri diversit\u00e0 culturale e natura spettacolare nella nostra <strong><a href=\"https:\/\/mybestplacestovisit.com\/it\/asia\/malesia\/\">guida di viaggio sulla Malesia<\/a><\/strong>.<\/p>\n\n\n\n<h3 class=\"wp-block-heading\" id=\"h-maldive\">\ud83c\uddf2\ud83c\uddfb Maldive<\/h3>\n\n\n\n<p>Atolli, mante ed esperienze in liveaboard nella nostra <strong><a href=\"https:\/\/mybestplacestovisit.com\/it\/asia\/maldive\/\">guida di viaggio sulle Maldive<\/a><\/strong>.<\/p>\n\n\n\n<p>L\u2019Asia rimane uno dei focus principali di questo sito, in particolare per le destinazioni dedicate alle immersioni e alle isole tropicali.<\/p>\n\n\n\n<hr class=\"wp-block-separator has-alpha-channel-opacity\"\/>\n\n\n\n<h2 class=\"wp-block-heading\" id=\"h-guide-di-viaggio-in-europa\">\ud83c\udf0d Guide di Viaggio in Europa<\/h2>\n\n\n\n<p>L\u2019Europa combina storia, gastronomia e paesaggi mozzafiato in distanze di viaggio relativamente brevi.<\/p>\n\n\n\n<p>Esplora la nostra <strong><a href=\"https:\/\/mybestplacestovisit.com\/it\/europe\/\">guida completa sull\u2019Europa<\/a><\/strong>.<\/p>\n\n\n\n<h3 class=\"wp-block-heading\" id=\"h-francia\">\ud83c\uddeb\ud83c\uddf7 Francia<\/h3>\n\n\n\n<p>Da Parigi alla Costa Azzurra nella nostra <strong><a href=\"https:\/\/mybestplacestovisit.com\/it\/europe\/france\/\">guida di viaggio sulla Francia<\/a><\/strong>.<\/p>\n\n\n\n<h3 class=\"wp-block-heading\" id=\"h-italia\">\ud83c\uddee\ud83c\uddf9 Italia<\/h3>\n\n\n\n<p>Arte, storia e fascino mediterraneo nella nostra <strong><a href=\"https:\/\/mybestplacestovisit.com\/it\/europe\/italy\/\">guida di viaggio sull\u2019Italia<\/a><\/strong>.<\/p>\n\n\n\n<h3 class=\"wp-block-heading\" id=\"h-grecia\">\ud83c\uddec\ud83c\uddf7 Grecia<\/h3>\n\n\n\n<p>Rovine antiche e fughe sulle isole nella nostra <strong><a href=\"https:\/\/mybestplacestovisit.com\/it\/europe\/greece\/\">guida di viaggio sulla Grecia<\/a><\/strong>.<\/p>\n\n\n\n<h3 class=\"wp-block-heading\" id=\"h-svizzera\">\ud83c\udde8\ud83c\udded Svizzera<\/h3>\n\n\n\n<p>Paesaggi alpini, treni panoramici e laghi cristallini nella nostra <strong><a href=\"https:\/\/mybestplacestovisit.com\/it\/europe\/svizzera\/\">guida di viaggio sulla Svizzera<\/a><\/strong>.<\/p>\n\n\n\n<p>Da Ginevra e Zurigo all\u2019Oberland Bernese e alle Alpi Svizzere, la Svizzera offre alcuni dei panorami montani pi\u00f9 spettacolari d\u2019Europa.<\/p>\n\n\n\n<p>L\u2019Europa \u00e8 ideale per city break culturali, road trip e itinerari multi-paese.<\/p>\n\n\n\n<hr class=\"wp-block-separator has-alpha-channel-opacity\"\/>\n\n\n\n<h2 class=\"wp-block-heading\" id=\"h-un-focus-speciale-sulle-destinazioni-subacquee\">\ud83c\udf0a Un Focus Speciale sulle Destinazioni Subacquee<\/h2>\n\n\n\n<p>Molte delle destinazioni presenti su questo sito includono esperienze di immersione eccezionali.<\/p>\n\n\n\n<p>Puoi esplorare:<\/p>\n\n\n\n<ul class=\"wp-block-list\">\n<li>Il Triangolo dei Coralli in Indonesia<\/li>\n\n\n\n<li>Mante e pesci luna (Mola Mola) a Nusa Penida<\/li>\n\n\n\n<li>Immersioni su relitti nelle Filippine<\/li>\n\n\n\n<li>Immersioni nei canali alle Maldive<\/li>\n<\/ul>\n\n\n\n<p>Inizia con la nostra guida completa alle immersioni nel Sud-Est Asiatico e con le pagine dettagliate dedicate alle diverse regioni.<\/p>\n\n\n\n<hr class=\"wp-block-separator has-alpha-channel-opacity\"\/>\n\n\n\n<h2 class=\"wp-block-heading\" id=\"h-come-utilizzare-questo-hub-delle-destinazioni\">Come Utilizzare Questo Hub delle Destinazioni<\/h2>\n\n\n\n<p>Questa pagina \u00e8 pensata come il tuo punto di accesso alla navigazione:<\/p>\n\n\n\n<ul class=\"wp-block-list\">\n<li>Scegli un continente<\/li>\n\n\n\n<li>Esplora la pagina dedicata a un paese<\/li>\n\n\n\n<li>Approfondisci con guide dettagliate su citt\u00e0 o regioni<\/li>\n<\/ul>\n\n\n\n<p>Ogni guida di destinazione include:<\/p>\n\n\n\n<ul class=\"wp-block-list\">\n<li>I luoghi imperdibili da visitare<\/li>\n\n\n\n<li>Consigli pratici di viaggio<\/li>\n\n\n\n<li>Itinerari suggeriti<\/li>\n\n\n\n<li>Raccomandazioni sugli alloggi<\/li>\n\n\n\n<li>Approfondimenti e consigli locali<\/li>\n<\/ul>\n\n\n\n<hr class=\"wp-block-separator has-alpha-channel-opacity\"\/>\n\n\n\n<h2 class=\"wp-block-heading\" id=\"h-inizia-a-esplorare\">Inizia a Esplorare<\/h2>\n\n\n\n<p>Che tu stia pianificando una fuga tropicale in Asia o un viaggio culturale attraverso l\u2019Europa, questo hub delle destinazioni ti collega a tutte le guide di viaggio disponibili sul sito.<\/p>\n\n\n\n<p>Scegli il tuo continente, seleziona il paese e inizia a organizzare la tua prossima avventura.<\/p>\n","protected":false},"excerpt":{"rendered":"<p>Benvenuto nell\u2019hub delle destinazioni di My Best Places to Visit.Questa pagina riunisce tutti i paesi, le regioni e le citt\u00e0 trattati sul sito, organizzati per continente per aiutarti a pianificare il tuo prossimo viaggio in modo pi\u00f9 semplice. Dalle isole tropicali del Sud-Est Asiatico alle capitali culturali d\u2019Europa, troverai guide di viaggio curate sulla base [&hellip;]<\/p>\n","protected":false},"author":1,"featured_media":0,"parent":0,"menu_order":0,"comment_status":"closed","ping_status":"closed","template":"","meta":{"_uag_custom_page_level_css":"","site-sidebar-layout":"default","site-content-layout":"","ast-site-content-layout":"default","site-content-style":"default","site-sidebar-style":"default","ast-global-header-display":"","ast-banner-title-visibility":"","ast-main-header-display":"","ast-hfb-above-header-display":"","ast-hfb-below-header-display":"","ast-hfb-mobile-header-display":"","site-post-title":"","ast-breadcrumbs-content":"","ast-featured-img":"","footer-sml-layout":"","ast-disable-related-posts":"","theme-transparent-header-meta":"","adv-header-id-meta":"","stick-header-meta":"","header-above-stick-meta":"","header-main-stick-meta":"","header-below-stick-meta":"","astra-migrate-meta-layouts":"set","ast-page-background-enabled":"default","ast-page-background-meta":{"desktop":{"background-color":"","background-image":"","background-repeat":"repeat","background-position":"center center","background-size":"auto","background-attachment":"scroll","background-type":"","background-media":"","overlay-type":"","overlay-color":"","overlay-opacity":"","overlay-gradient":""},"tablet":{"background-color":"","background-image":"","background-repeat":"repeat","background-position":"center center","background-size":"auto","background-attachment":"scroll","background-type":"","background-media":"","overlay-type":"","overlay-color":"","overlay-opacity":"","overlay-gradient":""},"mobile":{"background-color":"","background-image":"","background-repeat":"repeat","background-position":"center center","background-size":"auto","background-attachment":"scroll","background-type":"","background-media":"","overlay-type":"","overlay-color":"","overlay-opacity":"","overlay-gradient":""}},"ast-content-background-meta":{"desktop":{"background-color":"var(--ast-global-color-5)","background-image":"","background-repeat":"repeat","background-position":"center center","background-size":"auto","background-attachment":"scroll","background-type":"","background-media":"","overlay-type":"","overlay-color":"","overlay-opacity":"","overlay-gradient":""},"tablet":{"background-color":"var(--ast-global-color-5)","background-image":"","background-repeat":"repeat","background-position":"center center","background-size":"auto","background-attachment":"scroll","background-type":"","background-media":"","overlay-type":"","overlay-color":"","overlay-opacity":"","overlay-gradient":""},"mobile":{"background-color":"var(--ast-global-color-5)","background-image":"","background-repeat":"repeat","background-position":"center center","background-size":"auto","background-attachment":"scroll","background-type":"","background-media":"","overlay-type":"","overlay-color":"","overlay-opacity":"","overlay-gradient":""}},"footnotes":""},"class_list":["post-7100","page","type-page","status-publish","hentry"],"yoast_head":"<!-- This site is optimized with the Yoast SEO Premium plugin v27.2 (Yoast SEO v27.4) - https:\/\/yoast.com\/product\/yoast-seo-premium-wordpress\/ -->\n<title>Destinazioni \u2013 Scopri i Migliori Luoghi da Visitare nel Mondo<\/title>\n<meta name=\"description\" content=\"Scopri le migliori destinazioni in Asia ed Europa con guide complete e consigli pratici per pianificare il tuo prossimo viaggio.\" \/>\n<meta name=\"robots\" content=\"index, follow, max-snippet:-1, max-image-preview:large, max-video-preview:-1\" \/>\n<link rel=\"canonical\" href=\"https:\/\/mybestplacestovisit.com\/it\/destinazioni\/\" \/>\n<meta property=\"og:locale\" content=\"it_IT\" \/>\n<meta property=\"og:locale:alternate\" content=\"en_US\" \/>\n<meta property=\"og:locale:alternate\" content=\"de_DE\" \/>\n<meta property=\"og:locale:alternate\" content=\"es_ES\" \/>\n<meta property=\"og:locale:alternate\" content=\"fr_FR\" \/>\n<meta property=\"og:locale:alternate\" content=\"nl_NL\" \/>\n<meta property=\"og:locale:alternate\" content=\"pt_br\" \/>\n<meta property=\"og:locale:alternate\" content=\"id_id\" \/>\n<meta property=\"og:locale:alternate\" content=\"zh_CN\" \/>\n<meta property=\"og:locale:alternate\" content=\"ja_JP\" \/>\n<meta property=\"og:type\" content=\"article\" \/>\n<meta property=\"og:title\" content=\"Destinazioni \u2013 Scopri i Migliori Luoghi da Visitare nel Mondo\" \/>\n<meta property=\"og:description\" content=\"Explore the most beautiful destinations in Asia and Europe: Indonesia, Thailand, Malaysia, Italy, Greece and more. Complete travel guides.\" \/>\n<meta property=\"og:url\" content=\"https:\/\/mybestplacestovisit.com\/it\/destinazioni\/\" \/>\n<meta property=\"og:site_name\" content=\"2026 Travel Blog\" \/>\n<meta property=\"article:modified_time\" content=\"2026-04-08T13:24:12+00:00\" \/>\n<meta name=\"twitter:card\" content=\"summary_large_image\" \/>\n<meta name=\"twitter:label1\" content=\"Tempo di lettura stimato\" \/>\n\t<meta name=\"twitter:data1\" content=\"3 minuti\" \/>\n<script type=\"application\/ld+json\" class=\"yoast-schema-graph\">{\"@context\":\"https:\\\/\\\/schema.org\",\"@graph\":[{\"@type\":\"WebPage\",\"@id\":\"https:\\\/\\\/mybestplacestovisit.com\\\/zh\\\/destinations-explore-the-best-places-to-visit-around-the-world\\\/\",\"url\":\"https:\\\/\\\/mybestplacestovisit.com\\\/zh\\\/destinations-explore-the-best-places-to-visit-around-the-world\\\/\",\"name\":\"Destinazioni \u2013 Scopri i Migliori Luoghi da Visitare nel Mondo\",\"isPartOf\":{\"@id\":\"https:\\\/\\\/mybestplacestovisit.com\\\/it\\\/#website\"},\"datePublished\":\"2026-02-17T17:18:07+00:00\",\"dateModified\":\"2026-04-08T13:24:12+00:00\",\"description\":\"Explore the most beautiful destinations in Asia and Europe: Indonesia, Thailand, Malaysia, Italy, Greece and more. Complete travel guides.\",\"breadcrumb\":{\"@id\":\"https:\\\/\\\/mybestplacestovisit.com\\\/zh\\\/destinations-explore-the-best-places-to-visit-around-the-world\\\/#breadcrumb\"},\"inLanguage\":\"it-IT\",\"potentialAction\":[{\"@type\":\"ReadAction\",\"target\":[\"https:\\\/\\\/mybestplacestovisit.com\\\/zh\\\/destinations-explore-the-best-places-to-visit-around-the-world\\\/\"]}]},{\"@type\":\"BreadcrumbList\",\"@id\":\"https:\\\/\\\/mybestplacestovisit.com\\\/zh\\\/destinations-explore-the-best-places-to-visit-around-the-world\\\/#breadcrumb\",\"itemListElement\":[{\"@type\":\"ListItem\",\"position\":1,\"name\":\"Accueil\",\"item\":\"https:\\\/\\\/mybestplacestovisit.com\\\/id\\\/\"},{\"@type\":\"ListItem\",\"position\":2,\"name\":\"Destinations \u2013 Explore the Best Places to Visit Around the World\"}]},{\"@type\":\"WebSite\",\"@id\":\"https:\\\/\\\/mybestplacestovisit.com\\\/it\\\/#website\",\"url\":\"https:\\\/\\\/mybestplacestovisit.com\\\/it\\\/\",\"name\":\"2026 Travel Blog\",\"description\":\"Best places to visit\",\"publisher\":{\"@id\":\"https:\\\/\\\/mybestplacestovisit.com\\\/it\\\/#\\\/schema\\\/person\\\/f71ea967bd47a7e7bd4e70c8012e32ca\"},\"potentialAction\":[{\"@type\":\"SearchAction\",\"target\":{\"@type\":\"EntryPoint\",\"urlTemplate\":\"https:\\\/\\\/mybestplacestovisit.com\\\/it\\\/?s={search_term_string}\"},\"query-input\":{\"@type\":\"PropertyValueSpecification\",\"valueRequired\":true,\"valueName\":\"search_term_string\"}}],\"inLanguage\":\"it-IT\"},{\"@type\":[\"Person\",\"Organization\"],\"@id\":\"https:\\\/\\\/mybestplacestovisit.com\\\/it\\\/#\\\/schema\\\/person\\\/f71ea967bd47a7e7bd4e70c8012e32ca\",\"name\":\"Blaise\",\"image\":{\"@type\":\"ImageObject\",\"inLanguage\":\"it-IT\",\"@id\":\"https:\\\/\\\/mybestplacestovisit.com\\\/wp-content\\\/uploads\\\/2023\\\/09\\\/Blaise-Amok-Sunset-Nusa-Penida-Bali.jpg\",\"url\":\"https:\\\/\\\/mybestplacestovisit.com\\\/wp-content\\\/uploads\\\/2023\\\/09\\\/Blaise-Amok-Sunset-Nusa-Penida-Bali.jpg\",\"contentUrl\":\"https:\\\/\\\/mybestplacestovisit.com\\\/wp-content\\\/uploads\\\/2023\\\/09\\\/Blaise-Amok-Sunset-Nusa-Penida-Bali.jpg\",\"width\":1920,\"height\":800,\"caption\":\"Blaise\"},\"logo\":{\"@id\":\"https:\\\/\\\/mybestplacestovisit.com\\\/wp-content\\\/uploads\\\/2023\\\/09\\\/Blaise-Amok-Sunset-Nusa-Penida-Bali.jpg\"},\"sameAs\":[\"http:\\\/\\\/mybestplacestovisit.com\",\"blaiseparis\"]}]}<\/script>\n<!-- \/ Yoast SEO Premium plugin. -->","yoast_head_json":{"title":"Destinazioni \u2013 Scopri i Migliori Luoghi da Visitare nel Mondo","description":"Scopri le migliori destinazioni in Asia ed Europa con guide complete e consigli pratici per pianificare il tuo prossimo viaggio.","robots":{"index":"index","follow":"follow","max-snippet":"max-snippet:-1","max-image-preview":"max-image-preview:large","max-video-preview":"max-video-preview:-1"},"canonical":"https:\/\/mybestplacestovisit.com\/it\/destinazioni\/","og_locale":"it_IT","og_type":"article","og_title":"[:en]Destinations \u2013 Explore the Best Places to Visit Around the World[:de]Reiseziele \u2013 Entdecke die besten Reiseziele weltweit[:es]Destinos \u2013 Explora los Mejores Lugares para Visitar en el Mundo[:fr]Destinations \u2013 Explorez les Meilleurs Lieux \u00e0 Visiter dans le Monde[:it]Destinazioni \u2013 Scopri i Migliori Luoghi da Visitare nel Mondo[:zh]Destinations \u2013 Explore the Best Places to Visit Around the World[:]","og_description":"Explore the most beautiful destinations in Asia and Europe: Indonesia, Thailand, Malaysia, Italy, Greece and more. Complete travel guides.","og_url":"https:\/\/mybestplacestovisit.com\/it\/destinazioni\/","og_site_name":"2026 Travel Blog","article_modified_time":"2026-04-08T13:24:12+00:00","twitter_card":"summary_large_image","twitter_misc":{"Tempo di lettura stimato":"3 minuti"},"schema":{"@context":"https:\/\/schema.org","@graph":[{"@type":"WebPage","@id":"https:\/\/mybestplacestovisit.com\/zh\/destinations-explore-the-best-places-to-visit-around-the-world\/","url":"https:\/\/mybestplacestovisit.com\/zh\/destinations-explore-the-best-places-to-visit-around-the-world\/","name":"Destinazioni \u2013 Scopri i Migliori Luoghi da Visitare nel Mondo","isPartOf":{"@id":"https:\/\/mybestplacestovisit.com\/it\/#website"},"datePublished":"2026-02-17T17:18:07+00:00","dateModified":"2026-04-08T13:24:12+00:00","description":"Explore the most beautiful destinations in Asia and Europe: Indonesia, Thailand, Malaysia, Italy, Greece and more. Complete travel guides.","breadcrumb":{"@id":"https:\/\/mybestplacestovisit.com\/zh\/destinations-explore-the-best-places-to-visit-around-the-world\/#breadcrumb"},"inLanguage":"it-IT","potentialAction":[{"@type":"ReadAction","target":["https:\/\/mybestplacestovisit.com\/zh\/destinations-explore-the-best-places-to-visit-around-the-world\/"]}]},{"@type":"BreadcrumbList","@id":"https:\/\/mybestplacestovisit.com\/zh\/destinations-explore-the-best-places-to-visit-around-the-world\/#breadcrumb","itemListElement":[{"@type":"ListItem","position":1,"name":"Accueil","item":"https:\/\/mybestplacestovisit.com\/id\/"},{"@type":"ListItem","position":2,"name":"Destinations \u2013 Explore the Best Places to Visit Around the World"}]},{"@type":"WebSite","@id":"https:\/\/mybestplacestovisit.com\/it\/#website","url":"https:\/\/mybestplacestovisit.com\/it\/","name":"2026 Travel Blog","description":"Best places to visit","publisher":{"@id":"https:\/\/mybestplacestovisit.com\/it\/#\/schema\/person\/f71ea967bd47a7e7bd4e70c8012e32ca"},"potentialAction":[{"@type":"SearchAction","target":{"@type":"EntryPoint","urlTemplate":"https:\/\/mybestplacestovisit.com\/it\/?s={search_term_string}"},"query-input":{"@type":"PropertyValueSpecification","valueRequired":true,"valueName":"search_term_string"}}],"inLanguage":"it-IT"},{"@type":["Person","Organization"],"@id":"https:\/\/mybestplacestovisit.com\/it\/#\/schema\/person\/f71ea967bd47a7e7bd4e70c8012e32ca","name":"Blaise","image":{"@type":"ImageObject","inLanguage":"it-IT","@id":"https:\/\/mybestplacestovisit.com\/wp-content\/uploads\/2023\/09\/Blaise-Amok-Sunset-Nusa-Penida-Bali.jpg","url":"https:\/\/mybestplacestovisit.com\/wp-content\/uploads\/2023\/09\/Blaise-Amok-Sunset-Nusa-Penida-Bali.jpg","contentUrl":"https:\/\/mybestplacestovisit.com\/wp-content\/uploads\/2023\/09\/Blaise-Amok-Sunset-Nusa-Penida-Bali.jpg","width":1920,"height":800,"caption":"Blaise"},"logo":{"@id":"https:\/\/mybestplacestovisit.com\/wp-content\/uploads\/2023\/09\/Blaise-Amok-Sunset-Nusa-Penida-Bali.jpg"},"sameAs":["http:\/\/mybestplacestovisit.com","blaiseparis"]}]}},"uagb_featured_image_src":{"full":false,"thumbnail":false,"medium":false,"medium_large":false,"large":false,"1536x1536":false,"2048x2048":false},"uagb_author_info":{"display_name":"Blaise","author_link":"https:\/\/mybestplacestovisit.com\/it\/author\/admin4486\/"},"uagb_comment_info":0,"uagb_excerpt":"Benvenuto nell\u2019hub delle destinazioni di My Best Places to Visit.Questa pagina riunisce tutti i paesi, le regioni e le citt\u00e0 trattati sul sito, organizzati per continente per aiutarti a pianificare il tuo prossimo viaggio in modo pi\u00f9 semplice. Dalle isole tropicali del Sud-Est Asiatico alle capitali culturali d\u2019Europa, troverai guide di viaggio curate sulla base&hellip;","_links":{"self":[{"href":"https:\/\/mybestplacestovisit.com\/it\/wp-json\/wp\/v2\/pages\/7100","targetHints":{"allow":["GET"]}}],"collection":[{"href":"https:\/\/mybestplacestovisit.com\/it\/wp-json\/wp\/v2\/pages"}],"about":[{"href":"https:\/\/mybestplacestovisit.com\/it\/wp-json\/wp\/v2\/types\/page"}],"author":[{"embeddable":true,"href":"https:\/\/mybestplacestovisit.com\/it\/wp-json\/wp\/v2\/users\/1"}],"replies":[{"embeddable":true,"href":"https:\/\/mybestplacestovisit.com\/it\/wp-json\/wp\/v2\/comments?post=7100"}],"version-history":[{"count":15,"href":"https:\/\/mybestplacestovisit.com\/it\/wp-json\/wp\/v2\/pages\/7100\/revisions"}],"predecessor-version":[{"id":7653,"href":"https:\/\/mybestplacestovisit.com\/it\/wp-json\/wp\/v2\/pages\/7100\/revisions\/7653"}],"wp:attachment":[{"href":"https:\/\/mybestplacestovisit.com\/it\/wp-json\/wp\/v2\/media?parent=7100"}],"curies":[{"name":"wp","href":"https:\/\/api.w.org\/{rel}","templated":true}]}}