{"id":301,"date":"2024-11-17T04:09:29","date_gmt":"2024-11-17T03:09:29","guid":{"rendered":"https:\/\/mybestplacestovisit.com\/?page_id=301"},"modified":"2026-02-17T18:26:14","modified_gmt":"2026-02-17T17:26:14","slug":"asia","status":"publish","type":"page","link":"https:\/\/mybestplacestovisit.com\/it\/asia\/","title":{"rendered":"Benvenuti nei miei luoghi preferiti da visitare in Asia"},"content":{"rendered":"\n<p><strong>Benvenuti ai miei posti migliori da visitare<\/strong> in Asia, il tuo gateway per le avventure indimenticabili nel sud-est asiatico.<\/p>\n\n\n\n<p>A <strong>I migliori posti da visitare<\/strong> in Asia, portiamo il cuore vibrante del sud-est asiatico direttamente a voi. Che tu stia sognando delle isole tropicali <strong><a href=\"https:\/\/mybestplacestovisit.com\/it\/asia\/indonesia\/\">Indonesia<\/a><\/strong>, la ricchezza culturale di <strong><a href=\"https:\/\/mybestplacestovisit.com\/it\/asia\/thailandia\/\">Thailandia<\/a><\/strong>, o i paesaggi mozzafiato <strong><a href=\"https:\/\/mybestplacestovisit.com\/it\/asia\/vietnam\/\">Vietnam<\/a><\/strong>, il nostro blog \u00e8 la vostra risorsa per creare esperienze di viaggio memorabili. Troverete anche guide di viaggio su <a href=\"https:\/\/mybestplacestovisit.com\/it\/asia\/singapore\/\">Singapore<\/a>, <a href=\"https:\/\/mybestplacestovisit.com\/it\/asia\/angkor\/\">Angkor<\/a>, <a href=\"https:\/\/mybestplacestovisit.com\/it\/asia\/filippine\/\">le Filippine<\/a> e <a href=\"https:\/\/mybestplacestovisit.com\/it\/asia\/malesia\/\">Malesia<\/a>.<\/p>\n\n\n\n<h3 class=\"wp-block-heading\" id=\"h-perche-esplorare-il-sud-est-asiatico\"><strong>Perch\u00e9 esplorare il sud-est asiatico?<\/strong><\/h3>\n\n\n\n<p>Questa regione \u00e8 un arazzo di culture, cucine, paesaggi e meraviglie subacquee. Dalle barriere coralline incontaminate dell\u2019Indonesia alla vibrante vita marina della Tailandia e ai punti di immersione nascosti del Vietnam, il Sud-Est asiatico \u00e8 un paradiso per l\u2019avventura, la cultura e gli amanti delle immersioni.<\/p>\n\n\n\n<h3 class=\"wp-block-heading\" id=\"h-cosa-troverai-sul-mio-blog\"><strong>Cosa troverai sul mio blog:<\/strong><\/h3>\n\n\n\n<ul class=\"wp-block-list\">\n<li><strong>Consigli di Insider &#038; Hidden Gems:<\/strong> Scopri i segreti migliori del sud-est asiatico, dalle spiagge appartate ai siti di immersione off-the-beaten.<\/li>\n\n\n\n<li><strong>Guide complete:<\/strong> Itinerari e scatti di viaggio dettagliati per rendere il vostro viaggio senza interruzioni e senza stress.<\/li>\n\n\n\n<li><strong>Esperienze autentici:<\/strong> Storie e approfondimenti nelle culture, tradizioni, festival e meraviglie subacquee di ogni destinazione.<\/li>\n\n\n\n<li><strong>Avventura, Relax &#038; Immersioni:<\/strong> Che tu sia un thrill-seeker, un subacqueo, o che cerchi di rilassarsi, trovare attivit\u00e0 e posti su misura per il tuo stile di viaggio.<\/li>\n<\/ul>\n\n\n\n<h3 class=\"wp-block-heading\" id=\"h-punti-salienti-delle-nostre-destinazioni-in-evidenza\"><strong>Punti salienti delle nostre destinazioni in evidenza<\/strong><\/h3>\n\n\n\n<ul class=\"wp-block-list\">\n<li><strong>Indonesia:<\/strong> Immergetevi nelle meraviglie marine di Raja Ampat e Komodo, escursioni sul Monte Bromo, o rilassatevi sulle rive idilliaci di Bali.<\/li>\n\n\n\n<li><strong>Thailandia:<\/strong> Esplorate le vivaci scogliere di Koh Tao, ammirate i templi di Chiang Mai, o concedetevi il famoso street food di Bangkok.<\/li>\n\n\n\n<li><strong>Vietnam:<\/strong> Scopri le vibranti scene subacquee di Nha Trang, crociera sul mistico Halong Bay, o assaporare autentico foho a Hanoi.<\/li>\n<\/ul>\n\n\n\n<h3 class=\"wp-block-heading\" id=\"h-un-focus-speciale-sulle-immersioni\"><strong>Un focus speciale sulle immersioni<\/strong><\/h3>\n\n\n\n<p>Il sud-est asiatico \u00e8 un sogno subacqueo, offrendo tutto dalle pareti incrostate di corallo alle stazioni di pulizia del raggio di manta. Su <strong>MyBestPlaces da visitare<\/strong>, troverete:<\/p>\n\n\n\n<ul class=\"wp-block-list\">\n<li>Valutazione <strong>siti di immersione di livello mondiale<\/strong> Come Sipadan, Isole Similan e Halong Bay.<\/li>\n\n\n\n<li><strong>Consigli di immersione<\/strong> per principianti e avventurieri esperti allo stesso modo.<\/li>\n\n\n\n<li>Guide a <strong>incontri di vita marina<\/strong>, da squali balene a piccoli cavallucci di mare pigmi.<\/li>\n\n\n\n<li>Suggerimenti per il meglio <strong>scuole di immersione e liveaboard<\/strong> nella regione.<\/li>\n<\/ul>\n\n\n\n<h3 class=\"wp-block-heading\" id=\"h-la-tua-avventura-inizia-qui\"><strong>La tua avventura inizia qui<\/strong><\/h3>\n\n\n\n<p>Ogni articolo su <strong>MyBestPlaces da visitare<\/strong> \u00e8 scritto con passione, sostenuto da esperienze di prima mano, e progettato per ispirare il vostro prossimo viaggio. Vi guidiamo attraverso i tesori del Sud-Est asiatico, sopra e sotto la superficie, e vi aiutiamo a creare storie degne di condivisione.<\/p>\n\n\n\n<h4 class=\"wp-block-heading\" id=\"h-pronto-per-iniziare-esplorazione-e-diving\"><strong>Pronto per iniziare Esplorazione e Diving?<\/strong><\/h4>\n\n\n\n<p>Immergiti nel nostro blog, e pianifichiamo la tua prossima avventura negli angoli pi\u00f9 mozzafiato del Sud-Est asiatico, dove ogni onda e orizzonte detiene una nuova scoperta!<\/p>\n\n\n\n<p><strong>La tua avventura ti aspetta.<\/strong> \ud83c\udf0f<\/p>\n","protected":false},"excerpt":{"rendered":"<p>Benvenuti ai miei posti migliori da visitare in Asia, il tuo gateway per le avventure indimenticabili nel sud-est asiatico. A I migliori posti da visitare in Asia, portiamo il cuore vibrante del sud-est asiatico direttamente a voi. Che tu stia sognando delle isole tropicali Indonesia, la ricchezza culturale di Thailandia, o i paesaggi mozzafiato Vietnam, [&hellip;]<\/p>\n","protected":false},"author":1,"featured_media":61,"parent":0,"menu_order":0,"comment_status":"closed","ping_status":"closed","template":"","meta":{"_uag_custom_page_level_css":"","site-sidebar-layout":"default","site-content-layout":"","ast-site-content-layout":"default","site-content-style":"default","site-sidebar-style":"default","ast-global-header-display":"","ast-banner-title-visibility":"","ast-main-header-display":"","ast-hfb-above-header-display":"","ast-hfb-below-header-display":"","ast-hfb-mobile-header-display":"","site-post-title":"","ast-breadcrumbs-content":"","ast-featured-img":"","footer-sml-layout":"","ast-disable-related-posts":"","theme-transparent-header-meta":"","adv-header-id-meta":"","stick-header-meta":"","header-above-stick-meta":"","header-main-stick-meta":"","header-below-stick-meta":"","astra-migrate-meta-layouts":"set","ast-page-background-enabled":"default","ast-page-background-meta":{"desktop":{"background-color":"","background-image":"","background-repeat":"repeat","background-position":"center center","background-size":"auto","background-attachment":"scroll","background-type":"","background-media":"","overlay-type":"","overlay-color":"","overlay-opacity":"","overlay-gradient":""},"tablet":{"background-color":"","background-image":"","background-repeat":"repeat","background-position":"center center","background-size":"auto","background-attachment":"scroll","background-type":"","background-media":"","overlay-type":"","overlay-color":"","overlay-opacity":"","overlay-gradient":""},"mobile":{"background-color":"","background-image":"","background-repeat":"repeat","background-position":"center center","background-size":"auto","background-attachment":"scroll","background-type":"","background-media":"","overlay-type":"","overlay-color":"","overlay-opacity":"","overlay-gradient":""}},"ast-content-background-meta":{"desktop":{"background-color":"var(--ast-global-color-5)","background-image":"","background-repeat":"repeat","background-position":"center center","background-size":"auto","background-attachment":"scroll","background-type":"","background-media":"","overlay-type":"","overlay-color":"","overlay-opacity":"","overlay-gradient":""},"tablet":{"background-color":"var(--ast-global-color-5)","background-image":"","background-repeat":"repeat","background-position":"center center","background-size":"auto","background-attachment":"scroll","background-type":"","background-media":"","overlay-type":"","overlay-color":"","overlay-opacity":"","overlay-gradient":""},"mobile":{"background-color":"var(--ast-global-color-5)","background-image":"","background-repeat":"repeat","background-position":"center center","background-size":"auto","background-attachment":"scroll","background-type":"","background-media":"","overlay-type":"","overlay-color":"","overlay-opacity":"","overlay-gradient":""}},"footnotes":""},"class_list":["post-301","page","type-page","status-publish","has-post-thumbnail","hentry"],"yoast_head":"<!-- This site is optimized with the Yoast SEO Premium plugin v27.2 (Yoast SEO v27.4) - https:\/\/yoast.com\/product\/yoast-seo-premium-wordpress\/ -->\n<title>Benvenuti nei miei luoghi preferiti da visitare in Asia<\/title>\n<meta name=\"description\" content=\"Scopri le meraviglie del Sud-Est asiatico: destinazioni imperdibili, immersioni e consigli di viaggio nel mio blog dedicato.\" \/>\n<meta name=\"robots\" content=\"index, follow, max-snippet:-1, max-image-preview:large, max-video-preview:-1\" \/>\n<link rel=\"canonical\" href=\"https:\/\/mybestplacestovisit.com\/it\/asia\/\" \/>\n<meta property=\"og:locale\" content=\"it_IT\" \/>\n<meta property=\"og:locale:alternate\" content=\"en_US\" \/>\n<meta property=\"og:locale:alternate\" content=\"de_DE\" \/>\n<meta property=\"og:locale:alternate\" content=\"es_ES\" \/>\n<meta property=\"og:locale:alternate\" content=\"fr_FR\" \/>\n<meta property=\"og:locale:alternate\" content=\"nl_NL\" \/>\n<meta property=\"og:locale:alternate\" content=\"pt_br\" \/>\n<meta property=\"og:locale:alternate\" content=\"id_id\" \/>\n<meta property=\"og:locale:alternate\" content=\"zh_CN\" \/>\n<meta property=\"og:locale:alternate\" content=\"ja_JP\" \/>\n<meta property=\"og:type\" content=\"article\" \/>\n<meta property=\"og:title\" content=\"Benvenuti nei miei luoghi preferiti da visitare in Asia\" \/>\n<meta property=\"og:description\" content=\"Scopri le meraviglie del Sud-Est asiatico: destinazioni imperdibili, immersioni e consigli di viaggio nel mio blog dedicato.\" \/>\n<meta property=\"og:url\" content=\"https:\/\/mybestplacestovisit.com\/it\/asia\/\" \/>\n<meta property=\"og:site_name\" content=\"2026 Travel Blog\" \/>\n<meta property=\"article:modified_time\" content=\"2026-02-17T17:26:14+00:00\" \/>\n<meta property=\"og:image\" content=\"https:\/\/mybestplacestovisit.com\/wp-content\/uploads\/2023\/09\/Blaise-Amok-Sunset-Nusa-Penida-Bali.jpg\" \/>\n\t<meta property=\"og:image:width\" content=\"1920\" \/>\n\t<meta property=\"og:image:height\" content=\"800\" \/>\n\t<meta property=\"og:image:type\" content=\"image\/jpeg\" \/>\n<meta name=\"twitter:card\" content=\"summary_large_image\" \/>\n<meta name=\"twitter:label1\" content=\"Tempo di lettura stimato\" \/>\n\t<meta name=\"twitter:data1\" content=\"7 minuti\" \/>\n<script type=\"application\/ld+json\" class=\"yoast-schema-graph\">{\"@context\":\"https:\\\/\\\/schema.org\",\"@graph\":[{\"@type\":\"WebPage\",\"@id\":\"https:\\\/\\\/mybestplacestovisit.com\\\/asia\\\/\",\"url\":\"https:\\\/\\\/mybestplacestovisit.com\\\/asia\\\/\",\"name\":\"Benvenuti nei miei luoghi preferiti da visitare in Asia\",\"isPartOf\":{\"@id\":\"https:\\\/\\\/mybestplacestovisit.com\\\/it\\\/#website\"},\"primaryImageOfPage\":{\"@id\":\"https:\\\/\\\/mybestplacestovisit.com\\\/asia\\\/#primaryimage\"},\"image\":{\"@id\":\"https:\\\/\\\/mybestplacestovisit.com\\\/asia\\\/#primaryimage\"},\"thumbnailUrl\":\"https:\\\/\\\/mybestplacestovisit.com\\\/wp-content\\\/uploads\\\/2023\\\/09\\\/Blaise-Amok-Sunset-Nusa-Penida-Bali.jpg\",\"datePublished\":\"2024-11-17T03:09:29+00:00\",\"dateModified\":\"2026-02-17T17:26:14+00:00\",\"description\":\"Scopri le meraviglie del Sud-Est asiatico: destinazioni imperdibili, immersioni e consigli di viaggio nel mio blog dedicato.\",\"breadcrumb\":{\"@id\":\"https:\\\/\\\/mybestplacestovisit.com\\\/asia\\\/#breadcrumb\"},\"inLanguage\":\"it-IT\",\"potentialAction\":[{\"@type\":\"ReadAction\",\"target\":[\"https:\\\/\\\/mybestplacestovisit.com\\\/asia\\\/\"]}]},{\"@type\":\"ImageObject\",\"inLanguage\":\"it-IT\",\"@id\":\"https:\\\/\\\/mybestplacestovisit.com\\\/asia\\\/#primaryimage\",\"url\":\"https:\\\/\\\/mybestplacestovisit.com\\\/wp-content\\\/uploads\\\/2023\\\/09\\\/Blaise-Amok-Sunset-Nusa-Penida-Bali.jpg\",\"contentUrl\":\"https:\\\/\\\/mybestplacestovisit.com\\\/wp-content\\\/uploads\\\/2023\\\/09\\\/Blaise-Amok-Sunset-Nusa-Penida-Bali.jpg\",\"width\":1920,\"height\":800,\"caption\":\"Blaise Amok Sunset Nusa Penida Bali\"},{\"@type\":\"BreadcrumbList\",\"@id\":\"https:\\\/\\\/mybestplacestovisit.com\\\/asia\\\/#breadcrumb\",\"itemListElement\":[{\"@type\":\"ListItem\",\"position\":1,\"name\":\"Accueil\",\"item\":\"https:\\\/\\\/mybestplacestovisit.com\\\/id\\\/\"},{\"@type\":\"ListItem\",\"position\":2,\"name\":\"Travel in Asia \u2013 Complete Destination Guides &#038; Diving Insights\"}]},{\"@type\":\"WebSite\",\"@id\":\"https:\\\/\\\/mybestplacestovisit.com\\\/it\\\/#website\",\"url\":\"https:\\\/\\\/mybestplacestovisit.com\\\/it\\\/\",\"name\":\"2026 Travel Blog\",\"description\":\"Best places to visit\",\"publisher\":{\"@id\":\"https:\\\/\\\/mybestplacestovisit.com\\\/it\\\/#\\\/schema\\\/person\\\/f71ea967bd47a7e7bd4e70c8012e32ca\"},\"potentialAction\":[{\"@type\":\"SearchAction\",\"target\":{\"@type\":\"EntryPoint\",\"urlTemplate\":\"https:\\\/\\\/mybestplacestovisit.com\\\/it\\\/?s={search_term_string}\"},\"query-input\":{\"@type\":\"PropertyValueSpecification\",\"valueRequired\":true,\"valueName\":\"search_term_string\"}}],\"inLanguage\":\"it-IT\"},{\"@type\":[\"Person\",\"Organization\"],\"@id\":\"https:\\\/\\\/mybestplacestovisit.com\\\/it\\\/#\\\/schema\\\/person\\\/f71ea967bd47a7e7bd4e70c8012e32ca\",\"name\":\"Blaise\",\"image\":{\"@type\":\"ImageObject\",\"inLanguage\":\"it-IT\",\"@id\":\"https:\\\/\\\/mybestplacestovisit.com\\\/wp-content\\\/uploads\\\/2023\\\/09\\\/Blaise-Amok-Sunset-Nusa-Penida-Bali.jpg\",\"url\":\"https:\\\/\\\/mybestplacestovisit.com\\\/wp-content\\\/uploads\\\/2023\\\/09\\\/Blaise-Amok-Sunset-Nusa-Penida-Bali.jpg\",\"contentUrl\":\"https:\\\/\\\/mybestplacestovisit.com\\\/wp-content\\\/uploads\\\/2023\\\/09\\\/Blaise-Amok-Sunset-Nusa-Penida-Bali.jpg\",\"width\":1920,\"height\":800,\"caption\":\"Blaise\"},\"logo\":{\"@id\":\"https:\\\/\\\/mybestplacestovisit.com\\\/wp-content\\\/uploads\\\/2023\\\/09\\\/Blaise-Amok-Sunset-Nusa-Penida-Bali.jpg\"},\"sameAs\":[\"http:\\\/\\\/mybestplacestovisit.com\",\"blaiseparis\"]}]}<\/script>\n<!-- \/ Yoast SEO Premium plugin. -->","yoast_head_json":{"title":"Benvenuti nei miei luoghi preferiti da visitare in Asia","description":"Scopri le meraviglie del Sud-Est asiatico: destinazioni imperdibili, immersioni e consigli di viaggio nel mio blog dedicato.","robots":{"index":"index","follow":"follow","max-snippet":"max-snippet:-1","max-image-preview":"max-image-preview:large","max-video-preview":"max-video-preview:-1"},"canonical":"https:\/\/mybestplacestovisit.com\/it\/asia\/","og_locale":"it_IT","og_type":"article","og_title":"[:en]Travel in Asia \u2013 Complete Destination Guides &amp; Diving Insights[:de]Entdecke meine sch\u00f6nsten Orte in Asien[:es]Bienvenido a Mis mejores lugares para visitar en Asia[:fr]Bienvenue dans Mes meilleurs endroits \u00e0 visiter en Asie[:it]Benvenuti nei miei luoghi preferiti da visitare in Asia[:nl]Welkom bij mijn lijst van beste plaatsen om te bezoeken in Azi\u00eb[:pt]Bem-vindo ao My Best Places to Visit in \u00c1sia[:id]Selamat Datang di Tempat Terbaik Saya untuk Kunjungi di Asia[:zh]\u6b22\u8fce\u6765\u5230\u6211\u5728\u4e9a\u6d32\u7684\u6700\u597d\u5730\u70b9[:ja]\u3088\u3046\u3053\u305d\u3001\u30a2\u30b8\u30a2\u3067\u8a2a\u308c\u308b\u6700\u9ad8\u306e\u5834\u6240\u3078[:]","og_description":"[:en]Asia travel guides to Indonesia, Thailand, Vietnam and the Maldives. Discover top destinations, diving spots and expert travel tips.[:de]Entdecke die besten Reiseziele, Tauchpl\u00e4tze und Reisetipps in S\u00fcdostasien. In meinem Asien-Blog findest du verborgene Sch\u00e4tze[:it]Scopri le meraviglie del Sud-Est asiatico: destinazioni imperdibili, immersioni e consigli di viaggio nel mio blog dedicato.[:nl]Ontdek de beste bestemmingen, duikspots en reistips in Zuidoost-Azi\u00eb. Verken verborgen parels boven en onder water in mijn Azi\u00eb-blog![:pt]Explore destinos incr\u00edveis do Sudeste Asi\u00e1tico, mergulhos inesquec\u00edveis e dicas pr\u00e1ticas com meu blog sobre tesouros da \u00c1sia.[:]","og_url":"https:\/\/mybestplacestovisit.com\/it\/asia\/","og_site_name":"2026 Travel Blog","article_modified_time":"2026-02-17T17:26:14+00:00","og_image":[{"width":1920,"height":800,"url":"https:\/\/mybestplacestovisit.com\/wp-content\/uploads\/2023\/09\/Blaise-Amok-Sunset-Nusa-Penida-Bali.jpg","type":"image\/jpeg"}],"twitter_card":"summary_large_image","twitter_misc":{"Tempo di lettura stimato":"7 minuti"},"schema":{"@context":"https:\/\/schema.org","@graph":[{"@type":"WebPage","@id":"https:\/\/mybestplacestovisit.com\/asia\/","url":"https:\/\/mybestplacestovisit.com\/asia\/","name":"Benvenuti nei miei luoghi preferiti da visitare in Asia","isPartOf":{"@id":"https:\/\/mybestplacestovisit.com\/it\/#website"},"primaryImageOfPage":{"@id":"https:\/\/mybestplacestovisit.com\/asia\/#primaryimage"},"image":{"@id":"https:\/\/mybestplacestovisit.com\/asia\/#primaryimage"},"thumbnailUrl":"https:\/\/mybestplacestovisit.com\/wp-content\/uploads\/2023\/09\/Blaise-Amok-Sunset-Nusa-Penida-Bali.jpg","datePublished":"2024-11-17T03:09:29+00:00","dateModified":"2026-02-17T17:26:14+00:00","description":"Scopri le meraviglie del Sud-Est asiatico: destinazioni imperdibili, immersioni e consigli di viaggio nel mio blog dedicato.","breadcrumb":{"@id":"https:\/\/mybestplacestovisit.com\/asia\/#breadcrumb"},"inLanguage":"it-IT","potentialAction":[{"@type":"ReadAction","target":["https:\/\/mybestplacestovisit.com\/asia\/"]}]},{"@type":"ImageObject","inLanguage":"it-IT","@id":"https:\/\/mybestplacestovisit.com\/asia\/#primaryimage","url":"https:\/\/mybestplacestovisit.com\/wp-content\/uploads\/2023\/09\/Blaise-Amok-Sunset-Nusa-Penida-Bali.jpg","contentUrl":"https:\/\/mybestplacestovisit.com\/wp-content\/uploads\/2023\/09\/Blaise-Amok-Sunset-Nusa-Penida-Bali.jpg","width":1920,"height":800,"caption":"Blaise Amok Sunset Nusa Penida Bali"},{"@type":"BreadcrumbList","@id":"https:\/\/mybestplacestovisit.com\/asia\/#breadcrumb","itemListElement":[{"@type":"ListItem","position":1,"name":"Accueil","item":"https:\/\/mybestplacestovisit.com\/id\/"},{"@type":"ListItem","position":2,"name":"Travel in Asia \u2013 Complete Destination Guides &#038; Diving Insights"}]},{"@type":"WebSite","@id":"https:\/\/mybestplacestovisit.com\/it\/#website","url":"https:\/\/mybestplacestovisit.com\/it\/","name":"2026 Travel Blog","description":"Best places to visit","publisher":{"@id":"https:\/\/mybestplacestovisit.com\/it\/#\/schema\/person\/f71ea967bd47a7e7bd4e70c8012e32ca"},"potentialAction":[{"@type":"SearchAction","target":{"@type":"EntryPoint","urlTemplate":"https:\/\/mybestplacestovisit.com\/it\/?s={search_term_string}"},"query-input":{"@type":"PropertyValueSpecification","valueRequired":true,"valueName":"search_term_string"}}],"inLanguage":"it-IT"},{"@type":["Person","Organization"],"@id":"https:\/\/mybestplacestovisit.com\/it\/#\/schema\/person\/f71ea967bd47a7e7bd4e70c8012e32ca","name":"Blaise","image":{"@type":"ImageObject","inLanguage":"it-IT","@id":"https:\/\/mybestplacestovisit.com\/wp-content\/uploads\/2023\/09\/Blaise-Amok-Sunset-Nusa-Penida-Bali.jpg","url":"https:\/\/mybestplacestovisit.com\/wp-content\/uploads\/2023\/09\/Blaise-Amok-Sunset-Nusa-Penida-Bali.jpg","contentUrl":"https:\/\/mybestplacestovisit.com\/wp-content\/uploads\/2023\/09\/Blaise-Amok-Sunset-Nusa-Penida-Bali.jpg","width":1920,"height":800,"caption":"Blaise"},"logo":{"@id":"https:\/\/mybestplacestovisit.com\/wp-content\/uploads\/2023\/09\/Blaise-Amok-Sunset-Nusa-Penida-Bali.jpg"},"sameAs":["http:\/\/mybestplacestovisit.com","blaiseparis"]}]}},"uagb_featured_image_src":{"full":["https:\/\/mybestplacestovisit.com\/wp-content\/uploads\/2023\/09\/Blaise-Amok-Sunset-Nusa-Penida-Bali.jpg",1920,800,false],"thumbnail":["https:\/\/mybestplacestovisit.com\/wp-content\/uploads\/2023\/09\/Blaise-Amok-Sunset-Nusa-Penida-Bali-150x150.jpg",150,150,true],"medium":["https:\/\/mybestplacestovisit.com\/wp-content\/uploads\/2023\/09\/Blaise-Amok-Sunset-Nusa-Penida-Bali-300x125.jpg",300,125,true],"medium_large":["https:\/\/mybestplacestovisit.com\/wp-content\/uploads\/2023\/09\/Blaise-Amok-Sunset-Nusa-Penida-Bali-768x320.jpg",768,320,true],"large":["https:\/\/mybestplacestovisit.com\/wp-content\/uploads\/2023\/09\/Blaise-Amok-Sunset-Nusa-Penida-Bali-1024x427.jpg",1024,427,true],"1536x1536":["https:\/\/mybestplacestovisit.com\/wp-content\/uploads\/2023\/09\/Blaise-Amok-Sunset-Nusa-Penida-Bali-1536x640.jpg",1536,640,true],"2048x2048":["https:\/\/mybestplacestovisit.com\/wp-content\/uploads\/2023\/09\/Blaise-Amok-Sunset-Nusa-Penida-Bali.jpg",1920,800,false]},"uagb_author_info":{"display_name":"Blaise","author_link":"https:\/\/mybestplacestovisit.com\/it\/author\/admin4486\/"},"uagb_comment_info":0,"uagb_excerpt":"Benvenuti ai miei posti migliori da visitare in Asia, il tuo gateway per le avventure indimenticabili nel sud-est asiatico. A I migliori posti da visitare in Asia, portiamo il cuore vibrante del sud-est asiatico direttamente a voi. Che tu stia sognando delle isole tropicali Indonesia, la ricchezza culturale di Thailandia, o i paesaggi mozzafiato Vietnam,&hellip;","_links":{"self":[{"href":"https:\/\/mybestplacestovisit.com\/it\/wp-json\/wp\/v2\/pages\/301","targetHints":{"allow":["GET"]}}],"collection":[{"href":"https:\/\/mybestplacestovisit.com\/it\/wp-json\/wp\/v2\/pages"}],"about":[{"href":"https:\/\/mybestplacestovisit.com\/it\/wp-json\/wp\/v2\/types\/page"}],"author":[{"embeddable":true,"href":"https:\/\/mybestplacestovisit.com\/it\/wp-json\/wp\/v2\/users\/1"}],"replies":[{"embeddable":true,"href":"https:\/\/mybestplacestovisit.com\/it\/wp-json\/wp\/v2\/comments?post=301"}],"version-history":[{"count":25,"href":"https:\/\/mybestplacestovisit.com\/it\/wp-json\/wp\/v2\/pages\/301\/revisions"}],"predecessor-version":[{"id":7107,"href":"https:\/\/mybestplacestovisit.com\/it\/wp-json\/wp\/v2\/pages\/301\/revisions\/7107"}],"wp:featuredmedia":[{"embeddable":true,"href":"https:\/\/mybestplacestovisit.com\/it\/wp-json\/wp\/v2\/media\/61"}],"wp:attachment":[{"href":"https:\/\/mybestplacestovisit.com\/it\/wp-json\/wp\/v2\/media?parent=301"}],"curies":[{"name":"wp","href":"https:\/\/api.w.org\/{rel}","templated":true}]}}