{"id":395,"date":"2024-11-18T02:57:57","date_gmt":"2024-11-18T01:57:57","guid":{"rendered":"https:\/\/mybestplacestovisit.com\/?page_id=395"},"modified":"2026-03-08T09:29:18","modified_gmt":"2026-03-08T08:29:18","slug":"peroulades","status":"publish","type":"page","link":"https:\/\/mybestplacestovisit.com\/id\/europe\/greece\/corfu\/peroulades","title":{"rendered":"Peroulades"},"content":{"rendered":"<p><?xml encoding=\"UTF-8\"?><\/p>\n\n\n<div class=\"wp-block-uagb-container uagb-block-c367eb42 alignfull uagb-is-root-container\"><div class=\"uagb-container-inner-blocks-wrap\">\n<div class=\"wp-block-uagb-advanced-heading uagb-block-6f4d3bde\"><h2 class=\"uagb-heading-text\">Peroulades<\/h2><\/div>\n<\/div><\/div>\n\n\n\n<p>&nbsp;<\/p>\n\n\n\n<h2 class=\"wp-block-heading\">Dimana Peroulades<\/h2>\n\n\n\n<p>Peroulades terletak di sudut timur utara <a href=\"https:\/\/mybestplacestovisit.com\/europe\/greece\/corfu\/\">Kontokali Corfu<\/a>Tidak jauh dari Sidari, hanya 20 menit dari Acharavi. Ada taman mobil yang luas di mana Anda dapat menjatuhkan mobil Anda. Itu kemudian sangat mudah untuk mencapai pantai melalui tangga kecil.<\/p>\n\n\n\n<h2 class=\"wp-block-heading\" id=\"h-pantai-peroulades\">Pantai Peroulades<\/h2>\n\n\n\n<p>Pantai Peroulades, juga disebut pantai Logas, pernah lebih besar. Banner iklan lama juga menunjukkan dek kursi dan parasol. Tapi mereka sudah lama! Meme it Sejak itu, laut telah mengambil seluruh ruang dan pantai sekarang sangat sempit.<\/p>\n\n\n\n<p>Berenang di sebelah tebing setinggi 30 meter sangat mengesankan.<\/p>\n\n\n\n<figure class=\"wp-block-image size-full\"><img loading=\"lazy\" decoding=\"async\" width=\"1024\" height=\"768\" src=\"https:\/\/mybestplacestovisit.com\/wp-content\/uploads\/2025\/05\/Best-Holidays-to-Corfu-Greece-Peroulades-cliff.jpg\" alt=\"Best Holidays to Corfu Greece Peroulades cliff\" class=\"wp-image-4064\" srcset=\"https:\/\/mybestplacestovisit.com\/wp-content\/uploads\/2025\/05\/Best-Holidays-to-Corfu-Greece-Peroulades-cliff.jpg 1024w, https:\/\/mybestplacestovisit.com\/wp-content\/uploads\/2025\/05\/Best-Holidays-to-Corfu-Greece-Peroulades-cliff-300x225.jpg 300w, https:\/\/mybestplacestovisit.com\/wp-content\/uploads\/2025\/05\/Best-Holidays-to-Corfu-Greece-Peroulades-cliff-768x576.jpg 768w\" sizes=\"auto, (max-width: 1024px) 100vw, 1024px\" \/><figcaption class=\"wp-element-caption\">Login<\/figcaption><\/figure>\n\n\n\n<h2 class=\"wp-block-heading\">7 Surga<\/h2>\n\n\n\n<p>Sitemap Surga adalah bar dan restoran yang bagus dengan pemandangan yang menakjubkan, terutama saat matahari terbenam. Jika Anda tidak takut ketinggian, Anda dapat berdiri di platform kecil dengan lantai kaca yang memungkinkan Anda untuk melihat ke laut 30 meter di bawah Anda. Ini seperti berjalan di udara! koktail mereka cukup bagus.<\/p>\n\n\n\n<figure class=\"wp-block-image size-full\"><img loading=\"lazy\" decoding=\"async\" width=\"1024\" height=\"768\" src=\"https:\/\/mybestplacestovisit.com\/wp-content\/uploads\/2025\/05\/Best-Holidays-to-Corfu-Greece-7-heaven.jpg\" alt=\"Best Holidays to Corfu Greece 7 heaven\" class=\"wp-image-4065\" srcset=\"https:\/\/mybestplacestovisit.com\/wp-content\/uploads\/2025\/05\/Best-Holidays-to-Corfu-Greece-7-heaven.jpg 1024w, https:\/\/mybestplacestovisit.com\/wp-content\/uploads\/2025\/05\/Best-Holidays-to-Corfu-Greece-7-heaven-300x225.jpg 300w, https:\/\/mybestplacestovisit.com\/wp-content\/uploads\/2025\/05\/Best-Holidays-to-Corfu-Greece-7-heaven-768x576.jpg 768w\" sizes=\"auto, (max-width: 1024px) 100vw, 1024px\" \/><figcaption class=\"wp-element-caption\">7 surga<\/figcaption><\/figure>\n\n\n\n<h2 class=\"wp-block-heading\">Kanal<\/h2>\n\n\n\n<p>Menurut legenda, pasangan Prancis jatuh di bawah pesona tempat. Mereka berjanji untuk setiap cinta abadi lainnya. Tempat ini bernama Canal d&#8217;Amour setelah legenda ini. Jika Anda single, berenang di sana dan Anda akan menikah di tahun berikutnya!<\/p>\n\n\n\n<p>Ini adalah tempat yang bagus untuk dikunjungi, tetapi tidak selama musim tinggi, cara terlalu ramai.<\/p>\n\n\n\n<figure class=\"wp-block-image size-full\"><img loading=\"lazy\" decoding=\"async\" width=\"1024\" height=\"768\" src=\"https:\/\/mybestplacestovisit.com\/wp-content\/uploads\/2025\/05\/Best-Holidays-to-Corfu-Greece-canal-damour-sidari.jpg\" alt=\"Best Holidays to Corfu Greece canal d'amour sidari\" class=\"wp-image-4066\" srcset=\"https:\/\/mybestplacestovisit.com\/wp-content\/uploads\/2025\/05\/Best-Holidays-to-Corfu-Greece-canal-damour-sidari.jpg 1024w, https:\/\/mybestplacestovisit.com\/wp-content\/uploads\/2025\/05\/Best-Holidays-to-Corfu-Greece-canal-damour-sidari-300x225.jpg 300w, https:\/\/mybestplacestovisit.com\/wp-content\/uploads\/2025\/05\/Best-Holidays-to-Corfu-Greece-canal-damour-sidari-768x576.jpg 768w\" sizes=\"auto, (max-width: 1024px) 100vw, 1024px\" \/><figcaption class=\"wp-element-caption\">Kanal Login<\/figcaption><\/figure>\n\n\n\n<p><\/p>\n","protected":false},"excerpt":{"rendered":"<p>Peroulades paling terkenal dengan tebingnya yang mengesankan. Nikmati pantai Logas dan minum matahari terbenam di bar surga ke-7!<\/p>\n","protected":false},"author":1,"featured_media":30,"parent":342,"menu_order":0,"comment_status":"open","ping_status":"closed","template":"","meta":{"_uag_custom_page_level_css":"","site-sidebar-layout":"default","site-content-layout":"","ast-site-content-layout":"default","site-content-style":"default","site-sidebar-style":"default","ast-global-header-display":"","ast-banner-title-visibility":"","ast-main-header-display":"","ast-hfb-above-header-display":"","ast-hfb-below-header-display":"","ast-hfb-mobile-header-display":"","site-post-title":"disabled","ast-breadcrumbs-content":"","ast-featured-img":"disabled","footer-sml-layout":"","ast-disable-related-posts":"","theme-transparent-header-meta":"","adv-header-id-meta":"","stick-header-meta":"","header-above-stick-meta":"","header-main-stick-meta":"","header-below-stick-meta":"","astra-migrate-meta-layouts":"set","ast-page-background-enabled":"default","ast-page-background-meta":{"desktop":{"background-color":"","background-image":"","background-repeat":"repeat","background-position":"center center","background-size":"auto","background-attachment":"scroll","background-type":"","background-media":"","overlay-type":"","overlay-color":"","overlay-opacity":"","overlay-gradient":""},"tablet":{"background-color":"","background-image":"","background-repeat":"repeat","background-position":"center center","background-size":"auto","background-attachment":"scroll","background-type":"","background-media":"","overlay-type":"","overlay-color":"","overlay-opacity":"","overlay-gradient":""},"mobile":{"background-color":"","background-image":"","background-repeat":"repeat","background-position":"center center","background-size":"auto","background-attachment":"scroll","background-type":"","background-media":"","overlay-type":"","overlay-color":"","overlay-opacity":"","overlay-gradient":""}},"ast-content-background-meta":{"desktop":{"background-color":"var(--ast-global-color-5)","background-image":"","background-repeat":"repeat","background-position":"center center","background-size":"auto","background-attachment":"scroll","background-type":"","background-media":"","overlay-type":"","overlay-color":"","overlay-opacity":"","overlay-gradient":""},"tablet":{"background-color":"var(--ast-global-color-5)","background-image":"","background-repeat":"repeat","background-position":"center center","background-size":"auto","background-attachment":"scroll","background-type":"","background-media":"","overlay-type":"","overlay-color":"","overlay-opacity":"","overlay-gradient":""},"mobile":{"background-color":"var(--ast-global-color-5)","background-image":"","background-repeat":"repeat","background-position":"center center","background-size":"auto","background-attachment":"scroll","background-type":"","background-media":"","overlay-type":"","overlay-color":"","overlay-opacity":"","overlay-gradient":""}},"footnotes":""},"class_list":["post-395","page","type-page","status-publish","has-post-thumbnail","hentry"],"yoast_head":"<!-- This site is optimized with the Yoast SEO Premium plugin v27.2 (Yoast SEO v27.4) - https:\/\/yoast.com\/product\/yoast-seo-premium-wordpress\/ -->\n<title>Peroulades<\/title>\n<meta name=\"description\" content=\"Peroulades is most famous for its impressive cliffs. Enjoy Logas beach and have a drink at sunset at the 7th heaven bar !\" \/>\n<meta name=\"robots\" content=\"index, follow, max-snippet:-1, max-image-preview:large, max-video-preview:-1\" \/>\n<link rel=\"canonical\" href=\"https:\/\/mybestplacestovisit.com\/id\/europe\/greece\/corfu\/peroulades\" \/>\n<meta property=\"og:locale\" content=\"id_ID\" \/>\n<meta property=\"og:locale:alternate\" content=\"en_US\" \/>\n<meta property=\"og:locale:alternate\" content=\"de_DE\" \/>\n<meta property=\"og:locale:alternate\" content=\"es_ES\" \/>\n<meta property=\"og:locale:alternate\" content=\"fr_FR\" \/>\n<meta property=\"og:locale:alternate\" content=\"it_IT\" \/>\n<meta property=\"og:locale:alternate\" content=\"nl_NL\" \/>\n<meta property=\"og:locale:alternate\" content=\"pt_br\" \/>\n<meta property=\"og:locale:alternate\" content=\"zh_CN\" \/>\n<meta property=\"og:locale:alternate\" content=\"ja_JP\" \/>\n<meta property=\"og:type\" content=\"article\" \/>\n<meta property=\"og:title\" content=\"Peroulades\" \/>\n<meta property=\"og:description\" content=\"Peroulades is most famous for its impressive cliffs. Enjoy Logas beach and have a drink at sunset at the 7th heaven bar !\" \/>\n<meta property=\"og:url\" content=\"https:\/\/mybestplacestovisit.com\/id\/europe\/yunani\/corfu\/peroulades\/\" \/>\n<meta property=\"og:site_name\" content=\"2026 Travel Blog\" \/>\n<meta property=\"article:modified_time\" content=\"2026-03-08T08:29:18+00:00\" \/>\n<meta property=\"og:image\" content=\"https:\/\/mybestplacestovisit.com\/wp-content\/uploads\/2023\/09\/Best-Holidays-to-Corfu-Greece-Peroulades-Logas-beach.jpg\" \/>\n\t<meta property=\"og:image:width\" content=\"1024\" \/>\n\t<meta property=\"og:image:height\" content=\"768\" \/>\n\t<meta property=\"og:image:type\" content=\"image\/jpeg\" \/>\n<meta name=\"twitter:card\" content=\"summary_large_image\" \/>\n<meta name=\"twitter:label1\" content=\"Estimasi waktu membaca\" \/>\n\t<meta name=\"twitter:data1\" content=\"2 menit\" \/>\n<script type=\"application\/ld+json\" class=\"yoast-schema-graph\">{\"@context\":\"https:\\\/\\\/schema.org\",\"@graph\":[{\"@type\":\"WebPage\",\"@id\":\"https:\\\/\\\/mybestplacestovisit.com\\\/it\\\/europe\\\/greece\\\/corfu\\\/peroulades\\\/\",\"url\":\"https:\\\/\\\/mybestplacestovisit.com\\\/it\\\/europe\\\/greece\\\/corfu\\\/peroulades\\\/\",\"name\":\"Peroulades\",\"isPartOf\":{\"@id\":\"https:\\\/\\\/mybestplacestovisit.com\\\/it\\\/#website\"},\"primaryImageOfPage\":{\"@id\":\"https:\\\/\\\/mybestplacestovisit.com\\\/it\\\/europe\\\/greece\\\/corfu\\\/peroulades\\\/#primaryimage\"},\"image\":{\"@id\":\"https:\\\/\\\/mybestplacestovisit.com\\\/it\\\/europe\\\/greece\\\/corfu\\\/peroulades\\\/#primaryimage\"},\"thumbnailUrl\":\"https:\\\/\\\/mybestplacestovisit.com\\\/wp-content\\\/uploads\\\/2023\\\/09\\\/Best-Holidays-to-Corfu-Greece-Peroulades-Logas-beach.jpg\",\"datePublished\":\"2024-11-18T01:57:57+00:00\",\"dateModified\":\"2026-03-08T08:29:18+00:00\",\"description\":\"Peroulades is most famous for its impressive cliffs. Enjoy Logas beach and have a drink at sunset at the 7th heaven bar !\",\"breadcrumb\":{\"@id\":\"https:\\\/\\\/mybestplacestovisit.com\\\/it\\\/europe\\\/greece\\\/corfu\\\/peroulades\\\/#breadcrumb\"},\"inLanguage\":\"id-ID\",\"potentialAction\":[{\"@type\":\"ReadAction\",\"target\":[\"https:\\\/\\\/mybestplacestovisit.com\\\/it\\\/europe\\\/greece\\\/corfu\\\/peroulades\\\/\"]}]},{\"@type\":\"ImageObject\",\"inLanguage\":\"id-ID\",\"@id\":\"https:\\\/\\\/mybestplacestovisit.com\\\/it\\\/europe\\\/greece\\\/corfu\\\/peroulades\\\/#primaryimage\",\"url\":\"https:\\\/\\\/mybestplacestovisit.com\\\/wp-content\\\/uploads\\\/2023\\\/09\\\/Best-Holidays-to-Corfu-Greece-Peroulades-Logas-beach.jpg\",\"contentUrl\":\"https:\\\/\\\/mybestplacestovisit.com\\\/wp-content\\\/uploads\\\/2023\\\/09\\\/Best-Holidays-to-Corfu-Greece-Peroulades-Logas-beach.jpg\",\"width\":1024,\"height\":768,\"caption\":\"Peroulades\"},{\"@type\":\"BreadcrumbList\",\"@id\":\"https:\\\/\\\/mybestplacestovisit.com\\\/it\\\/europe\\\/greece\\\/corfu\\\/peroulades\\\/#breadcrumb\",\"itemListElement\":[{\"@type\":\"ListItem\",\"position\":1,\"name\":\"Accueil\",\"item\":\"https:\\\/\\\/mybestplacestovisit.com\\\/id\\\/\"},{\"@type\":\"ListItem\",\"position\":2,\"name\":\"Europe Travel Guide \u2013 Best Destinations\",\"item\":\"https:\\\/\\\/mybestplacestovisit.com\\\/europe\\\/\"},{\"@type\":\"ListItem\",\"position\":3,\"name\":\"Travel to Greece: A Guide from a Lifelong Enthusiast\",\"item\":\"https:\\\/\\\/mybestplacestovisit.com\\\/europe\\\/greece\\\/\"},{\"@type\":\"ListItem\",\"position\":4,\"name\":\"Dov\u2019\u00e8 Corf\u00f9? Dove si trova, mappa e spiagge pi\u00f9 belle\",\"item\":\"https:\\\/\\\/mybestplacestovisit.com\\\/it\\\/europe\\\/greece\\\/corfu\\\/\"},{\"@type\":\"ListItem\",\"position\":5,\"name\":\"Peroulades\"}]},{\"@type\":\"WebSite\",\"@id\":\"https:\\\/\\\/mybestplacestovisit.com\\\/it\\\/#website\",\"url\":\"https:\\\/\\\/mybestplacestovisit.com\\\/it\\\/\",\"name\":\"2026 Travel Blog\",\"description\":\"Best places to visit\",\"publisher\":{\"@id\":\"https:\\\/\\\/mybestplacestovisit.com\\\/it\\\/#\\\/schema\\\/person\\\/f71ea967bd47a7e7bd4e70c8012e32ca\"},\"potentialAction\":[{\"@type\":\"SearchAction\",\"target\":{\"@type\":\"EntryPoint\",\"urlTemplate\":\"https:\\\/\\\/mybestplacestovisit.com\\\/it\\\/?s={search_term_string}\"},\"query-input\":{\"@type\":\"PropertyValueSpecification\",\"valueRequired\":true,\"valueName\":\"search_term_string\"}}],\"inLanguage\":\"id-ID\"},{\"@type\":[\"Person\",\"Organization\"],\"@id\":\"https:\\\/\\\/mybestplacestovisit.com\\\/it\\\/#\\\/schema\\\/person\\\/f71ea967bd47a7e7bd4e70c8012e32ca\",\"name\":\"Blaise\",\"image\":{\"@type\":\"ImageObject\",\"inLanguage\":\"id-ID\",\"@id\":\"https:\\\/\\\/mybestplacestovisit.com\\\/wp-content\\\/uploads\\\/2023\\\/09\\\/Blaise-Amok-Sunset-Nusa-Penida-Bali.jpg\",\"url\":\"https:\\\/\\\/mybestplacestovisit.com\\\/wp-content\\\/uploads\\\/2023\\\/09\\\/Blaise-Amok-Sunset-Nusa-Penida-Bali.jpg\",\"contentUrl\":\"https:\\\/\\\/mybestplacestovisit.com\\\/wp-content\\\/uploads\\\/2023\\\/09\\\/Blaise-Amok-Sunset-Nusa-Penida-Bali.jpg\",\"width\":1920,\"height\":800,\"caption\":\"Blaise\"},\"logo\":{\"@id\":\"https:\\\/\\\/mybestplacestovisit.com\\\/wp-content\\\/uploads\\\/2023\\\/09\\\/Blaise-Amok-Sunset-Nusa-Penida-Bali.jpg\"},\"sameAs\":[\"http:\\\/\\\/mybestplacestovisit.com\",\"blaiseparis\"]}]}<\/script>\n<!-- \/ Yoast SEO Premium plugin. -->","yoast_head_json":{"title":"Peroulades","description":"Peroulades is most famous for its impressive cliffs. Enjoy Logas beach and have a drink at sunset at the 7th heaven bar !","robots":{"index":"index","follow":"follow","max-snippet":"max-snippet:-1","max-image-preview":"max-image-preview:large","max-video-preview":"max-video-preview:-1"},"canonical":"https:\/\/mybestplacestovisit.com\/id\/europe\/greece\/corfu\/peroulades","og_locale":"id_ID","og_type":"article","og_title":"[:en]Peroulades[:de]Peroulades[:es]Peroulades[:fr]Peroulades[:it]Peroulades[:nl]Peroulades[:pt]Peroulades[:id]Peroulades[:zh]\u7ea2\u5b9d\u77f3[:ja]\u30da\u30eb\u30aa\u30e9\u30c7\u30a6\u30b9[:]","og_description":"[:en]Peroulades is most famous for its impressive cliffs. Enjoy Logas beach and have a drink at sunset at the 7th heaven bar ![:de]Peroulades ist bekannt f\u00fcr seine beeindruckenden Klippen. Genie\u00dfen Sie den Logas-Strand und einen Drink im 7th Heaven Bar![:es]Peroulades es m\u00e1s famoso por sus impresionantes acantilados. \u00a1Disfruta de la playa de Logas y toma una copa en el bar 7th Heaven![:fr]Peroulades est connue pour ses impressionnantes falaises. Profitez de la plage de Logas et prenez un verre au coucher du soleil au 7eme ciel![:it]Peroulades \u00e8 celebre per le sue scogliere spettacolari. Rilassati a Logas Beach e gusta un drink al tramonto al bar Settimo Cielo![:nl]Peroulades staat bekend om zijn indrukwekkende kliffen. Ontspan op Logas Beach en geniet van de zonsondergang bij de 7th Heaven Bar![:pt]Peroulades \u00e9 famosa por suas impressionantes fal\u00e9sias. Curta a praia de Logas e aproveite um drinque no p\u00f4r do sol no bar 7th Heaven![:]","og_url":"https:\/\/mybestplacestovisit.com\/id\/europe\/yunani\/corfu\/peroulades\/","og_site_name":"2026 Travel Blog","article_modified_time":"2026-03-08T08:29:18+00:00","og_image":[{"width":1024,"height":768,"url":"https:\/\/mybestplacestovisit.com\/wp-content\/uploads\/2023\/09\/Best-Holidays-to-Corfu-Greece-Peroulades-Logas-beach.jpg","type":"image\/jpeg"}],"twitter_card":"summary_large_image","twitter_misc":{"Estimasi waktu membaca":"2 menit"},"schema":{"@context":"https:\/\/schema.org","@graph":[{"@type":"WebPage","@id":"https:\/\/mybestplacestovisit.com\/it\/europe\/greece\/corfu\/peroulades\/","url":"https:\/\/mybestplacestovisit.com\/it\/europe\/greece\/corfu\/peroulades\/","name":"Peroulades","isPartOf":{"@id":"https:\/\/mybestplacestovisit.com\/it\/#website"},"primaryImageOfPage":{"@id":"https:\/\/mybestplacestovisit.com\/it\/europe\/greece\/corfu\/peroulades\/#primaryimage"},"image":{"@id":"https:\/\/mybestplacestovisit.com\/it\/europe\/greece\/corfu\/peroulades\/#primaryimage"},"thumbnailUrl":"https:\/\/mybestplacestovisit.com\/wp-content\/uploads\/2023\/09\/Best-Holidays-to-Corfu-Greece-Peroulades-Logas-beach.jpg","datePublished":"2024-11-18T01:57:57+00:00","dateModified":"2026-03-08T08:29:18+00:00","description":"Peroulades is most famous for its impressive cliffs. Enjoy Logas beach and have a drink at sunset at the 7th heaven bar !","breadcrumb":{"@id":"https:\/\/mybestplacestovisit.com\/it\/europe\/greece\/corfu\/peroulades\/#breadcrumb"},"inLanguage":"id-ID","potentialAction":[{"@type":"ReadAction","target":["https:\/\/mybestplacestovisit.com\/it\/europe\/greece\/corfu\/peroulades\/"]}]},{"@type":"ImageObject","inLanguage":"id-ID","@id":"https:\/\/mybestplacestovisit.com\/it\/europe\/greece\/corfu\/peroulades\/#primaryimage","url":"https:\/\/mybestplacestovisit.com\/wp-content\/uploads\/2023\/09\/Best-Holidays-to-Corfu-Greece-Peroulades-Logas-beach.jpg","contentUrl":"https:\/\/mybestplacestovisit.com\/wp-content\/uploads\/2023\/09\/Best-Holidays-to-Corfu-Greece-Peroulades-Logas-beach.jpg","width":1024,"height":768,"caption":"Peroulades"},{"@type":"BreadcrumbList","@id":"https:\/\/mybestplacestovisit.com\/it\/europe\/greece\/corfu\/peroulades\/#breadcrumb","itemListElement":[{"@type":"ListItem","position":1,"name":"Accueil","item":"https:\/\/mybestplacestovisit.com\/id\/"},{"@type":"ListItem","position":2,"name":"Europe Travel Guide \u2013 Best Destinations","item":"https:\/\/mybestplacestovisit.com\/europe\/"},{"@type":"ListItem","position":3,"name":"Travel to Greece: A Guide from a Lifelong Enthusiast","item":"https:\/\/mybestplacestovisit.com\/europe\/greece\/"},{"@type":"ListItem","position":4,"name":"Dov\u2019\u00e8 Corf\u00f9? Dove si trova, mappa e spiagge pi\u00f9 belle","item":"https:\/\/mybestplacestovisit.com\/it\/europe\/greece\/corfu\/"},{"@type":"ListItem","position":5,"name":"Peroulades"}]},{"@type":"WebSite","@id":"https:\/\/mybestplacestovisit.com\/it\/#website","url":"https:\/\/mybestplacestovisit.com\/it\/","name":"2026 Travel Blog","description":"Best places to visit","publisher":{"@id":"https:\/\/mybestplacestovisit.com\/it\/#\/schema\/person\/f71ea967bd47a7e7bd4e70c8012e32ca"},"potentialAction":[{"@type":"SearchAction","target":{"@type":"EntryPoint","urlTemplate":"https:\/\/mybestplacestovisit.com\/it\/?s={search_term_string}"},"query-input":{"@type":"PropertyValueSpecification","valueRequired":true,"valueName":"search_term_string"}}],"inLanguage":"id-ID"},{"@type":["Person","Organization"],"@id":"https:\/\/mybestplacestovisit.com\/it\/#\/schema\/person\/f71ea967bd47a7e7bd4e70c8012e32ca","name":"Blaise","image":{"@type":"ImageObject","inLanguage":"id-ID","@id":"https:\/\/mybestplacestovisit.com\/wp-content\/uploads\/2023\/09\/Blaise-Amok-Sunset-Nusa-Penida-Bali.jpg","url":"https:\/\/mybestplacestovisit.com\/wp-content\/uploads\/2023\/09\/Blaise-Amok-Sunset-Nusa-Penida-Bali.jpg","contentUrl":"https:\/\/mybestplacestovisit.com\/wp-content\/uploads\/2023\/09\/Blaise-Amok-Sunset-Nusa-Penida-Bali.jpg","width":1920,"height":800,"caption":"Blaise"},"logo":{"@id":"https:\/\/mybestplacestovisit.com\/wp-content\/uploads\/2023\/09\/Blaise-Amok-Sunset-Nusa-Penida-Bali.jpg"},"sameAs":["http:\/\/mybestplacestovisit.com","blaiseparis"]}]}},"uagb_featured_image_src":{"full":["https:\/\/mybestplacestovisit.com\/wp-content\/uploads\/2023\/09\/Best-Holidays-to-Corfu-Greece-Peroulades-Logas-beach.jpg",1024,768,false],"thumbnail":["https:\/\/mybestplacestovisit.com\/wp-content\/uploads\/2023\/09\/Best-Holidays-to-Corfu-Greece-Peroulades-Logas-beach-150x150.jpg",150,150,true],"medium":["https:\/\/mybestplacestovisit.com\/wp-content\/uploads\/2023\/09\/Best-Holidays-to-Corfu-Greece-Peroulades-Logas-beach-300x225.jpg",300,225,true],"medium_large":["https:\/\/mybestplacestovisit.com\/wp-content\/uploads\/2023\/09\/Best-Holidays-to-Corfu-Greece-Peroulades-Logas-beach-768x576.jpg",768,576,true],"large":["https:\/\/mybestplacestovisit.com\/wp-content\/uploads\/2023\/09\/Best-Holidays-to-Corfu-Greece-Peroulades-Logas-beach.jpg",1024,768,false],"1536x1536":["https:\/\/mybestplacestovisit.com\/wp-content\/uploads\/2023\/09\/Best-Holidays-to-Corfu-Greece-Peroulades-Logas-beach.jpg",1024,768,false],"2048x2048":["https:\/\/mybestplacestovisit.com\/wp-content\/uploads\/2023\/09\/Best-Holidays-to-Corfu-Greece-Peroulades-Logas-beach.jpg",1024,768,false]},"uagb_author_info":{"display_name":"Blaise","author_link":"https:\/\/mybestplacestovisit.com\/id\/author\/admin4486\/"},"uagb_comment_info":0,"uagb_excerpt":"Peroulades paling terkenal dengan tebingnya yang mengesankan. Nikmati pantai Logas dan minum matahari terbenam di bar surga ke-7!","_links":{"self":[{"href":"https:\/\/mybestplacestovisit.com\/id\/wp-json\/wp\/v2\/pages\/395","targetHints":{"allow":["GET"]}}],"collection":[{"href":"https:\/\/mybestplacestovisit.com\/id\/wp-json\/wp\/v2\/pages"}],"about":[{"href":"https:\/\/mybestplacestovisit.com\/id\/wp-json\/wp\/v2\/types\/page"}],"author":[{"embeddable":true,"href":"https:\/\/mybestplacestovisit.com\/id\/wp-json\/wp\/v2\/users\/1"}],"replies":[{"embeddable":true,"href":"https:\/\/mybestplacestovisit.com\/id\/wp-json\/wp\/v2\/comments?post=395"}],"version-history":[{"count":21,"href":"https:\/\/mybestplacestovisit.com\/id\/wp-json\/wp\/v2\/pages\/395\/revisions"}],"predecessor-version":[{"id":7362,"href":"https:\/\/mybestplacestovisit.com\/id\/wp-json\/wp\/v2\/pages\/395\/revisions\/7362"}],"up":[{"embeddable":true,"href":"https:\/\/mybestplacestovisit.com\/id\/wp-json\/wp\/v2\/pages\/342"}],"wp:featuredmedia":[{"embeddable":true,"href":"https:\/\/mybestplacestovisit.com\/id\/wp-json\/wp\/v2\/media\/30"}],"wp:attachment":[{"href":"https:\/\/mybestplacestovisit.com\/id\/wp-json\/wp\/v2\/media?parent=395"}],"curies":[{"name":"wp","href":"https:\/\/api.w.org\/{rel}","templated":true}]}}