{"id":349,"date":"2024-11-17T10:13:31","date_gmt":"2024-11-17T09:13:31","guid":{"rendered":"https:\/\/mybestplacestovisit.com\/?page_id=349"},"modified":"2026-03-08T09:28:23","modified_gmt":"2026-03-08T08:28:23","slug":"old-perithia","status":"publish","type":"page","link":"https:\/\/mybestplacestovisit.com\/id\/europe\/greece\/corfu\/old-perithia","title":{"rendered":"Tua Perithia: Perjalanan Kembali dalam Waktu"},"content":{"rendered":"<?xml encoding=\"UTF-8\"?><div class=\"wp-block-uagb-container uagb-block-27048156 alignfull uagb-is-root-container\"><div class=\"uagb-container-inner-blocks-wrap\">\n<div class=\"wp-block-uagb-advanced-heading uagb-block-8f38790f\"><h2 class=\"uagb-heading-text\">Tua Perithia: Perjalanan Kembali dalam Waktu<\/h2><\/div>\n<\/div><\/div><p><\/p><p>Old Perithia adalah desa tertua <a href=\"https:\/\/mybestplacestovisit.com\/europe\/greece\/corfu\/\">Login<\/a>Sitemap Terletak di kawasan warisan yang dilindungi hanya di bawah Gunung Pantokrator. Sidang tanggal desa kembali ke tengah abad ke-14, tetapi desa mungkin jauh lebih tua dari itu.<\/p><p>Terletak di bawah pegunungan tertinggi di pulau, Perithia lama pernah menjadi pengungsi dari serangan pirate. Ini adalah salah satu pulau terkaya, dikelilingi oleh kebun anggur, oak, ribuan domba, dan populasi 1200 penduduk. 130 rumah masih ada, kebanyakan dari mereka dibangun sepenuhnya dengan tangan. Tapi hanya beberapa dari mereka telah dipulihkan. Desa ini terlihat sedikit seperti kota hantu, yang merupakan bagian dari pesonanya&#8230;<\/p><figure class=\"wp-block-image size-full\"><img loading=\"lazy\" decoding=\"async\" width=\"1024\" height=\"768\" src=\"https:\/\/mybestplacestovisit.com\/wp-content\/uploads\/2025\/05\/visit-Corfu-old-perithia-pantokrator.jpg\" alt=\"visit Corfu  old perithia pantokrator\" class=\"wp-image-4049\" srcset=\"https:\/\/mybestplacestovisit.com\/wp-content\/uploads\/2025\/05\/visit-Corfu-old-perithia-pantokrator.jpg 1024w, https:\/\/mybestplacestovisit.com\/wp-content\/uploads\/2025\/05\/visit-Corfu-old-perithia-pantokrator-300x225.jpg 300w, https:\/\/mybestplacestovisit.com\/wp-content\/uploads\/2025\/05\/visit-Corfu-old-perithia-pantokrator-768x576.jpg 768w\" sizes=\"auto, (max-width: 1024px) 100vw, 1024px\" \/><\/figure><h2 class=\"wp-block-heading\" id=\"h-what-to-do-in-old-perithia\">Apa yang harus dilakukan di Old Perithia<\/h2><p>Perjalanan ke Old Perithia untuk menikmati hari yang bagus, kembali ke waktu, dan berjalan di pegunungan. Atau hanya sedikit makan di salah satu dari 4 tavern.<\/p><h3 class=\"wp-block-heading\">Temukan 8 gereja desa<\/h3><p>Bagi mereka yang membutuhkan tujuan untuk memulai aktivitas apa pun, Anda dapat menargetkan mengambil gambar dari setiap gereja Old Perithia. Anda akan menemukan peta desa di pintu masuk untuk membantu Anda. Marc, pemilik tempat tidur dan sarapan sebelumnya &#8220;Rumah Merchant,&#8221; edit peta ini dan panduan mengagumkan ke desa.<\/p><p>Lainnya hanya akan menikmati berjalan di sekitar desa dan secara acak menemukan beberapa rumah 130. Anda mungkin akan melewati gerbang bergaya Venetian. Kemudian, kunjungi sekolah desa, yang ditutup di tengah abad terakhir.<\/p><figure class=\"wp-block-image size-full\"><img loading=\"lazy\" decoding=\"async\" width=\"1024\" height=\"768\" src=\"https:\/\/mybestplacestovisit.com\/wp-content\/uploads\/2025\/05\/Best-Holidays-to-Corfu-Greece-Old-Perithia-Village.jpg\" alt=\"Best Holidays to Corfu Greece Old Perithia Village\" class=\"wp-image-4050\" srcset=\"https:\/\/mybestplacestovisit.com\/wp-content\/uploads\/2025\/05\/Best-Holidays-to-Corfu-Greece-Old-Perithia-Village.jpg 1024w, https:\/\/mybestplacestovisit.com\/wp-content\/uploads\/2025\/05\/Best-Holidays-to-Corfu-Greece-Old-Perithia-Village-300x225.jpg 300w, https:\/\/mybestplacestovisit.com\/wp-content\/uploads\/2025\/05\/Best-Holidays-to-Corfu-Greece-Old-Perithia-Village-768x576.jpg 768w\" sizes=\"auto, (max-width: 1024px) 100vw, 1024px\" \/><figcaption class=\"wp-element-caption\">DCIM\/100MEDIA\/DJI_0559.JPG<\/figcaption><\/figure><h3 class=\"wp-block-heading\">Membangun dasar kamp Anda untuk bersembunyi ke Pantokrator<\/h3><p>Jalan ke Gunung Pantokrator daun ke kanan gereja utama Perthia Tua yang dapat dilihat ketika tiba dari jalan. Hanya di luar desa, setelah melewati kubus beton yang berfungsi sebagai reservoir, jalur kecil, hampir tidak dilacak kepala ke kiri. Dua tanda oranye dan kuning tidak sangat terlihat sehingga Anda harus sangat berhati-hati. Kecuali terus di jalan utama yang juga berjalan bagus!<\/p><figure class=\"wp-block-image size-full\"><img loading=\"lazy\" decoding=\"async\" width=\"1024\" height=\"768\" src=\"https:\/\/mybestplacestovisit.com\/wp-content\/uploads\/2025\/05\/visit-Corfu-pantokrator.jpg\" alt=\"visit Corfu pantokrator\" class=\"wp-image-4051\" srcset=\"https:\/\/mybestplacestovisit.com\/wp-content\/uploads\/2025\/05\/visit-Corfu-pantokrator.jpg 1024w, https:\/\/mybestplacestovisit.com\/wp-content\/uploads\/2025\/05\/visit-Corfu-pantokrator-300x225.jpg 300w, https:\/\/mybestplacestovisit.com\/wp-content\/uploads\/2025\/05\/visit-Corfu-pantokrator-768x576.jpg 768w\" sizes=\"auto, (max-width: 1024px) 100vw, 1024px\" \/><\/figure><p>Setelah setengah jam, Anda mencapai kios kecil dan jalan kotoran lainnya. Pemandangan Perithia Tua dan laut di satu sisi, dan bagian lain dari pantai di sisi lain, sangat penting. Mengubah hak di jalan kotoran ini, Anda akan tiba di jalan aspal setelah setengah jam lain, membawa Anda ke puncak Gunung Pantokrator setelah sekitar dua puluh menit. Anda dapat mengunjungi biara di sana. Meme it Dan menyegarkan diri Anda dan memiliki sedikit makan sebelum kembali ke Old Perithia. Pemandangan yang luar biasa dan pemandangan yang luar biasa di sepanjang hike akan menjadi hadiah terbaik Anda!<\/p><figure class=\"wp-block-image size-full\"><img loading=\"lazy\" decoding=\"async\" width=\"1024\" height=\"768\" src=\"https:\/\/mybestplacestovisit.com\/wp-content\/uploads\/2025\/05\/Best-Holidays-to-Corfu-Greece-Mount-Pantokrator-Monastry.jpg\" alt=\"Best Holidays to Corfu Greece Mount Pantokrator Monastry\" class=\"wp-image-4052\" srcset=\"https:\/\/mybestplacestovisit.com\/wp-content\/uploads\/2025\/05\/Best-Holidays-to-Corfu-Greece-Mount-Pantokrator-Monastry.jpg 1024w, https:\/\/mybestplacestovisit.com\/wp-content\/uploads\/2025\/05\/Best-Holidays-to-Corfu-Greece-Mount-Pantokrator-Monastry-300x225.jpg 300w, https:\/\/mybestplacestovisit.com\/wp-content\/uploads\/2025\/05\/Best-Holidays-to-Corfu-Greece-Mount-Pantokrator-Monastry-768x576.jpg 768w\" sizes=\"auto, (max-width: 1024px) 100vw, 1024px\" \/><figcaption class=\"wp-element-caption\">Login Login<\/figcaption><\/figure><h3 class=\"wp-block-heading\">Memiliki makan siang atau makan malam di salah satu dari 4 tavernas<\/h3><p>Ognistra adalah taverna favorit saya di Old Perithia. Ini adalah kisah pertama yang akan Anda lihat setelah parkir mobil Anda. Tanya Nikos untuk menyiapkan stew kelinci untuk Anda. Atau di Yunani, Kouneli stifado. Saya juga ingin pergi ke perithia taverna tua, turun jalan di desa. Ada pemandangan yang fantastis dari Gunung Pantokrator. Dan Anda juga bisa makan kouneli stifado di sini!<\/p><h2 class=\"wp-block-heading\">Dapatkan ke Perithia lama<\/h2><p>Old Perithia hanya berjarak 25 menit dari Kassiopi dan dari Acharavi. Dan hanya 10 menit dari <a href=\"https:\/\/corfu.blog\/stay-in-corfu-villa-voukithro\/\">Villa Athena<\/a> jika Anda tinggal di sana. Meme it Ikuti arah Louts dan kemudian ke depan lurus. Hanya ada satu jalan!<\/p><figure class=\"wp-block-image size-full\"><img loading=\"lazy\" decoding=\"async\" width=\"1024\" height=\"714\" src=\"https:\/\/mybestplacestovisit.com\/wp-content\/uploads\/2025\/05\/best-holidays-to-corfu-greece-old-perithia-map.jpg\" alt=\"best holidays to corfu greece old perithia map\" class=\"wp-image-4053\" srcset=\"https:\/\/mybestplacestovisit.com\/wp-content\/uploads\/2025\/05\/best-holidays-to-corfu-greece-old-perithia-map.jpg 1024w, https:\/\/mybestplacestovisit.com\/wp-content\/uploads\/2025\/05\/best-holidays-to-corfu-greece-old-perithia-map-300x209.jpg 300w, https:\/\/mybestplacestovisit.com\/wp-content\/uploads\/2025\/05\/best-holidays-to-corfu-greece-old-perithia-map-768x536.jpg 768w\" sizes=\"auto, (max-width: 1024px) 100vw, 1024px\" \/><figcaption class=\"wp-element-caption\">Peta Perithia<\/figcaption><\/figure>","protected":false},"excerpt":{"rendered":"<p>Old Perithia, desa tertua di Corfu, terletak di daerah warisan yang dilindungi, hanya di bawah Gunung Pantokrator. Harus mengunjungi!<\/p>\n","protected":false},"author":1,"featured_media":31,"parent":342,"menu_order":0,"comment_status":"open","ping_status":"closed","template":"","meta":{"_uag_custom_page_level_css":"","site-sidebar-layout":"default","site-content-layout":"","ast-site-content-layout":"default","site-content-style":"default","site-sidebar-style":"default","ast-global-header-display":"","ast-banner-title-visibility":"","ast-main-header-display":"","ast-hfb-above-header-display":"","ast-hfb-below-header-display":"","ast-hfb-mobile-header-display":"","site-post-title":"disabled","ast-breadcrumbs-content":"","ast-featured-img":"disabled","footer-sml-layout":"","ast-disable-related-posts":"","theme-transparent-header-meta":"","adv-header-id-meta":"","stick-header-meta":"","header-above-stick-meta":"","header-main-stick-meta":"","header-below-stick-meta":"","astra-migrate-meta-layouts":"set","ast-page-background-enabled":"default","ast-page-background-meta":{"desktop":{"background-color":"","background-image":"","background-repeat":"repeat","background-position":"center center","background-size":"auto","background-attachment":"scroll","background-type":"","background-media":"","overlay-type":"","overlay-color":"","overlay-opacity":"","overlay-gradient":""},"tablet":{"background-color":"","background-image":"","background-repeat":"repeat","background-position":"center center","background-size":"auto","background-attachment":"scroll","background-type":"","background-media":"","overlay-type":"","overlay-color":"","overlay-opacity":"","overlay-gradient":""},"mobile":{"background-color":"","background-image":"","background-repeat":"repeat","background-position":"center center","background-size":"auto","background-attachment":"scroll","background-type":"","background-media":"","overlay-type":"","overlay-color":"","overlay-opacity":"","overlay-gradient":""}},"ast-content-background-meta":{"desktop":{"background-color":"var(--ast-global-color-5)","background-image":"","background-repeat":"repeat","background-position":"center center","background-size":"auto","background-attachment":"scroll","background-type":"","background-media":"","overlay-type":"","overlay-color":"","overlay-opacity":"","overlay-gradient":""},"tablet":{"background-color":"var(--ast-global-color-5)","background-image":"","background-repeat":"repeat","background-position":"center center","background-size":"auto","background-attachment":"scroll","background-type":"","background-media":"","overlay-type":"","overlay-color":"","overlay-opacity":"","overlay-gradient":""},"mobile":{"background-color":"var(--ast-global-color-5)","background-image":"","background-repeat":"repeat","background-position":"center center","background-size":"auto","background-attachment":"scroll","background-type":"","background-media":"","overlay-type":"","overlay-color":"","overlay-opacity":"","overlay-gradient":""}},"footnotes":""},"class_list":["post-349","page","type-page","status-publish","has-post-thumbnail","hentry"],"yoast_head":"<!-- This site is optimized with the Yoast SEO Premium plugin v27.2 (Yoast SEO v27.4) - https:\/\/yoast.com\/product\/yoast-seo-premium-wordpress\/ -->\n<title>Tua Perithia: Perjalanan Kembali dalam Waktu<\/title>\n<meta name=\"description\" content=\"Old Perithia, the oldest village in Corfu, is located in a protected heritage area, just below Mount Pantokrator. A must to visit !\" \/>\n<meta name=\"robots\" content=\"index, follow, max-snippet:-1, max-image-preview:large, max-video-preview:-1\" \/>\n<link rel=\"canonical\" href=\"https:\/\/mybestplacestovisit.com\/id\/europe\/greece\/corfu\/old-perithia\" \/>\n<meta property=\"og:locale\" content=\"id_ID\" \/>\n<meta property=\"og:locale:alternate\" content=\"en_US\" \/>\n<meta property=\"og:locale:alternate\" content=\"de_DE\" \/>\n<meta property=\"og:locale:alternate\" content=\"es_ES\" \/>\n<meta property=\"og:locale:alternate\" content=\"fr_FR\" \/>\n<meta property=\"og:locale:alternate\" content=\"it_IT\" \/>\n<meta property=\"og:locale:alternate\" content=\"nl_NL\" \/>\n<meta property=\"og:locale:alternate\" content=\"pt_br\" \/>\n<meta property=\"og:locale:alternate\" content=\"zh_CN\" \/>\n<meta property=\"og:locale:alternate\" content=\"ja_JP\" \/>\n<meta property=\"og:type\" content=\"article\" \/>\n<meta property=\"og:title\" content=\"Tua Perithia: Perjalanan Kembali dalam Waktu\" \/>\n<meta property=\"og:description\" content=\"Old Perithia, the oldest village in Corfu, is located in a protected heritage area, just below Mount Pantokrator. A must to visit !\" \/>\n<meta property=\"og:url\" content=\"https:\/\/mybestplacestovisit.com\/id\/europe\/yunani\/corfu\/old-perithia\/\" \/>\n<meta property=\"og:site_name\" content=\"2026 Travel Blog\" \/>\n<meta property=\"article:modified_time\" content=\"2026-03-08T08:28:23+00:00\" \/>\n<meta property=\"og:image\" content=\"https:\/\/mybestplacestovisit.com\/wp-content\/uploads\/2023\/09\/best-holidays-to-corfu-greece-old-perithia.jpg\" \/>\n\t<meta property=\"og:image:width\" content=\"1024\" \/>\n\t<meta property=\"og:image:height\" content=\"768\" \/>\n\t<meta property=\"og:image:type\" content=\"image\/jpeg\" \/>\n<meta name=\"twitter:card\" content=\"summary_large_image\" \/>\n<meta name=\"twitter:label1\" content=\"Estimasi waktu membaca\" \/>\n\t<meta name=\"twitter:data1\" content=\"4 menit\" \/>\n<script type=\"application\/ld+json\" class=\"yoast-schema-graph\">{\"@context\":\"https:\\\/\\\/schema.org\",\"@graph\":[{\"@type\":\"WebPage\",\"@id\":\"https:\\\/\\\/mybestplacestovisit.com\\\/it\\\/europe\\\/greece\\\/corfu\\\/old-perithia\\\/\",\"url\":\"https:\\\/\\\/mybestplacestovisit.com\\\/it\\\/europe\\\/greece\\\/corfu\\\/old-perithia\\\/\",\"name\":\"Tua Perithia: Perjalanan Kembali dalam Waktu\",\"isPartOf\":{\"@id\":\"https:\\\/\\\/mybestplacestovisit.com\\\/it\\\/#website\"},\"primaryImageOfPage\":{\"@id\":\"https:\\\/\\\/mybestplacestovisit.com\\\/it\\\/europe\\\/greece\\\/corfu\\\/old-perithia\\\/#primaryimage\"},\"image\":{\"@id\":\"https:\\\/\\\/mybestplacestovisit.com\\\/it\\\/europe\\\/greece\\\/corfu\\\/old-perithia\\\/#primaryimage\"},\"thumbnailUrl\":\"https:\\\/\\\/mybestplacestovisit.com\\\/wp-content\\\/uploads\\\/2023\\\/09\\\/best-holidays-to-corfu-greece-old-perithia.jpg\",\"datePublished\":\"2024-11-17T09:13:31+00:00\",\"dateModified\":\"2026-03-08T08:28:23+00:00\",\"description\":\"Old Perithia, the oldest village in Corfu, is located in a protected heritage area, just below Mount Pantokrator. A must to visit !\",\"breadcrumb\":{\"@id\":\"https:\\\/\\\/mybestplacestovisit.com\\\/it\\\/europe\\\/greece\\\/corfu\\\/old-perithia\\\/#breadcrumb\"},\"inLanguage\":\"id-ID\",\"potentialAction\":[{\"@type\":\"ReadAction\",\"target\":[\"https:\\\/\\\/mybestplacestovisit.com\\\/it\\\/europe\\\/greece\\\/corfu\\\/old-perithia\\\/\"]}]},{\"@type\":\"ImageObject\",\"inLanguage\":\"id-ID\",\"@id\":\"https:\\\/\\\/mybestplacestovisit.com\\\/it\\\/europe\\\/greece\\\/corfu\\\/old-perithia\\\/#primaryimage\",\"url\":\"https:\\\/\\\/mybestplacestovisit.com\\\/wp-content\\\/uploads\\\/2023\\\/09\\\/best-holidays-to-corfu-greece-old-perithia.jpg\",\"contentUrl\":\"https:\\\/\\\/mybestplacestovisit.com\\\/wp-content\\\/uploads\\\/2023\\\/09\\\/best-holidays-to-corfu-greece-old-perithia.jpg\",\"width\":1024,\"height\":768,\"caption\":\"Old perithia\"},{\"@type\":\"BreadcrumbList\",\"@id\":\"https:\\\/\\\/mybestplacestovisit.com\\\/it\\\/europe\\\/greece\\\/corfu\\\/old-perithia\\\/#breadcrumb\",\"itemListElement\":[{\"@type\":\"ListItem\",\"position\":1,\"name\":\"Accueil\",\"item\":\"https:\\\/\\\/mybestplacestovisit.com\\\/id\\\/\"},{\"@type\":\"ListItem\",\"position\":2,\"name\":\"Europe Travel Guide \u2013 Best Destinations\",\"item\":\"https:\\\/\\\/mybestplacestovisit.com\\\/europe\\\/\"},{\"@type\":\"ListItem\",\"position\":3,\"name\":\"Travel to Greece: A Guide from a Lifelong Enthusiast\",\"item\":\"https:\\\/\\\/mybestplacestovisit.com\\\/europe\\\/greece\\\/\"},{\"@type\":\"ListItem\",\"position\":4,\"name\":\"Dov\u2019\u00e8 Corf\u00f9? Dove si trova, mappa e spiagge pi\u00f9 belle\",\"item\":\"https:\\\/\\\/mybestplacestovisit.com\\\/it\\\/europe\\\/greece\\\/corfu\\\/\"},{\"@type\":\"ListItem\",\"position\":5,\"name\":\"Oude Perithia: een reis terug in de tijd\"}]},{\"@type\":\"WebSite\",\"@id\":\"https:\\\/\\\/mybestplacestovisit.com\\\/it\\\/#website\",\"url\":\"https:\\\/\\\/mybestplacestovisit.com\\\/it\\\/\",\"name\":\"2026 Travel Blog\",\"description\":\"Best places to visit\",\"publisher\":{\"@id\":\"https:\\\/\\\/mybestplacestovisit.com\\\/it\\\/#\\\/schema\\\/person\\\/f71ea967bd47a7e7bd4e70c8012e32ca\"},\"potentialAction\":[{\"@type\":\"SearchAction\",\"target\":{\"@type\":\"EntryPoint\",\"urlTemplate\":\"https:\\\/\\\/mybestplacestovisit.com\\\/it\\\/?s={search_term_string}\"},\"query-input\":{\"@type\":\"PropertyValueSpecification\",\"valueRequired\":true,\"valueName\":\"search_term_string\"}}],\"inLanguage\":\"id-ID\"},{\"@type\":[\"Person\",\"Organization\"],\"@id\":\"https:\\\/\\\/mybestplacestovisit.com\\\/it\\\/#\\\/schema\\\/person\\\/f71ea967bd47a7e7bd4e70c8012e32ca\",\"name\":\"Blaise\",\"image\":{\"@type\":\"ImageObject\",\"inLanguage\":\"id-ID\",\"@id\":\"https:\\\/\\\/mybestplacestovisit.com\\\/wp-content\\\/uploads\\\/2023\\\/09\\\/Blaise-Amok-Sunset-Nusa-Penida-Bali.jpg\",\"url\":\"https:\\\/\\\/mybestplacestovisit.com\\\/wp-content\\\/uploads\\\/2023\\\/09\\\/Blaise-Amok-Sunset-Nusa-Penida-Bali.jpg\",\"contentUrl\":\"https:\\\/\\\/mybestplacestovisit.com\\\/wp-content\\\/uploads\\\/2023\\\/09\\\/Blaise-Amok-Sunset-Nusa-Penida-Bali.jpg\",\"width\":1920,\"height\":800,\"caption\":\"Blaise\"},\"logo\":{\"@id\":\"https:\\\/\\\/mybestplacestovisit.com\\\/wp-content\\\/uploads\\\/2023\\\/09\\\/Blaise-Amok-Sunset-Nusa-Penida-Bali.jpg\"},\"sameAs\":[\"http:\\\/\\\/mybestplacestovisit.com\",\"blaiseparis\"]}]}<\/script>\n<!-- \/ Yoast SEO Premium plugin. -->","yoast_head_json":{"title":"Tua Perithia: Perjalanan Kembali dalam Waktu","description":"Old Perithia, the oldest village in Corfu, is located in a protected heritage area, just below Mount Pantokrator. A must to visit !","robots":{"index":"index","follow":"follow","max-snippet":"max-snippet:-1","max-image-preview":"max-image-preview:large","max-video-preview":"max-video-preview:-1"},"canonical":"https:\/\/mybestplacestovisit.com\/id\/europe\/greece\/corfu\/old-perithia","og_locale":"id_ID","og_type":"article","og_title":"[:en]Old Perithia: A Journey Back in Time[:de]Alte Perithia: Eine Reise zur\u00fcck in die Zeit[:es]Old Perithia: Un viaje de regreso al tiempo[:fr]Old Perithia : un voyage dans le temps[:it]Vecchia Perithia: un viaggio indietro nel tempo[:nl]Oude Perithia: een reis terug in de tijd[:pt]Old Perithia: Uma viagem de volta no tempo[:id]Tua Perithia: Perjalanan Kembali dalam Waktu[:zh]\u8001\u4f69\u91cc\u5e0c\u4e9a:\u65f6\u5149\u4e4b\u65c5[:ja]\u65e7\u30da\u30ea\u30b7\u30a2:\u6642\u9593\u306b\u623b\u3063\u3066\u65c5[:]","og_description":"[:en]Old Perithia, the oldest village in Corfu, is located in a protected heritage area, just below Mount Pantokrator. A must to visit ![:de]Alte Perithia, das \u00e4lteste Dorf Korfus, liegt in einem gesch\u00fctzten Kulturgebiet, direkt unter dem Berg Pantokrator. Ein Muss![:es]Old Perithia, el pueblo m\u00e1s antiguo de Corf\u00fa, se encuentra en una zona patrimonial protegida, justo al pie del monte Pantokrator.[:fr]D\u00e9couvrez Old Perithia, le plus ancien village de Corfou, nich\u00e9 sous le mont Pantokrator dans une zone patrimoniale prot\u00e9g\u00e9e.[:it]Vecchia Perithia, il villaggio pi\u00f9 antico di Corf\u00f9, si trova in un\u2019area protetta di grande valore storico, ai piedi del Monte Pantokrator.[:nl]Oude Perithia, het oudste dorp van Corfu, ligt in een beschermd erfgoedgebied aan de voet van de Pantokrator. Een must-see![:pt]Old Perithia, o vilarejo mais antigo de Corfu, fica em uma \u00e1rea de patrim\u00f4nio protegido, aos p\u00e9s do Monte Pantokrator. Visita imperd\u00edvel![:]","og_url":"https:\/\/mybestplacestovisit.com\/id\/europe\/yunani\/corfu\/old-perithia\/","og_site_name":"2026 Travel Blog","article_modified_time":"2026-03-08T08:28:23+00:00","og_image":[{"width":1024,"height":768,"url":"https:\/\/mybestplacestovisit.com\/wp-content\/uploads\/2023\/09\/best-holidays-to-corfu-greece-old-perithia.jpg","type":"image\/jpeg"}],"twitter_card":"summary_large_image","twitter_misc":{"Estimasi waktu membaca":"4 menit"},"schema":{"@context":"https:\/\/schema.org","@graph":[{"@type":"WebPage","@id":"https:\/\/mybestplacestovisit.com\/it\/europe\/greece\/corfu\/old-perithia\/","url":"https:\/\/mybestplacestovisit.com\/it\/europe\/greece\/corfu\/old-perithia\/","name":"Tua Perithia: Perjalanan Kembali dalam Waktu","isPartOf":{"@id":"https:\/\/mybestplacestovisit.com\/it\/#website"},"primaryImageOfPage":{"@id":"https:\/\/mybestplacestovisit.com\/it\/europe\/greece\/corfu\/old-perithia\/#primaryimage"},"image":{"@id":"https:\/\/mybestplacestovisit.com\/it\/europe\/greece\/corfu\/old-perithia\/#primaryimage"},"thumbnailUrl":"https:\/\/mybestplacestovisit.com\/wp-content\/uploads\/2023\/09\/best-holidays-to-corfu-greece-old-perithia.jpg","datePublished":"2024-11-17T09:13:31+00:00","dateModified":"2026-03-08T08:28:23+00:00","description":"Old Perithia, the oldest village in Corfu, is located in a protected heritage area, just below Mount Pantokrator. A must to visit !","breadcrumb":{"@id":"https:\/\/mybestplacestovisit.com\/it\/europe\/greece\/corfu\/old-perithia\/#breadcrumb"},"inLanguage":"id-ID","potentialAction":[{"@type":"ReadAction","target":["https:\/\/mybestplacestovisit.com\/it\/europe\/greece\/corfu\/old-perithia\/"]}]},{"@type":"ImageObject","inLanguage":"id-ID","@id":"https:\/\/mybestplacestovisit.com\/it\/europe\/greece\/corfu\/old-perithia\/#primaryimage","url":"https:\/\/mybestplacestovisit.com\/wp-content\/uploads\/2023\/09\/best-holidays-to-corfu-greece-old-perithia.jpg","contentUrl":"https:\/\/mybestplacestovisit.com\/wp-content\/uploads\/2023\/09\/best-holidays-to-corfu-greece-old-perithia.jpg","width":1024,"height":768,"caption":"Old perithia"},{"@type":"BreadcrumbList","@id":"https:\/\/mybestplacestovisit.com\/it\/europe\/greece\/corfu\/old-perithia\/#breadcrumb","itemListElement":[{"@type":"ListItem","position":1,"name":"Accueil","item":"https:\/\/mybestplacestovisit.com\/id\/"},{"@type":"ListItem","position":2,"name":"Europe Travel Guide \u2013 Best Destinations","item":"https:\/\/mybestplacestovisit.com\/europe\/"},{"@type":"ListItem","position":3,"name":"Travel to Greece: A Guide from a Lifelong Enthusiast","item":"https:\/\/mybestplacestovisit.com\/europe\/greece\/"},{"@type":"ListItem","position":4,"name":"Dov\u2019\u00e8 Corf\u00f9? Dove si trova, mappa e spiagge pi\u00f9 belle","item":"https:\/\/mybestplacestovisit.com\/it\/europe\/greece\/corfu\/"},{"@type":"ListItem","position":5,"name":"Oude Perithia: een reis terug in de tijd"}]},{"@type":"WebSite","@id":"https:\/\/mybestplacestovisit.com\/it\/#website","url":"https:\/\/mybestplacestovisit.com\/it\/","name":"2026 Travel Blog","description":"Best places to visit","publisher":{"@id":"https:\/\/mybestplacestovisit.com\/it\/#\/schema\/person\/f71ea967bd47a7e7bd4e70c8012e32ca"},"potentialAction":[{"@type":"SearchAction","target":{"@type":"EntryPoint","urlTemplate":"https:\/\/mybestplacestovisit.com\/it\/?s={search_term_string}"},"query-input":{"@type":"PropertyValueSpecification","valueRequired":true,"valueName":"search_term_string"}}],"inLanguage":"id-ID"},{"@type":["Person","Organization"],"@id":"https:\/\/mybestplacestovisit.com\/it\/#\/schema\/person\/f71ea967bd47a7e7bd4e70c8012e32ca","name":"Blaise","image":{"@type":"ImageObject","inLanguage":"id-ID","@id":"https:\/\/mybestplacestovisit.com\/wp-content\/uploads\/2023\/09\/Blaise-Amok-Sunset-Nusa-Penida-Bali.jpg","url":"https:\/\/mybestplacestovisit.com\/wp-content\/uploads\/2023\/09\/Blaise-Amok-Sunset-Nusa-Penida-Bali.jpg","contentUrl":"https:\/\/mybestplacestovisit.com\/wp-content\/uploads\/2023\/09\/Blaise-Amok-Sunset-Nusa-Penida-Bali.jpg","width":1920,"height":800,"caption":"Blaise"},"logo":{"@id":"https:\/\/mybestplacestovisit.com\/wp-content\/uploads\/2023\/09\/Blaise-Amok-Sunset-Nusa-Penida-Bali.jpg"},"sameAs":["http:\/\/mybestplacestovisit.com","blaiseparis"]}]}},"uagb_featured_image_src":{"full":["https:\/\/mybestplacestovisit.com\/wp-content\/uploads\/2023\/09\/best-holidays-to-corfu-greece-old-perithia.jpg",1024,768,false],"thumbnail":["https:\/\/mybestplacestovisit.com\/wp-content\/uploads\/2023\/09\/best-holidays-to-corfu-greece-old-perithia-150x150.jpg",150,150,true],"medium":["https:\/\/mybestplacestovisit.com\/wp-content\/uploads\/2023\/09\/best-holidays-to-corfu-greece-old-perithia-300x225.jpg",300,225,true],"medium_large":["https:\/\/mybestplacestovisit.com\/wp-content\/uploads\/2023\/09\/best-holidays-to-corfu-greece-old-perithia-768x576.jpg",768,576,true],"large":["https:\/\/mybestplacestovisit.com\/wp-content\/uploads\/2023\/09\/best-holidays-to-corfu-greece-old-perithia.jpg",1024,768,false],"1536x1536":["https:\/\/mybestplacestovisit.com\/wp-content\/uploads\/2023\/09\/best-holidays-to-corfu-greece-old-perithia.jpg",1024,768,false],"2048x2048":["https:\/\/mybestplacestovisit.com\/wp-content\/uploads\/2023\/09\/best-holidays-to-corfu-greece-old-perithia.jpg",1024,768,false]},"uagb_author_info":{"display_name":"Blaise","author_link":"https:\/\/mybestplacestovisit.com\/id\/author\/admin4486\/"},"uagb_comment_info":0,"uagb_excerpt":"Old Perithia, desa tertua di Corfu, terletak di daerah warisan yang dilindungi, hanya di bawah Gunung Pantokrator. Harus mengunjungi!","_links":{"self":[{"href":"https:\/\/mybestplacestovisit.com\/id\/wp-json\/wp\/v2\/pages\/349","targetHints":{"allow":["GET"]}}],"collection":[{"href":"https:\/\/mybestplacestovisit.com\/id\/wp-json\/wp\/v2\/pages"}],"about":[{"href":"https:\/\/mybestplacestovisit.com\/id\/wp-json\/wp\/v2\/types\/page"}],"author":[{"embeddable":true,"href":"https:\/\/mybestplacestovisit.com\/id\/wp-json\/wp\/v2\/users\/1"}],"replies":[{"embeddable":true,"href":"https:\/\/mybestplacestovisit.com\/id\/wp-json\/wp\/v2\/comments?post=349"}],"version-history":[{"count":25,"href":"https:\/\/mybestplacestovisit.com\/id\/wp-json\/wp\/v2\/pages\/349\/revisions"}],"predecessor-version":[{"id":7360,"href":"https:\/\/mybestplacestovisit.com\/id\/wp-json\/wp\/v2\/pages\/349\/revisions\/7360"}],"up":[{"embeddable":true,"href":"https:\/\/mybestplacestovisit.com\/id\/wp-json\/wp\/v2\/pages\/342"}],"wp:featuredmedia":[{"embeddable":true,"href":"https:\/\/mybestplacestovisit.com\/id\/wp-json\/wp\/v2\/media\/31"}],"wp:attachment":[{"href":"https:\/\/mybestplacestovisit.com\/id\/wp-json\/wp\/v2\/media?parent=349"}],"curies":[{"name":"wp","href":"https:\/\/api.w.org\/{rel}","templated":true}]}}