{"id":324,"date":"2024-11-17T09:26:06","date_gmt":"2024-11-17T08:26:06","guid":{"rendered":"https:\/\/mybestplacestovisit.com\/?page_id=324"},"modified":"2026-03-08T10:10:17","modified_gmt":"2026-03-08T09:10:17","slug":"koh-samui","status":"publish","type":"page","link":"https:\/\/mybestplacestovisit.com\/id\/asia\/thailand\/koh-samui","title":{"rendered":"Koh Samui: Perpaduan Ketenangan dan Petualangan"},"content":{"rendered":"\n<div class=\"wp-block-uagb-container uagb-block-8fb90686 alignfull uagb-is-root-container\"><div class=\"uagb-container-inner-blocks-wrap\">\n<div class=\"wp-block-uagb-advanced-heading uagb-block-a7912769\"><h2 class=\"uagb-heading-text\">Koh Samui: Perpaduan Ketenangan dan Petualangan<\/h2><\/div>\n<\/div><\/div>\n\n\n\n<p><\/p>\n\n\n\n<p>Temukan pesona Koh Samui, salah satu pulau terbaik di <a href=\"https:\/\/mybestplacestovisit.com\/id\/asia\/thailand\">Thailand<\/a>. Dari ketenangan Pantai Choeng Mon, suasana ramai Fisherman\u2019s Village, hingga keindahan alami Ko Rap dan Ko Mat Sum, pulau ini menyuguhkan pengalaman tak terlupakan.<\/p>\n\n\n\n<p>Jelajahi tempat-tempat wisata tersembunyi, nikmati kehidupan malam seru di Ko Pha-Ngan, dan rasakan budaya lokal yang otentik. Cocok untuk pencinta petualangan maupun wisatawan yang mencari ketenangan di tengah pemandangan tropis yang memukau.<\/p>\n\n\n\n<p>Hanya 90 menit penerbangan dari daratan utama, Koh Samui siap menjadi tujuan liburan impian Anda berikutnya. Selama 2 malam dan 3 hari di Koh Samui, inilah momen-momen terbaik dari pengalaman menginap saya.<\/p>\n\n\n\n<h2 class=\"wp-block-heading\" id=\"h-desa-fisherman\"><strong>Desa Fisherman<\/strong><\/h2>\n\n\n\n<p>Desa Fisherman lebih dari sekadar nama; itu adalah jendela ke jiwa Koh Samui. Daerah pertengkaran dan menawan ini berjajar dengan rumah kayu tua, toko trendi, dan restoran yang menawarkan sekilas sejarah dan budaya yang kaya pulau. Pada hari Jumat, desa berubah menjadi pasar malam yang sibuk. Di sini, pengunjung dapat menemukan segalanya dari makanan jalanan yang lezat untuk souvenir buatan tangan. Selain itu, pengaturan tepi pantai memberikan latar belakang yang indah, terutama selama matahari terbenam, menjadikannya tempat yang sempurna untuk berjalan-jalan malam.<\/p>\n\n\n\n<figure class=\"wp-block-image\"><img loading=\"lazy\" decoding=\"async\" width=\"1024\" height=\"768\" src=\"https:\/\/mybestplacestovisit.com\/wp-content\/uploads\/2024\/02\/Koh-Samui-choengmon-Beach-Thailand.jpg\" alt=\"Koh Samui choengmon Beach Thailand\" class=\"wp-image-274\" srcset=\"https:\/\/mybestplacestovisit.com\/wp-content\/uploads\/2024\/02\/Koh-Samui-choengmon-Beach-Thailand.jpg 1024w, https:\/\/mybestplacestovisit.com\/wp-content\/uploads\/2024\/02\/Koh-Samui-choengmon-Beach-Thailand-300x225.jpg 300w, https:\/\/mybestplacestovisit.com\/wp-content\/uploads\/2024\/02\/Koh-Samui-choengmon-Beach-Thailand-768x576.jpg 768w, https:\/\/mybestplacestovisit.com\/wp-content\/uploads\/2024\/02\/Koh-Samui-choengmon-Beach-Thailand-800x600.jpg 800w\" sizes=\"auto, (max-width: 1024px) 100vw, 1024px\" \/><\/figure>\n\n\n\n<h2 class=\"wp-block-heading\" id=\"h-choengmon-beach\"><strong><strong>Choengmon Beach<\/strong><\/strong><\/h2>\n\n\n\n<p>Terletak di sudut yang tenang Koh Samui, Choengmon Beach adalah surga ketenangan dari bintik-bintik sibuk pulau. Pantai bergambar ini membanggakan air pasir putih yang lembut dan putih, menjadikannya lokasi yang ideal untuk berenang dan berjemur. Dikelilingi oleh tanaman hijau yang subur dan dihiasi dengan resor kelas atas, Choengmon menawarkan pengalaman yang lebih terpencil dan mewah. Pantai ini ramah keluarga, dengan suasana santai yang menarik bagi pengunjung mencari ketenangan. Restoran kecil dan bar garis pantai, memberikan masakan lokal yang lezat dan minuman menyegarkan. Saya merekomendasikan Anda untuk minum atau makan siang di Pi Samui Beach Club, tempat yang sangat bagus untuk bersantai.<\/p>\n\n\n\n<figure class=\"wp-block-image alignnone size-full wp-image-276\"><img loading=\"lazy\" decoding=\"async\" width=\"1024\" height=\"1365\" src=\"https:\/\/mybestplacestovisit.com\/wp-content\/uploads\/2024\/02\/Koh-Samui-Ko-Rap-Thailand.jpg\" alt=\"Koh Samui Ko Rap Thailand\" class=\"wp-image-276\" srcset=\"https:\/\/mybestplacestovisit.com\/wp-content\/uploads\/2024\/02\/Koh-Samui-Ko-Rap-Thailand.jpg 1024w, https:\/\/mybestplacestovisit.com\/wp-content\/uploads\/2024\/02\/Koh-Samui-Ko-Rap-Thailand-225x300.jpg 225w, https:\/\/mybestplacestovisit.com\/wp-content\/uploads\/2024\/02\/Koh-Samui-Ko-Rap-Thailand-768x1024.jpg 768w, https:\/\/mybestplacestovisit.com\/wp-content\/uploads\/2024\/02\/Koh-Samui-Ko-Rap-Thailand-600x800.jpg 600w, https:\/\/mybestplacestovisit.com\/wp-content\/uploads\/2024\/02\/Koh-Samui-Ko-Rap-Thailand-810x1080.jpg 810w\" sizes=\"auto, (max-width: 1024px) 100vw, 1024px\" \/><figcaption class=\"wp-element-caption\"><strong>Ko Rap<\/strong><\/figcaption><\/figure>\n\n\n\n<h2 class=\"wp-block-heading\" id=\"h-ko-rap-amp-ko-mat-sum-kepulauan\"><strong>Ko Rap &#038; Ko Mat Sum Kepulauan<\/strong><\/h2>\n\n\n\n<p>Perjalanan perahu pendek dari Koh Samui membawa Anda ke pulau kembar Ko Rap dan Ko Mat Sum. Pulau-pulau ini tidak tersentuh surga, membanggakan perairan kristal-clear, dan vegetasi subur. Ko Rap adalah beberapa jenis pulau gurun di mana Anda dapat mengambil nap di hammock setelah makan siang. Di sisi lain, Ko Mat Sum, menawarkan pantai pristine sempurna untuk relaksasi dan piknik.<\/p>\n\n\n\n<p>Ko Mat Sum dikenal sebagai &#8220;Pig Island&#8221; karena penghuninya yang paling tak terduga dan manis &#8211; populasi kecil babi ramah yang berkeliaran bebas di pantai berpasir. Babi ini telah menjadi daya tarik yang unik, menggambar pengunjung dari dekat dan jauh yang ingin melihat dan berinteraksi dengan mereka di habitat pantai mereka yang tidak biasa.<\/p>\n\n\n\n<figure class=\"wp-block-image\"><img loading=\"lazy\" decoding=\"async\" width=\"1024\" height=\"768\" src=\"https:\/\/mybestplacestovisit.com\/wp-content\/uploads\/2024\/02\/Koh-Samui-Ko-Mat-Sum-Thailand.jpg\" alt=\"Koh Samui Ko Mat Sum Thailand pig island\" class=\"wp-image-241\" srcset=\"https:\/\/mybestplacestovisit.com\/wp-content\/uploads\/2024\/02\/Koh-Samui-Ko-Mat-Sum-Thailand.jpg 1024w, https:\/\/mybestplacestovisit.com\/wp-content\/uploads\/2024\/02\/Koh-Samui-Ko-Mat-Sum-Thailand-300x225.jpg 300w, https:\/\/mybestplacestovisit.com\/wp-content\/uploads\/2024\/02\/Koh-Samui-Ko-Mat-Sum-Thailand-768x576.jpg 768w, https:\/\/mybestplacestovisit.com\/wp-content\/uploads\/2024\/02\/Koh-Samui-Ko-Mat-Sum-Thailand-800x600.jpg 800w\" sizes=\"auto, (max-width: 1024px) 100vw, 1024px\" \/><figcaption class=\"wp-element-caption\">Ko Mat Sum<\/figcaption><\/figure>\n\n\n\n<h2 class=\"wp-block-heading\" id=\"h-ko-pha-ngan-island\"><strong>Ko Pha-Ngan Island<\/strong><\/h2>\n\n\n\n<p>Terkenal untuk Pesta Bulan Penuh, Pulau Ko Pha-Ngan memiliki lebih dari kehidupan malam yang semarak. Memang, keindahan alam pulau bernafas, dengan pantai yang menakjubkan, air terjun, dan hutan yang menunggu dieksplorasi. Pantai Haad Rin, sementara dikenal dengan pihak-pihaknya, juga tempat yang indah untuk bersantai di siang hari. Selain itu, pulau ini menawarkan berbagai kegiatan, dari hiking dan snorkeling ke retretret yoga dan meditasi, melayani semua jenis wisatawan.<\/p>\n\n\n\n<p>Pantai Botol, terletak di Ko Pha-ngan, adalah salah satu pantai paling terpencil di Thailand. Dikenal untuk perairan yang menakjubkan dan jernih dan pasir putih, pantai ini adalah irisan surga, menawarkan ketenangan jauh dari bintik-bintik sibuk pulau. Dikelilingi oleh hutan yang subur, padat, dapat diakses terutama oleh perahu, menambahkan pesona yang tidak tersentuh. The Bottle Beach Viewpoint adalah hike jauh, memberikan pemandangan panorama yang menakjubkan dari pantai dan lanskap sekitarnya. Sudut pandang adalah wajib dikunjungi untuk para petualang dan mereka yang ingin menangkap keindahan Ko Pha-ngan dari atas. Trek memakan waktu 30 menit untuk mencapai bagian atas. Dan kemudian kurang dari 20 menit untuk kembali ke pantai. Tapi vista yang tak terlupakan jelas layak usaha!<\/p>\n\n\n\n<figure class=\"wp-block-image alignnone size-full wp-image-242\"><img loading=\"lazy\" decoding=\"async\" width=\"1024\" height=\"768\" src=\"https:\/\/mybestplacestovisit.com\/wp-content\/uploads\/2024\/02\/Ko-Phan-Ngan-Bottle-Beach-Thailand.jpg\" alt=\"Ko Phan Ngan Bottle Beach Thailand\" class=\"wp-image-242\" srcset=\"https:\/\/mybestplacestovisit.com\/wp-content\/uploads\/2024\/02\/Ko-Phan-Ngan-Bottle-Beach-Thailand.jpg 1024w, https:\/\/mybestplacestovisit.com\/wp-content\/uploads\/2024\/02\/Ko-Phan-Ngan-Bottle-Beach-Thailand-300x225.jpg 300w, https:\/\/mybestplacestovisit.com\/wp-content\/uploads\/2024\/02\/Ko-Phan-Ngan-Bottle-Beach-Thailand-768x576.jpg 768w, https:\/\/mybestplacestovisit.com\/wp-content\/uploads\/2024\/02\/Ko-Phan-Ngan-Bottle-Beach-Thailand-800x600.jpg 800w\" sizes=\"auto, (max-width: 1024px) 100vw, 1024px\" \/><figcaption class=\"wp-element-caption\">Pantai botol<\/figcaption><\/figure>\n\n\n\n<p><\/p>\n","protected":false},"excerpt":{"rendered":"<p>Koh Samui beckons dengan lanskap subur dan pantai pristin. Perjalanan ini melalui Koh Samui akan mengungkap keajaiban Desa Fisherman, Pantai Kirati, Ko Rap dan Ko Mat Sum pulau. Dan juga pulau Ko Pha-Ngan, masing-masing menawarkan pengalaman unik dan kenangan tak terlupakan.<\/p>\n","protected":false},"author":1,"featured_media":241,"parent":314,"menu_order":0,"comment_status":"open","ping_status":"closed","template":"","meta":{"_uag_custom_page_level_css":"","site-sidebar-layout":"default","site-content-layout":"","ast-site-content-layout":"default","site-content-style":"default","site-sidebar-style":"default","ast-global-header-display":"","ast-banner-title-visibility":"","ast-main-header-display":"","ast-hfb-above-header-display":"","ast-hfb-below-header-display":"","ast-hfb-mobile-header-display":"","site-post-title":"disabled","ast-breadcrumbs-content":"","ast-featured-img":"disabled","footer-sml-layout":"","ast-disable-related-posts":"","theme-transparent-header-meta":"","adv-header-id-meta":"","stick-header-meta":"","header-above-stick-meta":"","header-main-stick-meta":"","header-below-stick-meta":"","astra-migrate-meta-layouts":"set","ast-page-background-enabled":"default","ast-page-background-meta":{"desktop":{"background-color":"","background-image":"","background-repeat":"repeat","background-position":"center center","background-size":"auto","background-attachment":"scroll","background-type":"","background-media":"","overlay-type":"","overlay-color":"","overlay-opacity":"","overlay-gradient":""},"tablet":{"background-color":"","background-image":"","background-repeat":"repeat","background-position":"center center","background-size":"auto","background-attachment":"scroll","background-type":"","background-media":"","overlay-type":"","overlay-color":"","overlay-opacity":"","overlay-gradient":""},"mobile":{"background-color":"","background-image":"","background-repeat":"repeat","background-position":"center center","background-size":"auto","background-attachment":"scroll","background-type":"","background-media":"","overlay-type":"","overlay-color":"","overlay-opacity":"","overlay-gradient":""}},"ast-content-background-meta":{"desktop":{"background-color":"var(--ast-global-color-5)","background-image":"","background-repeat":"repeat","background-position":"center center","background-size":"auto","background-attachment":"scroll","background-type":"","background-media":"","overlay-type":"","overlay-color":"","overlay-opacity":"","overlay-gradient":""},"tablet":{"background-color":"var(--ast-global-color-5)","background-image":"","background-repeat":"repeat","background-position":"center center","background-size":"auto","background-attachment":"scroll","background-type":"","background-media":"","overlay-type":"","overlay-color":"","overlay-opacity":"","overlay-gradient":""},"mobile":{"background-color":"var(--ast-global-color-5)","background-image":"","background-repeat":"repeat","background-position":"center center","background-size":"auto","background-attachment":"scroll","background-type":"","background-media":"","overlay-type":"","overlay-color":"","overlay-opacity":"","overlay-gradient":""}},"footnotes":""},"class_list":["post-324","page","type-page","status-publish","has-post-thumbnail","hentry"],"yoast_head":"<!-- This site is optimized with the Yoast SEO Premium plugin v27.2 (Yoast SEO v27.3) - https:\/\/yoast.com\/product\/yoast-seo-premium-wordpress\/ -->\n<title>Koh Samui: Perpaduan Ketenangan dan Petualangan<\/title>\n<meta name=\"description\" content=\"Temukan Koh Samui, pulau tropis Thailand dengan pantai tenang, alam subur, budaya lokal yang kaya, dan kehidupan malam semarak.\" \/>\n<meta name=\"robots\" content=\"index, follow, max-snippet:-1, max-image-preview:large, max-video-preview:-1\" \/>\n<link rel=\"canonical\" href=\"https:\/\/mybestplacestovisit.com\/id\/asia\/thailand\/koh-samui\" \/>\n<meta property=\"og:locale\" content=\"id_ID\" \/>\n<meta property=\"og:locale:alternate\" content=\"en_US\" \/>\n<meta property=\"og:locale:alternate\" content=\"de_DE\" \/>\n<meta property=\"og:locale:alternate\" content=\"es_ES\" \/>\n<meta property=\"og:locale:alternate\" content=\"fr_FR\" \/>\n<meta property=\"og:locale:alternate\" content=\"it_IT\" \/>\n<meta property=\"og:locale:alternate\" content=\"nl_NL\" \/>\n<meta property=\"og:locale:alternate\" content=\"pt_br\" \/>\n<meta property=\"og:locale:alternate\" content=\"zh_CN\" \/>\n<meta property=\"og:locale:alternate\" content=\"ja_JP\" \/>\n<meta property=\"og:type\" content=\"article\" \/>\n<meta property=\"og:title\" content=\"Koh Samui: Perpaduan Ketenangan dan Petualangan\" \/>\n<meta property=\"og:description\" content=\"Temukan Koh Samui, pulau tropis Thailand dengan pantai tenang, alam subur, budaya lokal yang kaya, dan kehidupan malam semarak.\" \/>\n<meta property=\"og:url\" content=\"https:\/\/mybestplacestovisit.com\/id\/asia\/thailand\/koh-samui\/\" \/>\n<meta property=\"og:site_name\" content=\"2026 Travel Blog\" \/>\n<meta property=\"article:modified_time\" content=\"2026-03-08T09:10:17+00:00\" \/>\n<meta property=\"og:image\" content=\"https:\/\/mybestplacestovisit.com\/wp-content\/uploads\/2024\/02\/Koh-Samui-Ko-Mat-Sum-Thailand.jpg\" \/>\n\t<meta property=\"og:image:width\" content=\"1024\" \/>\n\t<meta property=\"og:image:height\" content=\"768\" \/>\n\t<meta property=\"og:image:type\" content=\"image\/jpeg\" \/>\n<meta name=\"twitter:card\" content=\"summary_large_image\" \/>\n<meta name=\"twitter:label1\" content=\"Estimasi waktu membaca\" \/>\n\t<meta name=\"twitter:data1\" content=\"4 menit\" \/>\n<script type=\"application\/ld+json\" class=\"yoast-schema-graph\">{\"@context\":\"https:\\\/\\\/schema.org\",\"@graph\":[{\"@type\":\"WebPage\",\"@id\":\"https:\\\/\\\/mybestplacestovisit.com\\\/asia\\\/thailand\\\/koh-samui\\\/\",\"url\":\"https:\\\/\\\/mybestplacestovisit.com\\\/asia\\\/thailand\\\/koh-samui\\\/\",\"name\":\"Koh Samui: Perpaduan Ketenangan dan Petualangan\",\"isPartOf\":{\"@id\":\"https:\\\/\\\/mybestplacestovisit.com\\\/it\\\/#website\"},\"primaryImageOfPage\":{\"@id\":\"https:\\\/\\\/mybestplacestovisit.com\\\/asia\\\/thailand\\\/koh-samui\\\/#primaryimage\"},\"image\":{\"@id\":\"https:\\\/\\\/mybestplacestovisit.com\\\/asia\\\/thailand\\\/koh-samui\\\/#primaryimage\"},\"thumbnailUrl\":\"https:\\\/\\\/mybestplacestovisit.com\\\/wp-content\\\/uploads\\\/2024\\\/02\\\/Koh-Samui-Ko-Mat-Sum-Thailand.jpg\",\"datePublished\":\"2024-11-17T08:26:06+00:00\",\"dateModified\":\"2026-03-08T09:10:17+00:00\",\"description\":\"Temukan Koh Samui, pulau tropis Thailand dengan pantai tenang, alam subur, budaya lokal yang kaya, dan kehidupan malam semarak.\",\"breadcrumb\":{\"@id\":\"https:\\\/\\\/mybestplacestovisit.com\\\/asia\\\/thailand\\\/koh-samui\\\/#breadcrumb\"},\"inLanguage\":\"id-ID\",\"potentialAction\":[{\"@type\":\"ReadAction\",\"target\":[\"https:\\\/\\\/mybestplacestovisit.com\\\/asia\\\/thailand\\\/koh-samui\\\/\"]}]},{\"@type\":\"ImageObject\",\"inLanguage\":\"id-ID\",\"@id\":\"https:\\\/\\\/mybestplacestovisit.com\\\/asia\\\/thailand\\\/koh-samui\\\/#primaryimage\",\"url\":\"https:\\\/\\\/mybestplacestovisit.com\\\/wp-content\\\/uploads\\\/2024\\\/02\\\/Koh-Samui-Ko-Mat-Sum-Thailand.jpg\",\"contentUrl\":\"https:\\\/\\\/mybestplacestovisit.com\\\/wp-content\\\/uploads\\\/2024\\\/02\\\/Koh-Samui-Ko-Mat-Sum-Thailand.jpg\",\"width\":1024,\"height\":768,\"caption\":\"Ko Mat Sum\"},{\"@type\":\"BreadcrumbList\",\"@id\":\"https:\\\/\\\/mybestplacestovisit.com\\\/asia\\\/thailand\\\/koh-samui\\\/#breadcrumb\",\"itemListElement\":[{\"@type\":\"ListItem\",\"position\":1,\"name\":\"Accueil\",\"item\":\"https:\\\/\\\/mybestplacestovisit.com\\\/id\\\/\"},{\"@type\":\"ListItem\",\"position\":2,\"name\":\"Travel in Asia \u2013 Complete Destination Guides &#038; Diving Insights\",\"item\":\"https:\\\/\\\/mybestplacestovisit.com\\\/asia\\\/\"},{\"@type\":\"ListItem\",\"position\":3,\"name\":\"Thailand Unveiled: Exploring the Land of Smiles\",\"item\":\"https:\\\/\\\/mybestplacestovisit.com\\\/asia\\\/thailand\\\/\"},{\"@type\":\"ListItem\",\"position\":4,\"name\":\"Koh Samui: Where Tranquility Meets Adventure\"}]},{\"@type\":\"WebSite\",\"@id\":\"https:\\\/\\\/mybestplacestovisit.com\\\/it\\\/#website\",\"url\":\"https:\\\/\\\/mybestplacestovisit.com\\\/it\\\/\",\"name\":\"2026 Travel Blog\",\"description\":\"Best places to visit\",\"publisher\":{\"@id\":\"https:\\\/\\\/mybestplacestovisit.com\\\/it\\\/#\\\/schema\\\/person\\\/f71ea967bd47a7e7bd4e70c8012e32ca\"},\"potentialAction\":[{\"@type\":\"SearchAction\",\"target\":{\"@type\":\"EntryPoint\",\"urlTemplate\":\"https:\\\/\\\/mybestplacestovisit.com\\\/it\\\/?s={search_term_string}\"},\"query-input\":{\"@type\":\"PropertyValueSpecification\",\"valueRequired\":true,\"valueName\":\"search_term_string\"}}],\"inLanguage\":\"id-ID\"},{\"@type\":[\"Person\",\"Organization\"],\"@id\":\"https:\\\/\\\/mybestplacestovisit.com\\\/it\\\/#\\\/schema\\\/person\\\/f71ea967bd47a7e7bd4e70c8012e32ca\",\"name\":\"Blaise\",\"image\":{\"@type\":\"ImageObject\",\"inLanguage\":\"id-ID\",\"@id\":\"https:\\\/\\\/mybestplacestovisit.com\\\/wp-content\\\/uploads\\\/2023\\\/09\\\/Blaise-Amok-Sunset-Nusa-Penida-Bali.jpg\",\"url\":\"https:\\\/\\\/mybestplacestovisit.com\\\/wp-content\\\/uploads\\\/2023\\\/09\\\/Blaise-Amok-Sunset-Nusa-Penida-Bali.jpg\",\"contentUrl\":\"https:\\\/\\\/mybestplacestovisit.com\\\/wp-content\\\/uploads\\\/2023\\\/09\\\/Blaise-Amok-Sunset-Nusa-Penida-Bali.jpg\",\"width\":1920,\"height\":800,\"caption\":\"Blaise\"},\"logo\":{\"@id\":\"https:\\\/\\\/mybestplacestovisit.com\\\/wp-content\\\/uploads\\\/2023\\\/09\\\/Blaise-Amok-Sunset-Nusa-Penida-Bali.jpg\"},\"sameAs\":[\"http:\\\/\\\/mybestplacestovisit.com\",\"blaiseparis\"]}]}<\/script>\n<!-- \/ Yoast SEO Premium plugin. -->","yoast_head_json":{"title":"Koh Samui: Perpaduan Ketenangan dan Petualangan","description":"Temukan Koh Samui, pulau tropis Thailand dengan pantai tenang, alam subur, budaya lokal yang kaya, dan kehidupan malam semarak.","robots":{"index":"index","follow":"follow","max-snippet":"max-snippet:-1","max-image-preview":"max-image-preview:large","max-video-preview":"max-video-preview:-1"},"canonical":"https:\/\/mybestplacestovisit.com\/id\/asia\/thailand\/koh-samui","og_locale":"id_ID","og_type":"article","og_title":"[:en]Koh Samui: Where Tranquility Meets Adventure[:de]Koh Samui: Wo Ruhe auf Abenteuer trifft[:es]Koh Samui en Tailandia: destino ideal para descansar y explorar[:fr]Koh Samui: Where Tranquility Meets Adventure[:it]Koh Samui: Dove la tranquillit\u00e0 incontra l'avventura[:nl]Koh Samui: Waar rust avontuur ontmoet[:pt]Koh Samui: Onde a tranquilidade encontra a aventura[:id]Koh Samui: Perpaduan Ketenangan dan Petualangan[:zh]\u79d1\u8d6b\u00b7\u8428\u7a46\u4f0a: \u77ed\u6682\u7684\u5192\u9669[:ja]\u30b5\u30e0\u30a4\u5cf6: Tranquility\u304c\u5192\u967a\u306b\u4f1a\u3046\u5834\u6240","og_description":"[:en]Discover Koh Samui, Thailand's beloved tropical retreat. An island paradise blending serene beaches, lush landscapes and vibrant nightlife[:de]Entdecken Sie Koh Samui: Thailands tropisches Paradies mit ruhigen Str\u00e4nden, \u00fcppiger Natur und lebendigem Nachtleben.[:es]Descubre Koh Samui, el refugio tropical m\u00e1s querido de Tailandia: playas tranquilas, paisajes exuberantes y una vibrante vida nocturna.[:it]Scopri Koh Samui, il rifugio tropicale pi\u00f9 amato della Thailandia: un paradiso tra spiagge serene, natura lussureggiante e vivace vita notturna.[:nl]Ontdek Koh Samui: een tropisch eiland in Thailand met rustige stranden, groene natuur, levendig nachtleven en authentieke lokale cultuur.[:pt]Descubra Koh Samui, o ref\u00fagio tropical da Tail\u00e2ndia. Um para\u00edso que combina praias serenas, paisagens exuberantes e vida noturna vibrante[:id]Temukan Koh Samui, pulau tropis Thailand dengan pantai tenang, alam subur, budaya lokal yang kaya, dan kehidupan malam semarak.[:]","og_url":"https:\/\/mybestplacestovisit.com\/id\/asia\/thailand\/koh-samui\/","og_site_name":"2026 Travel Blog","article_modified_time":"2026-03-08T09:10:17+00:00","og_image":[{"width":1024,"height":768,"url":"https:\/\/mybestplacestovisit.com\/wp-content\/uploads\/2024\/02\/Koh-Samui-Ko-Mat-Sum-Thailand.jpg","type":"image\/jpeg"}],"twitter_card":"summary_large_image","twitter_misc":{"Estimasi waktu membaca":"4 menit"},"schema":{"@context":"https:\/\/schema.org","@graph":[{"@type":"WebPage","@id":"https:\/\/mybestplacestovisit.com\/asia\/thailand\/koh-samui\/","url":"https:\/\/mybestplacestovisit.com\/asia\/thailand\/koh-samui\/","name":"Koh Samui: Perpaduan Ketenangan dan Petualangan","isPartOf":{"@id":"https:\/\/mybestplacestovisit.com\/it\/#website"},"primaryImageOfPage":{"@id":"https:\/\/mybestplacestovisit.com\/asia\/thailand\/koh-samui\/#primaryimage"},"image":{"@id":"https:\/\/mybestplacestovisit.com\/asia\/thailand\/koh-samui\/#primaryimage"},"thumbnailUrl":"https:\/\/mybestplacestovisit.com\/wp-content\/uploads\/2024\/02\/Koh-Samui-Ko-Mat-Sum-Thailand.jpg","datePublished":"2024-11-17T08:26:06+00:00","dateModified":"2026-03-08T09:10:17+00:00","description":"Temukan Koh Samui, pulau tropis Thailand dengan pantai tenang, alam subur, budaya lokal yang kaya, dan kehidupan malam semarak.","breadcrumb":{"@id":"https:\/\/mybestplacestovisit.com\/asia\/thailand\/koh-samui\/#breadcrumb"},"inLanguage":"id-ID","potentialAction":[{"@type":"ReadAction","target":["https:\/\/mybestplacestovisit.com\/asia\/thailand\/koh-samui\/"]}]},{"@type":"ImageObject","inLanguage":"id-ID","@id":"https:\/\/mybestplacestovisit.com\/asia\/thailand\/koh-samui\/#primaryimage","url":"https:\/\/mybestplacestovisit.com\/wp-content\/uploads\/2024\/02\/Koh-Samui-Ko-Mat-Sum-Thailand.jpg","contentUrl":"https:\/\/mybestplacestovisit.com\/wp-content\/uploads\/2024\/02\/Koh-Samui-Ko-Mat-Sum-Thailand.jpg","width":1024,"height":768,"caption":"Ko Mat Sum"},{"@type":"BreadcrumbList","@id":"https:\/\/mybestplacestovisit.com\/asia\/thailand\/koh-samui\/#breadcrumb","itemListElement":[{"@type":"ListItem","position":1,"name":"Accueil","item":"https:\/\/mybestplacestovisit.com\/id\/"},{"@type":"ListItem","position":2,"name":"Travel in Asia \u2013 Complete Destination Guides &#038; Diving Insights","item":"https:\/\/mybestplacestovisit.com\/asia\/"},{"@type":"ListItem","position":3,"name":"Thailand Unveiled: Exploring the Land of Smiles","item":"https:\/\/mybestplacestovisit.com\/asia\/thailand\/"},{"@type":"ListItem","position":4,"name":"Koh Samui: Where Tranquility Meets Adventure"}]},{"@type":"WebSite","@id":"https:\/\/mybestplacestovisit.com\/it\/#website","url":"https:\/\/mybestplacestovisit.com\/it\/","name":"2026 Travel Blog","description":"Best places to visit","publisher":{"@id":"https:\/\/mybestplacestovisit.com\/it\/#\/schema\/person\/f71ea967bd47a7e7bd4e70c8012e32ca"},"potentialAction":[{"@type":"SearchAction","target":{"@type":"EntryPoint","urlTemplate":"https:\/\/mybestplacestovisit.com\/it\/?s={search_term_string}"},"query-input":{"@type":"PropertyValueSpecification","valueRequired":true,"valueName":"search_term_string"}}],"inLanguage":"id-ID"},{"@type":["Person","Organization"],"@id":"https:\/\/mybestplacestovisit.com\/it\/#\/schema\/person\/f71ea967bd47a7e7bd4e70c8012e32ca","name":"Blaise","image":{"@type":"ImageObject","inLanguage":"id-ID","@id":"https:\/\/mybestplacestovisit.com\/wp-content\/uploads\/2023\/09\/Blaise-Amok-Sunset-Nusa-Penida-Bali.jpg","url":"https:\/\/mybestplacestovisit.com\/wp-content\/uploads\/2023\/09\/Blaise-Amok-Sunset-Nusa-Penida-Bali.jpg","contentUrl":"https:\/\/mybestplacestovisit.com\/wp-content\/uploads\/2023\/09\/Blaise-Amok-Sunset-Nusa-Penida-Bali.jpg","width":1920,"height":800,"caption":"Blaise"},"logo":{"@id":"https:\/\/mybestplacestovisit.com\/wp-content\/uploads\/2023\/09\/Blaise-Amok-Sunset-Nusa-Penida-Bali.jpg"},"sameAs":["http:\/\/mybestplacestovisit.com","blaiseparis"]}]}},"uagb_featured_image_src":{"full":["https:\/\/mybestplacestovisit.com\/wp-content\/uploads\/2024\/02\/Koh-Samui-Ko-Mat-Sum-Thailand.jpg",1024,768,false],"thumbnail":["https:\/\/mybestplacestovisit.com\/wp-content\/uploads\/2024\/02\/Koh-Samui-Ko-Mat-Sum-Thailand-150x150.jpg",150,150,true],"medium":["https:\/\/mybestplacestovisit.com\/wp-content\/uploads\/2024\/02\/Koh-Samui-Ko-Mat-Sum-Thailand-300x225.jpg",300,225,true],"medium_large":["https:\/\/mybestplacestovisit.com\/wp-content\/uploads\/2024\/02\/Koh-Samui-Ko-Mat-Sum-Thailand-768x576.jpg",768,576,true],"large":["https:\/\/mybestplacestovisit.com\/wp-content\/uploads\/2024\/02\/Koh-Samui-Ko-Mat-Sum-Thailand.jpg",1024,768,false],"1536x1536":["https:\/\/mybestplacestovisit.com\/wp-content\/uploads\/2024\/02\/Koh-Samui-Ko-Mat-Sum-Thailand.jpg",1024,768,false],"2048x2048":["https:\/\/mybestplacestovisit.com\/wp-content\/uploads\/2024\/02\/Koh-Samui-Ko-Mat-Sum-Thailand.jpg",1024,768,false]},"uagb_author_info":{"display_name":"Blaise","author_link":"https:\/\/mybestplacestovisit.com\/id\/author\/admin4486\/"},"uagb_comment_info":0,"uagb_excerpt":"Koh Samui beckons dengan lanskap subur dan pantai pristin. Perjalanan ini melalui Koh Samui akan mengungkap keajaiban Desa Fisherman, Pantai Kirati, Ko Rap dan Ko Mat Sum pulau. Dan juga pulau Ko Pha-Ngan, masing-masing menawarkan pengalaman unik dan kenangan tak terlupakan.","_links":{"self":[{"href":"https:\/\/mybestplacestovisit.com\/id\/wp-json\/wp\/v2\/pages\/324","targetHints":{"allow":["GET"]}}],"collection":[{"href":"https:\/\/mybestplacestovisit.com\/id\/wp-json\/wp\/v2\/pages"}],"about":[{"href":"https:\/\/mybestplacestovisit.com\/id\/wp-json\/wp\/v2\/types\/page"}],"author":[{"embeddable":true,"href":"https:\/\/mybestplacestovisit.com\/id\/wp-json\/wp\/v2\/users\/1"}],"replies":[{"embeddable":true,"href":"https:\/\/mybestplacestovisit.com\/id\/wp-json\/wp\/v2\/comments?post=324"}],"version-history":[{"count":26,"href":"https:\/\/mybestplacestovisit.com\/id\/wp-json\/wp\/v2\/pages\/324\/revisions"}],"predecessor-version":[{"id":7457,"href":"https:\/\/mybestplacestovisit.com\/id\/wp-json\/wp\/v2\/pages\/324\/revisions\/7457"}],"up":[{"embeddable":true,"href":"https:\/\/mybestplacestovisit.com\/id\/wp-json\/wp\/v2\/pages\/314"}],"wp:featuredmedia":[{"embeddable":true,"href":"https:\/\/mybestplacestovisit.com\/id\/wp-json\/wp\/v2\/media\/241"}],"wp:attachment":[{"href":"https:\/\/mybestplacestovisit.com\/id\/wp-json\/wp\/v2\/media?parent=324"}],"curies":[{"name":"wp","href":"https:\/\/api.w.org\/{rel}","templated":true}]}}