{"id":301,"date":"2024-11-17T04:09:29","date_gmt":"2024-11-17T03:09:29","guid":{"rendered":"https:\/\/mybestplacestovisit.com\/?page_id=301"},"modified":"2026-02-17T18:26:14","modified_gmt":"2026-02-17T17:26:14","slug":"asia","status":"publish","type":"page","link":"https:\/\/mybestplacestovisit.com\/id\/asia\/","title":{"rendered":"Selamat Datang di Tempat Terbaik Saya untuk Kunjungi di Asia"},"content":{"rendered":"<?xml encoding=\"UTF-8\"?><p><strong>Selamat Datang di Tempat Terbaik Saya untuk Kunjungi<\/strong> di Asia, Gateway Anda untuk petualangan tak terlupakan di Asia Tenggara.<\/p><p>Sitemap <strong>Tempat terbaik saya untuk mengunjungi<\/strong> di Asia, kami membawa jantung hidup Asia Tenggara langsung ke Anda. Apakah Anda bermimpi di pulau-pulau tropis <strong><a href=\"https:\/\/mybestplacestovisit.com\/asia\/indonesia\/\">Indonesia<\/a><\/strong>Kekayaan budaya <strong><a href=\"https:\/\/mybestplacestovisit.com\/asia\/thailand\/\">Indonesia<\/a><\/strong>, atau lanskap menakjubkan <strong><a href=\"https:\/\/mybestplacestovisit.com\/asia\/vietnam\/\">Indonesia<\/a><\/strong>blog kami adalah sumber daya perjalanan Anda untuk membuat pengalaman perjalanan yang mengesankan. Anda juga akan menemukan panduan perjalanan tentang Meme it <a href=\"https:\/\/mybestplacestovisit.com\/asia\/singapore\/\">Indonesia<\/a>Login <a href=\"https:\/\/mybestplacestovisit.com\/asia\/angkor\/\">Angkor Hotel<\/a>Login <a href=\"https:\/\/mybestplacestovisit.com\/asia\/philippines\/\">Filipina<\/a> Login <a href=\"https:\/\/mybestplacestovisit.com\/asia\/malaysia\/\">Indonesia<\/a>Sitemap<\/p><h3 class=\"wp-block-heading\" id=\"h-why-explore-southeast-asia\"><strong>Mengapa Jelajahi Asia Tenggara?<\/strong><\/h3><p>Wilayah ini adalah sebuah rekaman budaya, masakan, lansekap-dan keajaiban bawah air. Dari terumbu karang murni Indonesia hingga kehidupan laut yang semarak dive di Thailand dan tempat menyelam tersembunyi Vietnam, Asia Tenggara adalah surga untuk petualangan, budaya, dan penggemar menyelam sama.<\/p><h3 class=\"wp-block-heading\" id=\"h-what-you-ll-find-on-my-blog\"><strong>Apa yang Anda cari di Blog Saya:<\/strong><\/h3><ul class=\"wp-block-list\">\n<li><strong>Tips Insider &#038; Tersembunyi Login<\/strong> Temukan rahasia terbaik di Asia Tenggara, dari pantai yang terpencil ke situs menyelam yang luar biasa.<\/li>\n\n\n\n<li><strong>Panduan komprehensif:<\/strong> Detail itineraries dan hack perjalanan untuk membuat perjalanan Anda mulus dan bebas stres.<\/li>\n\n\n\n<li><strong>Pengalaman Otentik:<\/strong> Cerita dan wawasan tentang budaya, tradisi, festival, dan keajaiban bawah laut dari setiap tujuan.<\/li>\n\n\n\n<li><strong>Petualangan, Santai &#038; Menyelam:<\/strong> Apakah Anda seorang thrill-seeker, diver, atau ingin bersantai, temukan aktivitas dan bintik-bintik yang disesuaikan dengan gaya perjalanan Anda.<\/li>\n<\/ul><h3 class=\"wp-block-heading\" id=\"h-highlights-of-our-featured-destinations\"><strong>Sorotan Tujuan Kami<\/strong><\/h3><ul class=\"wp-block-list\">\n<li><strong>Indonesia:<\/strong> Menyelam ke dalam keajaiban laut Raja Ampat dan Komodo, hike Gunung Bromo, atau bersantai di pantai idyllic Bali.<\/li>\n\n\n\n<li><strong>Indonesia:<\/strong> Jelajahi karang yang semarak Koh Tao, marvel di kuil Chiang Mai, atau menikmati makanan jalanan yang terkenal di Bangkok.<\/li>\n\n\n\n<li><strong>Indonesia:<\/strong> Temukan pemandangan bawah air yang semarak Nha Trang, cruise the mystical Halong Bay, atau pho otentik savor di Hanoi.<\/li>\n<\/ul><h3 class=\"wp-block-heading\" id=\"h-a-special-focus-on-diving\"><strong>Fokus Khusus di Diving<\/strong><\/h3><p>Asia Tenggara adalah mimpi diver, menawarkan segala sesuatu dari dinding karang yang didorong ke stasiun pembersih manta ray. Sitemap <strong>MyBestPlaces untuk Kunjungi<\/strong>Anda akan menemukan:<\/p><ul class=\"wp-block-list\">\n<li>Sitemap <strong>situs menyelam kelas dunia<\/strong> seperti Sipadan, Kepulauan Similan, dan Teluk Halong.<\/li>\n\n\n\n<li><strong>Sitemap<\/strong> untuk pemula dan petualang musiman sama.<\/li>\n\n\n\n<li>Panduan untuk <strong>kehidupan laut pertemuan<\/strong>Dari hiu paus untuk kuda laut kecil pygmy.<\/li>\n\n\n\n<li>Saran untuk yang terbaik <strong>sekolah menyelam dan papan tulis<\/strong> di wilayah.<\/li>\n<\/ul><h3 class=\"wp-block-heading\" id=\"h-your-adventure-starts-here\"><strong>Mulai Petualangan Anda di sini<\/strong><\/h3><p>Artikel <strong>MyBestPlaces untuk Kunjungi<\/strong> ditulis dengan semangat, didukung oleh pengalaman terlebih dahulu, dan dirancang untuk menginspirasi perjalanan Anda berikutnya. Mari kita panduan Anda melalui harta Asia Tenggara&mdash;di atas dan di bawah permukaan&mdash;dan membantu Anda membuat cerita layak berbagi.<\/p><h4 class=\"wp-block-heading\" id=\"h-ready-to-start-exploring-and-diving\"><strong>Siap Mulai Menjelajahi dan Menyelam?<\/strong><\/h4><p>Menyelam ke blog kami, dan mari merencanakan petualangan berikutnya di sudut-sudut Asia Tenggara yang paling menakjubkan, di mana setiap gelombang dan horizon memegang penemuan baru!<\/p><p><strong>Anda petualangan menunggu.<\/strong> Login<\/p>","protected":false},"excerpt":{"rendered":"<p>Selamat Datang di Tempat Terbaik Saya untuk Kunjungi di Asia, Gateway Anda untuk petualangan tak terlupakan di Asia Tenggara. Sitemap Tempat terbaik saya untuk mengunjungi di Asia, kami membawa jantung hidup Asia Tenggara langsung ke Anda. Apakah Anda bermimpi di pulau-pulau tropis IndonesiaKekayaan budaya Indonesia, atau lanskap menakjubkan Indonesiablog kami adalah sumber daya perjalanan Anda [&hellip;]<\/p>\n","protected":false},"author":1,"featured_media":61,"parent":0,"menu_order":0,"comment_status":"closed","ping_status":"closed","template":"","meta":{"_uag_custom_page_level_css":"","site-sidebar-layout":"default","site-content-layout":"","ast-site-content-layout":"default","site-content-style":"default","site-sidebar-style":"default","ast-global-header-display":"","ast-banner-title-visibility":"","ast-main-header-display":"","ast-hfb-above-header-display":"","ast-hfb-below-header-display":"","ast-hfb-mobile-header-display":"","site-post-title":"","ast-breadcrumbs-content":"","ast-featured-img":"","footer-sml-layout":"","ast-disable-related-posts":"","theme-transparent-header-meta":"","adv-header-id-meta":"","stick-header-meta":"","header-above-stick-meta":"","header-main-stick-meta":"","header-below-stick-meta":"","astra-migrate-meta-layouts":"set","ast-page-background-enabled":"default","ast-page-background-meta":{"desktop":{"background-color":"","background-image":"","background-repeat":"repeat","background-position":"center center","background-size":"auto","background-attachment":"scroll","background-type":"","background-media":"","overlay-type":"","overlay-color":"","overlay-opacity":"","overlay-gradient":""},"tablet":{"background-color":"","background-image":"","background-repeat":"repeat","background-position":"center center","background-size":"auto","background-attachment":"scroll","background-type":"","background-media":"","overlay-type":"","overlay-color":"","overlay-opacity":"","overlay-gradient":""},"mobile":{"background-color":"","background-image":"","background-repeat":"repeat","background-position":"center center","background-size":"auto","background-attachment":"scroll","background-type":"","background-media":"","overlay-type":"","overlay-color":"","overlay-opacity":"","overlay-gradient":""}},"ast-content-background-meta":{"desktop":{"background-color":"var(--ast-global-color-5)","background-image":"","background-repeat":"repeat","background-position":"center center","background-size":"auto","background-attachment":"scroll","background-type":"","background-media":"","overlay-type":"","overlay-color":"","overlay-opacity":"","overlay-gradient":""},"tablet":{"background-color":"var(--ast-global-color-5)","background-image":"","background-repeat":"repeat","background-position":"center center","background-size":"auto","background-attachment":"scroll","background-type":"","background-media":"","overlay-type":"","overlay-color":"","overlay-opacity":"","overlay-gradient":""},"mobile":{"background-color":"var(--ast-global-color-5)","background-image":"","background-repeat":"repeat","background-position":"center center","background-size":"auto","background-attachment":"scroll","background-type":"","background-media":"","overlay-type":"","overlay-color":"","overlay-opacity":"","overlay-gradient":""}},"footnotes":""},"class_list":["post-301","page","type-page","status-publish","has-post-thumbnail","hentry"],"yoast_head":"<!-- This site is optimized with the Yoast SEO Premium plugin v27.2 (Yoast SEO v27.5) - https:\/\/yoast.com\/product\/yoast-seo-premium-wordpress\/ -->\n<title>Selamat Datang di Tempat Terbaik Saya untuk Kunjungi di Asia<\/title>\n<meta name=\"description\" content=\"Asia travel guides to Indonesia, Thailand, Vietnam and the Maldives. Discover top destinations, diving spots and expert travel tips.\" \/>\n<meta name=\"robots\" content=\"index, follow, max-snippet:-1, max-image-preview:large, max-video-preview:-1\" \/>\n<link rel=\"canonical\" href=\"https:\/\/mybestplacestovisit.com\/id\/asia\/\" \/>\n<meta property=\"og:locale\" content=\"id_ID\" \/>\n<meta property=\"og:locale:alternate\" content=\"en_US\" \/>\n<meta property=\"og:locale:alternate\" content=\"de_DE\" \/>\n<meta property=\"og:locale:alternate\" content=\"es_ES\" \/>\n<meta property=\"og:locale:alternate\" content=\"fr_FR\" \/>\n<meta property=\"og:locale:alternate\" content=\"it_IT\" \/>\n<meta property=\"og:locale:alternate\" content=\"nl_NL\" \/>\n<meta property=\"og:locale:alternate\" content=\"pt_br\" \/>\n<meta property=\"og:locale:alternate\" content=\"zh_CN\" \/>\n<meta property=\"og:locale:alternate\" content=\"ja_JP\" \/>\n<meta property=\"og:type\" content=\"article\" \/>\n<meta property=\"og:title\" content=\"Selamat Datang di Tempat Terbaik Saya untuk Kunjungi di Asia\" \/>\n<meta property=\"og:description\" content=\"Asia travel guides to Indonesia, Thailand, Vietnam and the Maldives. Discover top destinations, diving spots and expert travel tips.\" \/>\n<meta property=\"og:url\" content=\"https:\/\/mybestplacestovisit.com\/id\/asia\/\" \/>\n<meta property=\"og:site_name\" content=\"My Best Places to Visit\" \/>\n<meta property=\"article:publisher\" content=\"https:\/\/www.facebook.com\/blaisefromparis\/\" \/>\n<meta property=\"article:modified_time\" content=\"2026-02-17T17:26:14+00:00\" \/>\n<meta property=\"og:image\" content=\"https:\/\/mybestplacestovisit.com\/wp-content\/uploads\/2023\/09\/Blaise-Amok-Sunset-Nusa-Penida-Bali.jpg\" \/>\n\t<meta property=\"og:image:width\" content=\"1920\" \/>\n\t<meta property=\"og:image:height\" content=\"800\" \/>\n\t<meta property=\"og:image:type\" content=\"image\/jpeg\" \/>\n<meta name=\"twitter:card\" content=\"summary_large_image\" \/>\n<meta name=\"twitter:label1\" content=\"Estimasi waktu membaca\" \/>\n\t<meta name=\"twitter:data1\" content=\"7 menit\" \/>\n<script type=\"application\/ld+json\" class=\"yoast-schema-graph\">{\"@context\":\"https:\\\/\\\/schema.org\",\"@graph\":[{\"@type\":\"Article\",\"@id\":\"https:\\\/\\\/mybestplacestovisit.com\\\/asia\\\/#article\",\"isPartOf\":{\"@id\":\"https:\\\/\\\/mybestplacestovisit.com\\\/asia\\\/\"},\"author\":{\"name\":\"Blaise Jaeger\",\"@id\":\"https:\\\/\\\/mybestplacestovisit.com\\\/#\\\/schema\\\/person\\\/f71ea967bd47a7e7bd4e70c8012e32ca\"},\"headline\":\"Selamat Datang di Tempat Terbaik Saya untuk Kunjungi di Asia\",\"datePublished\":\"2024-11-17T03:09:29+00:00\",\"dateModified\":\"2026-02-17T17:26:14+00:00\",\"mainEntityOfPage\":{\"@id\":\"https:\\\/\\\/mybestplacestovisit.com\\\/asia\\\/\"},\"wordCount\":4378,\"publisher\":{\"@id\":\"https:\\\/\\\/mybestplacestovisit.com\\\/#\\\/schema\\\/person\\\/f71ea967bd47a7e7bd4e70c8012e32ca\"},\"image\":{\"@id\":\"https:\\\/\\\/mybestplacestovisit.com\\\/asia\\\/#primaryimage\"},\"thumbnailUrl\":\"https:\\\/\\\/mybestplacestovisit.com\\\/wp-content\\\/uploads\\\/2023\\\/09\\\/Blaise-Amok-Sunset-Nusa-Penida-Bali.jpg\",\"inLanguage\":\"id-ID\"},{\"@type\":\"WebPage\",\"@id\":\"https:\\\/\\\/mybestplacestovisit.com\\\/asia\\\/\",\"url\":\"https:\\\/\\\/mybestplacestovisit.com\\\/asia\\\/\",\"name\":\"Selamat Datang di Tempat Terbaik Saya untuk Kunjungi di Asia\",\"isPartOf\":{\"@id\":\"https:\\\/\\\/mybestplacestovisit.com\\\/#website\"},\"primaryImageOfPage\":{\"@id\":\"https:\\\/\\\/mybestplacestovisit.com\\\/asia\\\/#primaryimage\"},\"image\":{\"@id\":\"https:\\\/\\\/mybestplacestovisit.com\\\/asia\\\/#primaryimage\"},\"thumbnailUrl\":\"https:\\\/\\\/mybestplacestovisit.com\\\/wp-content\\\/uploads\\\/2023\\\/09\\\/Blaise-Amok-Sunset-Nusa-Penida-Bali.jpg\",\"datePublished\":\"2024-11-17T03:09:29+00:00\",\"dateModified\":\"2026-02-17T17:26:14+00:00\",\"description\":\"Asia travel guides to Indonesia, Thailand, Vietnam and the Maldives. Discover top destinations, diving spots and expert travel tips.\",\"breadcrumb\":{\"@id\":\"https:\\\/\\\/mybestplacestovisit.com\\\/asia\\\/#breadcrumb\"},\"inLanguage\":\"id-ID\",\"potentialAction\":[{\"@type\":\"ReadAction\",\"target\":[\"https:\\\/\\\/mybestplacestovisit.com\\\/asia\\\/\"]}]},{\"@type\":\"ImageObject\",\"inLanguage\":\"id-ID\",\"@id\":\"https:\\\/\\\/mybestplacestovisit.com\\\/asia\\\/#primaryimage\",\"url\":\"https:\\\/\\\/mybestplacestovisit.com\\\/wp-content\\\/uploads\\\/2023\\\/09\\\/Blaise-Amok-Sunset-Nusa-Penida-Bali.jpg\",\"contentUrl\":\"https:\\\/\\\/mybestplacestovisit.com\\\/wp-content\\\/uploads\\\/2023\\\/09\\\/Blaise-Amok-Sunset-Nusa-Penida-Bali.jpg\",\"width\":1920,\"height\":800,\"caption\":\"Blaise Amok Sunset Nusa Penida Bali\"},{\"@type\":\"BreadcrumbList\",\"@id\":\"https:\\\/\\\/mybestplacestovisit.com\\\/asia\\\/#breadcrumb\",\"itemListElement\":[{\"@type\":\"ListItem\",\"position\":1,\"name\":\"Accueil\",\"item\":\"https:\\\/\\\/mybestplacestovisit.com\\\/id\\\/\"},{\"@type\":\"ListItem\",\"position\":2,\"name\":\"Travel in Asia \u2013 Complete Destination Guides &#038; Diving Insights\"}]},{\"@type\":\"WebSite\",\"@id\":\"https:\\\/\\\/mybestplacestovisit.com\\\/#website\",\"url\":\"https:\\\/\\\/mybestplacestovisit.com\\\/\",\"name\":\"My Best Places to Visit\",\"description\":\"Best places to visit\",\"publisher\":{\"@id\":\"https:\\\/\\\/mybestplacestovisit.com\\\/#\\\/schema\\\/person\\\/f71ea967bd47a7e7bd4e70c8012e32ca\"},\"potentialAction\":[{\"@type\":\"SearchAction\",\"target\":{\"@type\":\"EntryPoint\",\"urlTemplate\":\"https:\\\/\\\/mybestplacestovisit.com\\\/?s={search_term_string}\"},\"query-input\":{\"@type\":\"PropertyValueSpecification\",\"valueRequired\":true,\"valueName\":\"search_term_string\"}}],\"inLanguage\":\"id-ID\"},{\"@type\":[\"Person\",\"Organization\"],\"@id\":\"https:\\\/\\\/mybestplacestovisit.com\\\/#\\\/schema\\\/person\\\/f71ea967bd47a7e7bd4e70c8012e32ca\",\"name\":\"Blaise Jaeger\",\"image\":{\"@type\":\"ImageObject\",\"inLanguage\":\"id-ID\",\"@id\":\"https:\\\/\\\/mybestplacestovisit.com\\\/wp-content\\\/uploads\\\/2023\\\/09\\\/Blaise-Amok-Sunset-Nusa-Penida-Bali.jpg\",\"url\":\"https:\\\/\\\/mybestplacestovisit.com\\\/wp-content\\\/uploads\\\/2023\\\/09\\\/Blaise-Amok-Sunset-Nusa-Penida-Bali.jpg\",\"contentUrl\":\"https:\\\/\\\/mybestplacestovisit.com\\\/wp-content\\\/uploads\\\/2023\\\/09\\\/Blaise-Amok-Sunset-Nusa-Penida-Bali.jpg\",\"width\":1920,\"height\":800,\"caption\":\"Blaise Jaeger\"},\"logo\":{\"@id\":\"https:\\\/\\\/mybestplacestovisit.com\\\/wp-content\\\/uploads\\\/2023\\\/09\\\/Blaise-Amok-Sunset-Nusa-Penida-Bali.jpg\"},\"description\":\"Founder of My Best Places to Visit, Blaise Jaeger is a Paris-born French traveler now based in Bali who has been exploring the world for more than 30 years across around one hundred countries. A passionate scuba diver, he covers Southeast Asian destinations \u2014 Nusa Penida, Raja Ampat, the Gili Islands \u2014 as well as Indonesia, Greece, and his home country France, with a special focus on Paris and lesser-known regions. On this site, he shares in-depth travel guides, realistic itineraries, and honest insights to help travelers plan better trips, far from the generic content found online.\",\"sameAs\":[\"https:\\\/\\\/www.facebook.com\\\/blaisefromparis\\\/\",\"https:\\\/\\\/www.instagram.com\\\/blaiseparis\\\/\",\"https:\\\/\\\/www.linkedin.com\\\/in\\\/blaisejaeger\\\/\",\"https:\\\/\\\/www.youtube.com\\\/@BlaiseDivingNusaPenida\",\"https:\\\/\\\/fr.wikipedia.org\\\/wiki\\\/Blaise_Jaeger\"],\"award\":[\"Padi Master Scuba Diver\"],\"knowsAbout\":[\"Travel guides\",\"Bali\",\"Nusa Penida\",\"Indonesia\",\"Southeast Asia travel\",\"Scuba diving\",\"Greece\",\"France travel\",\"Paris\"],\"knowsLanguage\":[\"English\",\"French\",\"Bahasa Indonesia\"],\"jobTitle\":\"Travel Blogger and Scuba Diver\",\"url\":\"https:\\\/\\\/mybestplacestovisit.com\\\/id\\\/author\\\/admin4486\\\/\"}]}<\/script>\n<!-- \/ Yoast SEO Premium plugin. -->","yoast_head_json":{"title":"Selamat Datang di Tempat Terbaik Saya untuk Kunjungi di Asia","description":"Asia travel guides to Indonesia, Thailand, Vietnam and the Maldives. Discover top destinations, diving spots and expert travel tips.","robots":{"index":"index","follow":"follow","max-snippet":"max-snippet:-1","max-image-preview":"max-image-preview:large","max-video-preview":"max-video-preview:-1"},"canonical":"https:\/\/mybestplacestovisit.com\/id\/asia\/","og_locale":"id_ID","og_type":"article","og_title":"[:en]Travel in Asia \u2013 Complete Destination Guides &amp; Diving Insights[:de]Entdecke meine sch\u00f6nsten Orte in Asien[:es]Bienvenido a Mis mejores lugares para visitar en Asia[:fr]Bienvenue dans Mes meilleurs endroits \u00e0 visiter en Asie[:it]Benvenuti nei miei luoghi preferiti da visitare in Asia[:nl]Welkom bij mijn lijst van beste plaatsen om te bezoeken in Azi\u00eb[:pt]Bem-vindo ao My Best Places to Visit in \u00c1sia[:id]Selamat Datang di Tempat Terbaik Saya untuk Kunjungi di Asia[:zh]\u6b22\u8fce\u6765\u5230\u6211\u5728\u4e9a\u6d32\u7684\u6700\u597d\u5730\u70b9[:ja]\u3088\u3046\u3053\u305d\u3001\u30a2\u30b8\u30a2\u3067\u8a2a\u308c\u308b\u6700\u9ad8\u306e\u5834\u6240\u3078[:]","og_description":"[:en]Asia travel guides to Indonesia, Thailand, Vietnam and the Maldives. Discover top destinations, diving spots and expert travel tips.[:de]Entdecke die besten Reiseziele, Tauchpl\u00e4tze und Reisetipps in S\u00fcdostasien. In meinem Asien-Blog findest du verborgene Sch\u00e4tze[:it]Scopri le meraviglie del Sud-Est asiatico: destinazioni imperdibili, immersioni e consigli di viaggio nel mio blog dedicato.[:nl]Ontdek de beste bestemmingen, duikspots en reistips in Zuidoost-Azi\u00eb. Verken verborgen parels boven en onder water in mijn Azi\u00eb-blog![:pt]Explore destinos incr\u00edveis do Sudeste Asi\u00e1tico, mergulhos inesquec\u00edveis e dicas pr\u00e1ticas com meu blog sobre tesouros da \u00c1sia.[:]","og_url":"https:\/\/mybestplacestovisit.com\/id\/asia\/","og_site_name":"My Best Places to Visit","article_publisher":"https:\/\/www.facebook.com\/blaisefromparis\/","article_modified_time":"2026-02-17T17:26:14+00:00","og_image":[{"width":1920,"height":800,"url":"https:\/\/mybestplacestovisit.com\/wp-content\/uploads\/2023\/09\/Blaise-Amok-Sunset-Nusa-Penida-Bali.jpg","type":"image\/jpeg"}],"twitter_card":"summary_large_image","twitter_misc":{"Estimasi waktu membaca":"7 menit"},"schema":{"@context":"https:\/\/schema.org","@graph":[{"@type":"Article","@id":"https:\/\/mybestplacestovisit.com\/asia\/#article","isPartOf":{"@id":"https:\/\/mybestplacestovisit.com\/asia\/"},"author":{"name":"Blaise Jaeger","@id":"https:\/\/mybestplacestovisit.com\/#\/schema\/person\/f71ea967bd47a7e7bd4e70c8012e32ca"},"headline":"Selamat Datang di Tempat Terbaik Saya untuk Kunjungi di Asia","datePublished":"2024-11-17T03:09:29+00:00","dateModified":"2026-02-17T17:26:14+00:00","mainEntityOfPage":{"@id":"https:\/\/mybestplacestovisit.com\/asia\/"},"wordCount":4378,"publisher":{"@id":"https:\/\/mybestplacestovisit.com\/#\/schema\/person\/f71ea967bd47a7e7bd4e70c8012e32ca"},"image":{"@id":"https:\/\/mybestplacestovisit.com\/asia\/#primaryimage"},"thumbnailUrl":"https:\/\/mybestplacestovisit.com\/wp-content\/uploads\/2023\/09\/Blaise-Amok-Sunset-Nusa-Penida-Bali.jpg","inLanguage":"id-ID"},{"@type":"WebPage","@id":"https:\/\/mybestplacestovisit.com\/asia\/","url":"https:\/\/mybestplacestovisit.com\/asia\/","name":"Selamat Datang di Tempat Terbaik Saya untuk Kunjungi di Asia","isPartOf":{"@id":"https:\/\/mybestplacestovisit.com\/#website"},"primaryImageOfPage":{"@id":"https:\/\/mybestplacestovisit.com\/asia\/#primaryimage"},"image":{"@id":"https:\/\/mybestplacestovisit.com\/asia\/#primaryimage"},"thumbnailUrl":"https:\/\/mybestplacestovisit.com\/wp-content\/uploads\/2023\/09\/Blaise-Amok-Sunset-Nusa-Penida-Bali.jpg","datePublished":"2024-11-17T03:09:29+00:00","dateModified":"2026-02-17T17:26:14+00:00","description":"Asia travel guides to Indonesia, Thailand, Vietnam and the Maldives. Discover top destinations, diving spots and expert travel tips.","breadcrumb":{"@id":"https:\/\/mybestplacestovisit.com\/asia\/#breadcrumb"},"inLanguage":"id-ID","potentialAction":[{"@type":"ReadAction","target":["https:\/\/mybestplacestovisit.com\/asia\/"]}]},{"@type":"ImageObject","inLanguage":"id-ID","@id":"https:\/\/mybestplacestovisit.com\/asia\/#primaryimage","url":"https:\/\/mybestplacestovisit.com\/wp-content\/uploads\/2023\/09\/Blaise-Amok-Sunset-Nusa-Penida-Bali.jpg","contentUrl":"https:\/\/mybestplacestovisit.com\/wp-content\/uploads\/2023\/09\/Blaise-Amok-Sunset-Nusa-Penida-Bali.jpg","width":1920,"height":800,"caption":"Blaise Amok Sunset Nusa Penida Bali"},{"@type":"BreadcrumbList","@id":"https:\/\/mybestplacestovisit.com\/asia\/#breadcrumb","itemListElement":[{"@type":"ListItem","position":1,"name":"Accueil","item":"https:\/\/mybestplacestovisit.com\/id\/"},{"@type":"ListItem","position":2,"name":"Travel in Asia \u2013 Complete Destination Guides &#038; Diving Insights"}]},{"@type":"WebSite","@id":"https:\/\/mybestplacestovisit.com\/#website","url":"https:\/\/mybestplacestovisit.com\/","name":"My Best Places to Visit","description":"Best places to visit","publisher":{"@id":"https:\/\/mybestplacestovisit.com\/#\/schema\/person\/f71ea967bd47a7e7bd4e70c8012e32ca"},"potentialAction":[{"@type":"SearchAction","target":{"@type":"EntryPoint","urlTemplate":"https:\/\/mybestplacestovisit.com\/?s={search_term_string}"},"query-input":{"@type":"PropertyValueSpecification","valueRequired":true,"valueName":"search_term_string"}}],"inLanguage":"id-ID"},{"@type":["Person","Organization"],"@id":"https:\/\/mybestplacestovisit.com\/#\/schema\/person\/f71ea967bd47a7e7bd4e70c8012e32ca","name":"Blaise Jaeger","image":{"@type":"ImageObject","inLanguage":"id-ID","@id":"https:\/\/mybestplacestovisit.com\/wp-content\/uploads\/2023\/09\/Blaise-Amok-Sunset-Nusa-Penida-Bali.jpg","url":"https:\/\/mybestplacestovisit.com\/wp-content\/uploads\/2023\/09\/Blaise-Amok-Sunset-Nusa-Penida-Bali.jpg","contentUrl":"https:\/\/mybestplacestovisit.com\/wp-content\/uploads\/2023\/09\/Blaise-Amok-Sunset-Nusa-Penida-Bali.jpg","width":1920,"height":800,"caption":"Blaise Jaeger"},"logo":{"@id":"https:\/\/mybestplacestovisit.com\/wp-content\/uploads\/2023\/09\/Blaise-Amok-Sunset-Nusa-Penida-Bali.jpg"},"description":"Founder of My Best Places to Visit, Blaise Jaeger is a Paris-born French traveler now based in Bali who has been exploring the world for more than 30 years across around one hundred countries. A passionate scuba diver, he covers Southeast Asian destinations \u2014 Nusa Penida, Raja Ampat, the Gili Islands \u2014 as well as Indonesia, Greece, and his home country France, with a special focus on Paris and lesser-known regions. On this site, he shares in-depth travel guides, realistic itineraries, and honest insights to help travelers plan better trips, far from the generic content found online.","sameAs":["https:\/\/www.facebook.com\/blaisefromparis\/","https:\/\/www.instagram.com\/blaiseparis\/","https:\/\/www.linkedin.com\/in\/blaisejaeger\/","https:\/\/www.youtube.com\/@BlaiseDivingNusaPenida","https:\/\/fr.wikipedia.org\/wiki\/Blaise_Jaeger"],"award":["Padi Master Scuba Diver"],"knowsAbout":["Travel guides","Bali","Nusa Penida","Indonesia","Southeast Asia travel","Scuba diving","Greece","France travel","Paris"],"knowsLanguage":["English","French","Bahasa Indonesia"],"jobTitle":"Travel Blogger and Scuba Diver","url":"https:\/\/mybestplacestovisit.com\/id\/author\/admin4486\/"}]}},"uagb_featured_image_src":{"full":["https:\/\/mybestplacestovisit.com\/wp-content\/uploads\/2023\/09\/Blaise-Amok-Sunset-Nusa-Penida-Bali.jpg",1920,800,false],"thumbnail":["https:\/\/mybestplacestovisit.com\/wp-content\/uploads\/2023\/09\/Blaise-Amok-Sunset-Nusa-Penida-Bali-150x150.jpg",150,150,true],"medium":["https:\/\/mybestplacestovisit.com\/wp-content\/uploads\/2023\/09\/Blaise-Amok-Sunset-Nusa-Penida-Bali-300x125.jpg",300,125,true],"medium_large":["https:\/\/mybestplacestovisit.com\/wp-content\/uploads\/2023\/09\/Blaise-Amok-Sunset-Nusa-Penida-Bali-768x320.jpg",768,320,true],"large":["https:\/\/mybestplacestovisit.com\/wp-content\/uploads\/2023\/09\/Blaise-Amok-Sunset-Nusa-Penida-Bali-1024x427.jpg",1024,427,true],"1536x1536":["https:\/\/mybestplacestovisit.com\/wp-content\/uploads\/2023\/09\/Blaise-Amok-Sunset-Nusa-Penida-Bali-1536x640.jpg",1536,640,true],"2048x2048":["https:\/\/mybestplacestovisit.com\/wp-content\/uploads\/2023\/09\/Blaise-Amok-Sunset-Nusa-Penida-Bali.jpg",1920,800,false]},"uagb_author_info":{"display_name":"Blaise Jaeger","author_link":"https:\/\/mybestplacestovisit.com\/id\/author\/admin4486\/"},"uagb_comment_info":0,"uagb_excerpt":"Selamat Datang di Tempat Terbaik Saya untuk Kunjungi di Asia, Gateway Anda untuk petualangan tak terlupakan di Asia Tenggara. Sitemap Tempat terbaik saya untuk mengunjungi di Asia, kami membawa jantung hidup Asia Tenggara langsung ke Anda. Apakah Anda bermimpi di pulau-pulau tropis IndonesiaKekayaan budaya Indonesia, atau lanskap menakjubkan Indonesiablog kami adalah sumber daya perjalanan Anda&hellip;","_links":{"self":[{"href":"https:\/\/mybestplacestovisit.com\/id\/wp-json\/wp\/v2\/pages\/301","targetHints":{"allow":["GET"]}}],"collection":[{"href":"https:\/\/mybestplacestovisit.com\/id\/wp-json\/wp\/v2\/pages"}],"about":[{"href":"https:\/\/mybestplacestovisit.com\/id\/wp-json\/wp\/v2\/types\/page"}],"author":[{"embeddable":true,"href":"https:\/\/mybestplacestovisit.com\/id\/wp-json\/wp\/v2\/users\/1"}],"replies":[{"embeddable":true,"href":"https:\/\/mybestplacestovisit.com\/id\/wp-json\/wp\/v2\/comments?post=301"}],"version-history":[{"count":25,"href":"https:\/\/mybestplacestovisit.com\/id\/wp-json\/wp\/v2\/pages\/301\/revisions"}],"predecessor-version":[{"id":7107,"href":"https:\/\/mybestplacestovisit.com\/id\/wp-json\/wp\/v2\/pages\/301\/revisions\/7107"}],"wp:featuredmedia":[{"embeddable":true,"href":"https:\/\/mybestplacestovisit.com\/id\/wp-json\/wp\/v2\/media\/61"}],"wp:attachment":[{"href":"https:\/\/mybestplacestovisit.com\/id\/wp-json\/wp\/v2\/media?parent=301"}],"curies":[{"name":"wp","href":"https:\/\/api.w.org\/{rel}","templated":true}]}}