{"id":7100,"date":"2026-02-17T18:18:07","date_gmt":"2026-02-17T17:18:07","guid":{"rendered":"https:\/\/mybestplacestovisit.com\/?page_id=7100"},"modified":"2026-04-08T15:24:12","modified_gmt":"2026-04-08T13:24:12","slug":"destinos","status":"publish","type":"page","link":"https:\/\/mybestplacestovisit.com\/es\/destinos\/","title":{"rendered":"Destinos \u2013 Explora los Mejores Lugares para Visitar en el Mundo"},"content":{"rendered":"\n<p>Bienvenido al hub de destinos de <strong>My Best Places to Visit<\/strong>.<br>Esta p\u00e1gina re\u00fane todos los pa\u00edses, regiones y ciudades cubiertos en el sitio, organizados por continente para ayudarte a planificar tu pr\u00f3ximo viaje con mayor facilidad.<\/p>\n\n\n\n<p>Desde las islas tropicales del Sudeste Asi\u00e1tico hasta las capitales culturales de Europa, encontrar\u00e1s gu\u00edas de viaje cuidadosamente elaboradas, basadas en experiencias de primera mano, consejos pr\u00e1cticos y recomendaciones locales.<\/p>\n\n\n\n<hr class=\"wp-block-separator has-alpha-channel-opacity\"\/>\n\n\n\n<h2 class=\"wp-block-heading\" id=\"h-guias-de-viaje-por-asia\">\ud83c\udf0f Gu\u00edas de Viaje por Asia<\/h2>\n\n\n\n<p>Asia es una de las regiones m\u00e1s diversas del mundo, con ciudades vibrantes, templos antiguos, islas tropicales y destinos de buceo de clase mundial.<\/p>\n\n\n\n<p>Explora nuestra <strong><a href=\"https:\/\/mybestplacestovisit.com\/es\/asia\/\">gu\u00eda completa de Asia<\/a><\/strong>, que incluye:<\/p>\n\n\n\n<h3 class=\"wp-block-heading\" id=\"h-indonesia\">\ud83c\uddee\ud83c\udde9 Indonesia<\/h3>\n\n\n\n<p>Descubre Bali, Nusa Penida, Komodo y mucho m\u00e1s en nuestra <strong><a href=\"https:\/\/mybestplacestovisit.com\/es\/asia\/indonesia\/\">gu\u00eda de viaje de Indonesia<\/a><\/strong>.<\/p>\n\n\n\n<h3 class=\"wp-block-heading\" id=\"h-tailandia\">\ud83c\uddf9\ud83c\udded Tailandia<\/h3>\n\n\n\n<p>Templos, playas y escapadas isle\u00f1as en nuestra <strong><a href=\"https:\/\/mybestplacestovisit.com\/es\/asia\/tailandia\/\">gu\u00eda de viaje de Tailandia<\/a><\/strong>.<\/p>\n\n\n\n<h3 class=\"wp-block-heading\" id=\"h-vietnam\">\ud83c\uddfb\ud83c\uddf3 Vietnam<\/h3>\n\n\n\n<p>Desde la Bah\u00eda de Halong hasta Hoi An y las monta\u00f1as de Sapa, explora cultura, paisajes y gastronom\u00eda en nuestra <strong><a href=\"https:\/\/mybestplacestovisit.com\/es\/asia\/vietnam\/\">gu\u00eda de viaje de Vietnam<\/a><\/strong>.<\/p>\n\n\n\n<h3 class=\"wp-block-heading\" id=\"h-angkor-camboya\">\ud83c\uddf0\ud83c\udded Angkor (Camboya)<\/h3>\n\n\n\n<p>Descubre los templos de Angkor Wat y el legado jemer en nuestra <strong><a href=\"https:\/\/mybestplacestovisit.com\/es\/asia\/angkor\/\">gu\u00eda dedicada de Angkor<\/a><\/strong>.<\/p>\n\n\n\n<h3 class=\"wp-block-heading\" id=\"h-singapur\">\ud83c\uddf8\ud83c\uddec Singapur<\/h3>\n\n\n\n<p>Un moderno skyline se une a la diversidad cultural en nuestra <strong><a href=\"https:\/\/mybestplacestovisit.com\/es\/asia\/singapur\/\">gu\u00eda de viaje de Singapur<\/a><\/strong>.<\/p>\n\n\n\n<h3 class=\"wp-block-heading\" id=\"h-filipinas\">\ud83c\uddf5\ud83c\udded Filipinas<\/h3>\n\n\n\n<p>Island hopping, buceo y aventuras tropicales en nuestra <a href=\"https:\/\/mybestplacestovisit.com\/es\/asia\/filipinas\/\"><strong>gu\u00eda de viaje de Filipinas<\/strong>.<\/a><\/p>\n\n\n\n<h3 class=\"wp-block-heading\" id=\"h-malasia\">\ud83c\uddf2\ud83c\uddfe <strong>Malasia<\/strong><\/h3>\n\n\n\n<p>Entre selva tropical, islas paradis\u00edacas y ciudades modernas como Kuala Lumpur, descubre la diversidad cultural y la naturaleza espectacular en nuestra <strong><a href=\"https:\/\/mybestplacestovisit.com\/es\/asia\/malasia\/\">gu\u00eda de viaje de Malasia<\/a><\/strong>.<\/p>\n\n\n\n<h3 class=\"wp-block-heading\" id=\"h-maldivas\">\ud83c\uddf2\ud83c\uddfb Maldivas<\/h3>\n\n\n\n<p>Atolones, mantarrayas y experiencias en liveaboard en nuestra <strong><a href=\"https:\/\/mybestplacestovisit.com\/es\/asia\/maldivas-guia-buceo\/\">gu\u00eda de viaje de Maldivas<\/a><\/strong>.<\/p>\n\n\n\n<p>Asia sigue siendo uno de los principales enfoques de este sitio, especialmente en lo que respecta a destinos de buceo e islas tropicales.<\/p>\n\n\n\n<hr class=\"wp-block-separator has-alpha-channel-opacity\"\/>\n\n\n\n<h2 class=\"wp-block-heading\" id=\"h-guias-de-viaje-por-europa\">\ud83c\udf0d Gu\u00edas de Viaje por Europa<\/h2>\n\n\n\n<p>Europa combina historia, gastronom\u00eda y paisajes impresionantes en distancias relativamente cortas.<\/p>\n\n\n\n<p>Explora nuestra <strong><a href=\"https:\/\/mybestplacestovisit.com\/es\/europa\/\">gu\u00eda completa de Europa<\/a><\/strong>.<\/p>\n\n\n\n<h3 class=\"wp-block-heading\" id=\"h-francia\">\ud83c\uddeb\ud83c\uddf7 Francia<\/h3>\n\n\n\n<p>Desde Par\u00eds hasta la Costa Azul en nuestra <strong><a href=\"https:\/\/mybestplacestovisit.com\/es\/europa\/francia\/\">gu\u00eda de viaje de Francia<\/a><\/strong>.<\/p>\n\n\n\n<h3 class=\"wp-block-heading\" id=\"h-italia\">\ud83c\uddee\ud83c\uddf9 Italia<\/h3>\n\n\n\n<p>Arte, historia y encanto mediterr\u00e1neo en nuestra <strong><a href=\"https:\/\/mybestplacestovisit.com\/es\/europa\/italia\/\">gu\u00eda de viaje de Italia<\/a><\/strong>.<\/p>\n\n\n\n<h3 class=\"wp-block-heading\" id=\"h-grecia\">\ud83c\uddec\ud83c\uddf7 Grecia<\/h3>\n\n\n\n<p>Ruinas antiguas y escapadas a islas en nuestra <strong><a href=\"https:\/\/mybestplacestovisit.com\/es\/europa\/grecia\/\">gu\u00eda de viaje de Grecia<\/a><\/strong>.<\/p>\n\n\n\n<h3 class=\"wp-block-heading\" id=\"h-suiza\">\ud83c\udde8\ud83c\udded Suiza<\/h3>\n\n\n\n<p>Paisajes alpinos, rutas panor\u00e1micas en tren y lagos cristalinos en nuestra <strong><a href=\"https:\/\/mybestplacestovisit.com\/es\/europa\/suiza\/\">gu\u00eda de viaje de Suiza<\/a><\/strong>.<\/p>\n\n\n\n<p>Desde Ginebra y Z\u00farich hasta el Oberland Bern\u00e9s y los Alpes Suizos, Suiza ofrece algunos de los paisajes monta\u00f1osos m\u00e1s espectaculares de Europa.<\/p>\n\n\n\n<p>Europa es ideal para escapadas culturales urbanas, road trips y rutas por varios pa\u00edses.<\/p>\n\n\n\n<hr class=\"wp-block-separator has-alpha-channel-opacity\"\/>\n\n\n\n<h2 class=\"wp-block-heading\" id=\"h-un-enfoque-especial-en-destinos-de-buceo\">\ud83c\udf0a Un Enfoque Especial en Destinos de Buceo<\/h2>\n\n\n\n<p>Muchos de los destinos presentados en este sitio incluyen experiencias de buceo excepcionales.<\/p>\n\n\n\n<p>Puedes explorar:<\/p>\n\n\n\n<ul class=\"wp-block-list\">\n<li>El Tri\u00e1ngulo de Coral en Indonesia<\/li>\n\n\n\n<li>Mantarrayas y peces luna oce\u00e1nicos en Nusa Penida<\/li>\n\n\n\n<li>Buceo en pecios en Filipinas<\/li>\n\n\n\n<li>Buceo en canales en Maldivas<\/li>\n<\/ul>\n\n\n\n<p>Comienza con nuestra <strong>gu\u00eda completa de Buceo en el Sudeste Asi\u00e1tico<\/strong> y las p\u00e1ginas regionales detalladas de buceo.<\/p>\n\n\n\n<hr class=\"wp-block-separator has-alpha-channel-opacity\"\/>\n\n\n\n<h2 class=\"wp-block-heading\" id=\"h-como-usar-este-hub-de-destinos\">C\u00f3mo Usar Este Hub de Destinos<\/h2>\n\n\n\n<p>Esta p\u00e1gina est\u00e1 dise\u00f1ada como tu puerta de entrada de navegaci\u00f3n:<\/p>\n\n\n\n<ul class=\"wp-block-list\">\n<li>Elige un continente<\/li>\n\n\n\n<li>Explora el hub de un pa\u00eds<\/li>\n\n\n\n<li>Sum\u00e9rgete en gu\u00edas detalladas de ciudades o regiones<\/li>\n<\/ul>\n\n\n\n<p>Cada gu\u00eda de destino incluye:<\/p>\n\n\n\n<ul class=\"wp-block-list\">\n<li>Los mejores lugares para visitar<\/li>\n\n\n\n<li>Consejos pr\u00e1cticos de viaje<\/li>\n\n\n\n<li>Itinerarios sugeridos<\/li>\n\n\n\n<li>Recomendaciones de alojamiento<\/li>\n\n\n\n<li>Informaci\u00f3n y consejos locales<\/li>\n<\/ul>\n\n\n\n<hr class=\"wp-block-separator has-alpha-channel-opacity\"\/>\n\n\n\n<h2 class=\"wp-block-heading\" id=\"h-empieza-a-explorar\">Empieza a Explorar<\/h2>\n\n\n\n<p>Ya sea que est\u00e9s planeando una escapada tropical en Asia o un viaje cultural por Europa, este hub de destinos te conecta con todas las gu\u00edas de viaje disponibles en el sitio.<\/p>\n\n\n\n<p>Elige tu continente, selecciona tu pa\u00eds y comienza a planificar tu pr\u00f3xima aventura.<\/p>\n","protected":false},"excerpt":{"rendered":"<p>Bienvenido al hub de destinos de My Best Places to Visit.Esta p\u00e1gina re\u00fane todos los pa\u00edses, regiones y ciudades cubiertos en el sitio, organizados por continente para ayudarte a planificar tu pr\u00f3ximo viaje con mayor facilidad. Desde las islas tropicales del Sudeste Asi\u00e1tico hasta las capitales culturales de Europa, encontrar\u00e1s gu\u00edas de viaje cuidadosamente elaboradas, [&hellip;]<\/p>\n","protected":false},"author":1,"featured_media":0,"parent":0,"menu_order":0,"comment_status":"closed","ping_status":"closed","template":"","meta":{"_uag_custom_page_level_css":"","site-sidebar-layout":"default","site-content-layout":"","ast-site-content-layout":"default","site-content-style":"default","site-sidebar-style":"default","ast-global-header-display":"","ast-banner-title-visibility":"","ast-main-header-display":"","ast-hfb-above-header-display":"","ast-hfb-below-header-display":"","ast-hfb-mobile-header-display":"","site-post-title":"","ast-breadcrumbs-content":"","ast-featured-img":"","footer-sml-layout":"","ast-disable-related-posts":"","theme-transparent-header-meta":"","adv-header-id-meta":"","stick-header-meta":"","header-above-stick-meta":"","header-main-stick-meta":"","header-below-stick-meta":"","astra-migrate-meta-layouts":"set","ast-page-background-enabled":"default","ast-page-background-meta":{"desktop":{"background-color":"","background-image":"","background-repeat":"repeat","background-position":"center center","background-size":"auto","background-attachment":"scroll","background-type":"","background-media":"","overlay-type":"","overlay-color":"","overlay-opacity":"","overlay-gradient":""},"tablet":{"background-color":"","background-image":"","background-repeat":"repeat","background-position":"center center","background-size":"auto","background-attachment":"scroll","background-type":"","background-media":"","overlay-type":"","overlay-color":"","overlay-opacity":"","overlay-gradient":""},"mobile":{"background-color":"","background-image":"","background-repeat":"repeat","background-position":"center center","background-size":"auto","background-attachment":"scroll","background-type":"","background-media":"","overlay-type":"","overlay-color":"","overlay-opacity":"","overlay-gradient":""}},"ast-content-background-meta":{"desktop":{"background-color":"var(--ast-global-color-5)","background-image":"","background-repeat":"repeat","background-position":"center center","background-size":"auto","background-attachment":"scroll","background-type":"","background-media":"","overlay-type":"","overlay-color":"","overlay-opacity":"","overlay-gradient":""},"tablet":{"background-color":"var(--ast-global-color-5)","background-image":"","background-repeat":"repeat","background-position":"center center","background-size":"auto","background-attachment":"scroll","background-type":"","background-media":"","overlay-type":"","overlay-color":"","overlay-opacity":"","overlay-gradient":""},"mobile":{"background-color":"var(--ast-global-color-5)","background-image":"","background-repeat":"repeat","background-position":"center center","background-size":"auto","background-attachment":"scroll","background-type":"","background-media":"","overlay-type":"","overlay-color":"","overlay-opacity":"","overlay-gradient":""}},"footnotes":""},"class_list":["post-7100","page","type-page","status-publish","hentry"],"yoast_head":"<!-- This site is optimized with the Yoast SEO Premium plugin v27.2 (Yoast SEO v27.4) - https:\/\/yoast.com\/product\/yoast-seo-premium-wordpress\/ -->\n<title>Destinos \u2013 Explora los Mejores Lugares para Visitar en el Mundo<\/title>\n<meta name=\"description\" content=\"Explora los mejores destinos del mundo con nuestras gu\u00edas de viaje completas: Asia, Europa, y los mejores lugares para bucear.\" \/>\n<meta name=\"robots\" content=\"index, follow, max-snippet:-1, max-image-preview:large, max-video-preview:-1\" \/>\n<link rel=\"canonical\" href=\"https:\/\/mybestplacestovisit.com\/es\/destinos\/\" \/>\n<meta property=\"og:locale\" content=\"es_ES\" \/>\n<meta property=\"og:locale:alternate\" content=\"en_US\" \/>\n<meta property=\"og:locale:alternate\" content=\"de_DE\" \/>\n<meta property=\"og:locale:alternate\" content=\"fr_FR\" \/>\n<meta property=\"og:locale:alternate\" content=\"it_IT\" \/>\n<meta property=\"og:locale:alternate\" content=\"nl_NL\" \/>\n<meta property=\"og:locale:alternate\" content=\"pt_br\" \/>\n<meta property=\"og:locale:alternate\" content=\"id_id\" \/>\n<meta property=\"og:locale:alternate\" content=\"zh_CN\" \/>\n<meta property=\"og:locale:alternate\" content=\"ja_JP\" \/>\n<meta property=\"og:type\" content=\"article\" \/>\n<meta property=\"og:title\" content=\"Destinos \u2013 Explora los Mejores Lugares para Visitar en el Mundo\" \/>\n<meta property=\"og:description\" content=\"Explore the most beautiful destinations in Asia and Europe: Indonesia, Thailand, Malaysia, Italy, Greece and more. Complete travel guides.\" \/>\n<meta property=\"og:url\" content=\"https:\/\/mybestplacestovisit.com\/es\/destinos\/\" \/>\n<meta property=\"og:site_name\" content=\"2026 Travel Blog\" \/>\n<meta property=\"article:modified_time\" content=\"2026-04-08T13:24:12+00:00\" \/>\n<meta name=\"twitter:card\" content=\"summary_large_image\" \/>\n<meta name=\"twitter:label1\" content=\"Tiempo de lectura\" \/>\n\t<meta name=\"twitter:data1\" content=\"3 minutos\" \/>\n<script type=\"application\/ld+json\" class=\"yoast-schema-graph\">{\"@context\":\"https:\\\/\\\/schema.org\",\"@graph\":[{\"@type\":\"WebPage\",\"@id\":\"https:\\\/\\\/mybestplacestovisit.com\\\/zh\\\/destinations-explore-the-best-places-to-visit-around-the-world\\\/\",\"url\":\"https:\\\/\\\/mybestplacestovisit.com\\\/zh\\\/destinations-explore-the-best-places-to-visit-around-the-world\\\/\",\"name\":\"Destinos \u2013 Explora los Mejores Lugares para Visitar en el Mundo\",\"isPartOf\":{\"@id\":\"https:\\\/\\\/mybestplacestovisit.com\\\/it\\\/#website\"},\"datePublished\":\"2026-02-17T17:18:07+00:00\",\"dateModified\":\"2026-04-08T13:24:12+00:00\",\"description\":\"Explore the most beautiful destinations in Asia and Europe: Indonesia, Thailand, Malaysia, Italy, Greece and more. Complete travel guides.\",\"breadcrumb\":{\"@id\":\"https:\\\/\\\/mybestplacestovisit.com\\\/zh\\\/destinations-explore-the-best-places-to-visit-around-the-world\\\/#breadcrumb\"},\"inLanguage\":\"es-ES\",\"potentialAction\":[{\"@type\":\"ReadAction\",\"target\":[\"https:\\\/\\\/mybestplacestovisit.com\\\/zh\\\/destinations-explore-the-best-places-to-visit-around-the-world\\\/\"]}]},{\"@type\":\"BreadcrumbList\",\"@id\":\"https:\\\/\\\/mybestplacestovisit.com\\\/zh\\\/destinations-explore-the-best-places-to-visit-around-the-world\\\/#breadcrumb\",\"itemListElement\":[{\"@type\":\"ListItem\",\"position\":1,\"name\":\"Accueil\",\"item\":\"https:\\\/\\\/mybestplacestovisit.com\\\/id\\\/\"},{\"@type\":\"ListItem\",\"position\":2,\"name\":\"Destinations \u2013 Explore the Best Places to Visit Around the World\"}]},{\"@type\":\"WebSite\",\"@id\":\"https:\\\/\\\/mybestplacestovisit.com\\\/it\\\/#website\",\"url\":\"https:\\\/\\\/mybestplacestovisit.com\\\/it\\\/\",\"name\":\"2026 Travel Blog\",\"description\":\"Best places to visit\",\"publisher\":{\"@id\":\"https:\\\/\\\/mybestplacestovisit.com\\\/it\\\/#\\\/schema\\\/person\\\/f71ea967bd47a7e7bd4e70c8012e32ca\"},\"potentialAction\":[{\"@type\":\"SearchAction\",\"target\":{\"@type\":\"EntryPoint\",\"urlTemplate\":\"https:\\\/\\\/mybestplacestovisit.com\\\/it\\\/?s={search_term_string}\"},\"query-input\":{\"@type\":\"PropertyValueSpecification\",\"valueRequired\":true,\"valueName\":\"search_term_string\"}}],\"inLanguage\":\"es-ES\"},{\"@type\":[\"Person\",\"Organization\"],\"@id\":\"https:\\\/\\\/mybestplacestovisit.com\\\/it\\\/#\\\/schema\\\/person\\\/f71ea967bd47a7e7bd4e70c8012e32ca\",\"name\":\"Blaise\",\"image\":{\"@type\":\"ImageObject\",\"inLanguage\":\"es-ES\",\"@id\":\"https:\\\/\\\/mybestplacestovisit.com\\\/wp-content\\\/uploads\\\/2023\\\/09\\\/Blaise-Amok-Sunset-Nusa-Penida-Bali.jpg\",\"url\":\"https:\\\/\\\/mybestplacestovisit.com\\\/wp-content\\\/uploads\\\/2023\\\/09\\\/Blaise-Amok-Sunset-Nusa-Penida-Bali.jpg\",\"contentUrl\":\"https:\\\/\\\/mybestplacestovisit.com\\\/wp-content\\\/uploads\\\/2023\\\/09\\\/Blaise-Amok-Sunset-Nusa-Penida-Bali.jpg\",\"width\":1920,\"height\":800,\"caption\":\"Blaise\"},\"logo\":{\"@id\":\"https:\\\/\\\/mybestplacestovisit.com\\\/wp-content\\\/uploads\\\/2023\\\/09\\\/Blaise-Amok-Sunset-Nusa-Penida-Bali.jpg\"},\"sameAs\":[\"http:\\\/\\\/mybestplacestovisit.com\",\"blaiseparis\"]}]}<\/script>\n<!-- \/ Yoast SEO Premium plugin. -->","yoast_head_json":{"title":"Destinos \u2013 Explora los Mejores Lugares para Visitar en el Mundo","description":"Explora los mejores destinos del mundo con nuestras gu\u00edas de viaje completas: Asia, Europa, y los mejores lugares para bucear.","robots":{"index":"index","follow":"follow","max-snippet":"max-snippet:-1","max-image-preview":"max-image-preview:large","max-video-preview":"max-video-preview:-1"},"canonical":"https:\/\/mybestplacestovisit.com\/es\/destinos\/","og_locale":"es_ES","og_type":"article","og_title":"[:en]Destinations \u2013 Explore the Best Places to Visit Around the World[:de]Reiseziele \u2013 Entdecke die besten Reiseziele weltweit[:es]Destinos \u2013 Explora los Mejores Lugares para Visitar en el Mundo[:fr]Destinations \u2013 Explorez les Meilleurs Lieux \u00e0 Visiter dans le Monde[:it]Destinazioni \u2013 Scopri i Migliori Luoghi da Visitare nel Mondo[:zh]Destinations \u2013 Explore the Best Places to Visit Around the World[:]","og_description":"Explore the most beautiful destinations in Asia and Europe: Indonesia, Thailand, Malaysia, Italy, Greece and more. Complete travel guides.","og_url":"https:\/\/mybestplacestovisit.com\/es\/destinos\/","og_site_name":"2026 Travel Blog","article_modified_time":"2026-04-08T13:24:12+00:00","twitter_card":"summary_large_image","twitter_misc":{"Tiempo de lectura":"3 minutos"},"schema":{"@context":"https:\/\/schema.org","@graph":[{"@type":"WebPage","@id":"https:\/\/mybestplacestovisit.com\/zh\/destinations-explore-the-best-places-to-visit-around-the-world\/","url":"https:\/\/mybestplacestovisit.com\/zh\/destinations-explore-the-best-places-to-visit-around-the-world\/","name":"Destinos \u2013 Explora los Mejores Lugares para Visitar en el Mundo","isPartOf":{"@id":"https:\/\/mybestplacestovisit.com\/it\/#website"},"datePublished":"2026-02-17T17:18:07+00:00","dateModified":"2026-04-08T13:24:12+00:00","description":"Explore the most beautiful destinations in Asia and Europe: Indonesia, Thailand, Malaysia, Italy, Greece and more. Complete travel guides.","breadcrumb":{"@id":"https:\/\/mybestplacestovisit.com\/zh\/destinations-explore-the-best-places-to-visit-around-the-world\/#breadcrumb"},"inLanguage":"es-ES","potentialAction":[{"@type":"ReadAction","target":["https:\/\/mybestplacestovisit.com\/zh\/destinations-explore-the-best-places-to-visit-around-the-world\/"]}]},{"@type":"BreadcrumbList","@id":"https:\/\/mybestplacestovisit.com\/zh\/destinations-explore-the-best-places-to-visit-around-the-world\/#breadcrumb","itemListElement":[{"@type":"ListItem","position":1,"name":"Accueil","item":"https:\/\/mybestplacestovisit.com\/id\/"},{"@type":"ListItem","position":2,"name":"Destinations \u2013 Explore the Best Places to Visit Around the World"}]},{"@type":"WebSite","@id":"https:\/\/mybestplacestovisit.com\/it\/#website","url":"https:\/\/mybestplacestovisit.com\/it\/","name":"2026 Travel Blog","description":"Best places to visit","publisher":{"@id":"https:\/\/mybestplacestovisit.com\/it\/#\/schema\/person\/f71ea967bd47a7e7bd4e70c8012e32ca"},"potentialAction":[{"@type":"SearchAction","target":{"@type":"EntryPoint","urlTemplate":"https:\/\/mybestplacestovisit.com\/it\/?s={search_term_string}"},"query-input":{"@type":"PropertyValueSpecification","valueRequired":true,"valueName":"search_term_string"}}],"inLanguage":"es-ES"},{"@type":["Person","Organization"],"@id":"https:\/\/mybestplacestovisit.com\/it\/#\/schema\/person\/f71ea967bd47a7e7bd4e70c8012e32ca","name":"Blaise","image":{"@type":"ImageObject","inLanguage":"es-ES","@id":"https:\/\/mybestplacestovisit.com\/wp-content\/uploads\/2023\/09\/Blaise-Amok-Sunset-Nusa-Penida-Bali.jpg","url":"https:\/\/mybestplacestovisit.com\/wp-content\/uploads\/2023\/09\/Blaise-Amok-Sunset-Nusa-Penida-Bali.jpg","contentUrl":"https:\/\/mybestplacestovisit.com\/wp-content\/uploads\/2023\/09\/Blaise-Amok-Sunset-Nusa-Penida-Bali.jpg","width":1920,"height":800,"caption":"Blaise"},"logo":{"@id":"https:\/\/mybestplacestovisit.com\/wp-content\/uploads\/2023\/09\/Blaise-Amok-Sunset-Nusa-Penida-Bali.jpg"},"sameAs":["http:\/\/mybestplacestovisit.com","blaiseparis"]}]}},"uagb_featured_image_src":{"full":false,"thumbnail":false,"medium":false,"medium_large":false,"large":false,"1536x1536":false,"2048x2048":false},"uagb_author_info":{"display_name":"Blaise","author_link":"https:\/\/mybestplacestovisit.com\/es\/author\/admin4486\/"},"uagb_comment_info":0,"uagb_excerpt":"Bienvenido al hub de destinos de My Best Places to Visit.Esta p\u00e1gina re\u00fane todos los pa\u00edses, regiones y ciudades cubiertos en el sitio, organizados por continente para ayudarte a planificar tu pr\u00f3ximo viaje con mayor facilidad. Desde las islas tropicales del Sudeste Asi\u00e1tico hasta las capitales culturales de Europa, encontrar\u00e1s gu\u00edas de viaje cuidadosamente elaboradas,&hellip;","_links":{"self":[{"href":"https:\/\/mybestplacestovisit.com\/es\/wp-json\/wp\/v2\/pages\/7100","targetHints":{"allow":["GET"]}}],"collection":[{"href":"https:\/\/mybestplacestovisit.com\/es\/wp-json\/wp\/v2\/pages"}],"about":[{"href":"https:\/\/mybestplacestovisit.com\/es\/wp-json\/wp\/v2\/types\/page"}],"author":[{"embeddable":true,"href":"https:\/\/mybestplacestovisit.com\/es\/wp-json\/wp\/v2\/users\/1"}],"replies":[{"embeddable":true,"href":"https:\/\/mybestplacestovisit.com\/es\/wp-json\/wp\/v2\/comments?post=7100"}],"version-history":[{"count":15,"href":"https:\/\/mybestplacestovisit.com\/es\/wp-json\/wp\/v2\/pages\/7100\/revisions"}],"predecessor-version":[{"id":7653,"href":"https:\/\/mybestplacestovisit.com\/es\/wp-json\/wp\/v2\/pages\/7100\/revisions\/7653"}],"wp:attachment":[{"href":"https:\/\/mybestplacestovisit.com\/es\/wp-json\/wp\/v2\/media?parent=7100"}],"curies":[{"name":"wp","href":"https:\/\/api.w.org\/{rel}","templated":true}]}}