{"id":395,"date":"2024-11-18T02:57:57","date_gmt":"2024-11-18T01:57:57","guid":{"rendered":"https:\/\/mybestplacestovisit.com\/?page_id=395"},"modified":"2026-03-08T09:29:18","modified_gmt":"2026-03-08T08:29:18","slug":"peroulades","status":"publish","type":"page","link":"https:\/\/mybestplacestovisit.com\/es\/europa\/grecia\/corfu\/peroulades","title":{"rendered":"Peroulades"},"content":{"rendered":"\n<div class=\"wp-block-uagb-container uagb-block-c367eb42 alignfull uagb-is-root-container\"><div class=\"uagb-container-inner-blocks-wrap\">\n<div class=\"wp-block-uagb-advanced-heading uagb-block-6f4d3bde\"><h2 class=\"uagb-heading-text\">Peroulades<\/h2><\/div>\n<\/div><\/div>\n\n\n\n<p>&nbsp;<\/p>\n\n\n\n<h2 class=\"wp-block-heading\">\u00bfD\u00f3nde est\u00e1 Peroulades?<\/h2>\n\n\n\n<p>Peroulades se encuentra en la esquina noreste <a href=\"https:\/\/mybestplacestovisit.com\/europe\/greece\/corfu\/\">Isla de Corfu<\/a>, no muy lejos de Sidari, a s\u00f3lo 20 minutos de Acharavi. Hay un gran aparcamiento donde puedes dejar tu coche. Entonces es muy f\u00e1cil llegar a la playa a trav\u00e9s de una peque\u00f1a escalera.<\/p>\n\n\n\n<h2 class=\"wp-block-heading\" id=\"h-peroulades-playa\">Peroulades playa<\/h2>\n\n\n\n<p>Peroulades playa, tambi\u00e9n llamada playa de Logas, fue una vez m\u00e1s grande. Un viejo banner publicitario tambi\u00e9n muestra tumbonas y sombrillas. \u00a1Pero se han ido! Desde entonces, el mar ha tomado todo el espacio y la playa es ahora muy estrecha.<\/p>\n\n\n\n<p>Nadar junto a un acantilado de 30 metros de altura es muy impresionante.<\/p>\n\n\n\n<figure class=\"wp-block-image size-full\"><img loading=\"lazy\" decoding=\"async\" width=\"1024\" height=\"768\" src=\"https:\/\/mybestplacestovisit.com\/wp-content\/uploads\/2025\/05\/Best-Holidays-to-Corfu-Greece-Peroulades-cliff.jpg\" alt=\"Best Holidays to Corfu Greece Peroulades cliff\" class=\"wp-image-4064\" srcset=\"https:\/\/mybestplacestovisit.com\/wp-content\/uploads\/2025\/05\/Best-Holidays-to-Corfu-Greece-Peroulades-cliff.jpg 1024w, https:\/\/mybestplacestovisit.com\/wp-content\/uploads\/2025\/05\/Best-Holidays-to-Corfu-Greece-Peroulades-cliff-300x225.jpg 300w, https:\/\/mybestplacestovisit.com\/wp-content\/uploads\/2025\/05\/Best-Holidays-to-Corfu-Greece-Peroulades-cliff-768x576.jpg 768w\" sizes=\"auto, (max-width: 1024px) 100vw, 1024px\" \/><figcaption class=\"wp-element-caption\">Peroulades acantilado<\/figcaption><\/figure>\n\n\n\n<h2 class=\"wp-block-heading\">7th Heaven<\/h2>\n\n\n\n<p>7a El cielo es un buen bar y restaurante con una vista incre\u00edble, especialmente al atardecer. Si no tiene miedo de las alturas, puede ponerse de pie en una peque\u00f1a plataforma con un piso de vidrio que le permite mirar hacia el mar 30 metros debajo de usted. \u00a1Es como caminar al aire! Sus c\u00f3cteles son muy buenos.<\/p>\n\n\n\n<figure class=\"wp-block-image size-full\"><img loading=\"lazy\" decoding=\"async\" width=\"1024\" height=\"768\" src=\"https:\/\/mybestplacestovisit.com\/wp-content\/uploads\/2025\/05\/Best-Holidays-to-Corfu-Greece-7-heaven.jpg\" alt=\"Best Holidays to Corfu Greece 7 heaven\" class=\"wp-image-4065\" srcset=\"https:\/\/mybestplacestovisit.com\/wp-content\/uploads\/2025\/05\/Best-Holidays-to-Corfu-Greece-7-heaven.jpg 1024w, https:\/\/mybestplacestovisit.com\/wp-content\/uploads\/2025\/05\/Best-Holidays-to-Corfu-Greece-7-heaven-300x225.jpg 300w, https:\/\/mybestplacestovisit.com\/wp-content\/uploads\/2025\/05\/Best-Holidays-to-Corfu-Greece-7-heaven-768x576.jpg 768w\" sizes=\"auto, (max-width: 1024px) 100vw, 1024px\" \/><figcaption class=\"wp-element-caption\">7 cielos<\/figcaption><\/figure>\n\n\n\n<h2 class=\"wp-block-heading\">Canal d&#8217;Amour<\/h2>\n\n\n\n<p>Seg\u00fan la leyenda, una pareja francesa cay\u00f3 bajo el encanto del lugar. Se prometieron el amor eterno. Este lugar fue llamado Canal d&#8217;Amour despu\u00e9s de esta leyenda. Si est\u00e1s soltero, nada all\u00ed y te casar\u00e1s en el a\u00f1o siguiente!<\/p>\n\n\n\n<p>Es un buen lugar para visitar, pero no durante la temporada alta, demasiado concurrido.<\/p>\n\n\n\n<figure class=\"wp-block-image size-full\"><img loading=\"lazy\" decoding=\"async\" width=\"1024\" height=\"768\" src=\"https:\/\/mybestplacestovisit.com\/wp-content\/uploads\/2025\/05\/Best-Holidays-to-Corfu-Greece-canal-damour-sidari.jpg\" alt=\"Best Holidays to Corfu Greece canal d'amour sidari\" class=\"wp-image-4066\" srcset=\"https:\/\/mybestplacestovisit.com\/wp-content\/uploads\/2025\/05\/Best-Holidays-to-Corfu-Greece-canal-damour-sidari.jpg 1024w, https:\/\/mybestplacestovisit.com\/wp-content\/uploads\/2025\/05\/Best-Holidays-to-Corfu-Greece-canal-damour-sidari-300x225.jpg 300w, https:\/\/mybestplacestovisit.com\/wp-content\/uploads\/2025\/05\/Best-Holidays-to-Corfu-Greece-canal-damour-sidari-768x576.jpg 768w\" sizes=\"auto, (max-width: 1024px) 100vw, 1024px\" \/><figcaption class=\"wp-element-caption\">Canal d&#8217;amour Sidari<\/figcaption><\/figure>\n","protected":false},"excerpt":{"rendered":"<p>Peroulades es m\u00e1s famoso por sus impresionantes acantilados. Disfrute de la playa de Logas y tome una copa al atardecer en el s\u00e9ptimo bar del cielo!<\/p>\n","protected":false},"author":1,"featured_media":30,"parent":342,"menu_order":0,"comment_status":"open","ping_status":"closed","template":"","meta":{"_uag_custom_page_level_css":"","site-sidebar-layout":"default","site-content-layout":"","ast-site-content-layout":"default","site-content-style":"default","site-sidebar-style":"default","ast-global-header-display":"","ast-banner-title-visibility":"","ast-main-header-display":"","ast-hfb-above-header-display":"","ast-hfb-below-header-display":"","ast-hfb-mobile-header-display":"","site-post-title":"disabled","ast-breadcrumbs-content":"","ast-featured-img":"disabled","footer-sml-layout":"","ast-disable-related-posts":"","theme-transparent-header-meta":"","adv-header-id-meta":"","stick-header-meta":"","header-above-stick-meta":"","header-main-stick-meta":"","header-below-stick-meta":"","astra-migrate-meta-layouts":"set","ast-page-background-enabled":"default","ast-page-background-meta":{"desktop":{"background-color":"","background-image":"","background-repeat":"repeat","background-position":"center center","background-size":"auto","background-attachment":"scroll","background-type":"","background-media":"","overlay-type":"","overlay-color":"","overlay-opacity":"","overlay-gradient":""},"tablet":{"background-color":"","background-image":"","background-repeat":"repeat","background-position":"center center","background-size":"auto","background-attachment":"scroll","background-type":"","background-media":"","overlay-type":"","overlay-color":"","overlay-opacity":"","overlay-gradient":""},"mobile":{"background-color":"","background-image":"","background-repeat":"repeat","background-position":"center center","background-size":"auto","background-attachment":"scroll","background-type":"","background-media":"","overlay-type":"","overlay-color":"","overlay-opacity":"","overlay-gradient":""}},"ast-content-background-meta":{"desktop":{"background-color":"var(--ast-global-color-5)","background-image":"","background-repeat":"repeat","background-position":"center center","background-size":"auto","background-attachment":"scroll","background-type":"","background-media":"","overlay-type":"","overlay-color":"","overlay-opacity":"","overlay-gradient":""},"tablet":{"background-color":"var(--ast-global-color-5)","background-image":"","background-repeat":"repeat","background-position":"center center","background-size":"auto","background-attachment":"scroll","background-type":"","background-media":"","overlay-type":"","overlay-color":"","overlay-opacity":"","overlay-gradient":""},"mobile":{"background-color":"var(--ast-global-color-5)","background-image":"","background-repeat":"repeat","background-position":"center center","background-size":"auto","background-attachment":"scroll","background-type":"","background-media":"","overlay-type":"","overlay-color":"","overlay-opacity":"","overlay-gradient":""}},"footnotes":""},"class_list":["post-395","page","type-page","status-publish","has-post-thumbnail","hentry"],"yoast_head":"<!-- This site is optimized with the Yoast SEO Premium plugin v27.2 (Yoast SEO v27.4) - https:\/\/yoast.com\/product\/yoast-seo-premium-wordpress\/ -->\n<title>Peroulades<\/title>\n<meta name=\"description\" content=\"Peroulades es m\u00e1s famoso por sus impresionantes acantilados. \u00a1Disfruta de la playa de Logas y toma una copa en el bar 7th Heaven!\" \/>\n<meta name=\"robots\" content=\"index, follow, max-snippet:-1, max-image-preview:large, max-video-preview:-1\" \/>\n<link rel=\"canonical\" href=\"https:\/\/mybestplacestovisit.com\/es\/europa\/grecia\/corfu\/peroulades\" \/>\n<meta property=\"og:locale\" content=\"es_ES\" \/>\n<meta property=\"og:locale:alternate\" content=\"en_US\" \/>\n<meta property=\"og:locale:alternate\" content=\"de_DE\" \/>\n<meta property=\"og:locale:alternate\" content=\"fr_FR\" \/>\n<meta property=\"og:locale:alternate\" content=\"it_IT\" \/>\n<meta property=\"og:locale:alternate\" content=\"nl_NL\" \/>\n<meta property=\"og:locale:alternate\" content=\"pt_br\" \/>\n<meta property=\"og:locale:alternate\" content=\"id_id\" \/>\n<meta property=\"og:locale:alternate\" content=\"zh_CN\" \/>\n<meta property=\"og:locale:alternate\" content=\"ja_JP\" \/>\n<meta property=\"og:type\" content=\"article\" \/>\n<meta property=\"og:title\" content=\"Peroulades\" \/>\n<meta property=\"og:description\" content=\"Peroulades es m\u00e1s famoso por sus impresionantes acantilados. \u00a1Disfruta de la playa de Logas y toma una copa en el bar 7th Heaven!\" \/>\n<meta property=\"og:url\" content=\"https:\/\/mybestplacestovisit.com\/es\/europa\/grecia\/corfu\/peroulades\/\" \/>\n<meta property=\"og:site_name\" content=\"2026 Travel Blog\" \/>\n<meta property=\"article:modified_time\" content=\"2026-03-08T08:29:18+00:00\" \/>\n<meta property=\"og:image\" content=\"https:\/\/mybestplacestovisit.com\/wp-content\/uploads\/2023\/09\/Best-Holidays-to-Corfu-Greece-Peroulades-Logas-beach.jpg\" \/>\n\t<meta property=\"og:image:width\" content=\"1024\" \/>\n\t<meta property=\"og:image:height\" content=\"768\" \/>\n\t<meta property=\"og:image:type\" content=\"image\/jpeg\" \/>\n<meta name=\"twitter:card\" content=\"summary_large_image\" \/>\n<meta name=\"twitter:label1\" content=\"Tiempo de lectura\" \/>\n\t<meta name=\"twitter:data1\" content=\"2 minutos\" \/>\n<script type=\"application\/ld+json\" class=\"yoast-schema-graph\">{\"@context\":\"https:\\\/\\\/schema.org\",\"@graph\":[{\"@type\":\"WebPage\",\"@id\":\"https:\\\/\\\/mybestplacestovisit.com\\\/it\\\/europe\\\/greece\\\/corfu\\\/peroulades\\\/\",\"url\":\"https:\\\/\\\/mybestplacestovisit.com\\\/it\\\/europe\\\/greece\\\/corfu\\\/peroulades\\\/\",\"name\":\"Peroulades\",\"isPartOf\":{\"@id\":\"https:\\\/\\\/mybestplacestovisit.com\\\/it\\\/#website\"},\"primaryImageOfPage\":{\"@id\":\"https:\\\/\\\/mybestplacestovisit.com\\\/it\\\/europe\\\/greece\\\/corfu\\\/peroulades\\\/#primaryimage\"},\"image\":{\"@id\":\"https:\\\/\\\/mybestplacestovisit.com\\\/it\\\/europe\\\/greece\\\/corfu\\\/peroulades\\\/#primaryimage\"},\"thumbnailUrl\":\"https:\\\/\\\/mybestplacestovisit.com\\\/wp-content\\\/uploads\\\/2023\\\/09\\\/Best-Holidays-to-Corfu-Greece-Peroulades-Logas-beach.jpg\",\"datePublished\":\"2024-11-18T01:57:57+00:00\",\"dateModified\":\"2026-03-08T08:29:18+00:00\",\"description\":\"Peroulades es m\u00e1s famoso por sus impresionantes acantilados. \u00a1Disfruta de la playa de Logas y toma una copa en el bar 7th Heaven!\",\"breadcrumb\":{\"@id\":\"https:\\\/\\\/mybestplacestovisit.com\\\/it\\\/europe\\\/greece\\\/corfu\\\/peroulades\\\/#breadcrumb\"},\"inLanguage\":\"es-ES\",\"potentialAction\":[{\"@type\":\"ReadAction\",\"target\":[\"https:\\\/\\\/mybestplacestovisit.com\\\/it\\\/europe\\\/greece\\\/corfu\\\/peroulades\\\/\"]}]},{\"@type\":\"ImageObject\",\"inLanguage\":\"es-ES\",\"@id\":\"https:\\\/\\\/mybestplacestovisit.com\\\/it\\\/europe\\\/greece\\\/corfu\\\/peroulades\\\/#primaryimage\",\"url\":\"https:\\\/\\\/mybestplacestovisit.com\\\/wp-content\\\/uploads\\\/2023\\\/09\\\/Best-Holidays-to-Corfu-Greece-Peroulades-Logas-beach.jpg\",\"contentUrl\":\"https:\\\/\\\/mybestplacestovisit.com\\\/wp-content\\\/uploads\\\/2023\\\/09\\\/Best-Holidays-to-Corfu-Greece-Peroulades-Logas-beach.jpg\",\"width\":1024,\"height\":768,\"caption\":\"Peroulades\"},{\"@type\":\"BreadcrumbList\",\"@id\":\"https:\\\/\\\/mybestplacestovisit.com\\\/it\\\/europe\\\/greece\\\/corfu\\\/peroulades\\\/#breadcrumb\",\"itemListElement\":[{\"@type\":\"ListItem\",\"position\":1,\"name\":\"Accueil\",\"item\":\"https:\\\/\\\/mybestplacestovisit.com\\\/id\\\/\"},{\"@type\":\"ListItem\",\"position\":2,\"name\":\"Europe Travel Guide \u2013 Best Destinations\",\"item\":\"https:\\\/\\\/mybestplacestovisit.com\\\/europe\\\/\"},{\"@type\":\"ListItem\",\"position\":3,\"name\":\"Travel to Greece: A Guide from a Lifelong Enthusiast\",\"item\":\"https:\\\/\\\/mybestplacestovisit.com\\\/europe\\\/greece\\\/\"},{\"@type\":\"ListItem\",\"position\":4,\"name\":\"Dov\u2019\u00e8 Corf\u00f9? Dove si trova, mappa e spiagge pi\u00f9 belle\",\"item\":\"https:\\\/\\\/mybestplacestovisit.com\\\/it\\\/europe\\\/greece\\\/corfu\\\/\"},{\"@type\":\"ListItem\",\"position\":5,\"name\":\"Peroulades\"}]},{\"@type\":\"WebSite\",\"@id\":\"https:\\\/\\\/mybestplacestovisit.com\\\/it\\\/#website\",\"url\":\"https:\\\/\\\/mybestplacestovisit.com\\\/it\\\/\",\"name\":\"2026 Travel Blog\",\"description\":\"Best places to visit\",\"publisher\":{\"@id\":\"https:\\\/\\\/mybestplacestovisit.com\\\/it\\\/#\\\/schema\\\/person\\\/f71ea967bd47a7e7bd4e70c8012e32ca\"},\"potentialAction\":[{\"@type\":\"SearchAction\",\"target\":{\"@type\":\"EntryPoint\",\"urlTemplate\":\"https:\\\/\\\/mybestplacestovisit.com\\\/it\\\/?s={search_term_string}\"},\"query-input\":{\"@type\":\"PropertyValueSpecification\",\"valueRequired\":true,\"valueName\":\"search_term_string\"}}],\"inLanguage\":\"es-ES\"},{\"@type\":[\"Person\",\"Organization\"],\"@id\":\"https:\\\/\\\/mybestplacestovisit.com\\\/it\\\/#\\\/schema\\\/person\\\/f71ea967bd47a7e7bd4e70c8012e32ca\",\"name\":\"Blaise\",\"image\":{\"@type\":\"ImageObject\",\"inLanguage\":\"es-ES\",\"@id\":\"https:\\\/\\\/mybestplacestovisit.com\\\/wp-content\\\/uploads\\\/2023\\\/09\\\/Blaise-Amok-Sunset-Nusa-Penida-Bali.jpg\",\"url\":\"https:\\\/\\\/mybestplacestovisit.com\\\/wp-content\\\/uploads\\\/2023\\\/09\\\/Blaise-Amok-Sunset-Nusa-Penida-Bali.jpg\",\"contentUrl\":\"https:\\\/\\\/mybestplacestovisit.com\\\/wp-content\\\/uploads\\\/2023\\\/09\\\/Blaise-Amok-Sunset-Nusa-Penida-Bali.jpg\",\"width\":1920,\"height\":800,\"caption\":\"Blaise\"},\"logo\":{\"@id\":\"https:\\\/\\\/mybestplacestovisit.com\\\/wp-content\\\/uploads\\\/2023\\\/09\\\/Blaise-Amok-Sunset-Nusa-Penida-Bali.jpg\"},\"sameAs\":[\"http:\\\/\\\/mybestplacestovisit.com\",\"blaiseparis\"]}]}<\/script>\n<!-- \/ Yoast SEO Premium plugin. -->","yoast_head_json":{"title":"Peroulades","description":"Peroulades es m\u00e1s famoso por sus impresionantes acantilados. \u00a1Disfruta de la playa de Logas y toma una copa en el bar 7th Heaven!","robots":{"index":"index","follow":"follow","max-snippet":"max-snippet:-1","max-image-preview":"max-image-preview:large","max-video-preview":"max-video-preview:-1"},"canonical":"https:\/\/mybestplacestovisit.com\/es\/europa\/grecia\/corfu\/peroulades","og_locale":"es_ES","og_type":"article","og_title":"[:en]Peroulades[:de]Peroulades[:es]Peroulades[:fr]Peroulades[:it]Peroulades[:nl]Peroulades[:pt]Peroulades[:id]Peroulades[:zh]\u7ea2\u5b9d\u77f3[:ja]\u30da\u30eb\u30aa\u30e9\u30c7\u30a6\u30b9[:]","og_description":"[:en]Peroulades is most famous for its impressive cliffs. Enjoy Logas beach and have a drink at sunset at the 7th heaven bar ![:de]Peroulades ist bekannt f\u00fcr seine beeindruckenden Klippen. Genie\u00dfen Sie den Logas-Strand und einen Drink im 7th Heaven Bar![:es]Peroulades es m\u00e1s famoso por sus impresionantes acantilados. \u00a1Disfruta de la playa de Logas y toma una copa en el bar 7th Heaven![:fr]Peroulades est connue pour ses impressionnantes falaises. Profitez de la plage de Logas et prenez un verre au coucher du soleil au 7eme ciel![:it]Peroulades \u00e8 celebre per le sue scogliere spettacolari. Rilassati a Logas Beach e gusta un drink al tramonto al bar Settimo Cielo![:nl]Peroulades staat bekend om zijn indrukwekkende kliffen. Ontspan op Logas Beach en geniet van de zonsondergang bij de 7th Heaven Bar![:pt]Peroulades \u00e9 famosa por suas impressionantes fal\u00e9sias. Curta a praia de Logas e aproveite um drinque no p\u00f4r do sol no bar 7th Heaven![:]","og_url":"https:\/\/mybestplacestovisit.com\/es\/europa\/grecia\/corfu\/peroulades\/","og_site_name":"2026 Travel Blog","article_modified_time":"2026-03-08T08:29:18+00:00","og_image":[{"width":1024,"height":768,"url":"https:\/\/mybestplacestovisit.com\/wp-content\/uploads\/2023\/09\/Best-Holidays-to-Corfu-Greece-Peroulades-Logas-beach.jpg","type":"image\/jpeg"}],"twitter_card":"summary_large_image","twitter_misc":{"Tiempo de lectura":"2 minutos"},"schema":{"@context":"https:\/\/schema.org","@graph":[{"@type":"WebPage","@id":"https:\/\/mybestplacestovisit.com\/it\/europe\/greece\/corfu\/peroulades\/","url":"https:\/\/mybestplacestovisit.com\/it\/europe\/greece\/corfu\/peroulades\/","name":"Peroulades","isPartOf":{"@id":"https:\/\/mybestplacestovisit.com\/it\/#website"},"primaryImageOfPage":{"@id":"https:\/\/mybestplacestovisit.com\/it\/europe\/greece\/corfu\/peroulades\/#primaryimage"},"image":{"@id":"https:\/\/mybestplacestovisit.com\/it\/europe\/greece\/corfu\/peroulades\/#primaryimage"},"thumbnailUrl":"https:\/\/mybestplacestovisit.com\/wp-content\/uploads\/2023\/09\/Best-Holidays-to-Corfu-Greece-Peroulades-Logas-beach.jpg","datePublished":"2024-11-18T01:57:57+00:00","dateModified":"2026-03-08T08:29:18+00:00","description":"Peroulades es m\u00e1s famoso por sus impresionantes acantilados. \u00a1Disfruta de la playa de Logas y toma una copa en el bar 7th Heaven!","breadcrumb":{"@id":"https:\/\/mybestplacestovisit.com\/it\/europe\/greece\/corfu\/peroulades\/#breadcrumb"},"inLanguage":"es-ES","potentialAction":[{"@type":"ReadAction","target":["https:\/\/mybestplacestovisit.com\/it\/europe\/greece\/corfu\/peroulades\/"]}]},{"@type":"ImageObject","inLanguage":"es-ES","@id":"https:\/\/mybestplacestovisit.com\/it\/europe\/greece\/corfu\/peroulades\/#primaryimage","url":"https:\/\/mybestplacestovisit.com\/wp-content\/uploads\/2023\/09\/Best-Holidays-to-Corfu-Greece-Peroulades-Logas-beach.jpg","contentUrl":"https:\/\/mybestplacestovisit.com\/wp-content\/uploads\/2023\/09\/Best-Holidays-to-Corfu-Greece-Peroulades-Logas-beach.jpg","width":1024,"height":768,"caption":"Peroulades"},{"@type":"BreadcrumbList","@id":"https:\/\/mybestplacestovisit.com\/it\/europe\/greece\/corfu\/peroulades\/#breadcrumb","itemListElement":[{"@type":"ListItem","position":1,"name":"Accueil","item":"https:\/\/mybestplacestovisit.com\/id\/"},{"@type":"ListItem","position":2,"name":"Europe Travel Guide \u2013 Best Destinations","item":"https:\/\/mybestplacestovisit.com\/europe\/"},{"@type":"ListItem","position":3,"name":"Travel to Greece: A Guide from a Lifelong Enthusiast","item":"https:\/\/mybestplacestovisit.com\/europe\/greece\/"},{"@type":"ListItem","position":4,"name":"Dov\u2019\u00e8 Corf\u00f9? Dove si trova, mappa e spiagge pi\u00f9 belle","item":"https:\/\/mybestplacestovisit.com\/it\/europe\/greece\/corfu\/"},{"@type":"ListItem","position":5,"name":"Peroulades"}]},{"@type":"WebSite","@id":"https:\/\/mybestplacestovisit.com\/it\/#website","url":"https:\/\/mybestplacestovisit.com\/it\/","name":"2026 Travel Blog","description":"Best places to visit","publisher":{"@id":"https:\/\/mybestplacestovisit.com\/it\/#\/schema\/person\/f71ea967bd47a7e7bd4e70c8012e32ca"},"potentialAction":[{"@type":"SearchAction","target":{"@type":"EntryPoint","urlTemplate":"https:\/\/mybestplacestovisit.com\/it\/?s={search_term_string}"},"query-input":{"@type":"PropertyValueSpecification","valueRequired":true,"valueName":"search_term_string"}}],"inLanguage":"es-ES"},{"@type":["Person","Organization"],"@id":"https:\/\/mybestplacestovisit.com\/it\/#\/schema\/person\/f71ea967bd47a7e7bd4e70c8012e32ca","name":"Blaise","image":{"@type":"ImageObject","inLanguage":"es-ES","@id":"https:\/\/mybestplacestovisit.com\/wp-content\/uploads\/2023\/09\/Blaise-Amok-Sunset-Nusa-Penida-Bali.jpg","url":"https:\/\/mybestplacestovisit.com\/wp-content\/uploads\/2023\/09\/Blaise-Amok-Sunset-Nusa-Penida-Bali.jpg","contentUrl":"https:\/\/mybestplacestovisit.com\/wp-content\/uploads\/2023\/09\/Blaise-Amok-Sunset-Nusa-Penida-Bali.jpg","width":1920,"height":800,"caption":"Blaise"},"logo":{"@id":"https:\/\/mybestplacestovisit.com\/wp-content\/uploads\/2023\/09\/Blaise-Amok-Sunset-Nusa-Penida-Bali.jpg"},"sameAs":["http:\/\/mybestplacestovisit.com","blaiseparis"]}]}},"uagb_featured_image_src":{"full":["https:\/\/mybestplacestovisit.com\/wp-content\/uploads\/2023\/09\/Best-Holidays-to-Corfu-Greece-Peroulades-Logas-beach.jpg",1024,768,false],"thumbnail":["https:\/\/mybestplacestovisit.com\/wp-content\/uploads\/2023\/09\/Best-Holidays-to-Corfu-Greece-Peroulades-Logas-beach-150x150.jpg",150,150,true],"medium":["https:\/\/mybestplacestovisit.com\/wp-content\/uploads\/2023\/09\/Best-Holidays-to-Corfu-Greece-Peroulades-Logas-beach-300x225.jpg",300,225,true],"medium_large":["https:\/\/mybestplacestovisit.com\/wp-content\/uploads\/2023\/09\/Best-Holidays-to-Corfu-Greece-Peroulades-Logas-beach-768x576.jpg",768,576,true],"large":["https:\/\/mybestplacestovisit.com\/wp-content\/uploads\/2023\/09\/Best-Holidays-to-Corfu-Greece-Peroulades-Logas-beach.jpg",1024,768,false],"1536x1536":["https:\/\/mybestplacestovisit.com\/wp-content\/uploads\/2023\/09\/Best-Holidays-to-Corfu-Greece-Peroulades-Logas-beach.jpg",1024,768,false],"2048x2048":["https:\/\/mybestplacestovisit.com\/wp-content\/uploads\/2023\/09\/Best-Holidays-to-Corfu-Greece-Peroulades-Logas-beach.jpg",1024,768,false]},"uagb_author_info":{"display_name":"Blaise","author_link":"https:\/\/mybestplacestovisit.com\/es\/author\/admin4486\/"},"uagb_comment_info":0,"uagb_excerpt":"Peroulades es m\u00e1s famoso por sus impresionantes acantilados. Disfrute de la playa de Logas y tome una copa al atardecer en el s\u00e9ptimo bar del cielo!","_links":{"self":[{"href":"https:\/\/mybestplacestovisit.com\/es\/wp-json\/wp\/v2\/pages\/395","targetHints":{"allow":["GET"]}}],"collection":[{"href":"https:\/\/mybestplacestovisit.com\/es\/wp-json\/wp\/v2\/pages"}],"about":[{"href":"https:\/\/mybestplacestovisit.com\/es\/wp-json\/wp\/v2\/types\/page"}],"author":[{"embeddable":true,"href":"https:\/\/mybestplacestovisit.com\/es\/wp-json\/wp\/v2\/users\/1"}],"replies":[{"embeddable":true,"href":"https:\/\/mybestplacestovisit.com\/es\/wp-json\/wp\/v2\/comments?post=395"}],"version-history":[{"count":21,"href":"https:\/\/mybestplacestovisit.com\/es\/wp-json\/wp\/v2\/pages\/395\/revisions"}],"predecessor-version":[{"id":7362,"href":"https:\/\/mybestplacestovisit.com\/es\/wp-json\/wp\/v2\/pages\/395\/revisions\/7362"}],"up":[{"embeddable":true,"href":"https:\/\/mybestplacestovisit.com\/es\/wp-json\/wp\/v2\/pages\/342"}],"wp:featuredmedia":[{"embeddable":true,"href":"https:\/\/mybestplacestovisit.com\/es\/wp-json\/wp\/v2\/media\/30"}],"wp:attachment":[{"href":"https:\/\/mybestplacestovisit.com\/es\/wp-json\/wp\/v2\/media?parent=395"}],"curies":[{"name":"wp","href":"https:\/\/api.w.org\/{rel}","templated":true}]}}