{"id":349,"date":"2024-11-17T10:13:31","date_gmt":"2024-11-17T09:13:31","guid":{"rendered":"https:\/\/mybestplacestovisit.com\/?page_id=349"},"modified":"2026-03-08T09:28:23","modified_gmt":"2026-03-08T08:28:23","slug":"old-perithia","status":"publish","type":"page","link":"https:\/\/mybestplacestovisit.com\/es\/europa\/grecia\/corfu\/old-perithia","title":{"rendered":"Old Perithia: Un viaje de regreso al tiempo"},"content":{"rendered":"\n<div class=\"wp-block-uagb-container uagb-block-27048156 alignfull uagb-is-root-container\"><div class=\"uagb-container-inner-blocks-wrap\">\n<div class=\"wp-block-uagb-advanced-heading uagb-block-8f38790f\"><h1 class=\"uagb-heading-text\">Old Perithia: Un viaje de regreso al tiempo<\/h1><\/div>\n<\/div><\/div>\n\n\n\n<p><\/p>\n\n\n\n<p>Old Perithia es el pueblo m\u00e1s antiguo de <a href=\"https:\/\/mybestplacestovisit.com\/europe\/greece\/corfu\/\">Corfu<\/a>. Se encuentra en una zona protegida del patrimonio justo debajo del Monte Pantokrator. Los restos de la aldea datan de mediados del siglo XIV, pero el pueblo es probablemente mucho mayor que eso.<\/p>\n\n\n\n<p>Ubicado bajo las monta\u00f1as m\u00e1s altas de la isla, la antigua Perithia fue una vez un refugio de ataques piratas. Fue uno de los m\u00e1s ricos de la isla, rodeado de vi\u00f1edos, robles, miles de ovejas, y una poblaci\u00f3n de 1200 habitantes. Todav\u00eda hay 130 casas, la mayor\u00eda de ellas construidas a mano. Pero s\u00f3lo algunos de ellos han sido restaurados. El pueblo se parece ahora un poco a un pueblo fantasma, que es parte de su encanto&#8230;<\/p>\n\n\n\n<figure class=\"wp-block-image size-full\"><img loading=\"lazy\" decoding=\"async\" width=\"1024\" height=\"768\" src=\"https:\/\/mybestplacestovisit.com\/wp-content\/uploads\/2025\/05\/visit-Corfu-old-perithia-pantokrator.jpg\" alt=\"visit Corfu  old perithia pantokrator\" class=\"wp-image-4049\" srcset=\"https:\/\/mybestplacestovisit.com\/wp-content\/uploads\/2025\/05\/visit-Corfu-old-perithia-pantokrator.jpg 1024w, https:\/\/mybestplacestovisit.com\/wp-content\/uploads\/2025\/05\/visit-Corfu-old-perithia-pantokrator-300x225.jpg 300w, https:\/\/mybestplacestovisit.com\/wp-content\/uploads\/2025\/05\/visit-Corfu-old-perithia-pantokrator-768x576.jpg 768w\" sizes=\"auto, (max-width: 1024px) 100vw, 1024px\" \/><\/figure>\n\n\n\n<h2 class=\"wp-block-heading\" id=\"h-que-hacer-en-vieja-perithia\">Qu\u00e9 hacer en Vieja Perithia<\/h2>\n\n\n\n<p>Vaya a Old Perithia para disfrutar de un buen d\u00eda, retroceda en el tiempo y caminar en las monta\u00f1as. O simplemente comer algo en una de las 4 tabernas.<\/p>\n\n\n\n<h3 class=\"wp-block-heading\">Encuentra las 8 iglesias del pueblo<\/h3>\n\n\n\n<p>Para aquellos que necesitan un objetivo para comenzar cualquier actividad, usted puede apuntar a tomar una imagen de cada iglesia de la antigua Perithia. Usted encontrar\u00e1 un mapa de pueblo en la entrada para ayudarle. Marc, el anterior propietario del bed and breakfast \u00abThe Merchant&#8217;s House\u00bb, edit\u00f3 este mapa y una gu\u00eda impresionante del pueblo.<\/p>\n\n\n\n<p>Otros simplemente disfrutar\u00e1n caminando por el pueblo y descubrir aleatoriamente algunas de las 130 casas. Probablemente pasar\u00e1s bajo una puerta de estilo veneciano. Luego, visite la escuela del pueblo, que cerr\u00f3 a mediados del siglo pasado.<\/p>\n\n\n\n<figure class=\"wp-block-image size-full\"><img loading=\"lazy\" decoding=\"async\" width=\"1024\" height=\"768\" src=\"https:\/\/mybestplacestovisit.com\/wp-content\/uploads\/2025\/05\/Best-Holidays-to-Corfu-Greece-Old-Perithia-Village.jpg\" alt=\"Best Holidays to Corfu Greece Old Perithia Village\" class=\"wp-image-4050\" srcset=\"https:\/\/mybestplacestovisit.com\/wp-content\/uploads\/2025\/05\/Best-Holidays-to-Corfu-Greece-Old-Perithia-Village.jpg 1024w, https:\/\/mybestplacestovisit.com\/wp-content\/uploads\/2025\/05\/Best-Holidays-to-Corfu-Greece-Old-Perithia-Village-300x225.jpg 300w, https:\/\/mybestplacestovisit.com\/wp-content\/uploads\/2025\/05\/Best-Holidays-to-Corfu-Greece-Old-Perithia-Village-768x576.jpg 768w\" sizes=\"auto, (max-width: 1024px) 100vw, 1024px\" \/><\/figure>\n\n\n\n<h3 class=\"wp-block-heading\">Establezca su base de campamento para caminar a Pantokrator<\/h3>\n\n\n\n<p>El camino al Monte Pantokrator deja a la derecha de la iglesia principal de la antigua Perithia que se puede ver al llegar de la carretera. Justo fuera del pueblo, despu\u00e9s de pasar un cubo de hormig\u00f3n que sirve como un embalse, un camino peque\u00f1o y apenas trazado se dirige a la izquierda. Dos marcas naranjas y amarillas no son muy visibles por lo que tienes que ser particularmente cuidadoso. Excepto continuar en el camino principal que tambi\u00e9n es un buen paseo!<\/p>\n\n\n\n<figure class=\"wp-block-image size-full\"><img loading=\"lazy\" decoding=\"async\" width=\"1024\" height=\"768\" src=\"https:\/\/mybestplacestovisit.com\/wp-content\/uploads\/2025\/05\/visit-Corfu-pantokrator.jpg\" alt=\"visit Corfu pantokrator\" class=\"wp-image-4051\" srcset=\"https:\/\/mybestplacestovisit.com\/wp-content\/uploads\/2025\/05\/visit-Corfu-pantokrator.jpg 1024w, https:\/\/mybestplacestovisit.com\/wp-content\/uploads\/2025\/05\/visit-Corfu-pantokrator-300x225.jpg 300w, https:\/\/mybestplacestovisit.com\/wp-content\/uploads\/2025\/05\/visit-Corfu-pantokrator-768x576.jpg 768w\" sizes=\"auto, (max-width: 1024px) 100vw, 1024px\" \/><\/figure>\n\n\n\n<p>Despu\u00e9s de media hora, llegas a un peque\u00f1o quiosco y a otro camino de tierra. La vista de la antigua Perithia y el mar en un lado, y la otra parte de la costa en el otro, es estupenda. Volviendo a la derecha en este camino de tierra, llegar\u00e1s a una carretera de asfalto despu\u00e9s de otra media hora, llev\u00e1ndote a la cima del Monte Pantokrator despu\u00e9s de unos veinte minutos. Puedes visitar el monasterio all\u00ed. Y refrescarse y comer algo antes de regresar a Old Perithia. Magn\u00edficos paisajes y una vista incre\u00edble a lo largo de la caminata ser\u00e1 su mejor recompensa!<\/p>\n\n\n\n<figure class=\"wp-block-image size-full\"><img loading=\"lazy\" decoding=\"async\" width=\"1024\" height=\"768\" src=\"https:\/\/mybestplacestovisit.com\/wp-content\/uploads\/2025\/05\/Best-Holidays-to-Corfu-Greece-Mount-Pantokrator-Monastry.jpg\" alt=\"Best Holidays to Corfu Greece Mount Pantokrator Monastry\" class=\"wp-image-4052\" srcset=\"https:\/\/mybestplacestovisit.com\/wp-content\/uploads\/2025\/05\/Best-Holidays-to-Corfu-Greece-Mount-Pantokrator-Monastry.jpg 1024w, https:\/\/mybestplacestovisit.com\/wp-content\/uploads\/2025\/05\/Best-Holidays-to-Corfu-Greece-Mount-Pantokrator-Monastry-300x225.jpg 300w, https:\/\/mybestplacestovisit.com\/wp-content\/uploads\/2025\/05\/Best-Holidays-to-Corfu-Greece-Mount-Pantokrator-Monastry-768x576.jpg 768w\" sizes=\"auto, (max-width: 1024px) 100vw, 1024px\" \/><figcaption class=\"wp-element-caption\">Pantokrator Monasterio<\/figcaption><\/figure>\n\n\n\n<h3 class=\"wp-block-heading\">Comer o cenar en una de las 4 tavernas<\/h3>\n\n\n\n<p>Ognistra es mi taverna favorita en Old Perithia. Es la primera taverna que ver\u00e1 despu\u00e9s de aparcar su coche. Pide a Nikos que prepare un guiso de conejo para ti. O en griego, Kouneli stifado. Tambi\u00e9n me gusta ir a la antigua Perithia taverna, en la calle del pueblo. Hay una vista fant\u00e1stica del Monte Pantokrator. \u00a1Y tambi\u00e9n puedes comer kouneli stifado aqu\u00ed!<\/p>\n\n\n\n<h2 class=\"wp-block-heading\">Ve al viejo Perithia<\/h2>\n\n\n\n<p>La antigua Perithia est\u00e1 a s\u00f3lo 25 minutos de Kassiopi y de Acharavi. Y a s\u00f3lo 10 minutos de distancia <a href=\"https:\/\/corfu.blog\/stay-in-corfu-villa-voukithro\/\">Villa Voukithro<\/a> si te quedas ah\u00ed. Siga la direcci\u00f3n de Loutses y siga recto hacia adelante. \u00a1S\u00f3lo hay un camino!<\/p>\n\n\n\n<figure class=\"wp-block-image size-full\"><img loading=\"lazy\" decoding=\"async\" width=\"1024\" height=\"714\" src=\"https:\/\/mybestplacestovisit.com\/wp-content\/uploads\/2025\/05\/best-holidays-to-corfu-greece-old-perithia-map.jpg\" alt=\"best holidays to corfu greece old perithia map\" class=\"wp-image-4053\" srcset=\"https:\/\/mybestplacestovisit.com\/wp-content\/uploads\/2025\/05\/best-holidays-to-corfu-greece-old-perithia-map.jpg 1024w, https:\/\/mybestplacestovisit.com\/wp-content\/uploads\/2025\/05\/best-holidays-to-corfu-greece-old-perithia-map-300x209.jpg 300w, https:\/\/mybestplacestovisit.com\/wp-content\/uploads\/2025\/05\/best-holidays-to-corfu-greece-old-perithia-map-768x536.jpg 768w\" sizes=\"auto, (max-width: 1024px) 100vw, 1024px\" \/><figcaption class=\"wp-element-caption\">Antiguo Perithia mapa<\/figcaption><\/figure>\n","protected":false},"excerpt":{"rendered":"<p>Old Perithia, el pueblo m\u00e1s antiguo de Corfu, se encuentra en una zona protegida del patrimonio, justo debajo del Monte Pantokrator. \u00a1Un deber de visitar!<\/p>\n","protected":false},"author":1,"featured_media":31,"parent":342,"menu_order":0,"comment_status":"open","ping_status":"closed","template":"","meta":{"_uag_custom_page_level_css":"","site-sidebar-layout":"default","site-content-layout":"","ast-site-content-layout":"default","site-content-style":"default","site-sidebar-style":"default","ast-global-header-display":"","ast-banner-title-visibility":"","ast-main-header-display":"","ast-hfb-above-header-display":"","ast-hfb-below-header-display":"","ast-hfb-mobile-header-display":"","site-post-title":"disabled","ast-breadcrumbs-content":"","ast-featured-img":"disabled","footer-sml-layout":"","ast-disable-related-posts":"","theme-transparent-header-meta":"","adv-header-id-meta":"","stick-header-meta":"","header-above-stick-meta":"","header-main-stick-meta":"","header-below-stick-meta":"","astra-migrate-meta-layouts":"set","ast-page-background-enabled":"default","ast-page-background-meta":{"desktop":{"background-color":"","background-image":"","background-repeat":"repeat","background-position":"center center","background-size":"auto","background-attachment":"scroll","background-type":"","background-media":"","overlay-type":"","overlay-color":"","overlay-opacity":"","overlay-gradient":""},"tablet":{"background-color":"","background-image":"","background-repeat":"repeat","background-position":"center center","background-size":"auto","background-attachment":"scroll","background-type":"","background-media":"","overlay-type":"","overlay-color":"","overlay-opacity":"","overlay-gradient":""},"mobile":{"background-color":"","background-image":"","background-repeat":"repeat","background-position":"center center","background-size":"auto","background-attachment":"scroll","background-type":"","background-media":"","overlay-type":"","overlay-color":"","overlay-opacity":"","overlay-gradient":""}},"ast-content-background-meta":{"desktop":{"background-color":"var(--ast-global-color-5)","background-image":"","background-repeat":"repeat","background-position":"center center","background-size":"auto","background-attachment":"scroll","background-type":"","background-media":"","overlay-type":"","overlay-color":"","overlay-opacity":"","overlay-gradient":""},"tablet":{"background-color":"var(--ast-global-color-5)","background-image":"","background-repeat":"repeat","background-position":"center center","background-size":"auto","background-attachment":"scroll","background-type":"","background-media":"","overlay-type":"","overlay-color":"","overlay-opacity":"","overlay-gradient":""},"mobile":{"background-color":"var(--ast-global-color-5)","background-image":"","background-repeat":"repeat","background-position":"center center","background-size":"auto","background-attachment":"scroll","background-type":"","background-media":"","overlay-type":"","overlay-color":"","overlay-opacity":"","overlay-gradient":""}},"footnotes":""},"class_list":["post-349","page","type-page","status-publish","has-post-thumbnail","hentry"],"yoast_head":"<!-- This site is optimized with the Yoast SEO Premium plugin v27.2 (Yoast SEO v27.3) - https:\/\/yoast.com\/product\/yoast-seo-premium-wordpress\/ -->\n<title>Old Perithia: Un viaje de regreso al tiempo<\/title>\n<meta name=\"description\" content=\"Old Perithia, el pueblo m\u00e1s antiguo de Corf\u00fa, se encuentra en una zona patrimonial protegida, justo al pie del monte Pantokrator.\" \/>\n<meta name=\"robots\" content=\"index, follow, max-snippet:-1, max-image-preview:large, max-video-preview:-1\" \/>\n<link rel=\"canonical\" href=\"https:\/\/mybestplacestovisit.com\/es\/europa\/grece\/corfou\/old-perithia\" \/>\n<meta property=\"og:locale\" content=\"es_ES\" \/>\n<meta property=\"og:locale:alternate\" content=\"en_US\" \/>\n<meta property=\"og:locale:alternate\" content=\"de_DE\" \/>\n<meta property=\"og:locale:alternate\" content=\"fr_FR\" \/>\n<meta property=\"og:locale:alternate\" content=\"it_IT\" \/>\n<meta property=\"og:locale:alternate\" content=\"nl_NL\" \/>\n<meta property=\"og:locale:alternate\" content=\"pt_br\" \/>\n<meta property=\"og:locale:alternate\" content=\"id_id\" \/>\n<meta property=\"og:locale:alternate\" content=\"zh_CN\" \/>\n<meta property=\"og:locale:alternate\" content=\"ja_JP\" \/>\n<meta property=\"og:type\" content=\"article\" \/>\n<meta property=\"og:title\" content=\"Old Perithia: Un viaje de regreso al tiempo\" \/>\n<meta property=\"og:description\" content=\"Old Perithia, el pueblo m\u00e1s antiguo de Corf\u00fa, se encuentra en una zona patrimonial protegida, justo al pie del monte Pantokrator.\" \/>\n<meta property=\"og:url\" content=\"https:\/\/mybestplacestovisit.com\/es\/europa\/grecia\/corfu\/old-perithia\/\" \/>\n<meta property=\"og:site_name\" content=\"2026 Travel Blog\" \/>\n<meta property=\"article:modified_time\" content=\"2026-03-08T08:28:23+00:00\" \/>\n<meta property=\"og:image\" content=\"https:\/\/mybestplacestovisit.com\/wp-content\/uploads\/2023\/09\/best-holidays-to-corfu-greece-old-perithia.jpg\" \/>\n\t<meta property=\"og:image:width\" content=\"1024\" \/>\n\t<meta property=\"og:image:height\" content=\"768\" \/>\n\t<meta property=\"og:image:type\" content=\"image\/jpeg\" \/>\n<meta name=\"twitter:card\" content=\"summary_large_image\" \/>\n<meta name=\"twitter:label1\" content=\"Tiempo de lectura\" \/>\n\t<meta name=\"twitter:data1\" content=\"4 minutos\" \/>\n<script type=\"application\/ld+json\" class=\"yoast-schema-graph\">{\"@context\":\"https:\\\/\\\/schema.org\",\"@graph\":[{\"@type\":\"WebPage\",\"@id\":\"https:\\\/\\\/mybestplacestovisit.com\\\/fr\\\/europe\\\/grece\\\/corfou\\\/old-perithia\\\/\",\"url\":\"https:\\\/\\\/mybestplacestovisit.com\\\/fr\\\/europe\\\/grece\\\/corfou\\\/old-perithia\\\/\",\"name\":\"Old Perithia: Un viaje de regreso al tiempo\",\"isPartOf\":{\"@id\":\"https:\\\/\\\/mybestplacestovisit.com\\\/it\\\/#website\"},\"primaryImageOfPage\":{\"@id\":\"https:\\\/\\\/mybestplacestovisit.com\\\/fr\\\/europe\\\/grece\\\/corfou\\\/old-perithia\\\/#primaryimage\"},\"image\":{\"@id\":\"https:\\\/\\\/mybestplacestovisit.com\\\/fr\\\/europe\\\/grece\\\/corfou\\\/old-perithia\\\/#primaryimage\"},\"thumbnailUrl\":\"https:\\\/\\\/mybestplacestovisit.com\\\/wp-content\\\/uploads\\\/2023\\\/09\\\/best-holidays-to-corfu-greece-old-perithia.jpg\",\"datePublished\":\"2024-11-17T09:13:31+00:00\",\"dateModified\":\"2026-03-08T08:28:23+00:00\",\"description\":\"Old Perithia, el pueblo m\u00e1s antiguo de Corf\u00fa, se encuentra en una zona patrimonial protegida, justo al pie del monte Pantokrator.\",\"breadcrumb\":{\"@id\":\"https:\\\/\\\/mybestplacestovisit.com\\\/fr\\\/europe\\\/grece\\\/corfou\\\/old-perithia\\\/#breadcrumb\"},\"inLanguage\":\"es-ES\",\"potentialAction\":[{\"@type\":\"ReadAction\",\"target\":[\"https:\\\/\\\/mybestplacestovisit.com\\\/fr\\\/europe\\\/grece\\\/corfou\\\/old-perithia\\\/\"]}]},{\"@type\":\"ImageObject\",\"inLanguage\":\"es-ES\",\"@id\":\"https:\\\/\\\/mybestplacestovisit.com\\\/fr\\\/europe\\\/grece\\\/corfou\\\/old-perithia\\\/#primaryimage\",\"url\":\"https:\\\/\\\/mybestplacestovisit.com\\\/wp-content\\\/uploads\\\/2023\\\/09\\\/best-holidays-to-corfu-greece-old-perithia.jpg\",\"contentUrl\":\"https:\\\/\\\/mybestplacestovisit.com\\\/wp-content\\\/uploads\\\/2023\\\/09\\\/best-holidays-to-corfu-greece-old-perithia.jpg\",\"width\":1024,\"height\":768,\"caption\":\"Old perithia\"},{\"@type\":\"BreadcrumbList\",\"@id\":\"https:\\\/\\\/mybestplacestovisit.com\\\/fr\\\/europe\\\/grece\\\/corfou\\\/old-perithia\\\/#breadcrumb\",\"itemListElement\":[{\"@type\":\"ListItem\",\"position\":1,\"name\":\"Accueil\",\"item\":\"https:\\\/\\\/mybestplacestovisit.com\\\/id\\\/\"},{\"@type\":\"ListItem\",\"position\":2,\"name\":\"Europe Travel Guide \u2013 Best Destinations\",\"item\":\"https:\\\/\\\/mybestplacestovisit.com\\\/europe\\\/\"},{\"@type\":\"ListItem\",\"position\":3,\"name\":\"Travel to Greece: A Guide from a Lifelong Enthusiast\",\"item\":\"https:\\\/\\\/mybestplacestovisit.com\\\/europe\\\/greece\\\/\"},{\"@type\":\"ListItem\",\"position\":4,\"name\":\"Corfou : guide complet pour visiter l\u2019\u00eele\",\"item\":\"https:\\\/\\\/mybestplacestovisit.com\\\/fr\\\/europe\\\/grece\\\/corfou\\\/\"},{\"@type\":\"ListItem\",\"position\":5,\"name\":\"Oude Perithia: een reis terug in de tijd\"}]},{\"@type\":\"WebSite\",\"@id\":\"https:\\\/\\\/mybestplacestovisit.com\\\/it\\\/#website\",\"url\":\"https:\\\/\\\/mybestplacestovisit.com\\\/it\\\/\",\"name\":\"2026 Travel Blog\",\"description\":\"Best places to visit\",\"publisher\":{\"@id\":\"https:\\\/\\\/mybestplacestovisit.com\\\/it\\\/#\\\/schema\\\/person\\\/f71ea967bd47a7e7bd4e70c8012e32ca\"},\"potentialAction\":[{\"@type\":\"SearchAction\",\"target\":{\"@type\":\"EntryPoint\",\"urlTemplate\":\"https:\\\/\\\/mybestplacestovisit.com\\\/it\\\/?s={search_term_string}\"},\"query-input\":{\"@type\":\"PropertyValueSpecification\",\"valueRequired\":true,\"valueName\":\"search_term_string\"}}],\"inLanguage\":\"es-ES\"},{\"@type\":[\"Person\",\"Organization\"],\"@id\":\"https:\\\/\\\/mybestplacestovisit.com\\\/it\\\/#\\\/schema\\\/person\\\/f71ea967bd47a7e7bd4e70c8012e32ca\",\"name\":\"Blaise\",\"image\":{\"@type\":\"ImageObject\",\"inLanguage\":\"es-ES\",\"@id\":\"https:\\\/\\\/mybestplacestovisit.com\\\/wp-content\\\/uploads\\\/2023\\\/09\\\/Blaise-Amok-Sunset-Nusa-Penida-Bali.jpg\",\"url\":\"https:\\\/\\\/mybestplacestovisit.com\\\/wp-content\\\/uploads\\\/2023\\\/09\\\/Blaise-Amok-Sunset-Nusa-Penida-Bali.jpg\",\"contentUrl\":\"https:\\\/\\\/mybestplacestovisit.com\\\/wp-content\\\/uploads\\\/2023\\\/09\\\/Blaise-Amok-Sunset-Nusa-Penida-Bali.jpg\",\"width\":1920,\"height\":800,\"caption\":\"Blaise\"},\"logo\":{\"@id\":\"https:\\\/\\\/mybestplacestovisit.com\\\/wp-content\\\/uploads\\\/2023\\\/09\\\/Blaise-Amok-Sunset-Nusa-Penida-Bali.jpg\"},\"sameAs\":[\"http:\\\/\\\/mybestplacestovisit.com\",\"blaiseparis\"]}]}<\/script>\n<!-- \/ Yoast SEO Premium plugin. -->","yoast_head_json":{"title":"Old Perithia: Un viaje de regreso al tiempo","description":"Old Perithia, el pueblo m\u00e1s antiguo de Corf\u00fa, se encuentra en una zona patrimonial protegida, justo al pie del monte Pantokrator.","robots":{"index":"index","follow":"follow","max-snippet":"max-snippet:-1","max-image-preview":"max-image-preview:large","max-video-preview":"max-video-preview:-1"},"canonical":"https:\/\/mybestplacestovisit.com\/es\/europa\/grece\/corfou\/old-perithia","og_locale":"es_ES","og_type":"article","og_title":"[:en]Old Perithia: A Journey Back in Time[:de]Alte Perithia: Eine Reise zur\u00fcck in die Zeit[:es]Old Perithia: Un viaje de regreso al tiempo[:fr]Old Perithia : un voyage dans le temps[:it]Vecchia Perithia: un viaggio indietro nel tempo[:nl]Oude Perithia: een reis terug in de tijd[:pt]Old Perithia: Uma viagem de volta no tempo[:id]Tua Perithia: Perjalanan Kembali dalam Waktu[:zh]\u8001\u4f69\u91cc\u5e0c\u4e9a:\u65f6\u5149\u4e4b\u65c5[:ja]\u65e7\u30da\u30ea\u30b7\u30a2:\u6642\u9593\u306b\u623b\u3063\u3066\u65c5[:]","og_description":"[:en]Old Perithia, the oldest village in Corfu, is located in a protected heritage area, just below Mount Pantokrator. A must to visit ![:de]Alte Perithia, das \u00e4lteste Dorf Korfus, liegt in einem gesch\u00fctzten Kulturgebiet, direkt unter dem Berg Pantokrator. Ein Muss![:es]Old Perithia, el pueblo m\u00e1s antiguo de Corf\u00fa, se encuentra en una zona patrimonial protegida, justo al pie del monte Pantokrator.[:fr]D\u00e9couvrez Old Perithia, le plus ancien village de Corfou, nich\u00e9 sous le mont Pantokrator dans une zone patrimoniale prot\u00e9g\u00e9e.[:it]Vecchia Perithia, il villaggio pi\u00f9 antico di Corf\u00f9, si trova in un\u2019area protetta di grande valore storico, ai piedi del Monte Pantokrator.[:nl]Oude Perithia, het oudste dorp van Corfu, ligt in een beschermd erfgoedgebied aan de voet van de Pantokrator. Een must-see![:pt]Old Perithia, o vilarejo mais antigo de Corfu, fica em uma \u00e1rea de patrim\u00f4nio protegido, aos p\u00e9s do Monte Pantokrator. Visita imperd\u00edvel![:]","og_url":"https:\/\/mybestplacestovisit.com\/es\/europa\/grecia\/corfu\/old-perithia\/","og_site_name":"2026 Travel Blog","article_modified_time":"2026-03-08T08:28:23+00:00","og_image":[{"width":1024,"height":768,"url":"https:\/\/mybestplacestovisit.com\/wp-content\/uploads\/2023\/09\/best-holidays-to-corfu-greece-old-perithia.jpg","type":"image\/jpeg"}],"twitter_card":"summary_large_image","twitter_misc":{"Tiempo de lectura":"4 minutos"},"schema":{"@context":"https:\/\/schema.org","@graph":[{"@type":"WebPage","@id":"https:\/\/mybestplacestovisit.com\/fr\/europe\/grece\/corfou\/old-perithia\/","url":"https:\/\/mybestplacestovisit.com\/fr\/europe\/grece\/corfou\/old-perithia\/","name":"Old Perithia: Un viaje de regreso al tiempo","isPartOf":{"@id":"https:\/\/mybestplacestovisit.com\/it\/#website"},"primaryImageOfPage":{"@id":"https:\/\/mybestplacestovisit.com\/fr\/europe\/grece\/corfou\/old-perithia\/#primaryimage"},"image":{"@id":"https:\/\/mybestplacestovisit.com\/fr\/europe\/grece\/corfou\/old-perithia\/#primaryimage"},"thumbnailUrl":"https:\/\/mybestplacestovisit.com\/wp-content\/uploads\/2023\/09\/best-holidays-to-corfu-greece-old-perithia.jpg","datePublished":"2024-11-17T09:13:31+00:00","dateModified":"2026-03-08T08:28:23+00:00","description":"Old Perithia, el pueblo m\u00e1s antiguo de Corf\u00fa, se encuentra en una zona patrimonial protegida, justo al pie del monte Pantokrator.","breadcrumb":{"@id":"https:\/\/mybestplacestovisit.com\/fr\/europe\/grece\/corfou\/old-perithia\/#breadcrumb"},"inLanguage":"es-ES","potentialAction":[{"@type":"ReadAction","target":["https:\/\/mybestplacestovisit.com\/fr\/europe\/grece\/corfou\/old-perithia\/"]}]},{"@type":"ImageObject","inLanguage":"es-ES","@id":"https:\/\/mybestplacestovisit.com\/fr\/europe\/grece\/corfou\/old-perithia\/#primaryimage","url":"https:\/\/mybestplacestovisit.com\/wp-content\/uploads\/2023\/09\/best-holidays-to-corfu-greece-old-perithia.jpg","contentUrl":"https:\/\/mybestplacestovisit.com\/wp-content\/uploads\/2023\/09\/best-holidays-to-corfu-greece-old-perithia.jpg","width":1024,"height":768,"caption":"Old perithia"},{"@type":"BreadcrumbList","@id":"https:\/\/mybestplacestovisit.com\/fr\/europe\/grece\/corfou\/old-perithia\/#breadcrumb","itemListElement":[{"@type":"ListItem","position":1,"name":"Accueil","item":"https:\/\/mybestplacestovisit.com\/id\/"},{"@type":"ListItem","position":2,"name":"Europe Travel Guide \u2013 Best Destinations","item":"https:\/\/mybestplacestovisit.com\/europe\/"},{"@type":"ListItem","position":3,"name":"Travel to Greece: A Guide from a Lifelong Enthusiast","item":"https:\/\/mybestplacestovisit.com\/europe\/greece\/"},{"@type":"ListItem","position":4,"name":"Corfou : guide complet pour visiter l\u2019\u00eele","item":"https:\/\/mybestplacestovisit.com\/fr\/europe\/grece\/corfou\/"},{"@type":"ListItem","position":5,"name":"Oude Perithia: een reis terug in de tijd"}]},{"@type":"WebSite","@id":"https:\/\/mybestplacestovisit.com\/it\/#website","url":"https:\/\/mybestplacestovisit.com\/it\/","name":"2026 Travel Blog","description":"Best places to visit","publisher":{"@id":"https:\/\/mybestplacestovisit.com\/it\/#\/schema\/person\/f71ea967bd47a7e7bd4e70c8012e32ca"},"potentialAction":[{"@type":"SearchAction","target":{"@type":"EntryPoint","urlTemplate":"https:\/\/mybestplacestovisit.com\/it\/?s={search_term_string}"},"query-input":{"@type":"PropertyValueSpecification","valueRequired":true,"valueName":"search_term_string"}}],"inLanguage":"es-ES"},{"@type":["Person","Organization"],"@id":"https:\/\/mybestplacestovisit.com\/it\/#\/schema\/person\/f71ea967bd47a7e7bd4e70c8012e32ca","name":"Blaise","image":{"@type":"ImageObject","inLanguage":"es-ES","@id":"https:\/\/mybestplacestovisit.com\/wp-content\/uploads\/2023\/09\/Blaise-Amok-Sunset-Nusa-Penida-Bali.jpg","url":"https:\/\/mybestplacestovisit.com\/wp-content\/uploads\/2023\/09\/Blaise-Amok-Sunset-Nusa-Penida-Bali.jpg","contentUrl":"https:\/\/mybestplacestovisit.com\/wp-content\/uploads\/2023\/09\/Blaise-Amok-Sunset-Nusa-Penida-Bali.jpg","width":1920,"height":800,"caption":"Blaise"},"logo":{"@id":"https:\/\/mybestplacestovisit.com\/wp-content\/uploads\/2023\/09\/Blaise-Amok-Sunset-Nusa-Penida-Bali.jpg"},"sameAs":["http:\/\/mybestplacestovisit.com","blaiseparis"]}]}},"uagb_featured_image_src":{"full":["https:\/\/mybestplacestovisit.com\/wp-content\/uploads\/2023\/09\/best-holidays-to-corfu-greece-old-perithia.jpg",1024,768,false],"thumbnail":["https:\/\/mybestplacestovisit.com\/wp-content\/uploads\/2023\/09\/best-holidays-to-corfu-greece-old-perithia-150x150.jpg",150,150,true],"medium":["https:\/\/mybestplacestovisit.com\/wp-content\/uploads\/2023\/09\/best-holidays-to-corfu-greece-old-perithia-300x225.jpg",300,225,true],"medium_large":["https:\/\/mybestplacestovisit.com\/wp-content\/uploads\/2023\/09\/best-holidays-to-corfu-greece-old-perithia-768x576.jpg",768,576,true],"large":["https:\/\/mybestplacestovisit.com\/wp-content\/uploads\/2023\/09\/best-holidays-to-corfu-greece-old-perithia.jpg",1024,768,false],"1536x1536":["https:\/\/mybestplacestovisit.com\/wp-content\/uploads\/2023\/09\/best-holidays-to-corfu-greece-old-perithia.jpg",1024,768,false],"2048x2048":["https:\/\/mybestplacestovisit.com\/wp-content\/uploads\/2023\/09\/best-holidays-to-corfu-greece-old-perithia.jpg",1024,768,false]},"uagb_author_info":{"display_name":"Blaise","author_link":"https:\/\/mybestplacestovisit.com\/es\/author\/admin4486\/"},"uagb_comment_info":0,"uagb_excerpt":"Old Perithia, el pueblo m\u00e1s antiguo de Corfu, se encuentra en una zona protegida del patrimonio, justo debajo del Monte Pantokrator. \u00a1Un deber de visitar!","_links":{"self":[{"href":"https:\/\/mybestplacestovisit.com\/es\/wp-json\/wp\/v2\/pages\/349","targetHints":{"allow":["GET"]}}],"collection":[{"href":"https:\/\/mybestplacestovisit.com\/es\/wp-json\/wp\/v2\/pages"}],"about":[{"href":"https:\/\/mybestplacestovisit.com\/es\/wp-json\/wp\/v2\/types\/page"}],"author":[{"embeddable":true,"href":"https:\/\/mybestplacestovisit.com\/es\/wp-json\/wp\/v2\/users\/1"}],"replies":[{"embeddable":true,"href":"https:\/\/mybestplacestovisit.com\/es\/wp-json\/wp\/v2\/comments?post=349"}],"version-history":[{"count":25,"href":"https:\/\/mybestplacestovisit.com\/es\/wp-json\/wp\/v2\/pages\/349\/revisions"}],"predecessor-version":[{"id":7360,"href":"https:\/\/mybestplacestovisit.com\/es\/wp-json\/wp\/v2\/pages\/349\/revisions\/7360"}],"up":[{"embeddable":true,"href":"https:\/\/mybestplacestovisit.com\/es\/wp-json\/wp\/v2\/pages\/342"}],"wp:featuredmedia":[{"embeddable":true,"href":"https:\/\/mybestplacestovisit.com\/es\/wp-json\/wp\/v2\/media\/31"}],"wp:attachment":[{"href":"https:\/\/mybestplacestovisit.com\/es\/wp-json\/wp\/v2\/media?parent=349"}],"curies":[{"name":"wp","href":"https:\/\/api.w.org\/{rel}","templated":true}]}}