{"id":7100,"date":"2026-02-17T18:18:07","date_gmt":"2026-02-17T17:18:07","guid":{"rendered":"https:\/\/mybestplacestovisit.com\/?page_id=7100"},"modified":"2026-04-08T15:24:12","modified_gmt":"2026-04-08T13:24:12","slug":"reiseziele","status":"publish","type":"page","link":"https:\/\/mybestplacestovisit.com\/de\/reiseziele\/","title":{"rendered":"Reiseziele \u2013 Entdecke die besten Reiseziele weltweit"},"content":{"rendered":"\n<p>Willkommen im <strong>Reiseziele-Hub<\/strong> von My Best Places to Visit.<br>Diese Seite b\u00fcndelt alle L\u00e4nder, Regionen und St\u00e4dte, die auf der Website vorgestellt werden \u2013 nach Kontinenten geordnet, damit du deine n\u00e4chste Reise einfacher planen kannst.<\/p>\n\n\n\n<p>Von den tropischen Inseln S\u00fcdostasiens bis zu den kulturellen Hauptst\u00e4dten Europas findest du hier kuratierte Reisef\u00fchrer, die auf eigenen Erfahrungen, praktischen Einblicken und lokalen Empfehlungen basieren.<\/p>\n\n\n\n<hr class=\"wp-block-separator has-alpha-channel-opacity\"\/>\n\n\n\n<h2 class=\"wp-block-heading\" id=\"h-asien-reisefuhrer\">\ud83c\udf0f Asien Reisef\u00fchrer<\/h2>\n\n\n\n<p>Asien ist eine der vielf\u00e4ltigsten Regionen der Welt und bietet pulsierende Metropolen, jahrhundertealte Tempel, tropische Inseln und erstklassige Tauchdestinationen.<\/p>\n\n\n\n<p>Entdecke unseren vollst\u00e4ndigen<br>\ud83d\udc49 <strong><a href=\"https:\/\/mybestplacestovisit.com\/de\/asia\/\">Asien Reisef\u00fchrer<\/a><\/strong><\/p>\n\n\n\n<h3 class=\"wp-block-heading\" id=\"h-indonesien\">\ud83c\uddee\ud83c\udde9 Indonesien<\/h3>\n\n\n\n<p>Entdecke Bali, Nusa Penida, Komodo und mehr in unserem<br>\ud83d\udc49 <strong><a href=\"https:\/\/mybestplacestovisit.com\/de\/asia\/indonesia\/\">Indonesien Reisef\u00fchrer<\/a><\/strong><\/p>\n\n\n\n<h3 class=\"wp-block-heading\" id=\"h-thailand\">\ud83c\uddf9\ud83c\udded Thailand<\/h3>\n\n\n\n<p>Tempel, Str\u00e4nde und Inselparadiese in unserem<br>\ud83d\udc49 <strong><a href=\"https:\/\/mybestplacestovisit.com\/de\/asia\/thailand\/\">Thailand Reisef\u00fchrer<\/a><\/strong><\/p>\n\n\n\n<h3 class=\"wp-block-heading\" id=\"h-vietnam\">\ud83c\uddfb\ud83c\uddf3 Vietnam<\/h3>\n\n\n\n<p>Von der Halong-Bucht \u00fcber Hoi An bis in die Berge von Sapa \u2013 Kultur, Landschaften und Kulinarik erwarten dich in unserem<br>\ud83d\udc49 <strong><a href=\"https:\/\/mybestplacestovisit.com\/de\/asia\/vietnam\/\">Vietnam Reisef\u00fchrer<\/a><\/strong><\/p>\n\n\n\n<h3 class=\"wp-block-heading\" id=\"h-angkor-kambodscha\">\ud83c\uddf0\ud83c\udded Angkor (Kambodscha)<\/h3>\n\n\n\n<p>Entdecke die Tempel von Angkor Wat und das Khmer-Erbe in unserem<br>\ud83d\udc49 <strong><a href=\"https:\/\/mybestplacestovisit.com\/de\/asia\/angkor\/\">Angkor Reisef\u00fchrer<\/a><\/strong><\/p>\n\n\n\n<h3 class=\"wp-block-heading\" id=\"h-singapur\">\ud83c\uddf8\ud83c\uddec Singapur<\/h3>\n\n\n\n<p>Moderne Skyline trifft kulturelle Vielfalt in unserem<br>\ud83d\udc49 <strong><a href=\"https:\/\/mybestplacestovisit.com\/de\/asia\/singapore\/\">Singapur Reisef\u00fchrer<\/a><\/strong><\/p>\n\n\n\n<h3 class=\"wp-block-heading\" id=\"h-philippinen\">\ud83c\uddf5\ud83c\udded Philippinen<\/h3>\n\n\n\n<p>Island Hopping, Tauchen und tropische Abenteuer in unserem<br>\ud83d\udc49 <strong><a href=\"https:\/\/mybestplacestovisit.com\/de\/asia\/philippines\/\">Philippinen Reisef\u00fchrer<\/a><\/strong><\/p>\n\n\n\n<h3 class=\"wp-block-heading\" id=\"h-malaysia\">\ud83c\uddf2\ud83c\uddfe <strong>Malaysia<\/strong><\/h3>\n\n\n\n<p>Zwischen tropischem Dschungel, paradiesischen Inseln und modernen St\u00e4dten wie Kuala Lumpur entdecken Sie kulturelle Vielfalt und spektakul\u00e4re Natur in unserem <strong><a href=\"https:\/\/mybestplacestovisit.com\/de\/asia\/malaysia\/\">Malaysia-Reisef\u00fchrer<\/a><\/strong>.<\/p>\n\n\n\n<h3 class=\"wp-block-heading\" id=\"h-malediven\">\ud83c\uddf2\ud83c\uddfb Malediven<\/h3>\n\n\n\n<p>Atolle, Mantarochen und Liveaboard-Erlebnisse in unserem<br>\ud83d\udc49 <strong><a href=\"https:\/\/mybestplacestovisit.com\/de\/asia\/tauchen-auf-den-malediven\/\">Malediven Reisef\u00fchrer<\/a><\/strong><\/p>\n\n\n\n<p>Asien bleibt ein zentraler Schwerpunkt dieser Website \u2013 insbesondere f\u00fcr Tauch- und Inselreiseziele.<\/p>\n\n\n\n<hr class=\"wp-block-separator has-alpha-channel-opacity\"\/>\n\n\n\n<h2 class=\"wp-block-heading\" id=\"h-europa-reisefuhrer\">\ud83c\udf0d Europa Reisef\u00fchrer<\/h2>\n\n\n\n<p>Europa verbindet Geschichte, Gastronomie und atemberaubende Landschaften auf kurzen Distanzen.<\/p>\n\n\n\n<p>Entdecke unseren vollst\u00e4ndigen<br>\ud83d\udc49 <strong><a href=\"https:\/\/mybestplacestovisit.com\/de\/europe\/\">Europa Reisef\u00fchrer<\/a><\/strong><\/p>\n\n\n\n<h3 class=\"wp-block-heading\" id=\"h-frankreich\">\ud83c\uddeb\ud83c\uddf7 Frankreich<\/h3>\n\n\n\n<p>Von Paris bis zur C\u00f4te d\u2019Azur in unserem<br>\ud83d\udc49 <strong><a href=\"https:\/\/mybestplacestovisit.com\/de\/europe\/frankreich\/\">Frankreich Reisef\u00fchrer<\/a><\/strong><\/p>\n\n\n\n<h3 class=\"wp-block-heading\" id=\"h-italien\">\ud83c\uddee\ud83c\uddf9 Italien<\/h3>\n\n\n\n<p>Kunst, Geschichte und mediterraner Charme in unserem<br>\ud83d\udc49 <strong><a href=\"https:\/\/mybestplacestovisit.com\/de\/europe\/italien\/\">Italien Reisef\u00fchrer<\/a><\/strong><\/p>\n\n\n\n<h3 class=\"wp-block-heading\" id=\"h-griechenland\">\ud83c\uddec\ud83c\uddf7 Griechenland<\/h3>\n\n\n\n<p>Antike Ruinen und traumhafte Inseln in unserem<br>\ud83d\udc49 <strong><a href=\"https:\/\/mybestplacestovisit.com\/de\/europe\/griechenland\/\">Griechenland Reisef\u00fchrer<\/a><\/strong><\/p>\n\n\n\n<h3 class=\"wp-block-heading\" id=\"h-schweiz\">\ud83c\udde8\ud83c\udded Schweiz<\/h3>\n\n\n\n<p>Alpenlandschaften, Panoramaz\u00fcge und kristallklare Seen in unserem<br>\ud83d\udc49 <strong><a href=\"https:\/\/mybestplacestovisit.com\/de\/europe\/schweiz\/\">Schweiz Reisef\u00fchrer<\/a><\/strong><\/p>\n\n\n\n<p>Von Genf und Z\u00fcrich bis ins Berner Oberland und die Schweizer Alpen bietet die Schweiz einige der spektakul\u00e4rsten Berglandschaften Europas.<\/p>\n\n\n\n<p>Europa eignet sich ideal f\u00fcr kulturelle St\u00e4dtereisen, Roadtrips und l\u00e4nder\u00fcbergreifende Reiserouten.<\/p>\n\n\n\n<hr class=\"wp-block-separator has-alpha-channel-opacity\"\/>\n\n\n\n<h2 class=\"wp-block-heading\" id=\"h-besonderer-fokus-auf-tauchdestinationen\">\ud83c\udf0a Besonderer Fokus auf Tauchdestinationen<\/h2>\n\n\n\n<p>Viele der auf dieser Website vorgestellten Reiseziele bieten au\u00dfergew\u00f6hnliche Taucherlebnisse.<\/p>\n\n\n\n<p>Entdecke unter anderem:<\/p>\n\n\n\n<ul class=\"wp-block-list\">\n<li>Das Korallendreieck in Indonesien<\/li>\n\n\n\n<li>Mantarochen und Mondfische (Mola Mola) rund um Nusa Penida<\/li>\n\n\n\n<li>Wracktauchen auf den Philippinen<\/li>\n\n\n\n<li>Channel Diving auf den Malediven<\/li>\n<\/ul>\n\n\n\n<p>Starte mit unserem vollst\u00e4ndigen<br>\ud83d\udc49 <strong><a href=\"https:\/\/mybestplacestovisit.com\/de\/asia\/beste-tauchplaetze-suedostasien\/\">Tauchen in S\u00fcdostasien Guide<\/a><\/strong><br>und erkunde die detaillierten regionalen Tauchseiten.<\/p>\n\n\n\n<hr class=\"wp-block-separator has-alpha-channel-opacity\"\/>\n\n\n\n<h2 class=\"wp-block-heading\" id=\"h-so-nutzt-du-diesen-reiseziele-hub\">So nutzt du diesen Reiseziele-Hub<\/h2>\n\n\n\n<p>Diese Seite dient als Navigationszentrale:<\/p>\n\n\n\n<ul class=\"wp-block-list\">\n<li>W\u00e4hle einen Kontinent<\/li>\n\n\n\n<li>Entdecke das L\u00e4nder-Hub<\/li>\n\n\n\n<li>Tauche ein in detaillierte Stadt- oder Regionalf\u00fchrer<\/li>\n<\/ul>\n\n\n\n<p>Jeder Reisef\u00fchrer enth\u00e4lt:<\/p>\n\n\n\n<ul class=\"wp-block-list\">\n<li>Die besten Sehensw\u00fcrdigkeiten<\/li>\n\n\n\n<li>Praktische Reisetipps<\/li>\n\n\n\n<li>Empfohlene Reiserouten<\/li>\n\n\n\n<li>Unterkunftsempfehlungen<\/li>\n\n\n\n<li>Lokale Insider-Tipps<\/li>\n<\/ul>\n\n\n\n<hr class=\"wp-block-separator has-alpha-channel-opacity\"\/>\n\n\n\n<h2 class=\"wp-block-heading\" id=\"h-starte-jetzt-deine-reiseplanung\">Starte jetzt deine Reiseplanung<\/h2>\n\n\n\n<p>Ob du eine tropische Inselreise in Asien oder eine kulturelle Entdeckungstour durch Europa planst \u2013 dieser Reiseziele-Hub verbindet dich mit allen verf\u00fcgbaren Reisef\u00fchrern der Website.<\/p>\n\n\n\n<p>W\u00e4hle deinen Kontinent, entscheide dich f\u00fcr ein Land und beginne mit der Planung deines n\u00e4chsten Abenteuers.<\/p>\n","protected":false},"excerpt":{"rendered":"<p>Willkommen im Reiseziele-Hub von My Best Places to Visit.Diese Seite b\u00fcndelt alle L\u00e4nder, Regionen und St\u00e4dte, die auf der Website vorgestellt werden \u2013 nach Kontinenten geordnet, damit du deine n\u00e4chste Reise einfacher planen kannst. Von den tropischen Inseln S\u00fcdostasiens bis zu den kulturellen Hauptst\u00e4dten Europas findest du hier kuratierte Reisef\u00fchrer, die auf eigenen Erfahrungen, praktischen [&hellip;]<\/p>\n","protected":false},"author":1,"featured_media":0,"parent":0,"menu_order":0,"comment_status":"closed","ping_status":"closed","template":"","meta":{"_uag_custom_page_level_css":"","site-sidebar-layout":"default","site-content-layout":"","ast-site-content-layout":"default","site-content-style":"default","site-sidebar-style":"default","ast-global-header-display":"","ast-banner-title-visibility":"","ast-main-header-display":"","ast-hfb-above-header-display":"","ast-hfb-below-header-display":"","ast-hfb-mobile-header-display":"","site-post-title":"","ast-breadcrumbs-content":"","ast-featured-img":"","footer-sml-layout":"","ast-disable-related-posts":"","theme-transparent-header-meta":"","adv-header-id-meta":"","stick-header-meta":"","header-above-stick-meta":"","header-main-stick-meta":"","header-below-stick-meta":"","astra-migrate-meta-layouts":"set","ast-page-background-enabled":"default","ast-page-background-meta":{"desktop":{"background-color":"","background-image":"","background-repeat":"repeat","background-position":"center center","background-size":"auto","background-attachment":"scroll","background-type":"","background-media":"","overlay-type":"","overlay-color":"","overlay-opacity":"","overlay-gradient":""},"tablet":{"background-color":"","background-image":"","background-repeat":"repeat","background-position":"center center","background-size":"auto","background-attachment":"scroll","background-type":"","background-media":"","overlay-type":"","overlay-color":"","overlay-opacity":"","overlay-gradient":""},"mobile":{"background-color":"","background-image":"","background-repeat":"repeat","background-position":"center center","background-size":"auto","background-attachment":"scroll","background-type":"","background-media":"","overlay-type":"","overlay-color":"","overlay-opacity":"","overlay-gradient":""}},"ast-content-background-meta":{"desktop":{"background-color":"var(--ast-global-color-5)","background-image":"","background-repeat":"repeat","background-position":"center center","background-size":"auto","background-attachment":"scroll","background-type":"","background-media":"","overlay-type":"","overlay-color":"","overlay-opacity":"","overlay-gradient":""},"tablet":{"background-color":"var(--ast-global-color-5)","background-image":"","background-repeat":"repeat","background-position":"center center","background-size":"auto","background-attachment":"scroll","background-type":"","background-media":"","overlay-type":"","overlay-color":"","overlay-opacity":"","overlay-gradient":""},"mobile":{"background-color":"var(--ast-global-color-5)","background-image":"","background-repeat":"repeat","background-position":"center center","background-size":"auto","background-attachment":"scroll","background-type":"","background-media":"","overlay-type":"","overlay-color":"","overlay-opacity":"","overlay-gradient":""}},"footnotes":""},"class_list":["post-7100","page","type-page","status-publish","hentry"],"yoast_head":"<!-- This site is optimized with the Yoast SEO Premium plugin v27.2 (Yoast SEO v27.5) - https:\/\/yoast.com\/product\/yoast-seo-premium-wordpress\/ -->\n<title>Reiseziele \u2013 Entdecke die besten Reiseziele weltweit<\/title>\n<meta name=\"description\" content=\"Die besten Reiseziele in Asien und Europa entdecken: detaillierte Reisef\u00fchrer, Insider-Tipps, Routen und Tauchspots f\u00fcr deine n\u00e4chste Reise.\" \/>\n<meta name=\"robots\" content=\"index, follow, max-snippet:-1, max-image-preview:large, max-video-preview:-1\" \/>\n<link rel=\"canonical\" href=\"https:\/\/mybestplacestovisit.com\/de\/reiseziele\/\" \/>\n<meta property=\"og:locale\" content=\"de_DE\" \/>\n<meta property=\"og:locale:alternate\" content=\"en_US\" \/>\n<meta property=\"og:locale:alternate\" content=\"es_ES\" \/>\n<meta property=\"og:locale:alternate\" content=\"fr_FR\" \/>\n<meta property=\"og:locale:alternate\" content=\"it_IT\" \/>\n<meta property=\"og:locale:alternate\" content=\"nl_NL\" \/>\n<meta property=\"og:locale:alternate\" content=\"pt_br\" \/>\n<meta property=\"og:locale:alternate\" content=\"id_id\" \/>\n<meta property=\"og:locale:alternate\" content=\"zh_CN\" \/>\n<meta property=\"og:locale:alternate\" content=\"ja_JP\" \/>\n<meta property=\"og:type\" content=\"article\" \/>\n<meta property=\"og:title\" content=\"Reiseziele \u2013 Entdecke die besten Reiseziele weltweit\" \/>\n<meta property=\"og:description\" content=\"Explore the most beautiful destinations in Asia and Europe: Indonesia, Thailand, Malaysia, Italy, Greece and more. Complete travel guides.\" \/>\n<meta property=\"og:url\" content=\"https:\/\/mybestplacestovisit.com\/de\/reiseziele\/\" \/>\n<meta property=\"og:site_name\" content=\"My Best Places to Visit\" \/>\n<meta property=\"article:publisher\" content=\"https:\/\/www.facebook.com\/blaisefromparis\/\" \/>\n<meta property=\"article:modified_time\" content=\"2026-04-08T13:24:12+00:00\" \/>\n<meta name=\"twitter:card\" content=\"summary_large_image\" \/>\n<meta name=\"twitter:label1\" content=\"Gesch\u00e4tzte Lesezeit\" \/>\n\t<meta name=\"twitter:data1\" content=\"3\u00a0Minuten\" \/>\n<script type=\"application\/ld+json\" class=\"yoast-schema-graph\">{\"@context\":\"https:\\\/\\\/schema.org\",\"@graph\":[{\"@type\":\"Article\",\"@id\":\"https:\\\/\\\/mybestplacestovisit.com\\\/zh\\\/destinations-explore-the-best-places-to-visit-around-the-world\\\/#article\",\"isPartOf\":{\"@id\":\"https:\\\/\\\/mybestplacestovisit.com\\\/zh\\\/destinations-explore-the-best-places-to-visit-around-the-world\\\/\"},\"author\":{\"name\":\"Blaise Jaeger\",\"@id\":\"https:\\\/\\\/mybestplacestovisit.com\\\/#\\\/schema\\\/person\\\/f71ea967bd47a7e7bd4e70c8012e32ca\"},\"headline\":\"Reiseziele \u2013 Entdecke die besten Reiseziele weltweit\",\"datePublished\":\"2026-02-17T17:18:07+00:00\",\"dateModified\":\"2026-04-08T13:24:12+00:00\",\"mainEntityOfPage\":{\"@id\":\"https:\\\/\\\/mybestplacestovisit.com\\\/zh\\\/destinations-explore-the-best-places-to-visit-around-the-world\\\/\"},\"wordCount\":3302,\"publisher\":{\"@id\":\"https:\\\/\\\/mybestplacestovisit.com\\\/#\\\/schema\\\/person\\\/f71ea967bd47a7e7bd4e70c8012e32ca\"},\"inLanguage\":\"de-DE\"},{\"@type\":\"WebPage\",\"@id\":\"https:\\\/\\\/mybestplacestovisit.com\\\/zh\\\/destinations-explore-the-best-places-to-visit-around-the-world\\\/\",\"url\":\"https:\\\/\\\/mybestplacestovisit.com\\\/zh\\\/destinations-explore-the-best-places-to-visit-around-the-world\\\/\",\"name\":\"Reiseziele \u2013 Entdecke die besten Reiseziele weltweit\",\"isPartOf\":{\"@id\":\"https:\\\/\\\/mybestplacestovisit.com\\\/#website\"},\"datePublished\":\"2026-02-17T17:18:07+00:00\",\"dateModified\":\"2026-04-08T13:24:12+00:00\",\"description\":\"Explore the most beautiful destinations in Asia and Europe: Indonesia, Thailand, Malaysia, Italy, Greece and more. Complete travel guides.\",\"breadcrumb\":{\"@id\":\"https:\\\/\\\/mybestplacestovisit.com\\\/zh\\\/destinations-explore-the-best-places-to-visit-around-the-world\\\/#breadcrumb\"},\"inLanguage\":\"de-DE\",\"potentialAction\":[{\"@type\":\"ReadAction\",\"target\":[\"https:\\\/\\\/mybestplacestovisit.com\\\/zh\\\/destinations-explore-the-best-places-to-visit-around-the-world\\\/\"]}]},{\"@type\":\"BreadcrumbList\",\"@id\":\"https:\\\/\\\/mybestplacestovisit.com\\\/zh\\\/destinations-explore-the-best-places-to-visit-around-the-world\\\/#breadcrumb\",\"itemListElement\":[{\"@type\":\"ListItem\",\"position\":1,\"name\":\"Accueil\",\"item\":\"https:\\\/\\\/mybestplacestovisit.com\\\/id\\\/\"},{\"@type\":\"ListItem\",\"position\":2,\"name\":\"Destinations \u2013 Explore the Best Places to Visit Around the World\"}]},{\"@type\":\"WebSite\",\"@id\":\"https:\\\/\\\/mybestplacestovisit.com\\\/#website\",\"url\":\"https:\\\/\\\/mybestplacestovisit.com\\\/\",\"name\":\"My Best Places to Visit\",\"description\":\"Best places to visit\",\"publisher\":{\"@id\":\"https:\\\/\\\/mybestplacestovisit.com\\\/#\\\/schema\\\/person\\\/f71ea967bd47a7e7bd4e70c8012e32ca\"},\"potentialAction\":[{\"@type\":\"SearchAction\",\"target\":{\"@type\":\"EntryPoint\",\"urlTemplate\":\"https:\\\/\\\/mybestplacestovisit.com\\\/?s={search_term_string}\"},\"query-input\":{\"@type\":\"PropertyValueSpecification\",\"valueRequired\":true,\"valueName\":\"search_term_string\"}}],\"inLanguage\":\"de-DE\"},{\"@type\":[\"Person\",\"Organization\"],\"@id\":\"https:\\\/\\\/mybestplacestovisit.com\\\/#\\\/schema\\\/person\\\/f71ea967bd47a7e7bd4e70c8012e32ca\",\"name\":\"Blaise Jaeger\",\"image\":{\"@type\":\"ImageObject\",\"inLanguage\":\"de-DE\",\"@id\":\"https:\\\/\\\/mybestplacestovisit.com\\\/wp-content\\\/uploads\\\/2023\\\/09\\\/Blaise-Amok-Sunset-Nusa-Penida-Bali.jpg\",\"url\":\"https:\\\/\\\/mybestplacestovisit.com\\\/wp-content\\\/uploads\\\/2023\\\/09\\\/Blaise-Amok-Sunset-Nusa-Penida-Bali.jpg\",\"contentUrl\":\"https:\\\/\\\/mybestplacestovisit.com\\\/wp-content\\\/uploads\\\/2023\\\/09\\\/Blaise-Amok-Sunset-Nusa-Penida-Bali.jpg\",\"width\":1920,\"height\":800,\"caption\":\"Blaise Jaeger\"},\"logo\":{\"@id\":\"https:\\\/\\\/mybestplacestovisit.com\\\/wp-content\\\/uploads\\\/2023\\\/09\\\/Blaise-Amok-Sunset-Nusa-Penida-Bali.jpg\"},\"description\":\"Founder of My Best Places to Visit, Blaise Jaeger is a Paris-born French traveler now based in Bali who has been exploring the world for more than 30 years across around one hundred countries. A passionate scuba diver, he covers Southeast Asian destinations \u2014 Nusa Penida, Raja Ampat, the Gili Islands \u2014 as well as Indonesia, Greece, and his home country France, with a special focus on Paris and lesser-known regions. On this site, he shares in-depth travel guides, realistic itineraries, and honest insights to help travelers plan better trips, far from the generic content found online.\",\"sameAs\":[\"https:\\\/\\\/www.facebook.com\\\/blaisefromparis\\\/\",\"https:\\\/\\\/www.instagram.com\\\/blaiseparis\\\/\",\"https:\\\/\\\/www.linkedin.com\\\/in\\\/blaisejaeger\\\/\",\"https:\\\/\\\/www.youtube.com\\\/@BlaiseDivingNusaPenida\",\"https:\\\/\\\/fr.wikipedia.org\\\/wiki\\\/Blaise_Jaeger\"],\"award\":[\"Padi Master Scuba Diver\"],\"knowsAbout\":[\"Travel guides\",\"Bali\",\"Nusa Penida\",\"Indonesia\",\"Southeast Asia travel\",\"Scuba diving\",\"Greece\",\"France travel\",\"Paris\"],\"knowsLanguage\":[\"English\",\"French\",\"Bahasa Indonesia\"],\"jobTitle\":\"Travel Blogger and Scuba Diver\",\"url\":\"https:\\\/\\\/mybestplacestovisit.com\\\/de\\\/author\\\/admin4486\\\/\"}]}<\/script>\n<!-- \/ Yoast SEO Premium plugin. -->","yoast_head_json":{"title":"Reiseziele \u2013 Entdecke die besten Reiseziele weltweit","description":"Die besten Reiseziele in Asien und Europa entdecken: detaillierte Reisef\u00fchrer, Insider-Tipps, Routen und Tauchspots f\u00fcr deine n\u00e4chste Reise.","robots":{"index":"index","follow":"follow","max-snippet":"max-snippet:-1","max-image-preview":"max-image-preview:large","max-video-preview":"max-video-preview:-1"},"canonical":"https:\/\/mybestplacestovisit.com\/de\/reiseziele\/","og_locale":"de_DE","og_type":"article","og_title":"[:en]Destinations \u2013 Explore the Best Places to Visit Around the World[:de]Reiseziele \u2013 Entdecke die besten Reiseziele weltweit[:es]Destinos \u2013 Explora los Mejores Lugares para Visitar en el Mundo[:fr]Destinations \u2013 Explorez les Meilleurs Lieux \u00e0 Visiter dans le Monde[:it]Destinazioni \u2013 Scopri i Migliori Luoghi da Visitare nel Mondo[:zh]Destinations \u2013 Explore the Best Places to Visit Around the World[:]","og_description":"Explore the most beautiful destinations in Asia and Europe: Indonesia, Thailand, Malaysia, Italy, Greece and more. Complete travel guides.","og_url":"https:\/\/mybestplacestovisit.com\/de\/reiseziele\/","og_site_name":"My Best Places to Visit","article_publisher":"https:\/\/www.facebook.com\/blaisefromparis\/","article_modified_time":"2026-04-08T13:24:12+00:00","twitter_card":"summary_large_image","twitter_misc":{"Gesch\u00e4tzte Lesezeit":"3\u00a0Minuten"},"schema":{"@context":"https:\/\/schema.org","@graph":[{"@type":"Article","@id":"https:\/\/mybestplacestovisit.com\/zh\/destinations-explore-the-best-places-to-visit-around-the-world\/#article","isPartOf":{"@id":"https:\/\/mybestplacestovisit.com\/zh\/destinations-explore-the-best-places-to-visit-around-the-world\/"},"author":{"name":"Blaise Jaeger","@id":"https:\/\/mybestplacestovisit.com\/#\/schema\/person\/f71ea967bd47a7e7bd4e70c8012e32ca"},"headline":"Reiseziele \u2013 Entdecke die besten Reiseziele weltweit","datePublished":"2026-02-17T17:18:07+00:00","dateModified":"2026-04-08T13:24:12+00:00","mainEntityOfPage":{"@id":"https:\/\/mybestplacestovisit.com\/zh\/destinations-explore-the-best-places-to-visit-around-the-world\/"},"wordCount":3302,"publisher":{"@id":"https:\/\/mybestplacestovisit.com\/#\/schema\/person\/f71ea967bd47a7e7bd4e70c8012e32ca"},"inLanguage":"de-DE"},{"@type":"WebPage","@id":"https:\/\/mybestplacestovisit.com\/zh\/destinations-explore-the-best-places-to-visit-around-the-world\/","url":"https:\/\/mybestplacestovisit.com\/zh\/destinations-explore-the-best-places-to-visit-around-the-world\/","name":"Reiseziele \u2013 Entdecke die besten Reiseziele weltweit","isPartOf":{"@id":"https:\/\/mybestplacestovisit.com\/#website"},"datePublished":"2026-02-17T17:18:07+00:00","dateModified":"2026-04-08T13:24:12+00:00","description":"Explore the most beautiful destinations in Asia and Europe: Indonesia, Thailand, Malaysia, Italy, Greece and more. Complete travel guides.","breadcrumb":{"@id":"https:\/\/mybestplacestovisit.com\/zh\/destinations-explore-the-best-places-to-visit-around-the-world\/#breadcrumb"},"inLanguage":"de-DE","potentialAction":[{"@type":"ReadAction","target":["https:\/\/mybestplacestovisit.com\/zh\/destinations-explore-the-best-places-to-visit-around-the-world\/"]}]},{"@type":"BreadcrumbList","@id":"https:\/\/mybestplacestovisit.com\/zh\/destinations-explore-the-best-places-to-visit-around-the-world\/#breadcrumb","itemListElement":[{"@type":"ListItem","position":1,"name":"Accueil","item":"https:\/\/mybestplacestovisit.com\/id\/"},{"@type":"ListItem","position":2,"name":"Destinations \u2013 Explore the Best Places to Visit Around the World"}]},{"@type":"WebSite","@id":"https:\/\/mybestplacestovisit.com\/#website","url":"https:\/\/mybestplacestovisit.com\/","name":"My Best Places to Visit","description":"Best places to visit","publisher":{"@id":"https:\/\/mybestplacestovisit.com\/#\/schema\/person\/f71ea967bd47a7e7bd4e70c8012e32ca"},"potentialAction":[{"@type":"SearchAction","target":{"@type":"EntryPoint","urlTemplate":"https:\/\/mybestplacestovisit.com\/?s={search_term_string}"},"query-input":{"@type":"PropertyValueSpecification","valueRequired":true,"valueName":"search_term_string"}}],"inLanguage":"de-DE"},{"@type":["Person","Organization"],"@id":"https:\/\/mybestplacestovisit.com\/#\/schema\/person\/f71ea967bd47a7e7bd4e70c8012e32ca","name":"Blaise Jaeger","image":{"@type":"ImageObject","inLanguage":"de-DE","@id":"https:\/\/mybestplacestovisit.com\/wp-content\/uploads\/2023\/09\/Blaise-Amok-Sunset-Nusa-Penida-Bali.jpg","url":"https:\/\/mybestplacestovisit.com\/wp-content\/uploads\/2023\/09\/Blaise-Amok-Sunset-Nusa-Penida-Bali.jpg","contentUrl":"https:\/\/mybestplacestovisit.com\/wp-content\/uploads\/2023\/09\/Blaise-Amok-Sunset-Nusa-Penida-Bali.jpg","width":1920,"height":800,"caption":"Blaise Jaeger"},"logo":{"@id":"https:\/\/mybestplacestovisit.com\/wp-content\/uploads\/2023\/09\/Blaise-Amok-Sunset-Nusa-Penida-Bali.jpg"},"description":"Founder of My Best Places to Visit, Blaise Jaeger is a Paris-born French traveler now based in Bali who has been exploring the world for more than 30 years across around one hundred countries. A passionate scuba diver, he covers Southeast Asian destinations \u2014 Nusa Penida, Raja Ampat, the Gili Islands \u2014 as well as Indonesia, Greece, and his home country France, with a special focus on Paris and lesser-known regions. On this site, he shares in-depth travel guides, realistic itineraries, and honest insights to help travelers plan better trips, far from the generic content found online.","sameAs":["https:\/\/www.facebook.com\/blaisefromparis\/","https:\/\/www.instagram.com\/blaiseparis\/","https:\/\/www.linkedin.com\/in\/blaisejaeger\/","https:\/\/www.youtube.com\/@BlaiseDivingNusaPenida","https:\/\/fr.wikipedia.org\/wiki\/Blaise_Jaeger"],"award":["Padi Master Scuba Diver"],"knowsAbout":["Travel guides","Bali","Nusa Penida","Indonesia","Southeast Asia travel","Scuba diving","Greece","France travel","Paris"],"knowsLanguage":["English","French","Bahasa Indonesia"],"jobTitle":"Travel Blogger and Scuba Diver","url":"https:\/\/mybestplacestovisit.com\/de\/author\/admin4486\/"}]}},"uagb_featured_image_src":{"full":false,"thumbnail":false,"medium":false,"medium_large":false,"large":false,"1536x1536":false,"2048x2048":false},"uagb_author_info":{"display_name":"Blaise Jaeger","author_link":"https:\/\/mybestplacestovisit.com\/de\/author\/admin4486\/"},"uagb_comment_info":0,"uagb_excerpt":"Willkommen im Reiseziele-Hub von My Best Places to Visit.Diese Seite b\u00fcndelt alle L\u00e4nder, Regionen und St\u00e4dte, die auf der Website vorgestellt werden \u2013 nach Kontinenten geordnet, damit du deine n\u00e4chste Reise einfacher planen kannst. Von den tropischen Inseln S\u00fcdostasiens bis zu den kulturellen Hauptst\u00e4dten Europas findest du hier kuratierte Reisef\u00fchrer, die auf eigenen Erfahrungen, praktischen&hellip;","_links":{"self":[{"href":"https:\/\/mybestplacestovisit.com\/de\/wp-json\/wp\/v2\/pages\/7100","targetHints":{"allow":["GET"]}}],"collection":[{"href":"https:\/\/mybestplacestovisit.com\/de\/wp-json\/wp\/v2\/pages"}],"about":[{"href":"https:\/\/mybestplacestovisit.com\/de\/wp-json\/wp\/v2\/types\/page"}],"author":[{"embeddable":true,"href":"https:\/\/mybestplacestovisit.com\/de\/wp-json\/wp\/v2\/users\/1"}],"replies":[{"embeddable":true,"href":"https:\/\/mybestplacestovisit.com\/de\/wp-json\/wp\/v2\/comments?post=7100"}],"version-history":[{"count":15,"href":"https:\/\/mybestplacestovisit.com\/de\/wp-json\/wp\/v2\/pages\/7100\/revisions"}],"predecessor-version":[{"id":7653,"href":"https:\/\/mybestplacestovisit.com\/de\/wp-json\/wp\/v2\/pages\/7100\/revisions\/7653"}],"wp:attachment":[{"href":"https:\/\/mybestplacestovisit.com\/de\/wp-json\/wp\/v2\/media?parent=7100"}],"curies":[{"name":"wp","href":"https:\/\/api.w.org\/{rel}","templated":true}]}}