{"id":5886,"date":"2025-06-29T04:25:05","date_gmt":"2025-06-29T02:25:05","guid":{"rendered":"https:\/\/mybestplacestovisit.com\/?page_id=5886"},"modified":"2026-04-10T11:21:51","modified_gmt":"2026-04-10T09:21:51","slug":"wo-uebernachten-korfu","status":"publish","type":"page","link":"https:\/\/mybestplacestovisit.com\/de\/europe\/greece\/korfu\/donde-alojarse-en-korfu","title":{"rendered":"Wo \u00fcbernachten in Korfu?"},"content":{"rendered":"\n<div class=\"wp-block-uagb-container uagb-block-f94ce446 alignfull uagb-is-root-container\"><div class=\"uagb-container-inner-blocks-wrap\">\n<div class=\"wp-block-uagb-advanced-heading uagb-block-cca57fac\"><h2 class=\"uagb-heading-text\">Wo \u00fcbernachten in Korfu?<\/h2><\/div>\n<\/div><\/div>\n\n\n\n<p><\/p>\n\n\n\n<p>Sie haben beschlossen, <a href=\"https:\/\/mybestplacestovisit.com\/de\/europe\/griechenland\/korfu\/\">Korfu<\/a> f\u00fcr Ihren n\u00e4chsten Urlaub zu besuchen, aber fragen sich nun, wo Sie am besten \u00fcbernachten sollen. Dieser Artikel gibt Ihnen hilfreiche Informationen \u00fcber die besten Gegenden zum \u00dcbernachten \u2013 und dar\u00fcber, welche Art von Unterkunft sich am besten f\u00fcr Ihre Reise eignet.<\/p>\n\n\n\n<figure class=\"wp-block-image size-full\"><img loading=\"lazy\" decoding=\"async\" width=\"726\" height=\"903\" src=\"https:\/\/mybestplacestovisit.com\/wp-content\/uploads\/2025\/06\/where-to-stay-in-corfu-map.jpg\" alt=\"where to stay in corfu map\" class=\"wp-image-5887\" srcset=\"https:\/\/mybestplacestovisit.com\/wp-content\/uploads\/2025\/06\/where-to-stay-in-corfu-map.jpg 726w, https:\/\/mybestplacestovisit.com\/wp-content\/uploads\/2025\/06\/where-to-stay-in-corfu-map-241x300.jpg 241w\" sizes=\"auto, (max-width: 726px) 100vw, 726px\" \/><\/figure>\n\n\n\n<h2 class=\"wp-block-heading\" id=\"h-unterkunft-auf-korfu\"><strong>Unterkunft auf Korfu<\/strong><\/h2>\n\n\n\n<p>Die Insel Korfu bietet eine Vielzahl an Aktivit\u00e4ten. Wo man \u00fcbernachtet, h\u00e4ngt davon ab, was man auf Korfu erleben m\u00f6chte.<\/p>\n\n\n\n<p><strong>Kurz gesagt:<\/strong><\/p>\n\n\n\n<ul class=\"wp-block-list\">\n<li><strong>Ihr Hauptziel ist es, mit Freunden zu feiern?<\/strong> Dann sollten Sie in <strong>Kavos<\/strong> im S\u00fcden von Korfu \u00fcbernachten. Die Unterk\u00fcnfte sind g\u00fcnstig, und das Nachtleben pulsiert bis in die fr\u00fchen Morgenstunden mit zahlreichen Bars und Clubs.<\/li>\n\n\n\n<li><strong>Sie sind ein Paar, m\u00f6chten kein Auto mieten und interessieren sich mehr f\u00fcr Kultur und Architektur?<\/strong> Dann buchen Sie ein Hotel oder eine Unterkunft \u00fcber Airbnb in <strong>Korfu-Stadt<\/strong>.<\/li>\n\n\n\n<li><strong>Sie w\u00fcnschen sich einen entspannten und ruhigen Urlaub mit Familie oder Freunden<\/strong>, lieben sch\u00f6ne Str\u00e4nde, typische Tavernen, Bootsausfl\u00fcge und Wanderungen? Dann mieten Sie eine <strong>Villa mit Pool im Norden der Insel<\/strong>.<\/li>\n<\/ul>\n\n\n\n<figure class=\"wp-block-image size-full\"><img loading=\"lazy\" decoding=\"async\" width=\"1024\" height=\"768\" src=\"https:\/\/mybestplacestovisit.com\/wp-content\/uploads\/2025\/06\/where-to-stay-in-corfu-voukithro-villa.jpg\" alt=\"\" class=\"wp-image-5888\" srcset=\"https:\/\/mybestplacestovisit.com\/wp-content\/uploads\/2025\/06\/where-to-stay-in-corfu-voukithro-villa.jpg 1024w, https:\/\/mybestplacestovisit.com\/wp-content\/uploads\/2025\/06\/where-to-stay-in-corfu-voukithro-villa-300x225.jpg 300w, https:\/\/mybestplacestovisit.com\/wp-content\/uploads\/2025\/06\/where-to-stay-in-corfu-voukithro-villa-768x576.jpg 768w\" sizes=\"auto, (max-width: 1024px) 100vw, 1024px\" \/><figcaption class=\"wp-element-caption\">Villa Voukithro<\/figcaption><\/figure>\n\n\n\n<h2 class=\"wp-block-heading\">Villa Voukithro<\/h2>\n\n\n\n<p>Die Villa befindet sich im Dorf Loutses, nicht weit vom kleinen Hafen von Kassiopi. Es ist komplett klimatisiert, perfekt ausgestattet und verf\u00fcgt \u00fcber einen privaten Pool.<\/p>\n\n\n\n<p>Vom Dach terrac aus haben Sie einen herrlichen Blick auf das Meer und die Berge, besonders spektakul\u00e4r bei Sonnenuntergang. <a href=\"https:\/\/mybestplacestovisit.com\/europe\/greece\/corfu\/where-to-stay-in-corfu\/villa-voukithro\/\">Villa Voukithro<\/a> ist ideal f\u00fcr 8 Personen, mit 4 klimatisierten Schlafzimmern mit Blick auf Olivenhaine.<\/p>\n\n\n\n<figure class=\"wp-block-image size-full\"><img loading=\"lazy\" decoding=\"async\" width=\"1024\" height=\"774\" src=\"https:\/\/mybestplacestovisit.com\/wp-content\/uploads\/2025\/06\/where-to-stay-in-corfu-villa-voukithro.jpg\" alt=\"where to stay in corfu villa voukithro\" class=\"wp-image-5891\" srcset=\"https:\/\/mybestplacestovisit.com\/wp-content\/uploads\/2025\/06\/where-to-stay-in-corfu-villa-voukithro.jpg 1024w, https:\/\/mybestplacestovisit.com\/wp-content\/uploads\/2025\/06\/where-to-stay-in-corfu-villa-voukithro-300x227.jpg 300w, https:\/\/mybestplacestovisit.com\/wp-content\/uploads\/2025\/06\/where-to-stay-in-corfu-villa-voukithro-768x581.jpg 768w\" sizes=\"auto, (max-width: 1024px) 100vw, 1024px\" \/><figcaption class=\"wp-element-caption\">Villa Voukithro<\/figcaption><\/figure>\n\n\n\n<h2 class=\"wp-block-heading\">Rund um die Villa Voukithro<\/h2>\n\n\n\n<p><strong>Die Villa Voukithro liegt nur 4 km vom \u00e4ltesten Dorf Korfus entfernt \u2013 Old Perithia.<\/strong><br>Dieses charmante Dorf ist ein absolutes Muss, wenn Sie auf der Insel Urlaub machen. Es ist au\u00dferdem ein perfekter Ausgangspunkt f\u00fcr zahlreiche Wanderungen rund um den Berg Pantokrator.<\/p>\n\n\n\n<p>In der Umgebung der Villa k\u00f6nnen Sie beeindruckende H\u00f6hlen erkunden, eine h\u00fcbsche Kirche besuchen und typische Tavernen sowie ein Honiggesch\u00e4ft entdecken.<\/p>\n\n\n\n<p>Sch\u00f6ne Str\u00e4nde erreichen Sie in nur 10 Autominuten, den Hafen von Kassiopi in etwa 15 Minuten. Die besten Str\u00e4nde der Insel sind ebenfalls nur 30 bis 45 Minuten entfernt.<\/p>\n\n\n\n<h2 class=\"wp-block-heading\" id=\"h-anreise-zur-villa-voukithro\"><strong>Anreise zur Villa Voukithro<\/strong><\/h2>\n\n\n\n<p>Die Villa Voukithro liegt etwa eine Stunde von Korfu-Stadt und dem Flughafen entfernt \u2013 vorausgesetzt, es gibt keinen Verkehr.<br>Im Sommer, insbesondere am Nachmittag auf der K\u00fcstenstra\u00dfe, sollten Sie mit etwa 90 Minuten Fahrzeit rechnen.<\/p>\n\n\n\n<p>Ein Auto ist unbedingt erforderlich, da sich die Villa in einer ruhigen und abgelegenen Lage befindet.<br>Lesen Sie weiter, um die vollst\u00e4ndige Wegbeschreibung zur <strong>Villa Voukithro<\/strong> zu erhalten.<\/p>\n","protected":false},"excerpt":{"rendered":"<p>Wo \u00fcbernachten in Korfu? Sie haben beschlossen, Korfu f\u00fcr Ihren n\u00e4chsten Urlaub zu besuchen, aber fragen sich nun, wo Sie am besten \u00fcbernachten sollen. Dieser Artikel gibt Ihnen hilfreiche Informationen \u00fcber die besten Gegenden zum \u00dcbernachten \u2013 und dar\u00fcber, welche Art von Unterkunft sich am besten f\u00fcr Ihre Reise eignet. Unterkunft auf Korfu Die Insel [&hellip;]<\/p>\n","protected":false},"author":1,"featured_media":5887,"parent":342,"menu_order":0,"comment_status":"open","ping_status":"closed","template":"","meta":{"_uag_custom_page_level_css":"","site-sidebar-layout":"default","site-content-layout":"","ast-site-content-layout":"default","site-content-style":"default","site-sidebar-style":"default","ast-global-header-display":"","ast-banner-title-visibility":"","ast-main-header-display":"","ast-hfb-above-header-display":"","ast-hfb-below-header-display":"","ast-hfb-mobile-header-display":"","site-post-title":"disabled","ast-breadcrumbs-content":"","ast-featured-img":"disabled","footer-sml-layout":"","ast-disable-related-posts":"","theme-transparent-header-meta":"","adv-header-id-meta":"","stick-header-meta":"","header-above-stick-meta":"","header-main-stick-meta":"","header-below-stick-meta":"","astra-migrate-meta-layouts":"set","ast-page-background-enabled":"default","ast-page-background-meta":{"desktop":{"background-color":"","background-image":"","background-repeat":"repeat","background-position":"center center","background-size":"auto","background-attachment":"scroll","background-type":"","background-media":"","overlay-type":"","overlay-color":"","overlay-opacity":"","overlay-gradient":""},"tablet":{"background-color":"","background-image":"","background-repeat":"repeat","background-position":"center center","background-size":"auto","background-attachment":"scroll","background-type":"","background-media":"","overlay-type":"","overlay-color":"","overlay-opacity":"","overlay-gradient":""},"mobile":{"background-color":"","background-image":"","background-repeat":"repeat","background-position":"center center","background-size":"auto","background-attachment":"scroll","background-type":"","background-media":"","overlay-type":"","overlay-color":"","overlay-opacity":"","overlay-gradient":""}},"ast-content-background-meta":{"desktop":{"background-color":"var(--ast-global-color-5)","background-image":"","background-repeat":"repeat","background-position":"center center","background-size":"auto","background-attachment":"scroll","background-type":"","background-media":"","overlay-type":"","overlay-color":"","overlay-opacity":"","overlay-gradient":""},"tablet":{"background-color":"var(--ast-global-color-5)","background-image":"","background-repeat":"repeat","background-position":"center center","background-size":"auto","background-attachment":"scroll","background-type":"","background-media":"","overlay-type":"","overlay-color":"","overlay-opacity":"","overlay-gradient":""},"mobile":{"background-color":"var(--ast-global-color-5)","background-image":"","background-repeat":"repeat","background-position":"center center","background-size":"auto","background-attachment":"scroll","background-type":"","background-media":"","overlay-type":"","overlay-color":"","overlay-opacity":"","overlay-gradient":""}},"footnotes":""},"class_list":["post-5886","page","type-page","status-publish","has-post-thumbnail","hentry"],"yoast_head":"<!-- This site is optimized with the Yoast SEO Premium plugin v27.2 (Yoast SEO v27.4) - https:\/\/yoast.com\/product\/yoast-seo-premium-wordpress\/ -->\n<title>Wo \u00fcbernachten in Korfu?<\/title>\n<meta name=\"description\" content=\"Entdecke Korfu: die besten Orte zum \u00dcbernachten, von der Altstadt bis zum Strand \u2013 ideal f\u00fcr jeden Reisetyp.\" \/>\n<meta name=\"robots\" content=\"index, follow, max-snippet:-1, max-image-preview:large, max-video-preview:-1\" \/>\n<link rel=\"canonical\" href=\"https:\/\/mybestplacestovisit.com\/de\/europe\/greece\/korfu\/dove-alloggiare-a-corfu\" \/>\n<meta property=\"og:locale\" content=\"de_DE\" \/>\n<meta property=\"og:locale:alternate\" content=\"en_US\" \/>\n<meta property=\"og:locale:alternate\" content=\"es_ES\" \/>\n<meta property=\"og:locale:alternate\" content=\"fr_FR\" \/>\n<meta property=\"og:locale:alternate\" content=\"it_IT\" \/>\n<meta property=\"og:locale:alternate\" content=\"nl_NL\" \/>\n<meta property=\"og:locale:alternate\" content=\"pt_br\" \/>\n<meta property=\"og:locale:alternate\" content=\"id_id\" \/>\n<meta property=\"og:locale:alternate\" content=\"zh_CN\" \/>\n<meta property=\"og:locale:alternate\" content=\"ja_JP\" \/>\n<meta property=\"og:type\" content=\"article\" \/>\n<meta property=\"og:title\" content=\"Wo \u00fcbernachten in Korfu?\" \/>\n<meta property=\"og:description\" content=\"Entdecke Korfu: die besten Orte zum \u00dcbernachten, von der Altstadt bis zum Strand \u2013 ideal f\u00fcr jeden Reisetyp.\" \/>\n<meta property=\"og:url\" content=\"https:\/\/mybestplacestovisit.com\/de\/europe\/griechenland\/korfu\/donde-alojarse-en-korfu\/\" \/>\n<meta property=\"og:site_name\" content=\"2026 Travel Blog\" \/>\n<meta property=\"article:modified_time\" content=\"2026-04-10T09:21:51+00:00\" \/>\n<meta property=\"og:image\" content=\"https:\/\/mybestplacestovisit.com\/wp-content\/uploads\/2025\/06\/where-to-stay-in-corfu-map.jpg\" \/>\n\t<meta property=\"og:image:width\" content=\"726\" \/>\n\t<meta property=\"og:image:height\" content=\"903\" \/>\n\t<meta property=\"og:image:type\" content=\"image\/jpeg\" \/>\n<meta name=\"twitter:card\" content=\"summary_large_image\" \/>\n<meta name=\"twitter:label1\" content=\"Gesch\u00e4tzte Lesezeit\" \/>\n\t<meta name=\"twitter:data1\" content=\"9\u00a0Minuten\" \/>\n<script type=\"application\/ld+json\" class=\"yoast-schema-graph\">{\"@context\":\"https:\\\/\\\/schema.org\",\"@graph\":[{\"@type\":\"WebPage\",\"@id\":\"https:\\\/\\\/mybestplacestovisit.com\\\/it\\\/europe\\\/greece\\\/corfu\\\/dove-alloggiare-a-corfu\\\/\",\"url\":\"https:\\\/\\\/mybestplacestovisit.com\\\/it\\\/europe\\\/greece\\\/corfu\\\/dove-alloggiare-a-corfu\\\/\",\"name\":\"Wo \u00fcbernachten in Korfu?\",\"isPartOf\":{\"@id\":\"https:\\\/\\\/mybestplacestovisit.com\\\/it\\\/#website\"},\"primaryImageOfPage\":{\"@id\":\"https:\\\/\\\/mybestplacestovisit.com\\\/it\\\/europe\\\/greece\\\/corfu\\\/dove-alloggiare-a-corfu\\\/#primaryimage\"},\"image\":{\"@id\":\"https:\\\/\\\/mybestplacestovisit.com\\\/it\\\/europe\\\/greece\\\/corfu\\\/dove-alloggiare-a-corfu\\\/#primaryimage\"},\"thumbnailUrl\":\"https:\\\/\\\/mybestplacestovisit.com\\\/wp-content\\\/uploads\\\/2025\\\/06\\\/where-to-stay-in-corfu-map.jpg\",\"datePublished\":\"2025-06-29T02:25:05+00:00\",\"dateModified\":\"2026-04-10T09:21:51+00:00\",\"description\":\"Entdecke Korfu: die besten Orte zum \u00dcbernachten, von der Altstadt bis zum Strand \u2013 ideal f\u00fcr jeden Reisetyp.\",\"breadcrumb\":{\"@id\":\"https:\\\/\\\/mybestplacestovisit.com\\\/it\\\/europe\\\/greece\\\/corfu\\\/dove-alloggiare-a-corfu\\\/#breadcrumb\"},\"inLanguage\":\"de-DE\",\"potentialAction\":[{\"@type\":\"ReadAction\",\"target\":[\"https:\\\/\\\/mybestplacestovisit.com\\\/it\\\/europe\\\/greece\\\/corfu\\\/dove-alloggiare-a-corfu\\\/\"]}]},{\"@type\":\"ImageObject\",\"inLanguage\":\"de-DE\",\"@id\":\"https:\\\/\\\/mybestplacestovisit.com\\\/it\\\/europe\\\/greece\\\/corfu\\\/dove-alloggiare-a-corfu\\\/#primaryimage\",\"url\":\"https:\\\/\\\/mybestplacestovisit.com\\\/wp-content\\\/uploads\\\/2025\\\/06\\\/where-to-stay-in-corfu-map.jpg\",\"contentUrl\":\"https:\\\/\\\/mybestplacestovisit.com\\\/wp-content\\\/uploads\\\/2025\\\/06\\\/where-to-stay-in-corfu-map.jpg\",\"width\":726,\"height\":903,\"caption\":\"where to stay in corfu\"},{\"@type\":\"BreadcrumbList\",\"@id\":\"https:\\\/\\\/mybestplacestovisit.com\\\/it\\\/europe\\\/greece\\\/corfu\\\/dove-alloggiare-a-corfu\\\/#breadcrumb\",\"itemListElement\":[{\"@type\":\"ListItem\",\"position\":1,\"name\":\"Accueil\",\"item\":\"https:\\\/\\\/mybestplacestovisit.com\\\/id\\\/\"},{\"@type\":\"ListItem\",\"position\":2,\"name\":\"Europe Travel Guide \u2013 Best Destinations\",\"item\":\"https:\\\/\\\/mybestplacestovisit.com\\\/europe\\\/\"},{\"@type\":\"ListItem\",\"position\":3,\"name\":\"Travel to Greece: A Guide from a Lifelong Enthusiast\",\"item\":\"https:\\\/\\\/mybestplacestovisit.com\\\/europe\\\/greece\\\/\"},{\"@type\":\"ListItem\",\"position\":4,\"name\":\"Dov\u2019\u00e8 Corf\u00f9? Dove si trova, mappa e spiagge pi\u00f9 belle\",\"item\":\"https:\\\/\\\/mybestplacestovisit.com\\\/it\\\/europe\\\/greece\\\/corfu\\\/\"},{\"@type\":\"ListItem\",\"position\":5,\"name\":\"O\u00f9 loger \u00e0 Corfou : les meilleures zones o\u00f9 s\u00e9journer\"}]},{\"@type\":\"WebSite\",\"@id\":\"https:\\\/\\\/mybestplacestovisit.com\\\/it\\\/#website\",\"url\":\"https:\\\/\\\/mybestplacestovisit.com\\\/it\\\/\",\"name\":\"2026 Travel Blog\",\"description\":\"Best places to visit\",\"publisher\":{\"@id\":\"https:\\\/\\\/mybestplacestovisit.com\\\/it\\\/#\\\/schema\\\/person\\\/f71ea967bd47a7e7bd4e70c8012e32ca\"},\"potentialAction\":[{\"@type\":\"SearchAction\",\"target\":{\"@type\":\"EntryPoint\",\"urlTemplate\":\"https:\\\/\\\/mybestplacestovisit.com\\\/it\\\/?s={search_term_string}\"},\"query-input\":{\"@type\":\"PropertyValueSpecification\",\"valueRequired\":true,\"valueName\":\"search_term_string\"}}],\"inLanguage\":\"de-DE\"},{\"@type\":[\"Person\",\"Organization\"],\"@id\":\"https:\\\/\\\/mybestplacestovisit.com\\\/it\\\/#\\\/schema\\\/person\\\/f71ea967bd47a7e7bd4e70c8012e32ca\",\"name\":\"Blaise\",\"image\":{\"@type\":\"ImageObject\",\"inLanguage\":\"de-DE\",\"@id\":\"https:\\\/\\\/mybestplacestovisit.com\\\/wp-content\\\/uploads\\\/2023\\\/09\\\/Blaise-Amok-Sunset-Nusa-Penida-Bali.jpg\",\"url\":\"https:\\\/\\\/mybestplacestovisit.com\\\/wp-content\\\/uploads\\\/2023\\\/09\\\/Blaise-Amok-Sunset-Nusa-Penida-Bali.jpg\",\"contentUrl\":\"https:\\\/\\\/mybestplacestovisit.com\\\/wp-content\\\/uploads\\\/2023\\\/09\\\/Blaise-Amok-Sunset-Nusa-Penida-Bali.jpg\",\"width\":1920,\"height\":800,\"caption\":\"Blaise\"},\"logo\":{\"@id\":\"https:\\\/\\\/mybestplacestovisit.com\\\/wp-content\\\/uploads\\\/2023\\\/09\\\/Blaise-Amok-Sunset-Nusa-Penida-Bali.jpg\"},\"sameAs\":[\"http:\\\/\\\/mybestplacestovisit.com\",\"blaiseparis\"]}]}<\/script>\n<!-- \/ Yoast SEO Premium plugin. -->","yoast_head_json":{"title":"Wo \u00fcbernachten in Korfu?","description":"Entdecke Korfu: die besten Orte zum \u00dcbernachten, von der Altstadt bis zum Strand \u2013 ideal f\u00fcr jeden Reisetyp.","robots":{"index":"index","follow":"follow","max-snippet":"max-snippet:-1","max-image-preview":"max-image-preview:large","max-video-preview":"max-video-preview:-1"},"canonical":"https:\/\/mybestplacestovisit.com\/de\/europe\/greece\/korfu\/dove-alloggiare-a-corfu","og_locale":"de_DE","og_type":"article","og_title":"[:en]Where to stay in Corfu[:de]Wo \u00fcbernachten in Korfu?[:es]D\u00f3nde alojarse en Corf\u00fa[:fr]O\u00f9 loger \u00e0 Corfou : les meilleures zones o\u00f9 s\u00e9journer[:it]Dove Alloggiare a Corf\u00f9: Migliori Zone, Hotel e Ville (Guida 2026)[:nl]Waar overnachten op Corfu[:pt]Onde ficar em Corfu[:id]Tempat Menginap di Corfu[:zh]\u54ea\u91cc\u4f4f\u79d1\u5b5a[:ja]\u30b3\u30eb\u30d5\u5cf6\u306b\u6ede\u5728\u3059\u308b\u5834\u6240[:]","og_description":"[:en]Discover the best areas to stay in Corfu, from charming Old Town to beachside resorts. Find your perfect base for every type of traveler![:de]Entdecke Korfu: die besten Orte zum \u00dcbernachten, von der Altstadt bis zum Strand \u2013 ideal f\u00fcr jeden Reisetyp.[:es]Descubre las mejores zonas para alojarte en Corf\u00fa, desde la encantadora Ciudad Vieja hasta complejos junto a la playa.[:fr]O\u00f9 loger \u00e0 Corfou ? D\u00e9couvrez les meilleures zones o\u00f9 s\u00e9journer : Corfu Town, Paleokastritsa, Glyfada, nord de l\u2019\u00eele et conseils pour choisir votre h\u00e9bergement.[:it]Scopri le migliori zone dove alloggiare a Corf\u00f9, dalla Citt\u00e0 Vecchia ai resort sul mare. Trova la base perfetta per ogni tipo di viaggiatore![:nl]Ontdek waar te verblijven op Corfu: van sfeervol oud centrum tot strandresorts, voor gezinnen, stellen, groepen en avonturiers.[:pt]Descubra onde ficar em Corfu: Cidade Antiga, praias ou resorts. Dicas para todos os estilos de viagem e or\u00e7amento.[:id]Temukan area terbaik untuk menginap di Corfu, mulai dari Old Town yang menawan hingga resor tepi pantai. Cari tempat ideal Anda![:]","og_url":"https:\/\/mybestplacestovisit.com\/de\/europe\/griechenland\/korfu\/donde-alojarse-en-korfu\/","og_site_name":"2026 Travel Blog","article_modified_time":"2026-04-10T09:21:51+00:00","og_image":[{"width":726,"height":903,"url":"https:\/\/mybestplacestovisit.com\/wp-content\/uploads\/2025\/06\/where-to-stay-in-corfu-map.jpg","type":"image\/jpeg"}],"twitter_card":"summary_large_image","twitter_misc":{"Gesch\u00e4tzte Lesezeit":"9\u00a0Minuten"},"schema":{"@context":"https:\/\/schema.org","@graph":[{"@type":"WebPage","@id":"https:\/\/mybestplacestovisit.com\/it\/europe\/greece\/corfu\/dove-alloggiare-a-corfu\/","url":"https:\/\/mybestplacestovisit.com\/it\/europe\/greece\/corfu\/dove-alloggiare-a-corfu\/","name":"Wo \u00fcbernachten in Korfu?","isPartOf":{"@id":"https:\/\/mybestplacestovisit.com\/it\/#website"},"primaryImageOfPage":{"@id":"https:\/\/mybestplacestovisit.com\/it\/europe\/greece\/corfu\/dove-alloggiare-a-corfu\/#primaryimage"},"image":{"@id":"https:\/\/mybestplacestovisit.com\/it\/europe\/greece\/corfu\/dove-alloggiare-a-corfu\/#primaryimage"},"thumbnailUrl":"https:\/\/mybestplacestovisit.com\/wp-content\/uploads\/2025\/06\/where-to-stay-in-corfu-map.jpg","datePublished":"2025-06-29T02:25:05+00:00","dateModified":"2026-04-10T09:21:51+00:00","description":"Entdecke Korfu: die besten Orte zum \u00dcbernachten, von der Altstadt bis zum Strand \u2013 ideal f\u00fcr jeden Reisetyp.","breadcrumb":{"@id":"https:\/\/mybestplacestovisit.com\/it\/europe\/greece\/corfu\/dove-alloggiare-a-corfu\/#breadcrumb"},"inLanguage":"de-DE","potentialAction":[{"@type":"ReadAction","target":["https:\/\/mybestplacestovisit.com\/it\/europe\/greece\/corfu\/dove-alloggiare-a-corfu\/"]}]},{"@type":"ImageObject","inLanguage":"de-DE","@id":"https:\/\/mybestplacestovisit.com\/it\/europe\/greece\/corfu\/dove-alloggiare-a-corfu\/#primaryimage","url":"https:\/\/mybestplacestovisit.com\/wp-content\/uploads\/2025\/06\/where-to-stay-in-corfu-map.jpg","contentUrl":"https:\/\/mybestplacestovisit.com\/wp-content\/uploads\/2025\/06\/where-to-stay-in-corfu-map.jpg","width":726,"height":903,"caption":"where to stay in corfu"},{"@type":"BreadcrumbList","@id":"https:\/\/mybestplacestovisit.com\/it\/europe\/greece\/corfu\/dove-alloggiare-a-corfu\/#breadcrumb","itemListElement":[{"@type":"ListItem","position":1,"name":"Accueil","item":"https:\/\/mybestplacestovisit.com\/id\/"},{"@type":"ListItem","position":2,"name":"Europe Travel Guide \u2013 Best Destinations","item":"https:\/\/mybestplacestovisit.com\/europe\/"},{"@type":"ListItem","position":3,"name":"Travel to Greece: A Guide from a Lifelong Enthusiast","item":"https:\/\/mybestplacestovisit.com\/europe\/greece\/"},{"@type":"ListItem","position":4,"name":"Dov\u2019\u00e8 Corf\u00f9? Dove si trova, mappa e spiagge pi\u00f9 belle","item":"https:\/\/mybestplacestovisit.com\/it\/europe\/greece\/corfu\/"},{"@type":"ListItem","position":5,"name":"O\u00f9 loger \u00e0 Corfou : les meilleures zones o\u00f9 s\u00e9journer"}]},{"@type":"WebSite","@id":"https:\/\/mybestplacestovisit.com\/it\/#website","url":"https:\/\/mybestplacestovisit.com\/it\/","name":"2026 Travel Blog","description":"Best places to visit","publisher":{"@id":"https:\/\/mybestplacestovisit.com\/it\/#\/schema\/person\/f71ea967bd47a7e7bd4e70c8012e32ca"},"potentialAction":[{"@type":"SearchAction","target":{"@type":"EntryPoint","urlTemplate":"https:\/\/mybestplacestovisit.com\/it\/?s={search_term_string}"},"query-input":{"@type":"PropertyValueSpecification","valueRequired":true,"valueName":"search_term_string"}}],"inLanguage":"de-DE"},{"@type":["Person","Organization"],"@id":"https:\/\/mybestplacestovisit.com\/it\/#\/schema\/person\/f71ea967bd47a7e7bd4e70c8012e32ca","name":"Blaise","image":{"@type":"ImageObject","inLanguage":"de-DE","@id":"https:\/\/mybestplacestovisit.com\/wp-content\/uploads\/2023\/09\/Blaise-Amok-Sunset-Nusa-Penida-Bali.jpg","url":"https:\/\/mybestplacestovisit.com\/wp-content\/uploads\/2023\/09\/Blaise-Amok-Sunset-Nusa-Penida-Bali.jpg","contentUrl":"https:\/\/mybestplacestovisit.com\/wp-content\/uploads\/2023\/09\/Blaise-Amok-Sunset-Nusa-Penida-Bali.jpg","width":1920,"height":800,"caption":"Blaise"},"logo":{"@id":"https:\/\/mybestplacestovisit.com\/wp-content\/uploads\/2023\/09\/Blaise-Amok-Sunset-Nusa-Penida-Bali.jpg"},"sameAs":["http:\/\/mybestplacestovisit.com","blaiseparis"]}]}},"uagb_featured_image_src":{"full":["https:\/\/mybestplacestovisit.com\/wp-content\/uploads\/2025\/06\/where-to-stay-in-corfu-map.jpg",726,903,false],"thumbnail":["https:\/\/mybestplacestovisit.com\/wp-content\/uploads\/2025\/06\/where-to-stay-in-corfu-map-150x150.jpg",150,150,true],"medium":["https:\/\/mybestplacestovisit.com\/wp-content\/uploads\/2025\/06\/where-to-stay-in-corfu-map-241x300.jpg",241,300,true],"medium_large":["https:\/\/mybestplacestovisit.com\/wp-content\/uploads\/2025\/06\/where-to-stay-in-corfu-map.jpg",726,903,false],"large":["https:\/\/mybestplacestovisit.com\/wp-content\/uploads\/2025\/06\/where-to-stay-in-corfu-map.jpg",726,903,false],"1536x1536":["https:\/\/mybestplacestovisit.com\/wp-content\/uploads\/2025\/06\/where-to-stay-in-corfu-map.jpg",726,903,false],"2048x2048":["https:\/\/mybestplacestovisit.com\/wp-content\/uploads\/2025\/06\/where-to-stay-in-corfu-map.jpg",726,903,false]},"uagb_author_info":{"display_name":"Blaise","author_link":"https:\/\/mybestplacestovisit.com\/de\/author\/admin4486\/"},"uagb_comment_info":0,"uagb_excerpt":"Wo \u00fcbernachten in Korfu? Sie haben beschlossen, Korfu f\u00fcr Ihren n\u00e4chsten Urlaub zu besuchen, aber fragen sich nun, wo Sie am besten \u00fcbernachten sollen. Dieser Artikel gibt Ihnen hilfreiche Informationen \u00fcber die besten Gegenden zum \u00dcbernachten \u2013 und dar\u00fcber, welche Art von Unterkunft sich am besten f\u00fcr Ihre Reise eignet. Unterkunft auf Korfu Die Insel&hellip;","_links":{"self":[{"href":"https:\/\/mybestplacestovisit.com\/de\/wp-json\/wp\/v2\/pages\/5886","targetHints":{"allow":["GET"]}}],"collection":[{"href":"https:\/\/mybestplacestovisit.com\/de\/wp-json\/wp\/v2\/pages"}],"about":[{"href":"https:\/\/mybestplacestovisit.com\/de\/wp-json\/wp\/v2\/types\/page"}],"author":[{"embeddable":true,"href":"https:\/\/mybestplacestovisit.com\/de\/wp-json\/wp\/v2\/users\/1"}],"replies":[{"embeddable":true,"href":"https:\/\/mybestplacestovisit.com\/de\/wp-json\/wp\/v2\/comments?post=5886"}],"version-history":[{"count":39,"href":"https:\/\/mybestplacestovisit.com\/de\/wp-json\/wp\/v2\/pages\/5886\/revisions"}],"predecessor-version":[{"id":7680,"href":"https:\/\/mybestplacestovisit.com\/de\/wp-json\/wp\/v2\/pages\/5886\/revisions\/7680"}],"up":[{"embeddable":true,"href":"https:\/\/mybestplacestovisit.com\/de\/wp-json\/wp\/v2\/pages\/342"}],"wp:featuredmedia":[{"embeddable":true,"href":"https:\/\/mybestplacestovisit.com\/de\/wp-json\/wp\/v2\/media\/5887"}],"wp:attachment":[{"href":"https:\/\/mybestplacestovisit.com\/de\/wp-json\/wp\/v2\/media?parent=5886"}],"curies":[{"name":"wp","href":"https:\/\/api.w.org\/{rel}","templated":true}]}}