{"id":395,"date":"2024-11-18T02:57:57","date_gmt":"2024-11-18T01:57:57","guid":{"rendered":"https:\/\/mybestplacestovisit.com\/?page_id=395"},"modified":"2026-03-08T09:29:18","modified_gmt":"2026-03-08T08:29:18","slug":"peroulades","status":"publish","type":"page","link":"https:\/\/mybestplacestovisit.com\/de\/europe\/greece\/korfu\/peroulades","title":{"rendered":"Peroulades"},"content":{"rendered":"\n<div class=\"wp-block-uagb-container uagb-block-c367eb42 alignfull uagb-is-root-container\"><div class=\"uagb-container-inner-blocks-wrap\">\n<div class=\"wp-block-uagb-advanced-heading uagb-block-6f4d3bde\"><h2 class=\"uagb-heading-text\">Peroulades<\/h2><\/div>\n<\/div><\/div>\n\n\n\n<p>&nbsp;<\/p>\n\n\n\n<h2 class=\"wp-block-heading\">Wo ist Peroulades<\/h2>\n\n\n\n<p>Peroulades liegt an der nord\u00f6stlichen Ecke <a href=\"https:\/\/mybestplacestovisit.com\/de\/europe\/griechenland\/korfu\">Insel Korfu<\/a>, nicht sehr weit von Sidari, nur 20 Minuten von Acharavi entfernt. Es gibt einen gro\u00dfen Parkplatz, wo Sie Ihr Auto fallen k\u00f6nnen. Es ist dann sehr einfach, den Strand durch eine kleine Treppe zu erreichen.<\/p>\n\n\n\n<h2 class=\"wp-block-heading\" id=\"h-strand-von-peroulades\">Strand von Peroulades<\/h2>\n\n\n\n<p>Peroulades Strand, auch Logas Strand genannt, war einmal gr\u00f6\u00dfer. Ein altes Werbebanner zeigt auch Liegest\u00fchle und Sonnenschirme. Aber sie sind l\u00e4ngst weg! Seitdem hat das Meer den ganzen Raum \u00fcbernommen und der Strand ist jetzt sehr schmal.<\/p>\n\n\n\n<p>Schwimmen neben einer 30 Meter hohen Klippe ist irgendwie sehr beeindruckend.<\/p>\n\n\n\n<figure class=\"wp-block-image size-full\"><img loading=\"lazy\" decoding=\"async\" width=\"1024\" height=\"768\" src=\"https:\/\/mybestplacestovisit.com\/wp-content\/uploads\/2025\/05\/Best-Holidays-to-Corfu-Greece-Peroulades-cliff.jpg\" alt=\"Best Holidays to Corfu Greece Peroulades cliff\" class=\"wp-image-4064\" srcset=\"https:\/\/mybestplacestovisit.com\/wp-content\/uploads\/2025\/05\/Best-Holidays-to-Corfu-Greece-Peroulades-cliff.jpg 1024w, https:\/\/mybestplacestovisit.com\/wp-content\/uploads\/2025\/05\/Best-Holidays-to-Corfu-Greece-Peroulades-cliff-300x225.jpg 300w, https:\/\/mybestplacestovisit.com\/wp-content\/uploads\/2025\/05\/Best-Holidays-to-Corfu-Greece-Peroulades-cliff-768x576.jpg 768w\" sizes=\"auto, (max-width: 1024px) 100vw, 1024px\" \/><figcaption class=\"wp-element-caption\">Peroulades Klippe<\/figcaption><\/figure>\n\n\n\n<h2 class=\"wp-block-heading\" id=\"h-7-himmel\">7 Himmel<\/h2>\n\n\n\n<p>7 Himmel ist eine sch\u00f6ne Bar und ein Restaurant mit herrlichem Blick, besonders bei Sonnenuntergang. Wenn Sie keine Angst vor H\u00f6hen haben, k\u00f6nnen Sie auf einer kleinen Plattform mit einem Glasboden stehen, die Ihnen erlaubt, auf das Meer 30 Meter unter Ihnen zu schauen. Es ist wie auf dem Luftweg! Ihre Cocktails sind ziemlich gut.<\/p>\n\n\n\n<figure class=\"wp-block-image size-full\"><img loading=\"lazy\" decoding=\"async\" width=\"1024\" height=\"768\" src=\"https:\/\/mybestplacestovisit.com\/wp-content\/uploads\/2025\/05\/Best-Holidays-to-Corfu-Greece-7-heaven.jpg\" alt=\"Best Holidays to Corfu Greece 7 heaven\" class=\"wp-image-4065\" srcset=\"https:\/\/mybestplacestovisit.com\/wp-content\/uploads\/2025\/05\/Best-Holidays-to-Corfu-Greece-7-heaven.jpg 1024w, https:\/\/mybestplacestovisit.com\/wp-content\/uploads\/2025\/05\/Best-Holidays-to-Corfu-Greece-7-heaven-300x225.jpg 300w, https:\/\/mybestplacestovisit.com\/wp-content\/uploads\/2025\/05\/Best-Holidays-to-Corfu-Greece-7-heaven-768x576.jpg 768w\" sizes=\"auto, (max-width: 1024px) 100vw, 1024px\" \/><figcaption class=\"wp-element-caption\">7 Himmel<\/figcaption><\/figure>\n\n\n\n<h2 class=\"wp-block-heading\">Kanal d&#8217;Amour<\/h2>\n\n\n\n<p>Laut der Legende fiel ein franz\u00f6sisches Paar unter den Charme des Ortes. Sie versprachen einander ewige Liebe. Dieser Ort wurde nach dieser Legende zum Canal d&#8217;Amour ernannt. Wenn Sie Single sind, schwimmen Sie dort und Sie werden im folgenden Jahr heiraten!<\/p>\n\n\n\n<p>Es ist ein sch\u00f6ner Ort zu besuchen, aber nicht w\u00e4hrend der Hochsaison, viel zu \u00fcberf\u00fcllt.<\/p>\n\n\n\n<figure class=\"wp-block-image size-full\"><img loading=\"lazy\" decoding=\"async\" width=\"1024\" height=\"768\" src=\"https:\/\/mybestplacestovisit.com\/wp-content\/uploads\/2025\/05\/Best-Holidays-to-Corfu-Greece-canal-damour-sidari.jpg\" alt=\"Best Holidays to Corfu Greece canal d'amour sidari\" class=\"wp-image-4066\" srcset=\"https:\/\/mybestplacestovisit.com\/wp-content\/uploads\/2025\/05\/Best-Holidays-to-Corfu-Greece-canal-damour-sidari.jpg 1024w, https:\/\/mybestplacestovisit.com\/wp-content\/uploads\/2025\/05\/Best-Holidays-to-Corfu-Greece-canal-damour-sidari-300x225.jpg 300w, https:\/\/mybestplacestovisit.com\/wp-content\/uploads\/2025\/05\/Best-Holidays-to-Corfu-Greece-canal-damour-sidari-768x576.jpg 768w\" sizes=\"auto, (max-width: 1024px) 100vw, 1024px\" \/><figcaption class=\"wp-element-caption\">Kanal d&#8217;amour Sidari<\/figcaption><\/figure>\n","protected":false},"excerpt":{"rendered":"<p>Peroulades ist ber\u00fchmt f\u00fcr seine beeindruckenden Klippen. Genie\u00dfen Sie den Strand von Logas und trinken Sie bei Sonnenuntergang in der 7. Himmelsbar!<\/p>\n","protected":false},"author":1,"featured_media":30,"parent":342,"menu_order":0,"comment_status":"open","ping_status":"closed","template":"","meta":{"_uag_custom_page_level_css":"","site-sidebar-layout":"default","site-content-layout":"","ast-site-content-layout":"default","site-content-style":"default","site-sidebar-style":"default","ast-global-header-display":"","ast-banner-title-visibility":"","ast-main-header-display":"","ast-hfb-above-header-display":"","ast-hfb-below-header-display":"","ast-hfb-mobile-header-display":"","site-post-title":"disabled","ast-breadcrumbs-content":"","ast-featured-img":"disabled","footer-sml-layout":"","ast-disable-related-posts":"","theme-transparent-header-meta":"","adv-header-id-meta":"","stick-header-meta":"","header-above-stick-meta":"","header-main-stick-meta":"","header-below-stick-meta":"","astra-migrate-meta-layouts":"set","ast-page-background-enabled":"default","ast-page-background-meta":{"desktop":{"background-color":"","background-image":"","background-repeat":"repeat","background-position":"center center","background-size":"auto","background-attachment":"scroll","background-type":"","background-media":"","overlay-type":"","overlay-color":"","overlay-opacity":"","overlay-gradient":""},"tablet":{"background-color":"","background-image":"","background-repeat":"repeat","background-position":"center center","background-size":"auto","background-attachment":"scroll","background-type":"","background-media":"","overlay-type":"","overlay-color":"","overlay-opacity":"","overlay-gradient":""},"mobile":{"background-color":"","background-image":"","background-repeat":"repeat","background-position":"center center","background-size":"auto","background-attachment":"scroll","background-type":"","background-media":"","overlay-type":"","overlay-color":"","overlay-opacity":"","overlay-gradient":""}},"ast-content-background-meta":{"desktop":{"background-color":"var(--ast-global-color-5)","background-image":"","background-repeat":"repeat","background-position":"center center","background-size":"auto","background-attachment":"scroll","background-type":"","background-media":"","overlay-type":"","overlay-color":"","overlay-opacity":"","overlay-gradient":""},"tablet":{"background-color":"var(--ast-global-color-5)","background-image":"","background-repeat":"repeat","background-position":"center center","background-size":"auto","background-attachment":"scroll","background-type":"","background-media":"","overlay-type":"","overlay-color":"","overlay-opacity":"","overlay-gradient":""},"mobile":{"background-color":"var(--ast-global-color-5)","background-image":"","background-repeat":"repeat","background-position":"center center","background-size":"auto","background-attachment":"scroll","background-type":"","background-media":"","overlay-type":"","overlay-color":"","overlay-opacity":"","overlay-gradient":""}},"footnotes":""},"class_list":["post-395","page","type-page","status-publish","has-post-thumbnail","hentry"],"yoast_head":"<!-- This site is optimized with the Yoast SEO Premium plugin v27.2 (Yoast SEO v27.3) - https:\/\/yoast.com\/product\/yoast-seo-premium-wordpress\/ -->\n<title>Peroulades<\/title>\n<meta name=\"description\" content=\"Peroulades ist bekannt f\u00fcr seine beeindruckenden Klippen. Genie\u00dfen Sie den Logas-Strand und einen Drink im 7th Heaven Bar!\" \/>\n<meta name=\"robots\" content=\"index, follow, max-snippet:-1, max-image-preview:large, max-video-preview:-1\" \/>\n<link rel=\"canonical\" href=\"https:\/\/mybestplacestovisit.com\/de\/peroulades\" \/>\n<meta property=\"og:locale\" content=\"de_DE\" \/>\n<meta property=\"og:locale:alternate\" content=\"en_US\" \/>\n<meta property=\"og:locale:alternate\" content=\"es_ES\" \/>\n<meta property=\"og:locale:alternate\" content=\"fr_FR\" \/>\n<meta property=\"og:locale:alternate\" content=\"it_IT\" \/>\n<meta property=\"og:locale:alternate\" content=\"nl_NL\" \/>\n<meta property=\"og:locale:alternate\" content=\"pt_br\" \/>\n<meta property=\"og:locale:alternate\" content=\"id_id\" \/>\n<meta property=\"og:locale:alternate\" content=\"zh_CN\" \/>\n<meta property=\"og:locale:alternate\" content=\"ja_JP\" \/>\n<meta property=\"og:type\" content=\"article\" \/>\n<meta property=\"og:title\" content=\"Peroulades\" \/>\n<meta property=\"og:description\" content=\"Peroulades ist bekannt f\u00fcr seine beeindruckenden Klippen. Genie\u00dfen Sie den Logas-Strand und einen Drink im 7th Heaven Bar!\" \/>\n<meta property=\"og:url\" content=\"https:\/\/mybestplacestovisit.com\/de\/europe\/griechenland\/korfu\/peroulades\/\" \/>\n<meta property=\"og:site_name\" content=\"2026 Travel Blog\" \/>\n<meta property=\"article:modified_time\" content=\"2026-03-08T08:29:18+00:00\" \/>\n<meta property=\"og:image\" content=\"https:\/\/mybestplacestovisit.com\/wp-content\/uploads\/2023\/09\/Best-Holidays-to-Corfu-Greece-Peroulades-Logas-beach.jpg\" \/>\n\t<meta property=\"og:image:width\" content=\"1024\" \/>\n\t<meta property=\"og:image:height\" content=\"768\" \/>\n\t<meta property=\"og:image:type\" content=\"image\/jpeg\" \/>\n<meta name=\"twitter:card\" content=\"summary_large_image\" \/>\n<meta name=\"twitter:label1\" content=\"Gesch\u00e4tzte Lesezeit\" \/>\n\t<meta name=\"twitter:data1\" content=\"2\u00a0Minuten\" \/>\n<script type=\"application\/ld+json\" class=\"yoast-schema-graph\">{\"@context\":\"https:\\\/\\\/schema.org\",\"@graph\":[{\"@type\":\"WebPage\",\"@id\":\"https:\\\/\\\/mybestplacestovisit.com\\\/fr\\\/europe\\\/grece\\\/corfou\\\/peroulades\\\/\",\"url\":\"https:\\\/\\\/mybestplacestovisit.com\\\/fr\\\/europe\\\/grece\\\/corfou\\\/peroulades\\\/\",\"name\":\"Peroulades\",\"isPartOf\":{\"@id\":\"https:\\\/\\\/mybestplacestovisit.com\\\/it\\\/#website\"},\"primaryImageOfPage\":{\"@id\":\"https:\\\/\\\/mybestplacestovisit.com\\\/fr\\\/europe\\\/grece\\\/corfou\\\/peroulades\\\/#primaryimage\"},\"image\":{\"@id\":\"https:\\\/\\\/mybestplacestovisit.com\\\/fr\\\/europe\\\/grece\\\/corfou\\\/peroulades\\\/#primaryimage\"},\"thumbnailUrl\":\"https:\\\/\\\/mybestplacestovisit.com\\\/wp-content\\\/uploads\\\/2023\\\/09\\\/Best-Holidays-to-Corfu-Greece-Peroulades-Logas-beach.jpg\",\"datePublished\":\"2024-11-18T01:57:57+00:00\",\"dateModified\":\"2026-03-08T08:29:18+00:00\",\"description\":\"Peroulades ist bekannt f\u00fcr seine beeindruckenden Klippen. Genie\u00dfen Sie den Logas-Strand und einen Drink im 7th Heaven Bar!\",\"breadcrumb\":{\"@id\":\"https:\\\/\\\/mybestplacestovisit.com\\\/fr\\\/europe\\\/grece\\\/corfou\\\/peroulades\\\/#breadcrumb\"},\"inLanguage\":\"de-DE\",\"potentialAction\":[{\"@type\":\"ReadAction\",\"target\":[\"https:\\\/\\\/mybestplacestovisit.com\\\/fr\\\/europe\\\/grece\\\/corfou\\\/peroulades\\\/\"]}]},{\"@type\":\"ImageObject\",\"inLanguage\":\"de-DE\",\"@id\":\"https:\\\/\\\/mybestplacestovisit.com\\\/fr\\\/europe\\\/grece\\\/corfou\\\/peroulades\\\/#primaryimage\",\"url\":\"https:\\\/\\\/mybestplacestovisit.com\\\/wp-content\\\/uploads\\\/2023\\\/09\\\/Best-Holidays-to-Corfu-Greece-Peroulades-Logas-beach.jpg\",\"contentUrl\":\"https:\\\/\\\/mybestplacestovisit.com\\\/wp-content\\\/uploads\\\/2023\\\/09\\\/Best-Holidays-to-Corfu-Greece-Peroulades-Logas-beach.jpg\",\"width\":1024,\"height\":768,\"caption\":\"Peroulades\"},{\"@type\":\"BreadcrumbList\",\"@id\":\"https:\\\/\\\/mybestplacestovisit.com\\\/fr\\\/europe\\\/grece\\\/corfou\\\/peroulades\\\/#breadcrumb\",\"itemListElement\":[{\"@type\":\"ListItem\",\"position\":1,\"name\":\"Accueil\",\"item\":\"https:\\\/\\\/mybestplacestovisit.com\\\/id\\\/\"},{\"@type\":\"ListItem\",\"position\":2,\"name\":\"Europe Travel Guide \u2013 Best Destinations\",\"item\":\"https:\\\/\\\/mybestplacestovisit.com\\\/europe\\\/\"},{\"@type\":\"ListItem\",\"position\":3,\"name\":\"Travel to Greece: A Guide from a Lifelong Enthusiast\",\"item\":\"https:\\\/\\\/mybestplacestovisit.com\\\/europe\\\/greece\\\/\"},{\"@type\":\"ListItem\",\"position\":4,\"name\":\"Corfou : guide complet pour visiter l\u2019\u00eele\",\"item\":\"https:\\\/\\\/mybestplacestovisit.com\\\/fr\\\/europe\\\/grece\\\/corfou\\\/\"},{\"@type\":\"ListItem\",\"position\":5,\"name\":\"Peroulades\"}]},{\"@type\":\"WebSite\",\"@id\":\"https:\\\/\\\/mybestplacestovisit.com\\\/it\\\/#website\",\"url\":\"https:\\\/\\\/mybestplacestovisit.com\\\/it\\\/\",\"name\":\"2026 Travel Blog\",\"description\":\"Best places to visit\",\"publisher\":{\"@id\":\"https:\\\/\\\/mybestplacestovisit.com\\\/it\\\/#\\\/schema\\\/person\\\/f71ea967bd47a7e7bd4e70c8012e32ca\"},\"potentialAction\":[{\"@type\":\"SearchAction\",\"target\":{\"@type\":\"EntryPoint\",\"urlTemplate\":\"https:\\\/\\\/mybestplacestovisit.com\\\/it\\\/?s={search_term_string}\"},\"query-input\":{\"@type\":\"PropertyValueSpecification\",\"valueRequired\":true,\"valueName\":\"search_term_string\"}}],\"inLanguage\":\"de-DE\"},{\"@type\":[\"Person\",\"Organization\"],\"@id\":\"https:\\\/\\\/mybestplacestovisit.com\\\/it\\\/#\\\/schema\\\/person\\\/f71ea967bd47a7e7bd4e70c8012e32ca\",\"name\":\"Blaise\",\"image\":{\"@type\":\"ImageObject\",\"inLanguage\":\"de-DE\",\"@id\":\"https:\\\/\\\/mybestplacestovisit.com\\\/wp-content\\\/uploads\\\/2023\\\/09\\\/Blaise-Amok-Sunset-Nusa-Penida-Bali.jpg\",\"url\":\"https:\\\/\\\/mybestplacestovisit.com\\\/wp-content\\\/uploads\\\/2023\\\/09\\\/Blaise-Amok-Sunset-Nusa-Penida-Bali.jpg\",\"contentUrl\":\"https:\\\/\\\/mybestplacestovisit.com\\\/wp-content\\\/uploads\\\/2023\\\/09\\\/Blaise-Amok-Sunset-Nusa-Penida-Bali.jpg\",\"width\":1920,\"height\":800,\"caption\":\"Blaise\"},\"logo\":{\"@id\":\"https:\\\/\\\/mybestplacestovisit.com\\\/wp-content\\\/uploads\\\/2023\\\/09\\\/Blaise-Amok-Sunset-Nusa-Penida-Bali.jpg\"},\"sameAs\":[\"http:\\\/\\\/mybestplacestovisit.com\",\"blaiseparis\"]}]}<\/script>\n<!-- \/ Yoast SEO Premium plugin. -->","yoast_head_json":{"title":"Peroulades","description":"Peroulades ist bekannt f\u00fcr seine beeindruckenden Klippen. Genie\u00dfen Sie den Logas-Strand und einen Drink im 7th Heaven Bar!","robots":{"index":"index","follow":"follow","max-snippet":"max-snippet:-1","max-image-preview":"max-image-preview:large","max-video-preview":"max-video-preview:-1"},"canonical":"https:\/\/mybestplacestovisit.com\/de\/peroulades","og_locale":"de_DE","og_type":"article","og_title":"[:en]Peroulades[:de]Peroulades[:es]Peroulades[:fr]Peroulades[:it]Peroulades[:nl]Peroulades[:pt]Peroulades[:id]Peroulades[:zh]\u7ea2\u5b9d\u77f3[:ja]\u30da\u30eb\u30aa\u30e9\u30c7\u30a6\u30b9[:]","og_description":"[:en]Peroulades is most famous for its impressive cliffs. Enjoy Logas beach and have a drink at sunset at the 7th heaven bar ![:de]Peroulades ist bekannt f\u00fcr seine beeindruckenden Klippen. Genie\u00dfen Sie den Logas-Strand und einen Drink im 7th Heaven Bar![:es]Peroulades es m\u00e1s famoso por sus impresionantes acantilados. \u00a1Disfruta de la playa de Logas y toma una copa en el bar 7th Heaven![:fr]Peroulades est connue pour ses impressionnantes falaises. Profitez de la plage de Logas et prenez un verre au coucher du soleil au 7eme ciel![:it]Peroulades \u00e8 celebre per le sue scogliere spettacolari. Rilassati a Logas Beach e gusta un drink al tramonto al bar Settimo Cielo![:nl]Peroulades staat bekend om zijn indrukwekkende kliffen. Ontspan op Logas Beach en geniet van de zonsondergang bij de 7th Heaven Bar![:pt]Peroulades \u00e9 famosa por suas impressionantes fal\u00e9sias. Curta a praia de Logas e aproveite um drinque no p\u00f4r do sol no bar 7th Heaven![:]","og_url":"https:\/\/mybestplacestovisit.com\/de\/europe\/griechenland\/korfu\/peroulades\/","og_site_name":"2026 Travel Blog","article_modified_time":"2026-03-08T08:29:18+00:00","og_image":[{"width":1024,"height":768,"url":"https:\/\/mybestplacestovisit.com\/wp-content\/uploads\/2023\/09\/Best-Holidays-to-Corfu-Greece-Peroulades-Logas-beach.jpg","type":"image\/jpeg"}],"twitter_card":"summary_large_image","twitter_misc":{"Gesch\u00e4tzte Lesezeit":"2\u00a0Minuten"},"schema":{"@context":"https:\/\/schema.org","@graph":[{"@type":"WebPage","@id":"https:\/\/mybestplacestovisit.com\/fr\/europe\/grece\/corfou\/peroulades\/","url":"https:\/\/mybestplacestovisit.com\/fr\/europe\/grece\/corfou\/peroulades\/","name":"Peroulades","isPartOf":{"@id":"https:\/\/mybestplacestovisit.com\/it\/#website"},"primaryImageOfPage":{"@id":"https:\/\/mybestplacestovisit.com\/fr\/europe\/grece\/corfou\/peroulades\/#primaryimage"},"image":{"@id":"https:\/\/mybestplacestovisit.com\/fr\/europe\/grece\/corfou\/peroulades\/#primaryimage"},"thumbnailUrl":"https:\/\/mybestplacestovisit.com\/wp-content\/uploads\/2023\/09\/Best-Holidays-to-Corfu-Greece-Peroulades-Logas-beach.jpg","datePublished":"2024-11-18T01:57:57+00:00","dateModified":"2026-03-08T08:29:18+00:00","description":"Peroulades ist bekannt f\u00fcr seine beeindruckenden Klippen. Genie\u00dfen Sie den Logas-Strand und einen Drink im 7th Heaven Bar!","breadcrumb":{"@id":"https:\/\/mybestplacestovisit.com\/fr\/europe\/grece\/corfou\/peroulades\/#breadcrumb"},"inLanguage":"de-DE","potentialAction":[{"@type":"ReadAction","target":["https:\/\/mybestplacestovisit.com\/fr\/europe\/grece\/corfou\/peroulades\/"]}]},{"@type":"ImageObject","inLanguage":"de-DE","@id":"https:\/\/mybestplacestovisit.com\/fr\/europe\/grece\/corfou\/peroulades\/#primaryimage","url":"https:\/\/mybestplacestovisit.com\/wp-content\/uploads\/2023\/09\/Best-Holidays-to-Corfu-Greece-Peroulades-Logas-beach.jpg","contentUrl":"https:\/\/mybestplacestovisit.com\/wp-content\/uploads\/2023\/09\/Best-Holidays-to-Corfu-Greece-Peroulades-Logas-beach.jpg","width":1024,"height":768,"caption":"Peroulades"},{"@type":"BreadcrumbList","@id":"https:\/\/mybestplacestovisit.com\/fr\/europe\/grece\/corfou\/peroulades\/#breadcrumb","itemListElement":[{"@type":"ListItem","position":1,"name":"Accueil","item":"https:\/\/mybestplacestovisit.com\/id\/"},{"@type":"ListItem","position":2,"name":"Europe Travel Guide \u2013 Best Destinations","item":"https:\/\/mybestplacestovisit.com\/europe\/"},{"@type":"ListItem","position":3,"name":"Travel to Greece: A Guide from a Lifelong Enthusiast","item":"https:\/\/mybestplacestovisit.com\/europe\/greece\/"},{"@type":"ListItem","position":4,"name":"Corfou : guide complet pour visiter l\u2019\u00eele","item":"https:\/\/mybestplacestovisit.com\/fr\/europe\/grece\/corfou\/"},{"@type":"ListItem","position":5,"name":"Peroulades"}]},{"@type":"WebSite","@id":"https:\/\/mybestplacestovisit.com\/it\/#website","url":"https:\/\/mybestplacestovisit.com\/it\/","name":"2026 Travel Blog","description":"Best places to visit","publisher":{"@id":"https:\/\/mybestplacestovisit.com\/it\/#\/schema\/person\/f71ea967bd47a7e7bd4e70c8012e32ca"},"potentialAction":[{"@type":"SearchAction","target":{"@type":"EntryPoint","urlTemplate":"https:\/\/mybestplacestovisit.com\/it\/?s={search_term_string}"},"query-input":{"@type":"PropertyValueSpecification","valueRequired":true,"valueName":"search_term_string"}}],"inLanguage":"de-DE"},{"@type":["Person","Organization"],"@id":"https:\/\/mybestplacestovisit.com\/it\/#\/schema\/person\/f71ea967bd47a7e7bd4e70c8012e32ca","name":"Blaise","image":{"@type":"ImageObject","inLanguage":"de-DE","@id":"https:\/\/mybestplacestovisit.com\/wp-content\/uploads\/2023\/09\/Blaise-Amok-Sunset-Nusa-Penida-Bali.jpg","url":"https:\/\/mybestplacestovisit.com\/wp-content\/uploads\/2023\/09\/Blaise-Amok-Sunset-Nusa-Penida-Bali.jpg","contentUrl":"https:\/\/mybestplacestovisit.com\/wp-content\/uploads\/2023\/09\/Blaise-Amok-Sunset-Nusa-Penida-Bali.jpg","width":1920,"height":800,"caption":"Blaise"},"logo":{"@id":"https:\/\/mybestplacestovisit.com\/wp-content\/uploads\/2023\/09\/Blaise-Amok-Sunset-Nusa-Penida-Bali.jpg"},"sameAs":["http:\/\/mybestplacestovisit.com","blaiseparis"]}]}},"uagb_featured_image_src":{"full":["https:\/\/mybestplacestovisit.com\/wp-content\/uploads\/2023\/09\/Best-Holidays-to-Corfu-Greece-Peroulades-Logas-beach.jpg",1024,768,false],"thumbnail":["https:\/\/mybestplacestovisit.com\/wp-content\/uploads\/2023\/09\/Best-Holidays-to-Corfu-Greece-Peroulades-Logas-beach-150x150.jpg",150,150,true],"medium":["https:\/\/mybestplacestovisit.com\/wp-content\/uploads\/2023\/09\/Best-Holidays-to-Corfu-Greece-Peroulades-Logas-beach-300x225.jpg",300,225,true],"medium_large":["https:\/\/mybestplacestovisit.com\/wp-content\/uploads\/2023\/09\/Best-Holidays-to-Corfu-Greece-Peroulades-Logas-beach-768x576.jpg",768,576,true],"large":["https:\/\/mybestplacestovisit.com\/wp-content\/uploads\/2023\/09\/Best-Holidays-to-Corfu-Greece-Peroulades-Logas-beach.jpg",1024,768,false],"1536x1536":["https:\/\/mybestplacestovisit.com\/wp-content\/uploads\/2023\/09\/Best-Holidays-to-Corfu-Greece-Peroulades-Logas-beach.jpg",1024,768,false],"2048x2048":["https:\/\/mybestplacestovisit.com\/wp-content\/uploads\/2023\/09\/Best-Holidays-to-Corfu-Greece-Peroulades-Logas-beach.jpg",1024,768,false]},"uagb_author_info":{"display_name":"Blaise","author_link":"https:\/\/mybestplacestovisit.com\/de\/author\/admin4486\/"},"uagb_comment_info":0,"uagb_excerpt":"Peroulades ist ber\u00fchmt f\u00fcr seine beeindruckenden Klippen. Genie\u00dfen Sie den Strand von Logas und trinken Sie bei Sonnenuntergang in der 7. Himmelsbar!","_links":{"self":[{"href":"https:\/\/mybestplacestovisit.com\/de\/wp-json\/wp\/v2\/pages\/395","targetHints":{"allow":["GET"]}}],"collection":[{"href":"https:\/\/mybestplacestovisit.com\/de\/wp-json\/wp\/v2\/pages"}],"about":[{"href":"https:\/\/mybestplacestovisit.com\/de\/wp-json\/wp\/v2\/types\/page"}],"author":[{"embeddable":true,"href":"https:\/\/mybestplacestovisit.com\/de\/wp-json\/wp\/v2\/users\/1"}],"replies":[{"embeddable":true,"href":"https:\/\/mybestplacestovisit.com\/de\/wp-json\/wp\/v2\/comments?post=395"}],"version-history":[{"count":21,"href":"https:\/\/mybestplacestovisit.com\/de\/wp-json\/wp\/v2\/pages\/395\/revisions"}],"predecessor-version":[{"id":7362,"href":"https:\/\/mybestplacestovisit.com\/de\/wp-json\/wp\/v2\/pages\/395\/revisions\/7362"}],"up":[{"embeddable":true,"href":"https:\/\/mybestplacestovisit.com\/de\/wp-json\/wp\/v2\/pages\/342"}],"wp:featuredmedia":[{"embeddable":true,"href":"https:\/\/mybestplacestovisit.com\/de\/wp-json\/wp\/v2\/media\/30"}],"wp:attachment":[{"href":"https:\/\/mybestplacestovisit.com\/de\/wp-json\/wp\/v2\/media?parent=395"}],"curies":[{"name":"wp","href":"https:\/\/api.w.org\/{rel}","templated":true}]}}