{"id":301,"date":"2024-11-17T04:09:29","date_gmt":"2024-11-17T03:09:29","guid":{"rendered":"https:\/\/mybestplacestovisit.com\/?page_id=301"},"modified":"2026-02-17T18:26:14","modified_gmt":"2026-02-17T17:26:14","slug":"asia","status":"publish","type":"page","link":"https:\/\/mybestplacestovisit.com\/de\/asia\/","title":{"rendered":"Entdecke meine sch\u00f6nsten Orte in Asien"},"content":{"rendered":"\n<p><strong>Willkommen zu meinen besten Orten zu besuchen<\/strong> in Asien, Ihr Gateway zu Unvergesslichen Abenteuern in S\u00fcdostasien.<\/p>\n\n\n\n<p>Am <strong>Meine besten Orte zu besuchen<\/strong> in Asien bringen wir das lebendige Herz S\u00fcdostasiens direkt zu Ihnen. Ob Sie von den tropischen Inseln tr\u00e4umen <strong><a href=\"https:\/\/mybestplacestovisit.com\/de\/asia\/indonesia\/\">Indonesien<\/a><\/strong>, der kulturelle Reichtum <strong><a href=\"https:\/\/mybestplacestovisit.com\/de\/asia\/thailand\/\">Thailand<\/a><\/strong>, oder die atemberaubenden Landschaften von <strong><a href=\"https:\/\/mybestplacestovisit.com\/de\/asia\/vietnam\/\">Vietnam<\/a><\/strong>, unser Blog ist Ihr Go-to-Ressource f\u00fcr die Erstellung unvergesslicher Reiseerlebnisse. Sie finden auch Reisef\u00fchrer \u00fcber <a href=\"https:\/\/mybestplacestovisit.com\/de\/asia\/singapore\/\">Singapur<\/a>, <a href=\"https:\/\/mybestplacestovisit.com\/de\/asia\/angkor\/\">Angkor<\/a>, <a href=\"https:\/\/mybestplacestovisit.com\/de\/asia\/philippinen\/\">Die Philippinen<\/a> und <a href=\"https:\/\/mybestplacestovisit.com\/de\/asia\/malaysia\/\">Malaysia<\/a>.<\/p>\n\n\n\n<h3 class=\"wp-block-heading\" id=\"h-warum-sudostasien-erkunden\"><strong>Warum S\u00fcdostasien erkunden?<\/strong><\/h3>\n\n\n\n<p>Diese Region ist ein Tonband von Kulturen, K\u00fcchen, Landschaften und Unterwasserwundern. Von Indonesiens unber\u00fchrten Korallenriffen \u00fcber Thailands lebendiges Meeresleben und Vietnams versteckten Tauchpl\u00e4tzen ist S\u00fcdostasien ein Paradies f\u00fcr Abenteuer, Kultur und Taucher gleicherma\u00dfen.<\/p>\n\n\n\n<h3 class=\"wp-block-heading\" id=\"h-was-sie-auf-meinem-blog-finden-werden\"><strong>Was Sie auf meinem Blog finden werden:<\/strong><\/h3>\n\n\n\n<ul class=\"wp-block-list\">\n<li><strong>Insider Tipps &#038; Versteckt Gems:<\/strong> Entdecken Sie die besten Geheimnisse S\u00fcdostasiens, von abgelegenen Str\u00e4nden bis hin zu Off-the-beaten-path Tauchpl\u00e4tzen.<\/li>\n\n\n\n<li><strong>Umfassende Anleitungen:<\/strong> Detaillierte Routen und Reise-Hacks, um Ihre Reise nahtlos und stressfrei zu machen.<\/li>\n\n\n\n<li><strong>Authentische Erfahrungen:<\/strong> Geschichten und Einblicke in die einzigartigen Kulturen, Traditionen, Festivals und Unterwasserwunder jedes Reiseziels.<\/li>\n\n\n\n<li><strong>Abenteuer, Entspannung und Tauchen:<\/strong> Ob Sie ein Nervenkitzel sind, ein Taucher oder auf der Suche nach Abschalten, finden Sie Aktivit\u00e4ten und Spots, die auf Ihren Reisestil zugeschnitten sind.<\/li>\n<\/ul>\n\n\n\n<h3 class=\"wp-block-heading\" id=\"h-highlights-unserer-reiseziele\"><strong>Highlights unserer Reiseziele<\/strong><\/h3>\n\n\n\n<ul class=\"wp-block-list\">\n<li><strong>Indonesien:<\/strong> Tauchen Sie ein in die Meereswundergebiete von Raja Ampat und Komodo, wandern Sie den Bromo, oder entspannen Sie sich an den idyllischen Ufern Balis.<\/li>\n\n\n\n<li><strong>Thailand:<\/strong> Entdecken Sie die pulsierenden Riffe von Koh Tao, bewundern Sie die Tempel von Chiang Mai oder genie\u00dfen Sie in Bangkoks ber\u00fchmte Stra\u00dfennahrung.<\/li>\n\n\n\n<li><strong>Vietnam:<\/strong> Entdecken Sie Nha Trangs lebendige Unterwasserszenen, kreuzen Sie die mystische Halong Bay oder genie\u00dfen Sie authentische Pho in Hanoi.<\/li>\n<\/ul>\n\n\n\n<h3 class=\"wp-block-heading\" id=\"h-ein-besonderer-schwerpunkt-auf-tauchen\"><strong>Ein besonderer Schwerpunkt auf Tauchen<\/strong><\/h3>\n\n\n\n<p>S\u00fcdostasien ist ein Tauchertraum, der alles von korallenverkrusteten W\u00e4nden bis hin zu Manta-Strahlenreinigungsstationen bietet. Auf <strong>MyBestPlaces zum Besuch<\/strong>, Sie werden finden:<\/p>\n\n\n\n<ul class=\"wp-block-list\">\n<li>Bewertungen von <strong>Tauchpl\u00e4tze der Weltklasse<\/strong> wie Sipadan, Similan Inseln und Halong Bay.<\/li>\n\n\n\n<li><strong>Tauchtipps<\/strong> f\u00fcr Anf\u00e4nger und erfahrene Abenteurer gleicherma\u00dfen.<\/li>\n\n\n\n<li>Anleitungen <strong>Meereslebewesen Begegnungen<\/strong>, von Walhaien bis zu winzigen pygmy Seepferden.<\/li>\n\n\n\n<li>Vorschl\u00e4ge f\u00fcr die besten <strong>Tauchschulen und Schwimmb\u00e4der<\/strong> in der Region.<\/li>\n<\/ul>\n\n\n\n<h3 class=\"wp-block-heading\" id=\"h-ihr-abenteuer-beginnt-hier\"><strong>Ihr Abenteuer beginnt hier<\/strong><\/h3>\n\n\n\n<p>Jeder Artikel \u00fcber <strong>MyBestPlaces zum Besuch<\/strong> wird mit Leidenschaft geschrieben, von Erfahrungen aus erster Hand unterst\u00fctzt und entworfen, um Ihre n\u00e4chste Reise zu inspirieren. Lassen Sie uns Sie durch die Sch\u00e4tze S\u00fcdostasiens f\u00fchren \u2013 \u00fcber und unter der Oberfl\u00e4che \u2013 und helfen Ihnen, Geschichten zu schaffen, die das Teilen wert sind.<\/p>\n\n\n\n<h4 class=\"wp-block-heading\" id=\"h-bereit-zum-entdecken-und-tauchen-zu-starten\"><strong>Bereit zum Entdecken und Tauchen zu starten?<\/strong><\/h4>\n\n\n\n<p>Tauchen Sie in unseren Blog ein und planen Sie Ihr n\u00e4chstes Abenteuer in den sch\u00f6nsten Ecken S\u00fcdostasiens, wo jede Welle und jeder Horizont eine neue Entdeckung h\u00e4lt!<\/p>\n\n\n\n<p><strong>Ihr Abenteuer erwartet.<\/strong> \ud83c\udf0f<\/p>\n","protected":false},"excerpt":{"rendered":"<p>Willkommen zu meinen besten Orten zu besuchen in Asien, Ihr Gateway zu Unvergesslichen Abenteuern in S\u00fcdostasien. Am Meine besten Orte zu besuchen in Asien bringen wir das lebendige Herz S\u00fcdostasiens direkt zu Ihnen. Ob Sie von den tropischen Inseln tr\u00e4umen Indonesien, der kulturelle Reichtum Thailand, oder die atemberaubenden Landschaften von Vietnam, unser Blog ist Ihr [&hellip;]<\/p>\n","protected":false},"author":1,"featured_media":61,"parent":0,"menu_order":0,"comment_status":"closed","ping_status":"closed","template":"","meta":{"_uag_custom_page_level_css":"","site-sidebar-layout":"default","site-content-layout":"","ast-site-content-layout":"default","site-content-style":"default","site-sidebar-style":"default","ast-global-header-display":"","ast-banner-title-visibility":"","ast-main-header-display":"","ast-hfb-above-header-display":"","ast-hfb-below-header-display":"","ast-hfb-mobile-header-display":"","site-post-title":"","ast-breadcrumbs-content":"","ast-featured-img":"","footer-sml-layout":"","ast-disable-related-posts":"","theme-transparent-header-meta":"","adv-header-id-meta":"","stick-header-meta":"","header-above-stick-meta":"","header-main-stick-meta":"","header-below-stick-meta":"","astra-migrate-meta-layouts":"set","ast-page-background-enabled":"default","ast-page-background-meta":{"desktop":{"background-color":"","background-image":"","background-repeat":"repeat","background-position":"center center","background-size":"auto","background-attachment":"scroll","background-type":"","background-media":"","overlay-type":"","overlay-color":"","overlay-opacity":"","overlay-gradient":""},"tablet":{"background-color":"","background-image":"","background-repeat":"repeat","background-position":"center center","background-size":"auto","background-attachment":"scroll","background-type":"","background-media":"","overlay-type":"","overlay-color":"","overlay-opacity":"","overlay-gradient":""},"mobile":{"background-color":"","background-image":"","background-repeat":"repeat","background-position":"center center","background-size":"auto","background-attachment":"scroll","background-type":"","background-media":"","overlay-type":"","overlay-color":"","overlay-opacity":"","overlay-gradient":""}},"ast-content-background-meta":{"desktop":{"background-color":"var(--ast-global-color-5)","background-image":"","background-repeat":"repeat","background-position":"center center","background-size":"auto","background-attachment":"scroll","background-type":"","background-media":"","overlay-type":"","overlay-color":"","overlay-opacity":"","overlay-gradient":""},"tablet":{"background-color":"var(--ast-global-color-5)","background-image":"","background-repeat":"repeat","background-position":"center center","background-size":"auto","background-attachment":"scroll","background-type":"","background-media":"","overlay-type":"","overlay-color":"","overlay-opacity":"","overlay-gradient":""},"mobile":{"background-color":"var(--ast-global-color-5)","background-image":"","background-repeat":"repeat","background-position":"center center","background-size":"auto","background-attachment":"scroll","background-type":"","background-media":"","overlay-type":"","overlay-color":"","overlay-opacity":"","overlay-gradient":""}},"footnotes":""},"class_list":["post-301","page","type-page","status-publish","has-post-thumbnail","hentry"],"yoast_head":"<!-- This site is optimized with the Yoast SEO Premium plugin v27.2 (Yoast SEO v27.4) - https:\/\/yoast.com\/product\/yoast-seo-premium-wordpress\/ -->\n<title>Entdecke meine sch\u00f6nsten Orte in Asien<\/title>\n<meta name=\"description\" content=\"Entdecke die besten Reiseziele, Tauchpl\u00e4tze und Reisetipps in S\u00fcdostasien. In meinem Asien-Blog findest du verborgene Sch\u00e4tze\" \/>\n<meta name=\"robots\" content=\"index, follow, max-snippet:-1, max-image-preview:large, max-video-preview:-1\" \/>\n<link rel=\"canonical\" href=\"https:\/\/mybestplacestovisit.com\/de\/asia\/\" \/>\n<meta property=\"og:locale\" content=\"de_DE\" \/>\n<meta property=\"og:locale:alternate\" content=\"en_US\" \/>\n<meta property=\"og:locale:alternate\" content=\"es_ES\" \/>\n<meta property=\"og:locale:alternate\" content=\"fr_FR\" \/>\n<meta property=\"og:locale:alternate\" content=\"it_IT\" \/>\n<meta property=\"og:locale:alternate\" content=\"nl_NL\" \/>\n<meta property=\"og:locale:alternate\" content=\"pt_br\" \/>\n<meta property=\"og:locale:alternate\" content=\"id_id\" \/>\n<meta property=\"og:locale:alternate\" content=\"zh_CN\" \/>\n<meta property=\"og:locale:alternate\" content=\"ja_JP\" \/>\n<meta property=\"og:type\" content=\"article\" \/>\n<meta property=\"og:title\" content=\"Entdecke meine sch\u00f6nsten Orte in Asien\" \/>\n<meta property=\"og:description\" content=\"Entdecke die besten Reiseziele, Tauchpl\u00e4tze und Reisetipps in S\u00fcdostasien. In meinem Asien-Blog findest du verborgene Sch\u00e4tze\" \/>\n<meta property=\"og:url\" content=\"https:\/\/mybestplacestovisit.com\/de\/asia\/\" \/>\n<meta property=\"og:site_name\" content=\"2026 Travel Blog\" \/>\n<meta property=\"article:modified_time\" content=\"2026-02-17T17:26:14+00:00\" \/>\n<meta property=\"og:image\" content=\"https:\/\/mybestplacestovisit.com\/wp-content\/uploads\/2023\/09\/Blaise-Amok-Sunset-Nusa-Penida-Bali.jpg\" \/>\n\t<meta property=\"og:image:width\" content=\"1920\" \/>\n\t<meta property=\"og:image:height\" content=\"800\" \/>\n\t<meta property=\"og:image:type\" content=\"image\/jpeg\" \/>\n<meta name=\"twitter:card\" content=\"summary_large_image\" \/>\n<meta name=\"twitter:label1\" content=\"Gesch\u00e4tzte Lesezeit\" \/>\n\t<meta name=\"twitter:data1\" content=\"7\u00a0Minuten\" \/>\n<script type=\"application\/ld+json\" class=\"yoast-schema-graph\">{\"@context\":\"https:\\\/\\\/schema.org\",\"@graph\":[{\"@type\":\"WebPage\",\"@id\":\"https:\\\/\\\/mybestplacestovisit.com\\\/asia\\\/\",\"url\":\"https:\\\/\\\/mybestplacestovisit.com\\\/asia\\\/\",\"name\":\"Entdecke meine sch\u00f6nsten Orte in Asien\",\"isPartOf\":{\"@id\":\"https:\\\/\\\/mybestplacestovisit.com\\\/it\\\/#website\"},\"primaryImageOfPage\":{\"@id\":\"https:\\\/\\\/mybestplacestovisit.com\\\/asia\\\/#primaryimage\"},\"image\":{\"@id\":\"https:\\\/\\\/mybestplacestovisit.com\\\/asia\\\/#primaryimage\"},\"thumbnailUrl\":\"https:\\\/\\\/mybestplacestovisit.com\\\/wp-content\\\/uploads\\\/2023\\\/09\\\/Blaise-Amok-Sunset-Nusa-Penida-Bali.jpg\",\"datePublished\":\"2024-11-17T03:09:29+00:00\",\"dateModified\":\"2026-02-17T17:26:14+00:00\",\"description\":\"Entdecke die besten Reiseziele, Tauchpl\u00e4tze und Reisetipps in S\u00fcdostasien. In meinem Asien-Blog findest du verborgene Sch\u00e4tze\",\"breadcrumb\":{\"@id\":\"https:\\\/\\\/mybestplacestovisit.com\\\/asia\\\/#breadcrumb\"},\"inLanguage\":\"de-DE\",\"potentialAction\":[{\"@type\":\"ReadAction\",\"target\":[\"https:\\\/\\\/mybestplacestovisit.com\\\/asia\\\/\"]}]},{\"@type\":\"ImageObject\",\"inLanguage\":\"de-DE\",\"@id\":\"https:\\\/\\\/mybestplacestovisit.com\\\/asia\\\/#primaryimage\",\"url\":\"https:\\\/\\\/mybestplacestovisit.com\\\/wp-content\\\/uploads\\\/2023\\\/09\\\/Blaise-Amok-Sunset-Nusa-Penida-Bali.jpg\",\"contentUrl\":\"https:\\\/\\\/mybestplacestovisit.com\\\/wp-content\\\/uploads\\\/2023\\\/09\\\/Blaise-Amok-Sunset-Nusa-Penida-Bali.jpg\",\"width\":1920,\"height\":800,\"caption\":\"Blaise Amok Sunset Nusa Penida Bali\"},{\"@type\":\"BreadcrumbList\",\"@id\":\"https:\\\/\\\/mybestplacestovisit.com\\\/asia\\\/#breadcrumb\",\"itemListElement\":[{\"@type\":\"ListItem\",\"position\":1,\"name\":\"Accueil\",\"item\":\"https:\\\/\\\/mybestplacestovisit.com\\\/id\\\/\"},{\"@type\":\"ListItem\",\"position\":2,\"name\":\"Travel in Asia \u2013 Complete Destination Guides &#038; Diving Insights\"}]},{\"@type\":\"WebSite\",\"@id\":\"https:\\\/\\\/mybestplacestovisit.com\\\/it\\\/#website\",\"url\":\"https:\\\/\\\/mybestplacestovisit.com\\\/it\\\/\",\"name\":\"2026 Travel Blog\",\"description\":\"Best places to visit\",\"publisher\":{\"@id\":\"https:\\\/\\\/mybestplacestovisit.com\\\/it\\\/#\\\/schema\\\/person\\\/f71ea967bd47a7e7bd4e70c8012e32ca\"},\"potentialAction\":[{\"@type\":\"SearchAction\",\"target\":{\"@type\":\"EntryPoint\",\"urlTemplate\":\"https:\\\/\\\/mybestplacestovisit.com\\\/it\\\/?s={search_term_string}\"},\"query-input\":{\"@type\":\"PropertyValueSpecification\",\"valueRequired\":true,\"valueName\":\"search_term_string\"}}],\"inLanguage\":\"de-DE\"},{\"@type\":[\"Person\",\"Organization\"],\"@id\":\"https:\\\/\\\/mybestplacestovisit.com\\\/it\\\/#\\\/schema\\\/person\\\/f71ea967bd47a7e7bd4e70c8012e32ca\",\"name\":\"Blaise\",\"image\":{\"@type\":\"ImageObject\",\"inLanguage\":\"de-DE\",\"@id\":\"https:\\\/\\\/mybestplacestovisit.com\\\/wp-content\\\/uploads\\\/2023\\\/09\\\/Blaise-Amok-Sunset-Nusa-Penida-Bali.jpg\",\"url\":\"https:\\\/\\\/mybestplacestovisit.com\\\/wp-content\\\/uploads\\\/2023\\\/09\\\/Blaise-Amok-Sunset-Nusa-Penida-Bali.jpg\",\"contentUrl\":\"https:\\\/\\\/mybestplacestovisit.com\\\/wp-content\\\/uploads\\\/2023\\\/09\\\/Blaise-Amok-Sunset-Nusa-Penida-Bali.jpg\",\"width\":1920,\"height\":800,\"caption\":\"Blaise\"},\"logo\":{\"@id\":\"https:\\\/\\\/mybestplacestovisit.com\\\/wp-content\\\/uploads\\\/2023\\\/09\\\/Blaise-Amok-Sunset-Nusa-Penida-Bali.jpg\"},\"sameAs\":[\"http:\\\/\\\/mybestplacestovisit.com\",\"blaiseparis\"]}]}<\/script>\n<!-- \/ Yoast SEO Premium plugin. -->","yoast_head_json":{"title":"Entdecke meine sch\u00f6nsten Orte in Asien","description":"Entdecke die besten Reiseziele, Tauchpl\u00e4tze und Reisetipps in S\u00fcdostasien. In meinem Asien-Blog findest du verborgene Sch\u00e4tze","robots":{"index":"index","follow":"follow","max-snippet":"max-snippet:-1","max-image-preview":"max-image-preview:large","max-video-preview":"max-video-preview:-1"},"canonical":"https:\/\/mybestplacestovisit.com\/de\/asia\/","og_locale":"de_DE","og_type":"article","og_title":"[:en]Travel in Asia \u2013 Complete Destination Guides &amp; Diving Insights[:de]Entdecke meine sch\u00f6nsten Orte in Asien[:es]Bienvenido a Mis mejores lugares para visitar en Asia[:fr]Bienvenue dans Mes meilleurs endroits \u00e0 visiter en Asie[:it]Benvenuti nei miei luoghi preferiti da visitare in Asia[:nl]Welkom bij mijn lijst van beste plaatsen om te bezoeken in Azi\u00eb[:pt]Bem-vindo ao My Best Places to Visit in \u00c1sia[:id]Selamat Datang di Tempat Terbaik Saya untuk Kunjungi di Asia[:zh]\u6b22\u8fce\u6765\u5230\u6211\u5728\u4e9a\u6d32\u7684\u6700\u597d\u5730\u70b9[:ja]\u3088\u3046\u3053\u305d\u3001\u30a2\u30b8\u30a2\u3067\u8a2a\u308c\u308b\u6700\u9ad8\u306e\u5834\u6240\u3078[:]","og_description":"[:en]Asia travel guides to Indonesia, Thailand, Vietnam and the Maldives. Discover top destinations, diving spots and expert travel tips.[:de]Entdecke die besten Reiseziele, Tauchpl\u00e4tze und Reisetipps in S\u00fcdostasien. In meinem Asien-Blog findest du verborgene Sch\u00e4tze[:it]Scopri le meraviglie del Sud-Est asiatico: destinazioni imperdibili, immersioni e consigli di viaggio nel mio blog dedicato.[:nl]Ontdek de beste bestemmingen, duikspots en reistips in Zuidoost-Azi\u00eb. Verken verborgen parels boven en onder water in mijn Azi\u00eb-blog![:pt]Explore destinos incr\u00edveis do Sudeste Asi\u00e1tico, mergulhos inesquec\u00edveis e dicas pr\u00e1ticas com meu blog sobre tesouros da \u00c1sia.[:]","og_url":"https:\/\/mybestplacestovisit.com\/de\/asia\/","og_site_name":"2026 Travel Blog","article_modified_time":"2026-02-17T17:26:14+00:00","og_image":[{"width":1920,"height":800,"url":"https:\/\/mybestplacestovisit.com\/wp-content\/uploads\/2023\/09\/Blaise-Amok-Sunset-Nusa-Penida-Bali.jpg","type":"image\/jpeg"}],"twitter_card":"summary_large_image","twitter_misc":{"Gesch\u00e4tzte Lesezeit":"7\u00a0Minuten"},"schema":{"@context":"https:\/\/schema.org","@graph":[{"@type":"WebPage","@id":"https:\/\/mybestplacestovisit.com\/asia\/","url":"https:\/\/mybestplacestovisit.com\/asia\/","name":"Entdecke meine sch\u00f6nsten Orte in Asien","isPartOf":{"@id":"https:\/\/mybestplacestovisit.com\/it\/#website"},"primaryImageOfPage":{"@id":"https:\/\/mybestplacestovisit.com\/asia\/#primaryimage"},"image":{"@id":"https:\/\/mybestplacestovisit.com\/asia\/#primaryimage"},"thumbnailUrl":"https:\/\/mybestplacestovisit.com\/wp-content\/uploads\/2023\/09\/Blaise-Amok-Sunset-Nusa-Penida-Bali.jpg","datePublished":"2024-11-17T03:09:29+00:00","dateModified":"2026-02-17T17:26:14+00:00","description":"Entdecke die besten Reiseziele, Tauchpl\u00e4tze und Reisetipps in S\u00fcdostasien. In meinem Asien-Blog findest du verborgene Sch\u00e4tze","breadcrumb":{"@id":"https:\/\/mybestplacestovisit.com\/asia\/#breadcrumb"},"inLanguage":"de-DE","potentialAction":[{"@type":"ReadAction","target":["https:\/\/mybestplacestovisit.com\/asia\/"]}]},{"@type":"ImageObject","inLanguage":"de-DE","@id":"https:\/\/mybestplacestovisit.com\/asia\/#primaryimage","url":"https:\/\/mybestplacestovisit.com\/wp-content\/uploads\/2023\/09\/Blaise-Amok-Sunset-Nusa-Penida-Bali.jpg","contentUrl":"https:\/\/mybestplacestovisit.com\/wp-content\/uploads\/2023\/09\/Blaise-Amok-Sunset-Nusa-Penida-Bali.jpg","width":1920,"height":800,"caption":"Blaise Amok Sunset Nusa Penida Bali"},{"@type":"BreadcrumbList","@id":"https:\/\/mybestplacestovisit.com\/asia\/#breadcrumb","itemListElement":[{"@type":"ListItem","position":1,"name":"Accueil","item":"https:\/\/mybestplacestovisit.com\/id\/"},{"@type":"ListItem","position":2,"name":"Travel in Asia \u2013 Complete Destination Guides &#038; Diving Insights"}]},{"@type":"WebSite","@id":"https:\/\/mybestplacestovisit.com\/it\/#website","url":"https:\/\/mybestplacestovisit.com\/it\/","name":"2026 Travel Blog","description":"Best places to visit","publisher":{"@id":"https:\/\/mybestplacestovisit.com\/it\/#\/schema\/person\/f71ea967bd47a7e7bd4e70c8012e32ca"},"potentialAction":[{"@type":"SearchAction","target":{"@type":"EntryPoint","urlTemplate":"https:\/\/mybestplacestovisit.com\/it\/?s={search_term_string}"},"query-input":{"@type":"PropertyValueSpecification","valueRequired":true,"valueName":"search_term_string"}}],"inLanguage":"de-DE"},{"@type":["Person","Organization"],"@id":"https:\/\/mybestplacestovisit.com\/it\/#\/schema\/person\/f71ea967bd47a7e7bd4e70c8012e32ca","name":"Blaise","image":{"@type":"ImageObject","inLanguage":"de-DE","@id":"https:\/\/mybestplacestovisit.com\/wp-content\/uploads\/2023\/09\/Blaise-Amok-Sunset-Nusa-Penida-Bali.jpg","url":"https:\/\/mybestplacestovisit.com\/wp-content\/uploads\/2023\/09\/Blaise-Amok-Sunset-Nusa-Penida-Bali.jpg","contentUrl":"https:\/\/mybestplacestovisit.com\/wp-content\/uploads\/2023\/09\/Blaise-Amok-Sunset-Nusa-Penida-Bali.jpg","width":1920,"height":800,"caption":"Blaise"},"logo":{"@id":"https:\/\/mybestplacestovisit.com\/wp-content\/uploads\/2023\/09\/Blaise-Amok-Sunset-Nusa-Penida-Bali.jpg"},"sameAs":["http:\/\/mybestplacestovisit.com","blaiseparis"]}]}},"uagb_featured_image_src":{"full":["https:\/\/mybestplacestovisit.com\/wp-content\/uploads\/2023\/09\/Blaise-Amok-Sunset-Nusa-Penida-Bali.jpg",1920,800,false],"thumbnail":["https:\/\/mybestplacestovisit.com\/wp-content\/uploads\/2023\/09\/Blaise-Amok-Sunset-Nusa-Penida-Bali-150x150.jpg",150,150,true],"medium":["https:\/\/mybestplacestovisit.com\/wp-content\/uploads\/2023\/09\/Blaise-Amok-Sunset-Nusa-Penida-Bali-300x125.jpg",300,125,true],"medium_large":["https:\/\/mybestplacestovisit.com\/wp-content\/uploads\/2023\/09\/Blaise-Amok-Sunset-Nusa-Penida-Bali-768x320.jpg",768,320,true],"large":["https:\/\/mybestplacestovisit.com\/wp-content\/uploads\/2023\/09\/Blaise-Amok-Sunset-Nusa-Penida-Bali-1024x427.jpg",1024,427,true],"1536x1536":["https:\/\/mybestplacestovisit.com\/wp-content\/uploads\/2023\/09\/Blaise-Amok-Sunset-Nusa-Penida-Bali-1536x640.jpg",1536,640,true],"2048x2048":["https:\/\/mybestplacestovisit.com\/wp-content\/uploads\/2023\/09\/Blaise-Amok-Sunset-Nusa-Penida-Bali.jpg",1920,800,false]},"uagb_author_info":{"display_name":"Blaise","author_link":"https:\/\/mybestplacestovisit.com\/de\/author\/admin4486\/"},"uagb_comment_info":0,"uagb_excerpt":"Willkommen zu meinen besten Orten zu besuchen in Asien, Ihr Gateway zu Unvergesslichen Abenteuern in S\u00fcdostasien. Am Meine besten Orte zu besuchen in Asien bringen wir das lebendige Herz S\u00fcdostasiens direkt zu Ihnen. Ob Sie von den tropischen Inseln tr\u00e4umen Indonesien, der kulturelle Reichtum Thailand, oder die atemberaubenden Landschaften von Vietnam, unser Blog ist Ihr&hellip;","_links":{"self":[{"href":"https:\/\/mybestplacestovisit.com\/de\/wp-json\/wp\/v2\/pages\/301","targetHints":{"allow":["GET"]}}],"collection":[{"href":"https:\/\/mybestplacestovisit.com\/de\/wp-json\/wp\/v2\/pages"}],"about":[{"href":"https:\/\/mybestplacestovisit.com\/de\/wp-json\/wp\/v2\/types\/page"}],"author":[{"embeddable":true,"href":"https:\/\/mybestplacestovisit.com\/de\/wp-json\/wp\/v2\/users\/1"}],"replies":[{"embeddable":true,"href":"https:\/\/mybestplacestovisit.com\/de\/wp-json\/wp\/v2\/comments?post=301"}],"version-history":[{"count":25,"href":"https:\/\/mybestplacestovisit.com\/de\/wp-json\/wp\/v2\/pages\/301\/revisions"}],"predecessor-version":[{"id":7107,"href":"https:\/\/mybestplacestovisit.com\/de\/wp-json\/wp\/v2\/pages\/301\/revisions\/7107"}],"wp:featuredmedia":[{"embeddable":true,"href":"https:\/\/mybestplacestovisit.com\/de\/wp-json\/wp\/v2\/media\/61"}],"wp:attachment":[{"href":"https:\/\/mybestplacestovisit.com\/de\/wp-json\/wp\/v2\/media?parent=301"}],"curies":[{"name":"wp","href":"https:\/\/api.w.org\/{rel}","templated":true}]}}